{"id":900,"date":"2023-10-24T17:15:09","date_gmt":"2023-10-24T17:15:09","guid":{"rendered":"https:\/\/vindr.wpenginepowered.com\/?page_id=900"},"modified":"2023-12-06T15:34:12","modified_gmt":"2023-12-06T15:34:12","slug":"agare","status":"publish","type":"page","link":"https:\/\/vindr.eu\/sv\/om-vindr\/agare\/","title":{"rendered":"\u00c4gare"},"content":{"rendered":"\n<section id=\"acf-hero-subpage-block_faaaa4e3b1f24f559fa76029aab8a9b3\"class=\"block-section hero-subpage has-background waiting-to-animate show-top-bar-theme-light-dark wp-block-acf-hero-subpage\">\n\t<figure class=\"hero-subpage__bg\">\n\t\t<img loading=\"lazy\" decoding=\"async\" width=\"1920\" height=\"1280\" src=\"https:\/\/vindr.eu\/wp-content\/uploads\/2023\/11\/sam-cumming-vD_8vGGvwoY-unsplash.jpg\" class=\"attachment-full size-full\" alt=\"\" sizes=\"auto, (max-width: 999px) 100vw, 60vw\" srcset=\"https:\/\/vindr.eu\/wp-content\/uploads\/2023\/11\/sam-cumming-vD_8vGGvwoY-unsplash.jpg 1920w, https:\/\/vindr.eu\/wp-content\/uploads\/2023\/11\/sam-cumming-vD_8vGGvwoY-unsplash-300x200.jpg 300w, https:\/\/vindr.eu\/wp-content\/uploads\/2023\/11\/sam-cumming-vD_8vGGvwoY-unsplash-768x512.jpg 768w, https:\/\/vindr.eu\/wp-content\/uploads\/2023\/11\/sam-cumming-vD_8vGGvwoY-unsplash-1024x683.jpg 1024w, https:\/\/vindr.eu\/wp-content\/uploads\/2023\/11\/sam-cumming-vD_8vGGvwoY-unsplash-1536x1024.jpg 1536w, https:\/\/vindr.eu\/wp-content\/uploads\/2023\/11\/sam-cumming-vD_8vGGvwoY-unsplash-502x335.jpg 502w, https:\/\/vindr.eu\/wp-content\/uploads\/2023\/11\/sam-cumming-vD_8vGGvwoY-unsplash-1200x800.jpg 1200w\" \/>\t<\/figure>\n\t<div class=\"block-section-wrapper element-width--full\">\n\t\t<div class=\"hero-subpage__content\">\n\t\t\t\t\t\t\t<h1 class=\"hero-subpage__title heading-size-large\">\u00c4gare<\/h1>\n\t\t\t\t\t\t\t\t\t\t<div class=\"text-size-medium\">\n\t\t\t\t\t<p>F\u00f6r VINDR var det avg\u00f6rande att samarbeta med ett f\u00f6retag som kan tillhandah\u00e5lla den tekniska kompetens som kr\u00e4vs f\u00f6r h\u00e5llbar tillv\u00e4xt, men ocks\u00e5 f\u00f6rst\u00e5elsen f\u00f6r behovet av att anpassa sig till den unika kulturen i norra Europa. InfraVia \u00e4r representerat av flera ledam\u00f6ter i styrelsen, varav en \u00e4r <strong>Charlotte Marchand, Investment Manager <\/strong>p\u00e5<strong> InfraVia<\/strong>.<\/p>\n\t\t\t\t<\/div>\n\t\t\t\t\t<\/div>\n\t<\/div>\n<\/section>\n\n\n<section id=\"acf-wysiwyg-block_7ccc43187a6f7cbf197650ec37058328\"class=\"block-section wysiwyg show-top-bar-theme-dark wp-block-acf-wysiwyg\">\n\t<div class=\"block-section-wrapper element-width--wide\">\n\t\t\t<\/div>\n<\/section>\n\n\n\n<section  id=\"acf-video-block_40285b63cc1ecb44b008f48e829a7e36\"class=\"block-section video has-plyr-video-player  full-width-video has-background no-padding show-top-bar-theme-light wp-block-acf-video\">\n\t<img loading=\"lazy\" decoding=\"async\" width=\"1920\" height=\"1080\" src=\"https:\/\/vindr.eu\/wp-content\/uploads\/2023\/11\/video-still-owners-compressed.jpg\" class=\"attachment-full size-full\" alt=\"\" srcset=\"https:\/\/vindr.eu\/wp-content\/uploads\/2023\/11\/video-still-owners-compressed.jpg 1920w, https:\/\/vindr.eu\/wp-content\/uploads\/2023\/11\/video-still-owners-compressed-300x169.jpg 300w, https:\/\/vindr.eu\/wp-content\/uploads\/2023\/11\/video-still-owners-compressed-768x432.jpg 768w, https:\/\/vindr.eu\/wp-content\/uploads\/2023\/11\/video-still-owners-compressed-1024x576.jpg 1024w, https:\/\/vindr.eu\/wp-content\/uploads\/2023\/11\/video-still-owners-compressed-1536x864.jpg 1536w, https:\/\/vindr.eu\/wp-content\/uploads\/2023\/11\/video-still-owners-compressed-502x282.jpg 502w, https:\/\/vindr.eu\/wp-content\/uploads\/2023\/11\/video-still-owners-compressed-1422x800.jpg 1422w\" sizes=\"auto, (max-width: 1920px) 100vw, 1920px\" \/>\t<button id=\"video-play-block_40285b63cc1ecb44b008f48e829a7e36\" class=\"play\" aria-controls=\"video-overlay-block_40285b63cc1ecb44b008f48e829a7e36\" data-target-overlay=\"video-overlay-block_40285b63cc1ecb44b008f48e829a7e36\" aria-expanded=\"false\">\n\t\t<span class=\"screen-reader-text\">Play<\/span>\n\t<\/button>\n\t<div id=\"video-overlay-block_40285b63cc1ecb44b008f48e829a7e36\" class=\"plyr-video-overlay\" aria-hidden=\"true\" aria-controlledby=\"video-play-block_40285b63cc1ecb44b008f48e829a7e36\">\n\t\t<div class=\"plyr-video-wrapper\">\n\t\t\t<button class=\"close\" data-play-button-id=\"video-play-block_40285b63cc1ecb44b008f48e829a7e36\">\n\t\t\t\t<span class=\"screen-reader-text\">Play<\/span>\n\t\t\t\t<i class=\"icon-close\"><\/i>\n\t\t\t<\/button>\n\n\t\t\t<video class=\"plyr-player\" id=\"69de6f750252a\"><\/video>\t\t\t\n<div class=\"cookieconsent-optout-text\">\n\t<p>A video was hidden because it requires all cookie categories to be accepted to view. Please <a href=\"javascript:Cookiebot.renew()\">click here<\/a> to update your cookie preferences to watch this video.<\/p>\n<\/div>\t\t<\/div>\n\t<\/div>\n<\/section>\n\n\n\n<section id=\"acf-featured-text-block_479cdf5cf574c9eb8c38253756a19841\"class=\"block-section featured-text text-based-block show-top-bar-theme-dark wp-block-acf-featured-text\">\n\t<div class=\"block-section-wrapper element-width--content\">\n\t\t<div class=\"text\">\n\t\t\t<p>InfraVia \u00e4r VINDRs huvudsakliga aktie\u00e4gare och partner p\u00e5 resan att bygga en ledande producent av f\u00f6rnybar el i norra Europa. Sedan 2008 har InfraVia samlat in 10 miljarder euro i kapital och investerat i \u00f6ver 50 f\u00f6retag i 13 europeiska l\u00e4nder.<\/p>\n\t\t\t\t\t<\/div>\n\t<\/div>\n<\/section>\n\n\n<section id=\"acf-wysiwyg-block_3d8e6120a75439b9597216f32ef39c0c\"class=\"block-section wysiwyg show-top-bar-theme-dark wp-block-acf-wysiwyg\">\n\t<div class=\"block-section-wrapper element-width--wide\">\n\t\t<p>F\u00f6r mer information om Vindrs styrelse, l\u00e4s h\u00e4r:<\/p>\n<a href=\"https:\/\/vindr.eu\/sv\/om-vindr\/styrelse\/\" id=\"\" class=\"stm-button--has-title stm-button stm-button--type-default\" data-test=\"test\" target=\"_self\" title=\"\"> <span class=\"text\">Styrelse<\/span>  <\/a>\t<\/div>\n<\/section>\n\n\n\n<section id=\"acf-banner-block_d962cc3e193bab677061ceaa34c08bb3\"class=\"block-section banner has-background has-title show-top-bar-theme-light wp-block-acf-banner\" data-scroll-container>\n\t\t\t<figure class=\"banner__bg\">\n\t\t\t<img loading=\"lazy\" decoding=\"async\" width=\"2048\" height=\"956\" src=\"https:\/\/vindr.eu\/wp-content\/uploads\/2023\/11\/2020-11-27-10-10-56-scaled.jpg\" class=\"attachment-full size-full\" alt=\"\" srcset=\"https:\/\/vindr.eu\/wp-content\/uploads\/2023\/11\/2020-11-27-10-10-56-scaled.jpg 2048w, https:\/\/vindr.eu\/wp-content\/uploads\/2023\/11\/2020-11-27-10-10-56-300x140.jpg 300w, https:\/\/vindr.eu\/wp-content\/uploads\/2023\/11\/2020-11-27-10-10-56-768x359.jpg 768w, https:\/\/vindr.eu\/wp-content\/uploads\/2023\/11\/2020-11-27-10-10-56-1024x478.jpg 1024w, https:\/\/vindr.eu\/wp-content\/uploads\/2023\/11\/2020-11-27-10-10-56-1536x717.jpg 1536w, https:\/\/vindr.eu\/wp-content\/uploads\/2023\/11\/2020-11-27-10-10-56-502x234.jpg 502w, https:\/\/vindr.eu\/wp-content\/uploads\/2023\/11\/2020-11-27-10-10-56-1600x747.jpg 1600w\" sizes=\"auto, (max-width: 2048px) 100vw, 2048px\" \/>\t\t<\/figure>\n\t\t<div class=\"block-section-wrapper element-width--content\" data-scroll data-scroll-call=\"vindrOnBannerScroll\">\n\t\t<div class=\"banner__content\">\n\t\t\t\t\t\t\t<h2 class=\"heading-size-large\">Tveka inte att kontakta oss!<\/h2>\n\t\t\t\t<div class=\"text-size-medium\">\n\t\t\t\t\t\t\t\t\t\t\t\t\t<\/div>\n\t\t\t\t\t\t<a href=\"https:\/\/vindr.eu\/sv\/kontakt\/\" id=\"\" class=\"stm-button--has-title stm-button stm-button--type-default stm-button-light\"  target=\"_self\" title=\"\"> <span class=\"text\">L\u00e4s mer<\/span>  <\/a>\t\t<\/div>\n\t<\/div>\n<\/section>\n","protected":false},"excerpt":{"rendered":"","protected":false},"author":1,"featured_media":0,"parent":892,"menu_order":0,"comment_status":"closed","ping_status":"closed","template":"","meta":{"_acf_changed":false,"inline_featured_image":false,"footnotes":""},"class_list":["post-900","page","type-page","status-publish","hentry"],"acf":[],"_links":{"self":[{"href":"https:\/\/vindr.eu\/sv\/wp-json\/wp\/v2\/pages\/900","targetHints":{"allow":["GET"]}}],"collection":[{"href":"https:\/\/vindr.eu\/sv\/wp-json\/wp\/v2\/pages"}],"about":[{"href":"https:\/\/vindr.eu\/sv\/wp-json\/wp\/v2\/types\/page"}],"author":[{"embeddable":true,"href":"https:\/\/vindr.eu\/sv\/wp-json\/wp\/v2\/users\/1"}],"replies":[{"embeddable":true,"href":"https:\/\/vindr.eu\/sv\/wp-json\/wp\/v2\/comments?post=900"}],"version-history":[{"count":0,"href":"https:\/\/vindr.eu\/sv\/wp-json\/wp\/v2\/pages\/900\/revisions"}],"up":[{"embeddable":true,"href":"https:\/\/vindr.eu\/sv\/wp-json\/wp\/v2\/pages\/892"}],"wp:attachment":[{"href":"https:\/\/vindr.eu\/sv\/wp-json\/wp\/v2\/media?parent=900"}],"curies":[{"name":"wp","href":"https:\/\/api.w.org\/{rel}","templated":true}]}}