{"id":892,"date":"2023-10-05T14:47:07","date_gmt":"2023-10-05T14:47:07","guid":{"rendered":"https:\/\/vindr.wpenginepowered.com\/?page_id=892"},"modified":"2026-03-30T13:42:16","modified_gmt":"2026-03-30T13:42:16","slug":"om-vindr","status":"publish","type":"page","link":"https:\/\/vindr.eu\/sv\/om-vindr\/","title":{"rendered":"Om oss"},"content":{"rendered":"\n<section id=\"acf-hero-subpage-block_84d8ac7c80e8e4499128540a692c85e6\"class=\"block-section hero-subpage has-background waiting-to-animate show-top-bar-theme-light-dark wp-block-acf-hero-subpage\">\n\t<figure class=\"hero-subpage__bg\">\n\t\t<img loading=\"lazy\" decoding=\"async\" width=\"2048\" height=\"1151\" src=\"https:\/\/vindr.eu\/wp-content\/uploads\/2023\/11\/Bjorkvattnet-BG-1-1-scaled.jpg\" class=\"attachment-full size-full\" alt=\"\" sizes=\"auto, (max-width: 999px) 100vw, 60vw\" srcset=\"https:\/\/vindr.eu\/wp-content\/uploads\/2023\/11\/Bjorkvattnet-BG-1-1-scaled.jpg 2048w, https:\/\/vindr.eu\/wp-content\/uploads\/2023\/11\/Bjorkvattnet-BG-1-1-300x169.jpg 300w, https:\/\/vindr.eu\/wp-content\/uploads\/2023\/11\/Bjorkvattnet-BG-1-1-768x432.jpg 768w, https:\/\/vindr.eu\/wp-content\/uploads\/2023\/11\/Bjorkvattnet-BG-1-1-1024x576.jpg 1024w, https:\/\/vindr.eu\/wp-content\/uploads\/2023\/11\/Bjorkvattnet-BG-1-1-1536x863.jpg 1536w, https:\/\/vindr.eu\/wp-content\/uploads\/2023\/11\/Bjorkvattnet-BG-1-1-502x282.jpg 502w, https:\/\/vindr.eu\/wp-content\/uploads\/2023\/11\/Bjorkvattnet-BG-1-1-1423x800.jpg 1423w\" \/>\t<\/figure>\n\t<div class=\"block-section-wrapper element-width--full\">\n\t\t<div class=\"hero-subpage__content\">\n\t\t\t\t\t\t\t<h1 class=\"hero-subpage__title heading-size-large\">Om oss<\/h1>\n\t\t\t\t\t\t\t\t\t\t<div class=\"text-size-medium\">\n\t\t\t\t\t<p>Vindr \u00e4r en l\u00e5ngsiktig akt\u00f6r med m\u00e5let att leverera mer energi och <strong>skapa best\u00e5ende merv\u00e4rde f\u00f6r lokalsamh\u00e4llena.<\/strong> Vi vill att v\u00e5ra projekt ska bidra till lokal utveckling och bygga upp energiproduktion n\u00e4ra f\u00f6rbrukningen med minskad p\u00e5verkan p\u00e5 naturen.<\/p>\n\t\t\t\t<\/div>\n\t\t\t\t\t<\/div>\n\t<\/div>\n<\/section>\n\n\n\n<section id=\"acf-text-column-single-block_3872cdf339ca2d2cd43aabfa1c109c08\"class=\"block-section text-column-single text-based-block show-top-bar-theme-dark wp-block-acf-text-column-single\">\n\t<div class=\"block-section-wrapper element-width--wide\">\n\t\t<div class=\"text-column-single__content use-copy-text-styles\">\n\t\t\t\t\t\t\t<h1 class=\"heading-size-normal\">Vindr<\/h1>\n\t\t\t\t\t\t<p>Vindr utvecklar sin position som en\u00a0<strong>ledande producent av f\u00f6rnybar el<\/strong>\u00a0i norra Europa och s\u00e4kerst\u00e4ller en avg\u00f6rande energis\u00e4kerhet genom avancerad teknik. V\u00e5rt \u00e5tagande f\u00f6r projektutveckling, fr\u00e5n konstruktion och utveckling till f\u00e4rdigst\u00e4llande &#8211; speglar en h\u00e5llbar strategi som samspelar med lokala intressenter och fr\u00e4mjar positiva samh\u00e4llsmerv\u00e4rden<\/p>\n<p>V\u00e5ra projekt \u00e4r n\u00e4ra anv\u00e4ndarna, vilket <strong>minskar v\u00e5r milj\u00f6p\u00e5verkan <\/strong>och bevarar naturen.<\/p>\n\t\t<\/div>\n\t<\/div>\n<\/section>\n\n\n\n<section  id=\"acf-video-block_b77cedadc301ceee638851e47eb4d0c8\"class=\"block-section video has-plyr-video-player  full-width-video has-background no-padding show-top-bar-theme-dark wp-block-acf-video\">\n\t<img loading=\"lazy\" decoding=\"async\" width=\"2048\" height=\"1365\" src=\"https:\/\/vindr.eu\/wp-content\/uploads\/2024\/01\/Winter_turbines_bigfile-scaled.jpg\" class=\"attachment-full size-full\" alt=\"\" srcset=\"https:\/\/vindr.eu\/wp-content\/uploads\/2024\/01\/Winter_turbines_bigfile-scaled.jpg 2048w, https:\/\/vindr.eu\/wp-content\/uploads\/2024\/01\/Winter_turbines_bigfile-300x200.jpg 300w, https:\/\/vindr.eu\/wp-content\/uploads\/2024\/01\/Winter_turbines_bigfile-1024x683.jpg 1024w, https:\/\/vindr.eu\/wp-content\/uploads\/2024\/01\/Winter_turbines_bigfile-768x512.jpg 768w, https:\/\/vindr.eu\/wp-content\/uploads\/2024\/01\/Winter_turbines_bigfile-1536x1024.jpg 1536w, https:\/\/vindr.eu\/wp-content\/uploads\/2024\/01\/Winter_turbines_bigfile-502x335.jpg 502w\" sizes=\"auto, (max-width: 2048px) 100vw, 2048px\" \/>\t<button id=\"video-play-block_b77cedadc301ceee638851e47eb4d0c8\" class=\"play\" aria-controls=\"video-overlay-block_b77cedadc301ceee638851e47eb4d0c8\" data-target-overlay=\"video-overlay-block_b77cedadc301ceee638851e47eb4d0c8\" aria-expanded=\"false\">\n\t\t<span class=\"screen-reader-text\">Play<\/span>\n\t<\/button>\n\t<div id=\"video-overlay-block_b77cedadc301ceee638851e47eb4d0c8\" class=\"plyr-video-overlay\" aria-hidden=\"true\" aria-controlledby=\"video-play-block_b77cedadc301ceee638851e47eb4d0c8\">\n\t\t<div class=\"plyr-video-wrapper\">\n\t\t\t<button class=\"close\" data-play-button-id=\"video-play-block_b77cedadc301ceee638851e47eb4d0c8\">\n\t\t\t\t<span class=\"screen-reader-text\">Play<\/span>\n\t\t\t\t<i class=\"icon-close\"><\/i>\n\t\t\t<\/button>\n\n\t\t\t<video class=\"plyr-player\" id=\"69e76d1ca53a9\"><\/video>\t\t\t\n<div class=\"cookieconsent-optout-text\">\n\t<p>A video was hidden because it requires all cookie categories to be accepted to view. Please <a href=\"javascript:Cookiebot.renew()\">click here<\/a> to update your cookie preferences to watch this video.<\/p>\n<\/div>\t\t<\/div>\n\t<\/div>\n<\/section>\n\n\n\n<section id=\"acf-text-media-block_ed1b111afe834e53cc0d4864d3e02d9a\"class=\"block-section text-media image-align-right show-top-bar-theme-dark wp-block-acf-text-media has-background has-light-blue-background-color\">\n\t<div class=\"block-section-wrapper element-width--wide\">\n\t\t<div class=\"text-media__image\">\n\t\t\t<figure class=\"text-media__image-inner\">\n\t\t\t\t<img loading=\"lazy\" decoding=\"async\" width=\"1638\" height=\"2048\" src=\"https:\/\/vindr.eu\/wp-content\/uploads\/2023\/11\/Jan-Olav-Oderud-portrait-scaled.jpg\" class=\"attachment-full size-full\" alt=\"\" srcset=\"https:\/\/vindr.eu\/wp-content\/uploads\/2023\/11\/Jan-Olav-Oderud-portrait-scaled.jpg 1638w, https:\/\/vindr.eu\/wp-content\/uploads\/2023\/11\/Jan-Olav-Oderud-portrait-240x300.jpg 240w, https:\/\/vindr.eu\/wp-content\/uploads\/2023\/11\/Jan-Olav-Oderud-portrait-768x960.jpg 768w, https:\/\/vindr.eu\/wp-content\/uploads\/2023\/11\/Jan-Olav-Oderud-portrait-819x1024.jpg 819w, https:\/\/vindr.eu\/wp-content\/uploads\/2023\/11\/Jan-Olav-Oderud-portrait-1229x1536.jpg 1229w, https:\/\/vindr.eu\/wp-content\/uploads\/2023\/11\/Jan-Olav-Oderud-portrait-301x376.jpg 301w, https:\/\/vindr.eu\/wp-content\/uploads\/2023\/11\/Jan-Olav-Oderud-portrait-640x800.jpg 640w, https:\/\/vindr.eu\/wp-content\/uploads\/2023\/11\/Jan-Olav-Oderud-portrait-1152x1440.jpg 1152w\" sizes=\"auto, (max-width: 1638px) 100vw, 1638px\" \/>\t\t\t<\/figure>\n\t\t<\/div>\n\t\t<div class=\"text-media__content use-copy-text-styles\">\n\t\t\t\t\t\t\t<h1 class=\"title\">Grundare<\/h1>\n\t\t\t\t\t\t<p>Vindr grundades \u00e5r 2019 med m\u00e5ls\u00e4ttningen att utveckla vindkraftsprojekt i Norge och Sverige. Sedan dess har vi expanderat till nya marknader och t\u00e4cker nu Norden och Baltikum. Allt b\u00f6rjade med v\u00e5ra grundare, som har l\u00e5ng och gedigen erfarenhet inom den f\u00f6rnybara energibranschen, och deras vision att bygga en position som <strong>ledande producent av f\u00f6rnybar el i norra Europa.<\/strong><\/p>\n\t\t\t<a href=\"https:\/\/vindr.eu\/sv\/om-vindr\/grundare\/\" id=\"\" class=\"stm-button--has-title stm-button stm-button--type-default\"  target=\"_self\" title=\"\"> <span class=\"text\">Grundare<\/span>  <\/a>\t\t<\/div>\n\t<\/div>\n<\/section>\n\n\n\n<section id=\"acf-text-media-block_b8106bcd806e9dd63e59b8e87a6c29b5\"class=\"block-section text-media image-align-left show-top-bar-theme-dark wp-block-acf-text-media has-background has-white-background-color\">\n\t<div class=\"block-section-wrapper element-width--wide\">\n\t\t<div class=\"text-media__image\">\n\t\t\t<figure class=\"text-media__image-inner\">\n\t\t\t\t<img loading=\"lazy\" decoding=\"async\" width=\"1920\" height=\"1080\" src=\"https:\/\/vindr.eu\/wp-content\/uploads\/2023\/11\/video-still-owners-compressed.jpg\" class=\"attachment-full size-full\" alt=\"\" srcset=\"https:\/\/vindr.eu\/wp-content\/uploads\/2023\/11\/video-still-owners-compressed.jpg 1920w, https:\/\/vindr.eu\/wp-content\/uploads\/2023\/11\/video-still-owners-compressed-300x169.jpg 300w, https:\/\/vindr.eu\/wp-content\/uploads\/2023\/11\/video-still-owners-compressed-1024x576.jpg 1024w, https:\/\/vindr.eu\/wp-content\/uploads\/2023\/11\/video-still-owners-compressed-768x432.jpg 768w, https:\/\/vindr.eu\/wp-content\/uploads\/2023\/11\/video-still-owners-compressed-1536x864.jpg 1536w, https:\/\/vindr.eu\/wp-content\/uploads\/2023\/11\/video-still-owners-compressed-502x282.jpg 502w\" sizes=\"auto, (max-width: 1920px) 100vw, 1920px\" \/>\t\t\t<\/figure>\n\t\t<\/div>\n\t\t<div class=\"text-media__content use-copy-text-styles\">\n\t\t\t\t\t\t\t<h1 class=\"title\">\u00c4gare<\/h1>\n\t\t\t\t\t\t<p>F\u00f6r att f\u00f6rverkliga visionen att bygga en ledande producent av f\u00f6rnybar el i norra Europa, ville Vindr samarbeta med en investerare med teknisk kompetens och f\u00f6rst\u00e5else f\u00f6r den unika kulturen i regionen. Den europeiska infrastrukturfonden <strong>InfraVia erbjuder ett partnerskap med gemensamma v\u00e4rderingar<\/strong>, och tillsammans har vi f\u00f6rm\u00e5gan att vara en nyckelakt\u00f6r i energiomst\u00e4llningen i norra Europa.<\/p>\n\t\t\t<a href=\"https:\/\/vindr.eu\/sv\/om-vindr\/agare\/\" id=\"\" class=\"stm-button--has-title stm-button stm-button--type-default\"  target=\"_self\" title=\"\"> <span class=\"text\">\u00c4gare<\/span>  <\/a>\t\t<\/div>\n\t<\/div>\n<\/section>\n\n\n\n<section id=\"acf-text-media-block_d33a17a37c856191a8962f2830eca212\"class=\"block-section text-media image-align-right show-top-bar-theme-dark wp-block-acf-text-media has-background has-white-background-color\">\n\t<div class=\"block-section-wrapper element-width--wide\">\n\t\t<div class=\"text-media__image\">\n\t\t\t<figure class=\"text-media__image-inner\">\n\t\t\t\t<img loading=\"lazy\" decoding=\"async\" width=\"2048\" height=\"1422\" src=\"https:\/\/vindr.eu\/wp-content\/uploads\/2024\/10\/board-group_color-2-scaled.jpg\" class=\"attachment-full size-full\" alt=\"\" srcset=\"https:\/\/vindr.eu\/wp-content\/uploads\/2024\/10\/board-group_color-2-scaled.jpg 2048w, https:\/\/vindr.eu\/wp-content\/uploads\/2024\/10\/board-group_color-2-300x208.jpg 300w, https:\/\/vindr.eu\/wp-content\/uploads\/2024\/10\/board-group_color-2-1024x711.jpg 1024w, https:\/\/vindr.eu\/wp-content\/uploads\/2024\/10\/board-group_color-2-768x533.jpg 768w, https:\/\/vindr.eu\/wp-content\/uploads\/2024\/10\/board-group_color-2-1536x1067.jpg 1536w, https:\/\/vindr.eu\/wp-content\/uploads\/2024\/10\/board-group_color-2-502x349.jpg 502w\" sizes=\"auto, (max-width: 2048px) 100vw, 2048px\" \/>\t\t\t<\/figure>\n\t\t<\/div>\n\t\t<div class=\"text-media__content use-copy-text-styles\">\n\t\t\t\t\t\t\t<h1 class=\"title\">Styrelse<\/h1>\n\t\t\t\t\t\t<div id=\"tw-target-text-container\" class=\"tw-ta-container F0azHf tw-nfl\">\n<p id=\"tw-target-text\" class=\"tw-data-text tw-text-large tw-ta\" dir=\"ltr\" data-placeholder=\"Translation\" data-ved=\"2ahUKEwj9-M73xfiCAxW-HBAIHa-jAFMQ3ewLegQICBAP\"><span class=\"Y2IQFc\" lang=\"sv\">Styrelsen best\u00e5r av representanter fr\u00e5n \u00e4garna, inklusive grundarna och InfraVia. Du kan l\u00e4sa mer om dem h\u00e4r.<\/span><\/p>\n<\/div>\n\t\t\t<a href=\"https:\/\/vindr.eu\/sv\/om-vindr\/styrelse\/\" id=\"\" class=\"stm-button--has-title stm-button stm-button--type-default\"  target=\"_self\" title=\"\"> <span class=\"text\">Styrelse<\/span>  <\/a>\t\t<\/div>\n\t<\/div>\n<\/section>\n\n\n\n<section id=\"acf-banner-block_afce3b4c73d52215c355b791c949d110\"class=\"block-section banner has-background has-title show-top-bar-theme-light wp-block-acf-banner\" data-scroll-container>\n\t\t\t<figure class=\"banner__bg\">\n\t\t\t<img loading=\"lazy\" decoding=\"async\" width=\"2048\" height=\"785\" src=\"https:\/\/vindr.eu\/wp-content\/uploads\/2025\/01\/Group-photo-inside-scaled-e1774878128210.jpg\" class=\"attachment-full size-full\" alt=\"\" srcset=\"https:\/\/vindr.eu\/wp-content\/uploads\/2025\/01\/Group-photo-inside-scaled-e1774878128210.jpg 2048w, https:\/\/vindr.eu\/wp-content\/uploads\/2025\/01\/Group-photo-inside-scaled-e1774878128210-300x115.jpg 300w, https:\/\/vindr.eu\/wp-content\/uploads\/2025\/01\/Group-photo-inside-scaled-e1774878128210-1024x393.jpg 1024w, https:\/\/vindr.eu\/wp-content\/uploads\/2025\/01\/Group-photo-inside-scaled-e1774878128210-768x294.jpg 768w, https:\/\/vindr.eu\/wp-content\/uploads\/2025\/01\/Group-photo-inside-scaled-e1774878128210-1536x589.jpg 1536w, https:\/\/vindr.eu\/wp-content\/uploads\/2025\/01\/Group-photo-inside-scaled-e1774878128210-502x192.jpg 502w, https:\/\/vindr.eu\/wp-content\/uploads\/2025\/01\/Group-photo-inside-scaled-e1774878128210-1600x613.jpg 1600w\" sizes=\"auto, (max-width: 2048px) 100vw, 2048px\" \/>\t\t<\/figure>\n\t\t<div class=\"block-section-wrapper element-width--content\" data-scroll data-scroll-call=\"vindrOnBannerScroll\">\n\t\t<div class=\"banner__content\">\n\t\t\t\t\t\t\t<h2 class=\"heading-size-large\">Medarbetare<\/h2>\n\t\t\t\t<div class=\"text-size-medium\">\n\t\t\t\t\t\t<p>F\u00f6r att lyckas med att bygga en position som ledande producent av f\u00f6rnybar el har Vindr samlat ett <strong>ambiti\u00f6st team med den n\u00f6dv\u00e4ndiga expertisen<\/strong> f\u00f6r att utveckla projekt med l\u00e5g milj\u00f6p\u00e5verkan. Vi bidrar positivt till lokalsamh\u00e4llen och involverar v\u00e5ra intressenter med transparens och r\u00e4ttss\u00e4kerhet.<\/p>\n\t\t\t\t\t\t\t<\/div>\n\t\t\t\t\t\t<a href=\"https:\/\/vindr.eu\/sv\/medarbetare\/\" id=\"\" class=\"stm-button--has-title stm-button stm-button--type-default stm-button-light\"  target=\"_self\" title=\"\"> <span class=\"text\">L\u00e4s mer<\/span>  <\/a>\t\t<\/div>\n\t<\/div>\n<\/section>\n\n\n\n<section id=\"acf-text-media-block_61a21b4f602ee148157af300e979450f\"class=\"block-section text-media image-align-right show-top-bar-theme-dark wp-block-acf-text-media has-background has-white-background-color\">\n\t<div class=\"block-section-wrapper element-width--wide\">\n\t\t<div class=\"text-media__image\">\n\t\t\t<figure class=\"text-media__image-inner\">\n\t\t\t\t<img loading=\"lazy\" decoding=\"async\" width=\"2048\" height=\"1365\" src=\"https:\/\/vindr.eu\/wp-content\/uploads\/2024\/08\/iStock-475689998-scaled-e1725871850393.jpg\" class=\"attachment-full size-full\" alt=\"\" \/>\t\t\t<\/figure>\n\t\t<\/div>\n\t\t<div class=\"text-media__content use-copy-text-styles\">\n\t\t\t\t\t\t\t<h1 class=\"title\">ESG<\/h1>\n\t\t\t\t\t\t<p>Vindrs syfte \u00e4r att ha en <strong>positiv milj\u00f6p\u00e5verkan<\/strong>. Det \u00e4r ocks\u00e5 viktigt f\u00f6r oss att ha en positiv social samh\u00e4llsp\u00e5verkan och \u00e4gna oss \u00e5t s\u00e5 mycket lokalt merv\u00e4rdeskapande som m\u00f6jligt n\u00e4r vi utvecklar v\u00e5ra projekt. Det \u00e4r ocks\u00e5 d\u00e4rf\u00f6r vi investerar storskaligt i teknik och planering i ett <strong>tidigt skede<\/strong>, f\u00f6r att kunna s\u00e4kerst\u00e4lla att v\u00e5ra projekt \u00e4r som allra b\u00e4st anpassade till den lokala situationen med l\u00e4mplig planering.<\/p>\n\t\t\t<a href=\"https:\/\/vindr.eu\/sv\/hur-vi-arbetar\/esg\/\" id=\"\" class=\"stm-button--has-title stm-button stm-button--type-default\"  target=\"_self\" title=\"\"> <span class=\"text\">ESG<\/span>  <\/a>\t\t<\/div>\n\t<\/div>\n<\/section>\n\n\n\n<section id=\"acf-text-media-block_6317470472dee69e714c1d852f975971\"class=\"block-section text-media image-align-left show-top-bar-theme-dark wp-block-acf-text-media has-background has-light-blue-background-color\">\n\t<div class=\"block-section-wrapper element-width--wide\">\n\t\t<div class=\"text-media__image\">\n\t\t\t<figure class=\"text-media__image-inner\">\n\t\t\t\t<img loading=\"lazy\" decoding=\"async\" width=\"2560\" height=\"1440\" src=\"https:\/\/vindr.eu\/wp-content\/uploads\/2025\/11\/STILLBILDER.00_00_00_00.Still001-scaled.png\" class=\"attachment-full size-full\" alt=\"\" srcset=\"https:\/\/vindr.eu\/wp-content\/uploads\/2025\/11\/STILLBILDER.00_00_00_00.Still001-scaled.png 2560w, https:\/\/vindr.eu\/wp-content\/uploads\/2025\/11\/STILLBILDER.00_00_00_00.Still001-300x169.png 300w, https:\/\/vindr.eu\/wp-content\/uploads\/2025\/11\/STILLBILDER.00_00_00_00.Still001-1024x576.png 1024w, https:\/\/vindr.eu\/wp-content\/uploads\/2025\/11\/STILLBILDER.00_00_00_00.Still001-768x432.png 768w, https:\/\/vindr.eu\/wp-content\/uploads\/2025\/11\/STILLBILDER.00_00_00_00.Still001-1536x864.png 1536w, https:\/\/vindr.eu\/wp-content\/uploads\/2025\/11\/STILLBILDER.00_00_00_00.Still001-2048x1152.png 2048w, https:\/\/vindr.eu\/wp-content\/uploads\/2025\/11\/STILLBILDER.00_00_00_00.Still001-502x282.png 502w, https:\/\/vindr.eu\/wp-content\/uploads\/2025\/11\/STILLBILDER.00_00_00_00.Still001-1422x800.png 1422w\" sizes=\"auto, (max-width: 2560px) 100vw, 2560px\" \/>\t\t\t<\/figure>\n\t\t<\/div>\n\t\t<div class=\"text-media__content use-copy-text-styles\">\n\t\t\t\t\t\t\t<h1 class=\"title\">Bj\u00f6rkvattnets vindkraftspark<\/h1>\n\t\t\t\t\t\t<p>Bj\u00f6rkvattnet vindkraftspark \u00e4r ett kraftverk p\u00e5 175 MW som \u00e4gs av Infravia. Den ligger i J\u00e4mtland i Sverige. Anl\u00e4ggningen best\u00e5r av 33 vindkraftverk och stod f\u00e4rdig 2023. Produktionen kan f\u00f6rse 175 000 hush\u00e5ll med ren energi och minskar utsl\u00e4ppen av v\u00e4xthusgaser med 215 000 ton varje \u00e5r.<\/p>\n\t\t\t<a href=\"https:\/\/vindr.eu\/sv\/bjorkvattnets-vindkraftspark\/\" id=\"\" class=\"stm-button--has-title stm-button stm-button--type-default\"  target=\"_self\" title=\"\"> <span class=\"text\">L\u00e4s mer<\/span>  <\/a>\t\t<\/div>\n\t<\/div>\n<\/section>\n\n\n\n<section id=\"acf-banner-block_604f2ba48d8064c9afa6a7733971b8be\"class=\"block-section banner has-background show-top-bar-theme-light wp-block-acf-banner\" data-scroll-container>\n\t\t\t<figure class=\"banner__bg\">\n\t\t\t<img loading=\"lazy\" decoding=\"async\" width=\"2048\" height=\"1021\" src=\"https:\/\/vindr.eu\/wp-content\/uploads\/2023\/11\/darya-tryfanava-Ex0-3iL_-t0-unsplash-scaled.jpg\" class=\"attachment-full size-full\" alt=\"\" srcset=\"https:\/\/vindr.eu\/wp-content\/uploads\/2023\/11\/darya-tryfanava-Ex0-3iL_-t0-unsplash-scaled.jpg 2048w, https:\/\/vindr.eu\/wp-content\/uploads\/2023\/11\/darya-tryfanava-Ex0-3iL_-t0-unsplash-1024x510.jpg 1024w, https:\/\/vindr.eu\/wp-content\/uploads\/2023\/11\/darya-tryfanava-Ex0-3iL_-t0-unsplash-1536x765.jpg 1536w, https:\/\/vindr.eu\/wp-content\/uploads\/2023\/11\/darya-tryfanava-Ex0-3iL_-t0-unsplash-1600x797.jpg 1600w, https:\/\/vindr.eu\/wp-content\/uploads\/2023\/11\/darya-tryfanava-Ex0-3iL_-t0-unsplash-300x150.jpg 300w, https:\/\/vindr.eu\/wp-content\/uploads\/2023\/11\/darya-tryfanava-Ex0-3iL_-t0-unsplash-768x383.jpg 768w, https:\/\/vindr.eu\/wp-content\/uploads\/2023\/11\/darya-tryfanava-Ex0-3iL_-t0-unsplash-502x250.jpg 502w\" sizes=\"auto, (max-width: 2048px) 100vw, 2048px\" \/>\t\t<\/figure>\n\t\t<div class=\"block-section-wrapper element-width--content\" data-scroll data-scroll-call=\"vindrOnBannerScroll\">\n\t\t<div class=\"banner__content\">\n\t\t\t\t\t\t<p class=\"heading-size-large\">Tveka inte att kontakta oss!<\/p>\n\t\t\t\t\t\t<a href=\"https:\/\/vindr.eu\/sv\/kontakt\/\" id=\"\" class=\"stm-button--has-title stm-button stm-button--type-default stm-button-light\"  target=\"_self\" title=\"\"> <span class=\"text\">Kontakta oss<\/span>  <\/a>\t\t<\/div>\n\t<\/div>\n<\/section>\n","protected":false},"excerpt":{"rendered":"","protected":false},"author":1,"featured_media":0,"parent":0,"menu_order":4,"comment_status":"closed","ping_status":"closed","template":"","meta":{"_acf_changed":false,"inline_featured_image":false,"footnotes":""},"class_list":["post-892","page","type-page","status-publish","hentry"],"acf":[],"_links":{"self":[{"href":"https:\/\/vindr.eu\/sv\/wp-json\/wp\/v2\/pages\/892","targetHints":{"allow":["GET"]}}],"collection":[{"href":"https:\/\/vindr.eu\/sv\/wp-json\/wp\/v2\/pages"}],"about":[{"href":"https:\/\/vindr.eu\/sv\/wp-json\/wp\/v2\/types\/page"}],"author":[{"embeddable":true,"href":"https:\/\/vindr.eu\/sv\/wp-json\/wp\/v2\/users\/1"}],"replies":[{"embeddable":true,"href":"https:\/\/vindr.eu\/sv\/wp-json\/wp\/v2\/comments?post=892"}],"version-history":[{"count":2,"href":"https:\/\/vindr.eu\/sv\/wp-json\/wp\/v2\/pages\/892\/revisions"}],"predecessor-version":[{"id":8402,"href":"https:\/\/vindr.eu\/sv\/wp-json\/wp\/v2\/pages\/892\/revisions\/8402"}],"wp:attachment":[{"href":"https:\/\/vindr.eu\/sv\/wp-json\/wp\/v2\/media?parent=892"}],"curies":[{"name":"wp","href":"https:\/\/api.w.org\/{rel}","templated":true}]}}