{"id":878,"date":"2023-10-24T17:14:23","date_gmt":"2023-10-24T17:14:23","guid":{"rendered":"https:\/\/vindr.wpenginepowered.com\/?page_id=878"},"modified":"2024-01-20T20:18:48","modified_gmt":"2024-01-20T20:18:48","slug":"lokalsamhallen","status":"publish","type":"page","link":"https:\/\/vindr.eu\/sv\/hur-vi-arbetar\/lokalsamhallen\/","title":{"rendered":"Lokalsamh\u00e4llen"},"content":{"rendered":"\n<section id=\"acf-hero-subpage-block_bd9a9f5cf4ef06b4e80b0179dcd73081\"class=\"block-section hero-subpage has-background waiting-to-animate show-top-bar-theme-light-dark wp-block-acf-hero-subpage\">\n\t<figure class=\"hero-subpage__bg\">\n\t\t<img loading=\"lazy\" decoding=\"async\" width=\"2048\" height=\"1364\" src=\"https:\/\/vindr.eu\/wp-content\/uploads\/2023\/11\/jaanus-jagomagi-tA5Ipxl-V4s-unsplash-scaled.jpg\" class=\"attachment-full size-full\" alt=\"\" sizes=\"auto, (max-width: 999px) 100vw, 60vw\" srcset=\"https:\/\/vindr.eu\/wp-content\/uploads\/2023\/11\/jaanus-jagomagi-tA5Ipxl-V4s-unsplash-scaled.jpg 2048w, https:\/\/vindr.eu\/wp-content\/uploads\/2023\/11\/jaanus-jagomagi-tA5Ipxl-V4s-unsplash-300x200.jpg 300w, https:\/\/vindr.eu\/wp-content\/uploads\/2023\/11\/jaanus-jagomagi-tA5Ipxl-V4s-unsplash-768x512.jpg 768w, https:\/\/vindr.eu\/wp-content\/uploads\/2023\/11\/jaanus-jagomagi-tA5Ipxl-V4s-unsplash-1024x682.jpg 1024w, https:\/\/vindr.eu\/wp-content\/uploads\/2023\/11\/jaanus-jagomagi-tA5Ipxl-V4s-unsplash-1536x1023.jpg 1536w, https:\/\/vindr.eu\/wp-content\/uploads\/2023\/11\/jaanus-jagomagi-tA5Ipxl-V4s-unsplash-502x334.jpg 502w, https:\/\/vindr.eu\/wp-content\/uploads\/2023\/11\/jaanus-jagomagi-tA5Ipxl-V4s-unsplash-1201x800.jpg 1201w\" \/>\t<\/figure>\n\t<div class=\"block-section-wrapper element-width--full\">\n\t\t<div class=\"hero-subpage__content\">\n\t\t\t\t\t\t\t<h1 class=\"hero-subpage__title heading-size-large\">Lokalsamh\u00e4llen<\/h1>\n\t\t\t\t\t\t\t\t\t\t<div class=\"text-size-medium\">\n\t\t\t\t\t<p>Vindr f\u00f6rst\u00e5r att v\u00e5r framg\u00e5ng som f\u00f6retag beror p\u00e5 v\u00e5r f\u00f6rm\u00e5ga att vara en p\u00e5litlig partner till v\u00e5ra lokalsamh\u00e4llen.<\/p>\n\t\t\t\t<\/div>\n\t\t\t\t\t<\/div>\n\t<\/div>\n<\/section>\n\n\n\n<section id=\"acf-text-column-double-block_c98d0e9d55931592ecab803e8260e0a7\"class=\"block-section text-column-double show-top-bar-theme-dark wp-block-acf-text-column-double\">\n\t<div class=\"block-section-wrapper element-width--wide\">\n\t\t<div class=\"text-column-double__content\">\n\t\t\t\t\t\t\t<div class=\"text-column-double__left use-copy-text-styles\">\n\t\t\t\t\t\t\t\t\t\t<p><strong>Vindr har utvecklat starka rutiner f\u00f6r att s\u00e4kerst\u00e4lla att vi kan vara den b\u00e4sta partnern till v\u00e5ra samarbetspartners, de samh\u00e4llen vi verkar i och de offentliga akt\u00f6rer vi samarbetar med.<\/strong> V\u00e5rt \u00e5tagande str\u00e4cker sig bortom formaliteter \u2013 genom aktivt omfatta kunskap och behov fr\u00e5n lokala intressenter str\u00e4var vi efter att utveckla projekt som samspelar med och gynnar de samh\u00e4llen som projekten tillh\u00f6r.<\/p>\n\t\t\t\t<\/div>\n\t\t\t\t\t\t\t<div class=\"text-column-double__right use-copy-text-styles\">\n\t\t\t\t\t\t\t\t\t\t<p>Genom att ta h\u00e4nsyn till lokala elbehov ser vi till att v\u00e5ra projekt \u00e4r strategiskt bel\u00e4gna f\u00f6r att m\u00f6ta lokalsamh\u00e4llens specifika krav. Ist\u00e4llet f\u00f6r att tvinga fram f\u00f6r\u00e4ndring, str\u00e4var vi efter lokal acceptans och arbetar hand i hand med intressenter fr\u00e5n <strong>lokalsamh\u00e4llen f\u00f6r att s\u00f6ml\u00f6st integrera h\u00e5llbar elproduktion i den lokala samh\u00e4llsstrukturen.<\/strong><\/p>\n\t\t\t\t<\/div>\n\t\t\t\t\t<\/div>\n\t<\/div>\n<\/section>\n\n\n\n<section id=\"acf-text-media-block_b73103a261d65a8dc1c4b232721505d2\"class=\"block-section text-media image-align-left show-top-bar-theme-dark wp-block-acf-text-media has-background has-light-blue-background-color\">\n\t<div class=\"block-section-wrapper element-width--wide\">\n\t\t<div class=\"text-media__image\">\n\t\t\t<figure class=\"text-media__image-inner\">\n\t\t\t\t<img loading=\"lazy\" decoding=\"async\" width=\"1333\" height=\"2000\" src=\"https:\/\/vindr.eu\/wp-content\/uploads\/2023\/12\/Camilla-figure-2.jpg\" class=\"attachment-full size-full\" alt=\"\" srcset=\"https:\/\/vindr.eu\/wp-content\/uploads\/2023\/12\/Camilla-figure-2.jpg 1333w, https:\/\/vindr.eu\/wp-content\/uploads\/2023\/12\/Camilla-figure-2-200x300.jpg 200w, https:\/\/vindr.eu\/wp-content\/uploads\/2023\/12\/Camilla-figure-2-682x1024.jpg 682w, https:\/\/vindr.eu\/wp-content\/uploads\/2023\/12\/Camilla-figure-2-768x1152.jpg 768w, https:\/\/vindr.eu\/wp-content\/uploads\/2023\/12\/Camilla-figure-2-1024x1536.jpg 1024w, https:\/\/vindr.eu\/wp-content\/uploads\/2023\/12\/Camilla-figure-2-251x376.jpg 251w\" sizes=\"auto, (max-width: 1333px) 100vw, 1333px\" \/>\t\t\t<\/figure>\n\t\t<\/div>\n\t\t<div class=\"text-media__content use-copy-text-styles\">\n\t\t\t\t\t\t\t<h1 class=\"title\">Camilla Andersson<\/h1>\n\t\t\t\t\t\t<p>Camilla Andersson, som leder Vindr p\u00e5 den svenska marknaden, \u00e4r en vision\u00e4r engagerad i att skapa positivt samh\u00e4llsmerv\u00e4rde. I Sverige fokuserar hon p\u00e5 <strong>att aktivt engagera sig och bidra till lokalsamh\u00e4llen<\/strong>, samt s\u00e4kerst\u00e4lla att v\u00e5ra f\u00f6rnybara kraftverk str\u00e4cker sig l\u00e4ngre \u00e4n till enbart ren energi, f\u00f6r att skapa varaktiga positiva merv\u00e4rden inom de omr\u00e5den vi verkar i.<\/p>\n<p>Camillas ledarskap str\u00e4cker sig bortom energibranschen och hon samarbetar aktivt med lokala industrier i Sverige f\u00f6r att skapa jobb och ekonomiska m\u00f6jligheter. Genom samarbete med b\u00e5de samh\u00e4llen och f\u00f6retag integrerar hon Vindr t\u00e4tt i lokalsamh\u00e4llen, vilket m\u00f6jligg\u00f6r social och ekonomisk utveckling.<\/p>\n<p>I k\u00e4rnan av Camillas vision ligger \u00f6vertygelsen att f\u00f6rdelarna med f\u00f6rnybar energi b\u00f6r delas med lokalsamh\u00e4llet. Hon ser ett samh\u00e4lle framf\u00f6r sig d\u00e4r inv\u00e5narna ges m\u00f6jlighet att aktivt delta i och dra nytta av de positiva merv\u00e4rden som skapas av v\u00e5ra f\u00f6rnybara kraftverk.<\/p>\n\t\t\t<a href=\"https:\/\/vindr.eu\/sv\/om-vindr\/grundare\/\" id=\"\" class=\"stm-button--has-title stm-button stm-button--type-default\"  target=\"_self\" title=\"\"> <span class=\"text\">Grundare<\/span>  <\/a>\t\t<\/div>\n\t<\/div>\n<\/section>\n\n\n\n<section id=\"acf-text-media-block_0255836ce6d439f101d72aed1fd5b538\"class=\"block-section text-media image-align-right show-top-bar-theme-dark wp-block-acf-text-media has-background has-white-background-color\">\n\t<div class=\"block-section-wrapper element-width--wide\">\n\t\t<div class=\"text-media__image\">\n\t\t\t<figure class=\"text-media__image-inner\">\n\t\t\t\t<img loading=\"lazy\" decoding=\"async\" width=\"1365\" height=\"2048\" src=\"https:\/\/vindr.eu\/wp-content\/uploads\/2023\/12\/Marko_local-communities-scaled.jpg\" class=\"attachment-full size-full\" alt=\"\" srcset=\"https:\/\/vindr.eu\/wp-content\/uploads\/2023\/12\/Marko_local-communities-scaled.jpg 1365w, https:\/\/vindr.eu\/wp-content\/uploads\/2023\/12\/Marko_local-communities-200x300.jpg 200w, https:\/\/vindr.eu\/wp-content\/uploads\/2023\/12\/Marko_local-communities-683x1024.jpg 683w, https:\/\/vindr.eu\/wp-content\/uploads\/2023\/12\/Marko_local-communities-768x1152.jpg 768w, https:\/\/vindr.eu\/wp-content\/uploads\/2023\/12\/Marko_local-communities-1024x1536.jpg 1024w, https:\/\/vindr.eu\/wp-content\/uploads\/2023\/12\/Marko_local-communities-251x376.jpg 251w\" sizes=\"auto, (max-width: 1365px) 100vw, 1365px\" \/>\t\t\t<\/figure>\n\t\t<\/div>\n\t\t<div class=\"text-media__content use-copy-text-styles\">\n\t\t\t\t\t\t\t<h1 class=\"title\">Marko Viiding<\/h1>\n\t\t\t\t\t\t<p>Marko Viiding \u2013 den drivande kraften bakom <strong>Vindrs snabbt utvecklade energiprojekt p\u00e5 Baltikummarknaden.<\/strong> Som en vision\u00e4r ledare \u00e4r Marko dedikerad till att m\u00f6ta det omedelbara behovet av \u00f6kad lokal elproduktion. I ljuset av det kritiska behovet av att ers\u00e4tta import av fossil energi i Baltikumregionen fokuserar han p\u00e5 snabba och h\u00e5llbara l\u00f6sningar som str\u00e4cker sig bortom enbart ren energi och skapar omedelbara och varaktiga positiva merv\u00e4rden i de regioner vi verkar i.<\/p>\n<p>Markos ledarskap i Baltikum blir \u00e4nnu viktigare n\u00e4r regionen st\u00e5r inf\u00f6r ett br\u00e5dskande behov av att st\u00e4rka energis\u00e4kerheten och minska beroendet av import av fossila br\u00e4nslen. Genom att aktivt samarbeta med lokala partners f\u00f6r att p\u00e5skynda skapandet av arbetstillf\u00e4llen och ekonomiska m\u00f6jligheter leder han Vindr till framkanten av det lokala energilandskapet. Marko vill att Vindr ska vara en integrerad del av varje lokalsamh\u00e4lle och skapa m\u00f6jligheter och positiva merv\u00e4rden i de kommuner vi verkar i.<\/p>\n<p>I k\u00e4rnan av Markos vision f\u00f6r Baltikum ligger tron p\u00e5 att f\u00f6rnybar energi \u00e4r en nyckell\u00f6sning f\u00f6r regionens energis\u00e4kerhetsbekymmer. Han ser ett samh\u00e4lle framf\u00f6r sig d\u00e4r inv\u00e5narna ges m\u00f6jlighet att aktivt delta i och dra nytta av de positiva merv\u00e4rden som skapas av v\u00e5ra f\u00f6rnybara energikraftverk och snabbt m\u00f6ta det br\u00e5dskande behovet av lokalt producerad el.<\/p>\n\t\t\t<a href=\"https:\/\/vindr.eu\/sv\/om-vindr\/grundare\/\" id=\"\" class=\"stm-button--has-title stm-button stm-button--type-default\"  target=\"_self\" title=\"\"> <span class=\"text\">Grundare<\/span>  <\/a>\t\t<\/div>\n\t<\/div>\n<\/section>\n\n\n\n<section id=\"acf-text-media-block_04ab5b2571e51eae473a1e210d2667b3\"class=\"block-section text-media image-align-left show-top-bar-theme-dark wp-block-acf-text-media has-background has-light-yellow-background-color\">\n\t<div class=\"block-section-wrapper element-width--wide\">\n\t\t<div class=\"text-media__image\">\n\t\t\t<figure class=\"text-media__image-inner\">\n\t\t\t\t<img loading=\"lazy\" decoding=\"async\" width=\"1638\" height=\"2048\" src=\"https:\/\/vindr.eu\/wp-content\/uploads\/2023\/11\/Jan-Olav-Oderud-portrait-scaled.jpg\" class=\"attachment-full size-full\" alt=\"\" srcset=\"https:\/\/vindr.eu\/wp-content\/uploads\/2023\/11\/Jan-Olav-Oderud-portrait-scaled.jpg 1638w, https:\/\/vindr.eu\/wp-content\/uploads\/2023\/11\/Jan-Olav-Oderud-portrait-240x300.jpg 240w, https:\/\/vindr.eu\/wp-content\/uploads\/2023\/11\/Jan-Olav-Oderud-portrait-768x960.jpg 768w, https:\/\/vindr.eu\/wp-content\/uploads\/2023\/11\/Jan-Olav-Oderud-portrait-819x1024.jpg 819w, https:\/\/vindr.eu\/wp-content\/uploads\/2023\/11\/Jan-Olav-Oderud-portrait-1229x1536.jpg 1229w, https:\/\/vindr.eu\/wp-content\/uploads\/2023\/11\/Jan-Olav-Oderud-portrait-301x376.jpg 301w, https:\/\/vindr.eu\/wp-content\/uploads\/2023\/11\/Jan-Olav-Oderud-portrait-640x800.jpg 640w, https:\/\/vindr.eu\/wp-content\/uploads\/2023\/11\/Jan-Olav-Oderud-portrait-1152x1440.jpg 1152w\" sizes=\"auto, (max-width: 1638px) 100vw, 1638px\" \/>\t\t\t<\/figure>\n\t\t<\/div>\n\t\t<div class=\"text-media__content use-copy-text-styles\">\n\t\t\t\t\t\t\t<h1 class=\"title\">Jan-Olav \u00d8derud<\/h1>\n\t\t\t\t\t\t<p>Jan-Olav \u00d8derud leder innovativa energil\u00f6sningar p\u00e5 den norska marknaden. Jan-Olav \u00e4r engagerad i att m\u00f6ta den <strong>v\u00e4xande efterfr\u00e5gan p\u00e5 elproduktion n\u00e4ra anv\u00e4ndaren.<\/strong> I Norge fokuserar han p\u00e5 banbrytande h\u00e5llbara l\u00f6sningar som inte bara s\u00e4nker energipriserna utan ocks\u00e5 m\u00f6jligg\u00f6r lokal utveckling.<\/p>\n<p>Med ett skarpt \u00f6ga p\u00e5 milj\u00f6p\u00e5verkan \u00e4r Jan-Olav dedikerad till att producera el p\u00e5 odlad mark, vilket s\u00e4kerst\u00e4ller ett l\u00e5gt milj\u00f6avtryck samtidigt som man adresserar de omedelbara energibehoven i de regioner vi verkar i. Jan-Olavs ledarskap i Norge intar huvudscenen n\u00e4r nationen str\u00e4var efter att optimera elproduktionen i n\u00e4rheten av efterfr\u00e5gan och anv\u00e4ndningen, vilket s\u00e4nker priserna och fr\u00e4mjar lokal utveckling.<\/p>\n<p>I k\u00e4rnan av Jan-Olavs vision f\u00f6r Norge ligger tron p\u00e5 att elproduktion b\u00f6r vara b\u00e5de effektiv och milj\u00f6medveten. Han ser ett samh\u00e4lle framf\u00f6r sig d\u00e4r lokala inv\u00e5nare ges m\u00f6jlighet att dra nytta av prisv\u00e4rd energi med l\u00e5g milj\u00f6p\u00e5verkan, genom att utnyttja potentialen som ligger i odlad mark.<\/p>\n\t\t\t<a href=\"https:\/\/vindr.eu\/sv\/om-vindr\/grundare\/\" id=\"\" class=\"stm-button--has-title stm-button stm-button--type-default\"  target=\"_self\" title=\"\"> <span class=\"text\">Grundare<\/span>  <\/a>\t\t<\/div>\n\t<\/div>\n<\/section>\n","protected":false},"excerpt":{"rendered":"","protected":false},"author":1,"featured_media":0,"parent":870,"menu_order":1,"comment_status":"closed","ping_status":"closed","template":"","meta":{"_acf_changed":false,"inline_featured_image":false,"footnotes":""},"class_list":["post-878","page","type-page","status-publish","hentry"],"acf":[],"_links":{"self":[{"href":"https:\/\/vindr.eu\/sv\/wp-json\/wp\/v2\/pages\/878","targetHints":{"allow":["GET"]}}],"collection":[{"href":"https:\/\/vindr.eu\/sv\/wp-json\/wp\/v2\/pages"}],"about":[{"href":"https:\/\/vindr.eu\/sv\/wp-json\/wp\/v2\/types\/page"}],"author":[{"embeddable":true,"href":"https:\/\/vindr.eu\/sv\/wp-json\/wp\/v2\/users\/1"}],"replies":[{"embeddable":true,"href":"https:\/\/vindr.eu\/sv\/wp-json\/wp\/v2\/comments?post=878"}],"version-history":[{"count":0,"href":"https:\/\/vindr.eu\/sv\/wp-json\/wp\/v2\/pages\/878\/revisions"}],"up":[{"embeddable":true,"href":"https:\/\/vindr.eu\/sv\/wp-json\/wp\/v2\/pages\/870"}],"wp:attachment":[{"href":"https:\/\/vindr.eu\/sv\/wp-json\/wp\/v2\/media?parent=878"}],"curies":[{"name":"wp","href":"https:\/\/api.w.org\/{rel}","templated":true}]}}