{"id":874,"date":"2023-10-24T17:13:51","date_gmt":"2023-10-24T17:13:51","guid":{"rendered":"https:\/\/vindr.wpenginepowered.com\/how-we-work\/technology\/"},"modified":"2026-03-30T07:50:33","modified_gmt":"2026-03-30T07:50:33","slug":"teknik","status":"publish","type":"page","link":"https:\/\/vindr.eu\/sv\/hur-vi-arbetar\/teknik\/","title":{"rendered":"Teknik"},"content":{"rendered":"\n<section id=\"acf-hero-subpage-block_2239550a728e67f3ed7658ac3806b759\"class=\"block-section hero-subpage has-background waiting-to-animate show-top-bar-theme-light-dark wp-block-acf-hero-subpage\">\n\t<figure class=\"hero-subpage__bg\">\n\t\t<img loading=\"lazy\" decoding=\"async\" width=\"2048\" height=\"1151\" src=\"https:\/\/vindr.eu\/wp-content\/uploads\/2023\/11\/Energy-storage-website-scaled.jpg\" class=\"attachment-full size-full\" alt=\"\" sizes=\"auto, (max-width: 999px) 100vw, 60vw\" srcset=\"https:\/\/vindr.eu\/wp-content\/uploads\/2023\/11\/Energy-storage-website-scaled.jpg 2048w, https:\/\/vindr.eu\/wp-content\/uploads\/2023\/11\/Energy-storage-website-300x169.jpg 300w, https:\/\/vindr.eu\/wp-content\/uploads\/2023\/11\/Energy-storage-website-1024x575.jpg 1024w, https:\/\/vindr.eu\/wp-content\/uploads\/2023\/11\/Energy-storage-website-768x432.jpg 768w, https:\/\/vindr.eu\/wp-content\/uploads\/2023\/11\/Energy-storage-website-1536x863.jpg 1536w, https:\/\/vindr.eu\/wp-content\/uploads\/2023\/11\/Energy-storage-website-502x282.jpg 502w, https:\/\/vindr.eu\/wp-content\/uploads\/2023\/11\/Energy-storage-website-1424x800.jpg 1424w\" \/>\t<\/figure>\n\t<div class=\"block-section-wrapper element-width--full\">\n\t\t<div class=\"hero-subpage__content\">\n\t\t\t\t\t\t\t<h1 class=\"hero-subpage__title heading-size-large\">Teknik<\/h1>\n\t\t\t\t\t\t\t\t\t\t<div class=\"text-size-medium\">\n\t\t\t\t\t<p>P\u00e5 Vindr anv\u00e4nder vi avancerad teknik f\u00f6r att skapa optimala projekt f\u00f6r lokalsamh\u00e4llen, fr\u00e4mja m\u00f6jligheter f\u00f6r lokala industrier och prioritera en s\u00e5 l\u00e5g milj\u00f6p\u00e5verkan som m\u00f6jligt.<\/p>\n\t\t\t\t<\/div>\n\t\t\t\t\t<\/div>\n\t<\/div>\n<\/section>\n\n\n\n<section id=\"acf-text-column-single-block_cf2c20c6c4eb7b840cc7398765c77ed6\"class=\"block-section text-column-single text-based-block show-top-bar-theme-dark wp-block-acf-text-column-single\">\n\t<div class=\"block-section-wrapper element-width--wide\">\n\t\t<div class=\"text-column-single__content use-copy-text-styles\">\n\t\t\t\t\t\t\t<h1 class=\"heading-size-normal\">Ledande inom anv\u00e4ndning av avancerad teknik<\/h1>\n\t\t\t\t\t\t<p><strong>Innovation som fr\u00e4mjar samh\u00e4lls- och milj\u00f6f\u00f6rb\u00e4ttring.<\/strong><\/p>\n<p>Vi \u00e4r stolta \u00f6ver att vara ledande n\u00e4r det kommer till tekniska framsteg inom den f\u00f6rnybara energibranschen. V\u00e5rt team av experter anv\u00e4nder toppmodern teknik f\u00f6r att s\u00e4kerst\u00e4lla att v\u00e5ra projekt inte bara \u00e4r h\u00e5llbara utan ocks\u00e5 h\u00f6geffektiva.<\/p>\n<p>Vi tror p\u00e5 investeringar i ett tidigt skede f\u00f6r att \u00f6ka konkurrenskraften, vilket gynnar b\u00e5de milj\u00f6n och de samh\u00e4llen vi verkar i. Detta proaktiva tillv\u00e4gag\u00e5ngss\u00e4tt s\u00e4kerst\u00e4ller att v\u00e5ra projekt inte bara \u00e4r banbrytande utan ocks\u00e5 skr\u00e4ddarsydda efter samh\u00e4llens specifika behov.<\/p>\n<p>Vi kombinerar data och IT-verktyg f\u00f6r att s\u00e4kerst\u00e4lla att vi skapar projekt som verkligen gynnar lokalsamh\u00e4llet. Genom att anv\u00e4nda all tillg\u00e4nglig data om v\u00e5ra milj\u00f6er och genom noggrann planering i ett tidigt skede, designar vi projekt som \u00e4r anpassade efter de \u00f6nskem\u00e5l och krav som lokalsamh\u00e4llenas inv\u00e5nare har.<\/p>\n<p>Vi f\u00f6rst\u00e5r vikten av att minimera v\u00e5rt ekologiska fotavtryck. V\u00e5rt teknikdrivna tillv\u00e4gag\u00e5ngss\u00e4tt \u00e4r noggrant utformat f\u00f6r att optimera f\u00f6r l\u00e4gsta m\u00f6jliga milj\u00f6p\u00e5verkan.<\/p>\n<p>Vi har utvecklat v\u00e5r egen mjukvara och algoritmer f\u00f6r att kunna ber\u00e4kna b\u00e4sta m\u00f6jliga prestanda f\u00f6r v\u00e5ra projekt.<\/p>\n\t\t<\/div>\n\t<\/div>\n<\/section>\n\n\n\n<section id=\"acf-quote-block_6eaae50bea5e1aeda242d991e60d0608\"class=\"block-section quote has-plyr-video-player show-top-bar-theme-dark wp-block-acf-quote\">\n\t<div class=\"block-section-wrapper element-width--content\">\n\t\t<div class=\"blockquotes-wrapper\">\n\t\t\t\t\t\t\t<blockquote id=\"swiper-block_6eaae50bea5e1aeda242d991e60d0608-quote-0\" class=\"active\">\n\t\t\t\t\t<p class=\"text-size-large\">P\u00e5 Vindr \u00e4r vi oerh\u00f6rt dedikerade till att utnyttja banbrytande teknik f\u00f6r att skapa positiva merv\u00e4rden i de samh\u00e4llen vi verkar i. V\u00e5ra betydande investeringar i teknikutveckling understryker v\u00e5rt engagemang f\u00f6r innovation och h\u00e5llbarhet. Vi str\u00e4var efter att leverera de mest avancerade och effektiva l\u00f6sningarna f\u00f6r f\u00f6rnybara energiprojekt.<\/p>\n\t\t\t\t\t\t\t\t\t\t\t<cite>\n\t\t\t\t\t\t\t\t\t\t\t\t\t\tEspen Oldeman Lund, CTO\t\t\t\t\t\t\t\t\t\t\t\t\t<\/cite>\n\t\t\t\t\t\t\t\t\t<\/blockquote>\n\t\t\t\t\t\t\t<blockquote id=\"swiper-block_6eaae50bea5e1aeda242d991e60d0608-quote-1\" class=\"\">\n\t\t\t\t\t<p class=\"text-size-large\">Det \u00e4r inspirerande att arbeta i ett f\u00f6retag som \u00e4r villigt att investera i sin egen tekniska utveckling f\u00f6r att kunna ta fram v\u00e4l f\u00f6rberedda projekt i ett tidigt skede. Detta \u00e4r n\u00e5got som verkligen skiljer Vindr fr\u00e5n andra. Efter att ha arbetat inom branschen under l\u00e5ng tid, kan jag s\u00e4ga att jag aldrig sett ett f\u00f6retag ta detta \u00e5tagande s\u00e5 seri\u00f6st.<\/p>\n\t\t\t\t\t\t\t\t\t\t\t<cite>\n\t\t\t\t\t\t\t\t\t\t\t\t\t\tMartin de Mar\u00e9, Wind Analyst\t\t\t\t\t\t\t\t\t\t\t\t\t<\/cite>\n\t\t\t\t\t\t\t\t\t<\/blockquote>\n\t\t\t\t\t<\/div>\n\t\t<div id=\"swiper-block_6eaae50bea5e1aeda242d991e60d0608\" class=\"quote-media-wrapper swiper-container\">\n\t\t\t<div class=\"swiper-wrapper\">\n\t\t\t\t\t\t\t\t\t<div data-target-quote-id=\"swiper-block_6eaae50bea5e1aeda242d991e60d0608-quote-0\" class=\"quote-media swiper-slide swiper-slide-active\">\n\t\t\t\t\t\t\t\t\t\t\t\t\t<img loading=\"lazy\" decoding=\"async\" width=\"1638\" height=\"2048\" src=\"https:\/\/vindr.eu\/wp-content\/uploads\/2023\/11\/Espen-Oldeman-Lund-portrait-scaled.jpg\" class=\"attachment-full size-full\" alt=\"\" srcset=\"https:\/\/vindr.eu\/wp-content\/uploads\/2023\/11\/Espen-Oldeman-Lund-portrait-scaled.jpg 1638w, https:\/\/vindr.eu\/wp-content\/uploads\/2023\/11\/Espen-Oldeman-Lund-portrait-240x300.jpg 240w, https:\/\/vindr.eu\/wp-content\/uploads\/2023\/11\/Espen-Oldeman-Lund-portrait-768x960.jpg 768w, https:\/\/vindr.eu\/wp-content\/uploads\/2023\/11\/Espen-Oldeman-Lund-portrait-819x1024.jpg 819w, https:\/\/vindr.eu\/wp-content\/uploads\/2023\/11\/Espen-Oldeman-Lund-portrait-1229x1536.jpg 1229w, https:\/\/vindr.eu\/wp-content\/uploads\/2023\/11\/Espen-Oldeman-Lund-portrait-301x376.jpg 301w, https:\/\/vindr.eu\/wp-content\/uploads\/2023\/11\/Espen-Oldeman-Lund-portrait-640x800.jpg 640w, https:\/\/vindr.eu\/wp-content\/uploads\/2023\/11\/Espen-Oldeman-Lund-portrait-1152x1440.jpg 1152w\" sizes=\"auto, (max-width: 1638px) 100vw, 1638px\" \/>\t\t\t\t\t\t\t\t\t\t\t<\/div>\n\t\t\t\t\t\t\t\t\t<div data-target-quote-id=\"swiper-block_6eaae50bea5e1aeda242d991e60d0608-quote-1\" class=\"quote-media swiper-slide \">\n\t\t\t\t\t\t\t\t\t\t\t\t\t<img loading=\"lazy\" decoding=\"async\" width=\"1333\" height=\"2000\" src=\"https:\/\/vindr.eu\/wp-content\/uploads\/2023\/12\/Martin-figure-2.jpg\" class=\"attachment-full size-full\" alt=\"\" srcset=\"https:\/\/vindr.eu\/wp-content\/uploads\/2023\/12\/Martin-figure-2.jpg 1333w, https:\/\/vindr.eu\/wp-content\/uploads\/2023\/12\/Martin-figure-2-200x300.jpg 200w, https:\/\/vindr.eu\/wp-content\/uploads\/2023\/12\/Martin-figure-2-682x1024.jpg 682w, https:\/\/vindr.eu\/wp-content\/uploads\/2023\/12\/Martin-figure-2-768x1152.jpg 768w, https:\/\/vindr.eu\/wp-content\/uploads\/2023\/12\/Martin-figure-2-1024x1536.jpg 1024w, https:\/\/vindr.eu\/wp-content\/uploads\/2023\/12\/Martin-figure-2-251x376.jpg 251w\" sizes=\"auto, (max-width: 1333px) 100vw, 1333px\" \/>\t\t\t\t\t\t\t\t\t\t\t<\/div>\n\t\t\t\t\t\t\t<\/div>\n\n\t\t\t\t\t\t\t<div class=\"swiper-pagination\"><\/div>\n\t\t\t\t<div class=\"swiper-button-prev\"><\/div>\n\t\t\t\t<div class=\"swiper-button-next\"><\/div>\n\t\t\t\t\t<\/div>\n\t<\/div>\n<\/section>\n\n\n\n<section id=\"acf-text-media-block_7d559684012c4fe5cc85cbb8c75808bb\"class=\"block-section text-media image-align-left show-top-bar-theme-dark wp-block-acf-text-media\">\n\t<div class=\"block-section-wrapper element-width--wide\">\n\t\t<div class=\"text-media__image\">\n\t\t\t<figure class=\"text-media__image-inner\">\n\t\t\t\t<img loading=\"lazy\" decoding=\"async\" width=\"1638\" height=\"2048\" src=\"https:\/\/vindr.eu\/wp-content\/uploads\/2023\/11\/nubelson-fernandes-UcYBL5V0xWQ-unsplash-scaled.jpg\" class=\"attachment-full size-full\" alt=\"\" srcset=\"https:\/\/vindr.eu\/wp-content\/uploads\/2023\/11\/nubelson-fernandes-UcYBL5V0xWQ-unsplash-scaled.jpg 1638w, https:\/\/vindr.eu\/wp-content\/uploads\/2023\/11\/nubelson-fernandes-UcYBL5V0xWQ-unsplash-240x300.jpg 240w, https:\/\/vindr.eu\/wp-content\/uploads\/2023\/11\/nubelson-fernandes-UcYBL5V0xWQ-unsplash-819x1024.jpg 819w, https:\/\/vindr.eu\/wp-content\/uploads\/2023\/11\/nubelson-fernandes-UcYBL5V0xWQ-unsplash-768x960.jpg 768w, https:\/\/vindr.eu\/wp-content\/uploads\/2023\/11\/nubelson-fernandes-UcYBL5V0xWQ-unsplash-1229x1536.jpg 1229w, https:\/\/vindr.eu\/wp-content\/uploads\/2023\/11\/nubelson-fernandes-UcYBL5V0xWQ-unsplash-301x376.jpg 301w\" sizes=\"auto, (max-width: 1638px) 100vw, 1638px\" \/>\t\t\t<\/figure>\n\t\t<\/div>\n\t\t<div class=\"text-media__content use-copy-text-styles\">\n\t\t\t\t\t\t\t<h1 class=\"title\">V\u00e5r egen mjukvara<\/h1>\n\t\t\t\t\t\t<p>Vi har utvecklat v\u00e5r egen mjukvara och algoritmer f\u00f6r att kunna ber\u00e4kna b\u00e4sta m\u00f6jliga prestanda f\u00f6r v\u00e5ra projekt.<\/p>\n<p>Vi anv\u00e4nder dessutom ledande mjukvara f\u00f6r att optimera v\u00e5ra projekt:<\/p>\n<ul>\n<li>Nocode<\/li>\n<li>Windsim<\/li>\n<li>API\/Webhook\/Flows<\/li>\n<li>Site Planner<\/li>\n<li>Screening<\/li>\n<li>GIS<\/li>\n<li>Postgres<\/li>\n<li>Azure<\/li>\n<\/ul>\n\t\t\t\t\t<\/div>\n\t<\/div>\n<\/section>\n\n\n\n<section id=\"acf-banner-block_f4ac3a87a831288946b452b641259d7f\"class=\"block-section banner has-background background-only show-top-bar-theme-light wp-block-acf-banner\" data-scroll-container>\n\t\t\t<figure class=\"banner__bg\">\n\t\t\t<img loading=\"lazy\" decoding=\"async\" width=\"2048\" height=\"1176\" src=\"https:\/\/vindr.eu\/wp-content\/uploads\/2023\/11\/Tecnology-header-website-scaled.jpg\" class=\"attachment-full size-full\" alt=\"\" srcset=\"https:\/\/vindr.eu\/wp-content\/uploads\/2023\/11\/Tecnology-header-website-scaled.jpg 2048w, https:\/\/vindr.eu\/wp-content\/uploads\/2023\/11\/Tecnology-header-website-300x172.jpg 300w, https:\/\/vindr.eu\/wp-content\/uploads\/2023\/11\/Tecnology-header-website-768x441.jpg 768w, https:\/\/vindr.eu\/wp-content\/uploads\/2023\/11\/Tecnology-header-website-1024x588.jpg 1024w, https:\/\/vindr.eu\/wp-content\/uploads\/2023\/11\/Tecnology-header-website-1536x882.jpg 1536w, https:\/\/vindr.eu\/wp-content\/uploads\/2023\/11\/Tecnology-header-website-502x288.jpg 502w, https:\/\/vindr.eu\/wp-content\/uploads\/2023\/11\/Tecnology-header-website-1393x800.jpg 1393w\" sizes=\"auto, (max-width: 2048px) 100vw, 2048px\" \/>\t\t<\/figure>\n\t\t<div class=\"block-section-wrapper element-width--content\" data-scroll data-scroll-call=\"vindrOnBannerScroll\">\n\t\t<div class=\"banner__content\">\n\t\t\t\t\t\t\t\t\t\t\t\t\t\t<\/div>\n\t<\/div>\n<\/section>\n\n\n\n<section id=\"acf-banner-block_ab9977360fc65b428e05d9aa2eb027a1\"class=\"block-section banner has-background has-title show-top-bar-theme-light wp-block-acf-banner\" data-scroll-container>\n\t\t\t<figure class=\"banner__bg\">\n\t\t\t<img loading=\"lazy\" decoding=\"async\" width=\"2048\" height=\"1365\" src=\"https:\/\/vindr.eu\/wp-content\/uploads\/2023\/11\/jason-blackeye-nyL-rzwP-Mk-unsplash-1-scaled.jpg\" class=\"attachment-full size-full\" alt=\"\" srcset=\"https:\/\/vindr.eu\/wp-content\/uploads\/2023\/11\/jason-blackeye-nyL-rzwP-Mk-unsplash-1-scaled.jpg 2048w, https:\/\/vindr.eu\/wp-content\/uploads\/2023\/11\/jason-blackeye-nyL-rzwP-Mk-unsplash-1-300x200.jpg 300w, https:\/\/vindr.eu\/wp-content\/uploads\/2023\/11\/jason-blackeye-nyL-rzwP-Mk-unsplash-1-768x512.jpg 768w, https:\/\/vindr.eu\/wp-content\/uploads\/2023\/11\/jason-blackeye-nyL-rzwP-Mk-unsplash-1-1024x683.jpg 1024w, https:\/\/vindr.eu\/wp-content\/uploads\/2023\/11\/jason-blackeye-nyL-rzwP-Mk-unsplash-1-1536x1024.jpg 1536w, https:\/\/vindr.eu\/wp-content\/uploads\/2023\/11\/jason-blackeye-nyL-rzwP-Mk-unsplash-1-502x335.jpg 502w, https:\/\/vindr.eu\/wp-content\/uploads\/2023\/11\/jason-blackeye-nyL-rzwP-Mk-unsplash-1-1200x800.jpg 1200w\" sizes=\"auto, (max-width: 2048px) 100vw, 2048px\" \/>\t\t<\/figure>\n\t\t<div class=\"block-section-wrapper element-width--content\" data-scroll data-scroll-call=\"vindrOnBannerScroll\">\n\t\t<div class=\"banner__content\">\n\t\t\t\t\t\t\t<h2 class=\"heading-size-large\">Tveka inte att kontakta oss!<\/h2>\n\t\t\t\t<div class=\"text-size-medium\">\n\t\t\t\t\t\t\t\t\t\t\t\t\t<\/div>\n\t\t\t\t\t\t<a href=\"https:\/\/vindr.eu\/sv\/kontakt\/\" id=\"\" class=\"stm-button--has-title stm-button stm-button--type-default stm-button-light\"  target=\"_self\" title=\"\"> <span class=\"text\">Kontakta oss<\/span>  <\/a>\t\t<\/div>\n\t<\/div>\n<\/section>\n","protected":false},"excerpt":{"rendered":"","protected":false},"author":1,"featured_media":0,"parent":870,"menu_order":0,"comment_status":"closed","ping_status":"closed","template":"","meta":{"_acf_changed":false,"inline_featured_image":false,"footnotes":""},"class_list":["post-874","page","type-page","status-publish","hentry"],"acf":[],"_links":{"self":[{"href":"https:\/\/vindr.eu\/sv\/wp-json\/wp\/v2\/pages\/874","targetHints":{"allow":["GET"]}}],"collection":[{"href":"https:\/\/vindr.eu\/sv\/wp-json\/wp\/v2\/pages"}],"about":[{"href":"https:\/\/vindr.eu\/sv\/wp-json\/wp\/v2\/types\/page"}],"author":[{"embeddable":true,"href":"https:\/\/vindr.eu\/sv\/wp-json\/wp\/v2\/users\/1"}],"replies":[{"embeddable":true,"href":"https:\/\/vindr.eu\/sv\/wp-json\/wp\/v2\/comments?post=874"}],"version-history":[{"count":1,"href":"https:\/\/vindr.eu\/sv\/wp-json\/wp\/v2\/pages\/874\/revisions"}],"predecessor-version":[{"id":8173,"href":"https:\/\/vindr.eu\/sv\/wp-json\/wp\/v2\/pages\/874\/revisions\/8173"}],"up":[{"embeddable":true,"href":"https:\/\/vindr.eu\/sv\/wp-json\/wp\/v2\/pages\/870"}],"wp:attachment":[{"href":"https:\/\/vindr.eu\/sv\/wp-json\/wp\/v2\/media?parent=874"}],"curies":[{"name":"wp","href":"https:\/\/api.w.org\/{rel}","templated":true}]}}