{"id":870,"date":"2023-10-05T14:46:06","date_gmt":"2023-10-05T14:46:06","guid":{"rendered":"https:\/\/vindr.wpenginepowered.com\/how-we-work\/"},"modified":"2026-03-11T11:36:21","modified_gmt":"2026-03-11T11:36:21","slug":"hur-vi-arbetar","status":"publish","type":"page","link":"https:\/\/vindr.eu\/sv\/hur-vi-arbetar\/","title":{"rendered":"Hur vi arbetar"},"content":{"rendered":"\n<section id=\"acf-hero-subpage-block_3a1679a97892ed9464cb810bc0537955\"class=\"block-section hero-subpage has-background waiting-to-animate show-top-bar-theme-dark wp-block-acf-hero-subpage\">\n\t<figure class=\"hero-subpage__bg\">\n\t\t<img loading=\"lazy\" decoding=\"async\" width=\"2048\" height=\"1365\" src=\"https:\/\/vindr.eu\/wp-content\/uploads\/2023\/11\/How-we-work-header-1-scaled.jpg\" class=\"attachment-full size-full\" alt=\"\" sizes=\"auto, (max-width: 999px) 100vw, 60vw\" srcset=\"https:\/\/vindr.eu\/wp-content\/uploads\/2023\/11\/How-we-work-header-1-scaled.jpg 2048w, https:\/\/vindr.eu\/wp-content\/uploads\/2023\/11\/How-we-work-header-1-300x200.jpg 300w, https:\/\/vindr.eu\/wp-content\/uploads\/2023\/11\/How-we-work-header-1-768x512.jpg 768w, https:\/\/vindr.eu\/wp-content\/uploads\/2023\/11\/How-we-work-header-1-1024x683.jpg 1024w, https:\/\/vindr.eu\/wp-content\/uploads\/2023\/11\/How-we-work-header-1-1536x1024.jpg 1536w, https:\/\/vindr.eu\/wp-content\/uploads\/2023\/11\/How-we-work-header-1-502x335.jpg 502w, https:\/\/vindr.eu\/wp-content\/uploads\/2023\/11\/How-we-work-header-1-1200x800.jpg 1200w\" \/>\t<\/figure>\n\t<div class=\"block-section-wrapper element-width--full\">\n\t\t<div class=\"hero-subpage__content\">\n\t\t\t\t\t\t\t<h1 class=\"hero-subpage__title heading-size-large\">Hur vi arbetar<\/h1>\n\t\t\t\t\t\t\t\t\t\t<div class=\"text-size-medium\">\n\t\t\t\t\t<p>Hur vi arbetar definierar oss som f\u00f6retag. Vindr spelar en ledande roll i den gr\u00f6na omst\u00e4llningen genom att utveckla projekt som skapar positiva merv\u00e4rden f\u00f6r v\u00e5ra lokalsamh\u00e4llen och milj\u00f6n.<\/p>\n\t\t\t\t<\/div>\n\t\t\t\t\t<\/div>\n\t<\/div>\n<\/section>\n\n\n\n<section id=\"acf-text-media-block_1733da7fd93f8a236b29d1e569145d78\"class=\"block-section text-media image-align-left show-top-bar-theme-dark wp-block-acf-text-media has-background has-light-blue-background-color\">\n\t<div class=\"block-section-wrapper element-width--wide\">\n\t\t<div class=\"text-media__image\">\n\t\t\t<figure class=\"text-media__image-inner\">\n\t\t\t\t<img loading=\"lazy\" decoding=\"async\" width=\"2048\" height=\"1365\" src=\"https:\/\/vindr.eu\/wp-content\/uploads\/2024\/09\/Foto-Ingar-Sorensen-79-scaled.jpg\" class=\"attachment-full size-full\" alt=\"\" srcset=\"https:\/\/vindr.eu\/wp-content\/uploads\/2024\/09\/Foto-Ingar-Sorensen-79-scaled.jpg 2048w, https:\/\/vindr.eu\/wp-content\/uploads\/2024\/09\/Foto-Ingar-Sorensen-79-300x200.jpg 300w, https:\/\/vindr.eu\/wp-content\/uploads\/2024\/09\/Foto-Ingar-Sorensen-79-1024x683.jpg 1024w, https:\/\/vindr.eu\/wp-content\/uploads\/2024\/09\/Foto-Ingar-Sorensen-79-768x512.jpg 768w, https:\/\/vindr.eu\/wp-content\/uploads\/2024\/09\/Foto-Ingar-Sorensen-79-1536x1024.jpg 1536w, https:\/\/vindr.eu\/wp-content\/uploads\/2024\/09\/Foto-Ingar-Sorensen-79-502x335.jpg 502w\" sizes=\"auto, (max-width: 2048px) 100vw, 2048px\" \/>\t\t\t<\/figure>\n\t\t<\/div>\n\t\t<div class=\"text-media__content use-copy-text-styles\">\n\t\t\t\t\t\t\t<h1 class=\"title\">Ambiti\u00f6sa<\/h1>\n\t\t\t\t\t\t<p>Vi \u00e4r ambiti\u00f6sa n\u00e4r det g\u00e4ller att skapa en position som en ledande och snabbt v\u00e4xande producent av f\u00f6rnybar el, och vi \u00e4r dedikerade att skapa positiva merv\u00e4rden i varje steg av v\u00e5r process. F\u00f6r att uppn\u00e5 det investerar vi storskaligt i teknisk innovation och h\u00e5llbar utveckling. Vi har ett ambiti\u00f6st och erfaret team med en gedigen meritlista inom teknik- och f\u00f6rnybara energibranschen.<\/p>\n\t\t\t<a href=\"https:\/\/vindr.eu\/sv\/hur-vi-arbetar\/teknik\/\" id=\"\" class=\"stm-button--has-title stm-button stm-button--type-default\"  target=\"_self\" title=\"\"> <span class=\"text\">Teknik<\/span>  <\/a>\t\t<\/div>\n\t<\/div>\n<\/section>\n\n\n\n<section id=\"acf-banner-block_6d8d3803dd78f8d823e2e29d4c83fb64\"class=\"block-section banner has-background has-title show-top-bar-theme-light wp-block-acf-banner\" data-scroll-container>\n\t\t\t<figure class=\"banner__bg\">\n\t\t\t<img loading=\"lazy\" decoding=\"async\" width=\"2048\" height=\"1235\" src=\"https:\/\/vindr.eu\/wp-content\/uploads\/2023\/11\/lucas-marcomini-b9RmLocRgOw-unsplash-1-scaled.jpg\" class=\"attachment-full size-full\" alt=\"\" srcset=\"https:\/\/vindr.eu\/wp-content\/uploads\/2023\/11\/lucas-marcomini-b9RmLocRgOw-unsplash-1-scaled.jpg 2048w, https:\/\/vindr.eu\/wp-content\/uploads\/2023\/11\/lucas-marcomini-b9RmLocRgOw-unsplash-1-1024x617.jpg 1024w, https:\/\/vindr.eu\/wp-content\/uploads\/2023\/11\/lucas-marcomini-b9RmLocRgOw-unsplash-1-300x181.jpg 300w, https:\/\/vindr.eu\/wp-content\/uploads\/2023\/11\/lucas-marcomini-b9RmLocRgOw-unsplash-1-768x463.jpg 768w, https:\/\/vindr.eu\/wp-content\/uploads\/2023\/11\/lucas-marcomini-b9RmLocRgOw-unsplash-1-1536x926.jpg 1536w, https:\/\/vindr.eu\/wp-content\/uploads\/2023\/11\/lucas-marcomini-b9RmLocRgOw-unsplash-1-502x303.jpg 502w, https:\/\/vindr.eu\/wp-content\/uploads\/2023\/11\/lucas-marcomini-b9RmLocRgOw-unsplash-1-1327x800.jpg 1327w\" sizes=\"auto, (max-width: 2048px) 100vw, 2048px\" \/>\t\t<\/figure>\n\t\t<div class=\"block-section-wrapper element-width--content\" data-scroll data-scroll-call=\"vindrOnBannerScroll\">\n\t\t<div class=\"banner__content\">\n\t\t\t\t\t\t\t<h2 class=\"heading-size-large\">P\u00e5litliga<\/h2>\n\t\t\t\t<div class=\"text-size-medium\">\n\t\t\t\t\t\t<p>Vindr f\u00f6rst\u00e5r att v\u00e5r framg\u00e5ng som f\u00f6retag beror p\u00e5 v\u00e5r f\u00f6rm\u00e5ga att vara en p\u00e5litlig partner med ett \u00e5tagande f\u00f6r h\u00e5llbar elproduktion i harmoni med behoven hos lokalsamh\u00e4llen. V\u00e5rt arbetss\u00e4tt \u00e4r utvecklat f\u00f6r att s\u00e4kerst\u00e4lla att vi \u00e4r den b\u00e4sta partnern f\u00f6r v\u00e5ra samarbetspartners, de samh\u00e4llen vi verkar i och de offentliga akt\u00f6rer vi samarbetar med.<\/p>\n\t\t\t\t\t\t\t<\/div>\n\t\t\t\t\t\t<a href=\"https:\/\/vindr.eu\/sv\/hur-vi-arbetar\/lokalsamhallen\/\" id=\"\" class=\"stm-button--has-title stm-button stm-button--type-default stm-button-light\"  target=\"_self\" title=\"\"> <span class=\"text\">Lokalsamh\u00e4llen<\/span>  <\/a>\t\t<\/div>\n\t<\/div>\n<\/section>\n\n\n\n<section id=\"acf-featured-text-block_0cb2626d9d419bb876833d655d4b9afb\"class=\"block-section featured-text text-based-block show-top-bar-theme-dark wp-block-acf-featured-text\">\n\t<div class=\"block-section-wrapper element-width--content\">\n\t\t<div class=\"text\">\n\t\t\t<p>Vindr bygger en <strong>ledande position som producent av f\u00f6rnybar el i norra Europa<\/strong> genom att erbjuda avg\u00f6rande energis\u00e4kerhet med hj\u00e4lp av avancerad teknik och samtidigt skapa positiva merv\u00e4rden f\u00f6r lokalsamh\u00e4llen.<\/p>\n\t\t\t\t\t<\/div>\n\t<\/div>\n<\/section>\n\n\n\n<section id=\"acf-text-media-block_17a7b287f3a8dafeeb30a526acbe0620\"class=\"block-section text-media image-align-right show-top-bar-theme-dark wp-block-acf-text-media has-background has-light-blue-background-color\">\n\t<div class=\"block-section-wrapper element-width--wide\">\n\t\t<div class=\"text-media__image\">\n\t\t\t<figure class=\"text-media__image-inner\">\n\t\t\t\t<img loading=\"lazy\" decoding=\"async\" width=\"2048\" height=\"703\" src=\"https:\/\/vindr.eu\/wp-content\/uploads\/2024\/09\/Foto-Ingar-Sorensen-173-scaled.jpg\" class=\"attachment-full size-full\" alt=\"\" srcset=\"https:\/\/vindr.eu\/wp-content\/uploads\/2024\/09\/Foto-Ingar-Sorensen-173-scaled.jpg 2048w, https:\/\/vindr.eu\/wp-content\/uploads\/2024\/09\/Foto-Ingar-Sorensen-173-300x103.jpg 300w, https:\/\/vindr.eu\/wp-content\/uploads\/2024\/09\/Foto-Ingar-Sorensen-173-1024x352.jpg 1024w, https:\/\/vindr.eu\/wp-content\/uploads\/2024\/09\/Foto-Ingar-Sorensen-173-768x264.jpg 768w, https:\/\/vindr.eu\/wp-content\/uploads\/2024\/09\/Foto-Ingar-Sorensen-173-1536x528.jpg 1536w, https:\/\/vindr.eu\/wp-content\/uploads\/2024\/09\/Foto-Ingar-Sorensen-173-502x172.jpg 502w\" sizes=\"auto, (max-width: 2048px) 100vw, 2048px\" \/>\t\t\t<\/figure>\n\t\t<\/div>\n\t\t<div class=\"text-media__content use-copy-text-styles\">\n\t\t\t\t\t\t\t<h1 class=\"title\">Kvicka<\/h1>\n\t\t\t\t\t\t<p>F\u00f6r att st\u00e4rka v\u00e5r position inom f\u00f6rnybar energi i regionen str\u00e4var vi efter att vara kvicka och beh\u00e5lla v\u00e5r anpassningsf\u00f6rm\u00e5ga n\u00e4r vi v\u00e4xer. Infravias partnerskap med Vindr kombinerar det dynamiska och erfarna teamet fr\u00e5n den f\u00f6rnybara energibranschen med en robust infrastrukturinvesterare, vilket m\u00f6jligg\u00f6r en snabb tillv\u00e4xtresa.<\/p>\n\t\t\t<a href=\"https:\/\/vindr.eu\/sv\/om-vindr\/agare\/\" id=\"\" class=\"stm-button--has-title stm-button stm-button--type-default\"  target=\"_self\" title=\"\"> <span class=\"text\">\u00c4gare<\/span>  <\/a>\t\t<\/div>\n\t<\/div>\n<\/section>\n\n\n\n<section id=\"acf-banner-block_75d2954fa31379ceb8215b0581dbcf69\"class=\"block-section banner has-background has-title show-top-bar-theme-light wp-block-acf-banner\" data-scroll-container>\n\t\t\t<figure class=\"banner__bg\">\n\t\t\t<img loading=\"lazy\" decoding=\"async\" width=\"2048\" height=\"1365\" src=\"https:\/\/vindr.eu\/wp-content\/uploads\/2023\/11\/raimond-klavins-oeLZecRfThc-unsplash-1-scaled.jpg\" class=\"attachment-full size-full\" alt=\"\" srcset=\"https:\/\/vindr.eu\/wp-content\/uploads\/2023\/11\/raimond-klavins-oeLZecRfThc-unsplash-1-scaled.jpg 2048w, https:\/\/vindr.eu\/wp-content\/uploads\/2023\/11\/raimond-klavins-oeLZecRfThc-unsplash-1-300x200.jpg 300w, https:\/\/vindr.eu\/wp-content\/uploads\/2023\/11\/raimond-klavins-oeLZecRfThc-unsplash-1-768x512.jpg 768w, https:\/\/vindr.eu\/wp-content\/uploads\/2023\/11\/raimond-klavins-oeLZecRfThc-unsplash-1-1024x683.jpg 1024w, https:\/\/vindr.eu\/wp-content\/uploads\/2023\/11\/raimond-klavins-oeLZecRfThc-unsplash-1-1536x1024.jpg 1536w, https:\/\/vindr.eu\/wp-content\/uploads\/2023\/11\/raimond-klavins-oeLZecRfThc-unsplash-1-502x335.jpg 502w, https:\/\/vindr.eu\/wp-content\/uploads\/2023\/11\/raimond-klavins-oeLZecRfThc-unsplash-1-1200x800.jpg 1200w\" sizes=\"auto, (max-width: 2048px) 100vw, 2048px\" \/>\t\t<\/figure>\n\t\t<div class=\"block-section-wrapper element-width--content\" data-scroll data-scroll-call=\"vindrOnBannerScroll\">\n\t\t<div class=\"banner__content\">\n\t\t\t\t\t\t\t<h2 class=\"heading-size-large\">H\u00e5llbara<\/h2>\n\t\t\t\t<div class=\"text-size-medium\">\n\t\t\t\t\t\t<p>F\u00f6r Vindr-teamet \u00e4r h\u00e5llbarhet k\u00e4rnan i vilka vi \u00e4r. Vi \u00e4r ansvariga f\u00f6r att s\u00e4kerst\u00e4lla att alla v\u00e5ra handlingar bidrar positivt till v\u00e5ra samh\u00e4llen och milj\u00f6n.<\/p>\n\t\t\t\t\t\t\t<\/div>\n\t\t\t\t\t\t<a href=\"https:\/\/vindr.eu\/sv\/hur-vi-arbetar\/esg\/\" id=\"\" class=\"stm-button--has-title stm-button stm-button--type-default stm-button-light\"  target=\"_self\" title=\"\"> <span class=\"text\">ESG<\/span>  <\/a>\t\t<\/div>\n\t<\/div>\n<\/section>\n","protected":false},"excerpt":{"rendered":"","protected":false},"author":1,"featured_media":0,"parent":0,"menu_order":3,"comment_status":"closed","ping_status":"closed","template":"","meta":{"_acf_changed":false,"inline_featured_image":false,"footnotes":""},"class_list":["post-870","page","type-page","status-publish","hentry"],"acf":[],"_links":{"self":[{"href":"https:\/\/vindr.eu\/sv\/wp-json\/wp\/v2\/pages\/870","targetHints":{"allow":["GET"]}}],"collection":[{"href":"https:\/\/vindr.eu\/sv\/wp-json\/wp\/v2\/pages"}],"about":[{"href":"https:\/\/vindr.eu\/sv\/wp-json\/wp\/v2\/types\/page"}],"author":[{"embeddable":true,"href":"https:\/\/vindr.eu\/sv\/wp-json\/wp\/v2\/users\/1"}],"replies":[{"embeddable":true,"href":"https:\/\/vindr.eu\/sv\/wp-json\/wp\/v2\/comments?post=870"}],"version-history":[{"count":1,"href":"https:\/\/vindr.eu\/sv\/wp-json\/wp\/v2\/pages\/870\/revisions"}],"predecessor-version":[{"id":8045,"href":"https:\/\/vindr.eu\/sv\/wp-json\/wp\/v2\/pages\/870\/revisions\/8045"}],"wp:attachment":[{"href":"https:\/\/vindr.eu\/sv\/wp-json\/wp\/v2\/media?parent=870"}],"curies":[{"name":"wp","href":"https:\/\/api.w.org\/{rel}","templated":true}]}}