{"id":4401,"date":"2024-08-30T10:16:48","date_gmt":"2024-08-30T10:16:48","guid":{"rendered":"https:\/\/vindr.eu\/?page_id=4401"},"modified":"2026-03-11T11:30:17","modified_gmt":"2026-03-11T11:30:17","slug":"vare-prosjekter","status":"publish","type":"page","link":"https:\/\/vindr.eu\/sv\/vare-prosjekter\/","title":{"rendered":"V\u00e5ra projekt"},"content":{"rendered":"\n<section id=\"acf-hero-block_754da2344c95df9f9730bb84d0997bf0\"class=\"block-section hero text-light has-background waiting-to-animate show-top-bar-theme-light wp-block-acf-hero\">\n\t<div id=\"hero__wrapper-fixed\">\n\t\t\t\t\t\t\t\t\t<figure class=\"hero__bg\">\n\t\t\t\t\t<img loading=\"lazy\" decoding=\"async\" width=\"2048\" height=\"1152\" src=\"https:\/\/vindr.eu\/wp-content\/uploads\/2025\/09\/iStock-1396266461-scaled-e1757922584545.jpg\" class=\"attachment-full size-full\" alt=\"\" srcset=\"https:\/\/vindr.eu\/wp-content\/uploads\/2025\/09\/iStock-1396266461-scaled-e1757922584545.jpg 2048w, https:\/\/vindr.eu\/wp-content\/uploads\/2025\/09\/iStock-1396266461-scaled-e1757922584545-300x169.jpg 300w, https:\/\/vindr.eu\/wp-content\/uploads\/2025\/09\/iStock-1396266461-scaled-e1757922584545-1024x576.jpg 1024w, https:\/\/vindr.eu\/wp-content\/uploads\/2025\/09\/iStock-1396266461-scaled-e1757922584545-768x432.jpg 768w, https:\/\/vindr.eu\/wp-content\/uploads\/2025\/09\/iStock-1396266461-scaled-e1757922584545-1536x864.jpg 1536w, https:\/\/vindr.eu\/wp-content\/uploads\/2025\/09\/iStock-1396266461-scaled-e1757922584545-502x282.jpg 502w\" sizes=\"auto, (max-width: 2048px) 100vw, 2048px\" \/>\t\t\t\t<\/figure>\n\t\t\t\t\t\t\t\t\t<div class=\"block-section-wrapper\">\n\t\t\t<div class=\"hero__text element-width--wide\">\n\t\t\t\t\t\t\t\t\t<h1 class=\"hero__title heading-size-large\">V\u00e5ra projekt\n<\/h1>\n\t\t\t\t\t\t\t\t\t\t\t<\/div>\n\t\t<\/div>\n\t\t<p class=\"scroll-indicator\"><span class=\"scroll-animation\"><\/span> Scroll<\/p>\n\t<\/div>\n<\/section>\n\n<div id=\"hero__spacer\"><\/div>\n\n\n<section id=\"acf-featured-text-block_24773e08c3401ef9dc6c1eb0a54e33a3\"class=\"block-section featured-text text-based-block show-top-bar-theme-dark wp-block-acf-featured-text\">\n\t<div class=\"block-section-wrapper element-width--content\">\n\t\t<div class=\"text\">\n\t\t\t<p>Vindr utvecklar sin position som en<strong> ledande producent av f\u00f6rnybar energi i Nordeuropa<\/strong> och bidrar till kritisk energis\u00e4kerhet med avancerad teknik.<\/p>\n<p>V\u00e5rt engagemang i hela v\u00e4rdekedjan, fr\u00e5n konstruktion och utveckling till f\u00e4rdigst\u00e4llande, \u00e5terspeglar en h\u00e5llbar strategi som fungerar i samarbete med v\u00e5ra lokala intressenter och fr\u00e4mjar en positiv inverkan p\u00e5 samh\u00e4llet.<\/p>\n<p>V\u00e5ra projekt \u00e4r n\u00e4ra anv\u00e4ndarna, vilket\u00a0<strong>minskar v\u00e5r milj\u00f6p\u00e5verkan\u00a0<\/strong>och bevarar naturen.<\/p>\n\t\t\t\t\t<\/div>\n\t<\/div>\n<\/section>\n\n\n\n<section id=\"acf-projects-featured-slider-block_42e555e8f717090507eba055194d02b9\"class=\"block-section projects-featured-slider projects-featured-slider show-top-bar-theme-dark wp-block-acf-projects-featured-slider\" data-pfs-id=\"pfs-block_42e555e8f717090507eba055194d02b9\">\n    <div class=\"block-section-wrapper element-width--content\">\n\n        <div class=\"pfs-swiper swiper\" id=\"pfs-block_42e555e8f717090507eba055194d02b9\">\n            <div class=\"swiper-wrapper\">\n                                    <div class=\"swiper-slide\">\n                        <article class=\"pfs-card\">\n                            <div class=\"image-wrapper\">\n                                <img loading=\"lazy\" decoding=\"async\" width=\"640\" height=\"360\" src=\"https:\/\/vindr.eu\/wp-content\/uploads\/2025\/11\/STILLBILDER.00_00_00_00.Still001-scaled.png\" class=\"attachment-project-slider size-project-slider\" alt=\"\" srcset=\"https:\/\/vindr.eu\/wp-content\/uploads\/2025\/11\/STILLBILDER.00_00_00_00.Still001-scaled.png 2560w, https:\/\/vindr.eu\/wp-content\/uploads\/2025\/11\/STILLBILDER.00_00_00_00.Still001-300x169.png 300w, https:\/\/vindr.eu\/wp-content\/uploads\/2025\/11\/STILLBILDER.00_00_00_00.Still001-1024x576.png 1024w, https:\/\/vindr.eu\/wp-content\/uploads\/2025\/11\/STILLBILDER.00_00_00_00.Still001-768x432.png 768w, https:\/\/vindr.eu\/wp-content\/uploads\/2025\/11\/STILLBILDER.00_00_00_00.Still001-1536x864.png 1536w, https:\/\/vindr.eu\/wp-content\/uploads\/2025\/11\/STILLBILDER.00_00_00_00.Still001-2048x1152.png 2048w, https:\/\/vindr.eu\/wp-content\/uploads\/2025\/11\/STILLBILDER.00_00_00_00.Still001-502x282.png 502w, https:\/\/vindr.eu\/wp-content\/uploads\/2025\/11\/STILLBILDER.00_00_00_00.Still001-1422x800.png 1422w\" sizes=\"auto, (max-width: 640px) 100vw, 640px\" \/>                            <\/div>\n\n                            <div class=\"content-wrapper\">\n                                                                    <h1 class=\"project-title\">Bj\u00f6rkvattnets vindkraftspark<\/h1>\n                                \n                                <dl>\n                                    \n                                                                            <div>\n                                            <dt>Placement<\/dt>\n                                            <dd>Ragunda kommun<\/dd>\n                                        <\/div>\n                                    \n                                                                            <div>\n                                            <dt>Produktion<\/dt>\n                                            <dd>Ca 490 GWh<\/dd>\n                                        <\/div>\n                                                                    <\/dl>\n\n                                <a href=\"https:\/\/vindr.eu\/sv\/?post_type=stm_project&#038;p=6815\" class=\"stm-button outlined white see-project-btn\">\n                                    See project                                <\/a>\n                            <\/div>\n                        <\/article>\n                    <\/div>\n                                    <div class=\"swiper-slide\">\n                        <article class=\"pfs-card\">\n                            <div class=\"image-wrapper\">\n                                <img loading=\"lazy\" decoding=\"async\" width=\"640\" height=\"427\" src=\"https:\/\/vindr.eu\/wp-content\/uploads\/2025\/02\/iStock-2179696270-scaled.jpg\" class=\"attachment-project-slider size-project-slider\" alt=\"\" srcset=\"https:\/\/vindr.eu\/wp-content\/uploads\/2025\/02\/iStock-2179696270-scaled.jpg 2048w, https:\/\/vindr.eu\/wp-content\/uploads\/2025\/02\/iStock-2179696270-300x200.jpg 300w, https:\/\/vindr.eu\/wp-content\/uploads\/2025\/02\/iStock-2179696270-1024x683.jpg 1024w, https:\/\/vindr.eu\/wp-content\/uploads\/2025\/02\/iStock-2179696270-768x512.jpg 768w, https:\/\/vindr.eu\/wp-content\/uploads\/2025\/02\/iStock-2179696270-1536x1024.jpg 1536w, https:\/\/vindr.eu\/wp-content\/uploads\/2025\/02\/iStock-2179696270-502x335.jpg 502w\" sizes=\"auto, (max-width: 640px) 100vw, 640px\" \/>                            <\/div>\n\n                            <div class=\"content-wrapper\">\n                                                                    <h1 class=\"project-title\">Rasslaberget<\/h1>\n                                \n                                <dl>\n                                                                            <div>\n                                            <dt>Status<\/dt>\n                                            <dd>Planering<\/dd>\n                                        <\/div>\n                                    \n                                                                            <div>\n                                            <dt>Placement<\/dt>\n                                            <dd>Ovan\u00e5kers kommun<\/dd>\n                                        <\/div>\n                                    \n                                                                            <div>\n                                            <dt>Produktion<\/dt>\n                                            <dd>Ca 370 GWh<\/dd>\n                                        <\/div>\n                                                                    <\/dl>\n\n                                <a href=\"https:\/\/vindr.eu\/sv\/rasslaberget\/\" class=\"stm-button outlined white see-project-btn\">\n                                    See project                                <\/a>\n                            <\/div>\n                        <\/article>\n                    <\/div>\n                                    <div class=\"swiper-slide\">\n                        <article class=\"pfs-card\">\n                            <div class=\"image-wrapper\">\n                                <img loading=\"lazy\" decoding=\"async\" width=\"640\" height=\"427\" src=\"https:\/\/vindr.eu\/wp-content\/uploads\/2025\/02\/iStock-2160839982-scaled-1-scaled.jpg\" class=\"attachment-project-slider size-project-slider\" alt=\"\" srcset=\"https:\/\/vindr.eu\/wp-content\/uploads\/2025\/02\/iStock-2160839982-scaled-1-scaled.jpg 2048w, https:\/\/vindr.eu\/wp-content\/uploads\/2025\/02\/iStock-2160839982-scaled-1-300x200.jpg 300w, https:\/\/vindr.eu\/wp-content\/uploads\/2025\/02\/iStock-2160839982-scaled-1-1024x683.jpg 1024w, https:\/\/vindr.eu\/wp-content\/uploads\/2025\/02\/iStock-2160839982-scaled-1-768x512.jpg 768w, https:\/\/vindr.eu\/wp-content\/uploads\/2025\/02\/iStock-2160839982-scaled-1-1536x1024.jpg 1536w, https:\/\/vindr.eu\/wp-content\/uploads\/2025\/02\/iStock-2160839982-scaled-1-502x335.jpg 502w\" sizes=\"auto, (max-width: 640px) 100vw, 640px\" \/>                            <\/div>\n\n                            <div class=\"content-wrapper\">\n                                                                    <h1 class=\"project-title\">Tev\u00e5sen<\/h1>\n                                \n                                <dl>\n                                                                            <div>\n                                            <dt>Status<\/dt>\n                                            <dd>Samr\u00e5d<\/dd>\n                                        <\/div>\n                                    \n                                                                            <div>\n                                            <dt>Placement<\/dt>\n                                            <dd>Ljusdals kommun<\/dd>\n                                        <\/div>\n                                    \n                                                                            <div>\n                                            <dt>Produktion<\/dt>\n                                            <dd>Ca 415 GWh<\/dd>\n                                        <\/div>\n                                                                    <\/dl>\n\n                                <a href=\"https:\/\/vindr.eu\/sv\/tevasen\/\" class=\"stm-button outlined white see-project-btn\">\n                                    See project                                <\/a>\n                            <\/div>\n                        <\/article>\n                    <\/div>\n                            <\/div>\n\n            <div class=\"pfs-controls\">\n                <div class=\"swiper-pagination pfs-fraction\"><\/div>\n                <div class=\"pfs-nav\">\n                    <button class=\"pfs-prev\" aria-label=\"Previous slide\">\n                        <svg width=\"22\" height=\"22\" viewBox=\"0 0 24 24\" fill=\"none\" aria-hidden=\"true\"><path d=\"M15 18l-6-6 6-6\" stroke=\"currentColor\" stroke-width=\"2\" stroke-linecap=\"round\" stroke-linejoin=\"round\"\/><\/svg>\n                    <\/button>\n                    <button class=\"pfs-next\" aria-label=\"Next slide\">\n                        <svg width=\"22\" height=\"22\" viewBox=\"0 0 24 24\" fill=\"none\" aria-hidden=\"true\"><path d=\"M9 6l6 6-6 6\" stroke=\"currentColor\" stroke-width=\"2\" stroke-linecap=\"round\" stroke-linejoin=\"round\"\/><\/svg>\n                    <\/button>\n                <\/div>\n            <\/div>\n        <\/div>\n    <\/div>\n\n\n<\/section>\n\n\n\n<section id=\"dc-post-grid-filterable-block_dcpg-69b15246b66b4\" class=\"block-section dc-post-grid-filterable dc-post-grid-base  dpg-stm_project   align-full \" data-aos=\"\">\n\t\n<div class=\"grid-container\">\n\t<div class=\"grid-x grid-margin-x\">\n\t\t<div class=\"cell small-12\">\n\t\t\t<div id=\"dc_post_grid_dcpg-69b15246b66b4\" class=\"dc-post-grid-component-wrapper dc-fallback-content\">\n\t\t\t\t<header class=\"dc-post-grid-header\">\n\t\t\t\t\t<div class=\"dc-post-top-left\">\n\t\t\t\t\t\t\t\t\t\t\t\t\t<h2 class=\"section-title-default\">Alle prosjekter<\/h2>\n\t\t\t\t\t\t\t\t\t\t\t\t\t\t\t\t\t<\/div>\n\t\t\t\t\t<div class=\"dc-post-top-right\">\n\t\t\t\t\t\t\t\t\t\t\t\t\t\t\t\t\t<\/div>\n\t\t\t\t<\/header>\n\t\t\t\t\t\t\t\t\t\t\t\t\t\t<noscript>\n\t\t\t\t\t\t\t\t\t\t\t<div class=\"dc-post-grid-results has-3-columns uses-no-image-card-fallbacks\">\n\t\t\t\t\t\t\t<div class=\"dc-post-grid-results-inner\">\n\t\t\t\t\t\t\t\t\t\t\t\t\t\t\t\t\t<div class=\"grid-container full\">\n\t\t\t\t\t\t\t\t\t\t<div class=\"grid-x grid-margin-x\">\n\t\t\t\t\t\t\t\t\t\t\t\t\t\t\t\t\t\t\t\n<div class=\"cell\">\n\t<article id=\"stm_project_3785\" class=\"dc-post-grid-card default-card post-summary\">\n\n\t\t<div class=\"dc-post-grid-card-inner post-summary-inner\">\n\t\t\t\t\t\t\t<div class=\"image-wrapper\">\n\t\t\t\t\t<img loading=\"lazy\" decoding=\"async\" width=\"1024\" height=\"683\" src=\"https:\/\/vindr.eu\/wp-content\/uploads\/2024\/10\/iStock-1474120634-1024x683.jpg\" class=\"attachment-large size-large\" alt=\"\" \/>\t\t\t\t<\/div>\n\t\t\t\t\t\t<div class=\"content-wrapper\">\n\t\t\t\t<div class=\"content-hover-overlay\"><\/div>\n                                    <span class=\"post-date\">21 oktober 2024<\/span>\n                \t\t\t\t\t\t\t\t\t\t\t\t\t<h1 class=\"card-title\">Hamr\u00e5nge<\/h1>\n\t\t\t\t\t\t\t\t\t\t\t\t\t\t\t\t\t<a href=\"https:\/\/vindr.eu\/sv\/hamrange\/\" class=\"link read-more-link\">\n\t\t\t\t\t\t<span class=\"screen-reader-text\">Read more<\/span>\n\t\t\t\t\t<\/a>\n\t\t\t\t\t\t\t<\/div>\n\t\t<\/div>\n\t<\/article>\n<\/div>\n\n<div class=\"cell\">\n\t<article id=\"stm_project_6084\" class=\"dc-post-grid-card default-card post-summary\">\n\n\t\t<div class=\"dc-post-grid-card-inner post-summary-inner\">\n\t\t\t\t\t\t\t<div class=\"image-wrapper\">\n\t\t\t\t\t<img loading=\"lazy\" decoding=\"async\" width=\"1024\" height=\"683\" src=\"https:\/\/vindr.eu\/wp-content\/uploads\/2025\/02\/iStock-2179696270-1024x683.jpg\" class=\"attachment-large size-large\" alt=\"\" \/>\t\t\t\t<\/div>\n\t\t\t\t\t\t<div class=\"content-wrapper\">\n\t\t\t\t<div class=\"content-hover-overlay\"><\/div>\n                                    <span class=\"post-date\">6 oktober 2025<\/span>\n                \t\t\t\t\t\t\t\t\t\t\t\t\t<h1 class=\"card-title\">Rasslaberget<\/h1>\n\t\t\t\t\t\t\t\t\t\t\t\t\t\t\t\t\t<a href=\"https:\/\/vindr.eu\/sv\/rasslaberget\/\" class=\"link read-more-link\">\n\t\t\t\t\t\t<span class=\"screen-reader-text\">Read more<\/span>\n\t\t\t\t\t<\/a>\n\t\t\t\t\t\t\t<\/div>\n\t\t<\/div>\n\t<\/article>\n<\/div>\n\n<div class=\"cell\">\n\t<article id=\"stm_project_3786\" class=\"dc-post-grid-card default-card post-summary\">\n\n\t\t<div class=\"dc-post-grid-card-inner post-summary-inner\">\n\t\t\t\t\t\t\t<div class=\"image-wrapper\">\n\t\t\t\t\t<img loading=\"lazy\" decoding=\"async\" width=\"1024\" height=\"768\" src=\"https:\/\/vindr.eu\/wp-content\/uploads\/2024\/12\/20241212_100058-scaled-1-1024x768.jpg\" class=\"attachment-large size-large\" alt=\"\" \/>\t\t\t\t<\/div>\n\t\t\t\t\t\t<div class=\"content-wrapper\">\n\t\t\t\t<div class=\"content-hover-overlay\"><\/div>\n                                    <span class=\"post-date\">13 december 2024<\/span>\n                \t\t\t\t\t\t\t\t\t\t\t\t\t<h1 class=\"card-title\">Stormyran<\/h1>\n\t\t\t\t\t\t\t\t\t\t\t\t\t\t\t\t\t<a href=\"https:\/\/vindr.eu\/sv\/stormyran\/\" class=\"link read-more-link\">\n\t\t\t\t\t\t<span class=\"screen-reader-text\">Read more<\/span>\n\t\t\t\t\t<\/a>\n\t\t\t\t\t\t\t<\/div>\n\t\t<\/div>\n\t<\/article>\n<\/div>\n\n<div class=\"cell\">\n\t<article id=\"stm_project_3787\" class=\"dc-post-grid-card default-card post-summary\">\n\n\t\t<div class=\"dc-post-grid-card-inner post-summary-inner\">\n\t\t\t\t\t\t\t<div class=\"image-wrapper\">\n\t\t\t\t\t<img loading=\"lazy\" decoding=\"async\" width=\"1024\" height=\"683\" src=\"https:\/\/vindr.eu\/wp-content\/uploads\/2025\/02\/iStock-2160839982-scaled-1-1024x683.jpg\" class=\"attachment-large size-large\" alt=\"\" \/>\t\t\t\t<\/div>\n\t\t\t\t\t\t<div class=\"content-wrapper\">\n\t\t\t\t<div class=\"content-hover-overlay\"><\/div>\n                                    <span class=\"post-date\">17 februari 2025<\/span>\n                \t\t\t\t\t\t\t\t\t\t\t\t\t<h1 class=\"card-title\">Tev\u00e5sen<\/h1>\n\t\t\t\t\t\t\t\t\t\t\t\t\t\t\t\t\t<a href=\"https:\/\/vindr.eu\/sv\/tevasen\/\" class=\"link read-more-link\">\n\t\t\t\t\t\t<span class=\"screen-reader-text\">Read more<\/span>\n\t\t\t\t\t<\/a>\n\t\t\t\t\t\t\t<\/div>\n\t\t<\/div>\n\t<\/article>\n<\/div>\n\t\t\t\t\t\t\t\t\t\t\t\t\t\t\t\t\t\t<\/div>\n\t\t\t\t\t\t\t\t\t<\/div>\n\t\t\t\t\t\t\t\t\t\t\t\t\t\t\t<\/div>\n\t\t\t\t\t\t<\/div>\n\t\t\t\t\t\t\t\t\t\t<\/noscript>\n\t\t\t\t\t\t\t\t\t\t\t\t<\/div>\n\t\t<\/div>\n\t<\/div>\n<\/div>\n<\/section>\n\n\n\n<section id=\"acf-banner-block_95b4535a13dbbdc7f64f0f24648ea5f6\"class=\"block-section banner has-background has-title show-top-bar-theme-dark wp-block-acf-banner\" data-scroll-container>\n\t\t\t<figure class=\"banner__bg\">\n\t\t\t<img loading=\"lazy\" decoding=\"async\" width=\"2048\" height=\"1365\" src=\"https:\/\/vindr.eu\/wp-content\/uploads\/2025\/09\/iStock-1343492150-scaled.jpg\" class=\"attachment-full size-full\" alt=\"\" srcset=\"https:\/\/vindr.eu\/wp-content\/uploads\/2025\/09\/iStock-1343492150-scaled.jpg 2048w, https:\/\/vindr.eu\/wp-content\/uploads\/2025\/09\/iStock-1343492150-300x200.jpg 300w, https:\/\/vindr.eu\/wp-content\/uploads\/2025\/09\/iStock-1343492150-1024x683.jpg 1024w, https:\/\/vindr.eu\/wp-content\/uploads\/2025\/09\/iStock-1343492150-768x512.jpg 768w, https:\/\/vindr.eu\/wp-content\/uploads\/2025\/09\/iStock-1343492150-1536x1024.jpg 1536w, https:\/\/vindr.eu\/wp-content\/uploads\/2025\/09\/iStock-1343492150-502x335.jpg 502w\" sizes=\"auto, (max-width: 2048px) 100vw, 2048px\" \/>\t\t<\/figure>\n\t\t<div class=\"block-section-wrapper element-width--content\" data-scroll data-scroll-call=\"vindrOnBannerScroll\">\n\t\t<div class=\"banner__content\">\n\t\t\t\t\t\t\t<h2 class=\"heading-size-large\">Vi ser fram emot att h\u00f6ra fr\u00e5n dig!<\/h2>\n\t\t\t\t<div class=\"text-size-medium\">\n\t\t\t\t\t\t\t\t\t\t\t\t\t<\/div>\n\t\t\t\t\t\t<a href=\"https:\/\/vindr.eu\/sv\/kontakt\/\" id=\"\" class=\"stm-button--has-title stm-button stm-button--type-default stm-button-light\"  target=\"_self\" title=\"\"> <span class=\"text\">Kontakt<\/span>  <\/a>\t\t<\/div>\n\t<\/div>\n<\/section>\n","protected":false},"excerpt":{"rendered":"","protected":false},"author":3,"featured_media":4872,"parent":0,"menu_order":6,"comment_status":"closed","ping_status":"closed","template":"","meta":{"_acf_changed":false,"inline_featured_image":false,"footnotes":""},"class_list":["post-4401","page","type-page","status-publish","has-post-thumbnail","hentry"],"acf":[],"_links":{"self":[{"href":"https:\/\/vindr.eu\/sv\/wp-json\/wp\/v2\/pages\/4401","targetHints":{"allow":["GET"]}}],"collection":[{"href":"https:\/\/vindr.eu\/sv\/wp-json\/wp\/v2\/pages"}],"about":[{"href":"https:\/\/vindr.eu\/sv\/wp-json\/wp\/v2\/types\/page"}],"author":[{"embeddable":true,"href":"https:\/\/vindr.eu\/sv\/wp-json\/wp\/v2\/users\/3"}],"replies":[{"embeddable":true,"href":"https:\/\/vindr.eu\/sv\/wp-json\/wp\/v2\/comments?post=4401"}],"version-history":[{"count":2,"href":"https:\/\/vindr.eu\/sv\/wp-json\/wp\/v2\/pages\/4401\/revisions"}],"predecessor-version":[{"id":8043,"href":"https:\/\/vindr.eu\/sv\/wp-json\/wp\/v2\/pages\/4401\/revisions\/8043"}],"wp:featuredmedia":[{"embeddable":true,"href":"https:\/\/vindr.eu\/sv\/wp-json\/wp\/v2\/media\/4872"}],"wp:attachment":[{"href":"https:\/\/vindr.eu\/sv\/wp-json\/wp\/v2\/media?parent=4401"}],"curies":[{"name":"wp","href":"https:\/\/api.w.org\/{rel}","templated":true}]}}