{"id":211,"date":"2023-10-05T11:33:37","date_gmt":"2023-10-05T11:33:37","guid":{"rendered":"https:\/\/vindr.wpenginepowered.com\/hjem\/"},"modified":"2026-03-30T07:46:50","modified_gmt":"2026-03-30T07:46:50","slug":"home","status":"publish","type":"page","link":"https:\/\/vindr.eu\/sv\/","title":{"rendered":"Home"},"content":{"rendered":"\n<section id=\"acf-hero-block_ad9423536ce7a8dec34c6bb491c5a353\"class=\"block-section hero text-light has-background waiting-to-animate show-top-bar-theme-light wp-block-acf-hero\">\n\t<div id=\"hero__wrapper-fixed\">\n\t\t\t\t\t<video id=\"heroVideo\" poster=\"https:\/\/vindr.eu\/wp-content\/uploads\/2023\/11\/vindr-homepage-video-placeholder-compressed.jpg\" autoplay loop muted playsinline>\n\t\t\t\t\t\t\t\t\t<source src=\"https:\/\/vindr.eu\/wp-content\/uploads\/2024\/01\/vindr_header_website720p.mp4\" type=\"video\/mp4\">\n\t\t\t\t\t\t\t<\/video>\n\t\t\t\t\t\t<div class=\"block-section-wrapper\">\n\t\t\t<div class=\"hero__text element-width--wide\">\n\t\t\t\t\t\t\t\t\t<h1 class=\"hero__title heading-size-large\">Bygger en ledande <strong>producent av fornybar energi<\/strong> i norra Europa.\n<\/h1>\n\t\t\t\t\t\t\t\t<a href=\"https:\/\/vindr.eu\/sv\/om-vindr\/\" id=\"\" class=\"stm-arrow-link stm-text-link text-size-normal stm-button--has-icon stm-text-link-light\"  target=\"_self\" title=\"\"> <span class=\"text\">Om oss<\/span> <div class=\"btn-icon\"><span class=\"icon icon-arrow-right\"><\/span><\/div> <\/a>\t\t\t<\/div>\n\t\t<\/div>\n\t\t<p class=\"scroll-indicator\"><span class=\"scroll-animation\"><\/span> Scroll<\/p>\n\t<\/div>\n<\/section>\n\n<div id=\"hero__spacer\"><\/div>\n\n\n<section id=\"acf-featured-text-block_e8d3d37a845ac6407bf85fbfdf8091a0\"class=\"block-section featured-text text-based-block show-top-bar-theme-dark wp-block-acf-featured-text\">\n\t<div class=\"block-section-wrapper element-width--content\">\n\t\t<div class=\"text\">\n\t\t\t<p>Vindr utvecklar sin position som en\u00a0<strong>ledande producent av f\u00f6rnybar el<\/strong> i norra Europa och s\u00e4kerst\u00e4ller en avg\u00f6rande energis\u00e4kerhet genom avancerad teknik. V\u00e5rt \u00e5tagande f\u00f6r projektutveckling, fr\u00e5n konstruktion och utveckling till f\u00e4rdigst\u00e4llande &#8211; speglar en h\u00e5llbar strategi som samspelar med lokala intressenter och fr\u00e4mjar positiva samh\u00e4llsmerv\u00e4rden.<\/p>\n\t\t\t\t\t<\/div>\n\t<\/div>\n<\/section>\n\n\n\n<section id=\"acf-text-media-block_875b6e25e9c40d5641b6bd7ac4fa2f5a\"class=\"block-section text-media image-align-left show-top-bar-theme-dark wp-block-acf-text-media has-background has-light-blue-background-color\">\n\t<div class=\"block-section-wrapper element-width--wide\">\n\t\t<div class=\"text-media__image\">\n\t\t\t<figure class=\"text-media__image-inner\">\n\t\t\t\t<img loading=\"lazy\" decoding=\"async\" width=\"1731\" height=\"1689\" src=\"https:\/\/vindr.eu\/wp-content\/uploads\/2023\/11\/How-we-work-2-e1700062043924.jpg\" class=\"attachment-full size-full\" alt=\"\" srcset=\"https:\/\/vindr.eu\/wp-content\/uploads\/2023\/11\/How-we-work-2-e1700062043924.jpg 1731w, https:\/\/vindr.eu\/wp-content\/uploads\/2023\/11\/How-we-work-2-e1700062043924-300x293.jpg 300w, https:\/\/vindr.eu\/wp-content\/uploads\/2023\/11\/How-we-work-2-e1700062043924-768x749.jpg 768w, https:\/\/vindr.eu\/wp-content\/uploads\/2023\/11\/How-we-work-2-e1700062043924-1024x999.jpg 1024w, https:\/\/vindr.eu\/wp-content\/uploads\/2023\/11\/How-we-work-2-e1700062043924-1536x1499.jpg 1536w, https:\/\/vindr.eu\/wp-content\/uploads\/2023\/11\/How-we-work-2-e1700062043924-385x376.jpg 385w, https:\/\/vindr.eu\/wp-content\/uploads\/2023\/11\/How-we-work-2-e1700062043924-820x800.jpg 820w, https:\/\/vindr.eu\/wp-content\/uploads\/2023\/11\/How-we-work-2-e1700062043924-1476x1440.jpg 1476w\" sizes=\"auto, (max-width: 1731px) 100vw, 1731px\" \/>\t\t\t<\/figure>\n\t\t<\/div>\n\t\t<div class=\"text-media__content use-copy-text-styles\">\n\t\t\t\t\t\t\t<h1 class=\"title\">Hur vi arbetar<\/h1>\n\t\t\t\t\t\t<p>Vindr \u00e4r en <strong>nordisk producent inom f\u00f6rnybar energi<\/strong> som utvecklar, konstruerar och realiserar f\u00f6rnybara energianl\u00e4ggningar. Vi l\u00e4gger stor vikt vid noggrannhet och transparens genom hela projektutvecklingen, i n\u00e4ra samarbete med lokala intressenter och med ambitionen att fr\u00e4mja positiva lokala merv\u00e4rden.<\/p>\n<p>V\u00e5ra projekt finns n\u00e4ra anv\u00e4ndarna, vilket minskar milj\u00f6p\u00e5verkan och bevarar naturen. Varje investering och teknisk innovation visar v\u00e5rt engagemang f\u00f6r medveten och h\u00e5llbar energiutveckling.<\/p>\n\t\t\t<a href=\"https:\/\/vindr.eu\/sv\/hur-vi-arbetar\/\" id=\"\" class=\"stm-button--has-title stm-button stm-button--type-default\"  target=\"_self\" title=\"\"> <span class=\"text\">L\u00e4s mer<\/span>  <\/a>\t\t<\/div>\n\t<\/div>\n<\/section>\n\n\n\n<section id=\"acf-key-figures-block_31a83492fb599106fdd3aeda226d9dbf\"class=\"block-section key-figures show-top-bar-theme-dark wp-block-acf-key-figures\">\n\t<div class=\"block-section-wrapper\">\n\t\t<div class=\"key-figures__header \">\n\t\t\t\t\t\t\t<h1 class=\"heading-size-normal\">V\u00e5ra projekt<\/h1>\n\t\t\t\t\t\t\t\t\t\t<p>Vi har en snabbt v\u00e4xande portf\u00f6lj av f\u00f6rnybara energiprojekt som kommer att skapa positiva merv\u00e4rden f\u00f6r b\u00e5de milj\u00f6n och lokalsamh\u00e4llet.<\/p>\n\t\t\t\t\t<\/div>\n\t\t<ul>\n\t\t\t\t\t\t\t<li>\n\t\t\t\t\t<strong class=\"key-figures__number\"><span class=\"number\">3.4<\/span><\/strong>\n\t\t\t\t\t<div class=\"key-figures__body\">\n\t\t\t\t\t\tGigawatt\t\t\t\t\t<\/div>\n\t\t\t\t<\/li>\n\t\t\t\t\t\t\t<li>\n\t\t\t\t\t<strong class=\"key-figures__number\"><span class=\"number\">58<\/span><\/strong>\n\t\t\t\t\t<div class=\"key-figures__body\">\n\t\t\t\t\t\tProjekt\t\t\t\t\t<\/div>\n\t\t\t\t<\/li>\n\t\t\t\t\t\t\t<li>\n\t\t\t\t\t<strong class=\"key-figures__number\"><span class=\"number\">4<\/span><\/strong>\n\t\t\t\t\t<div class=\"key-figures__body\">\n\t\t\t\t\t\tL\u00e4nder\t\t\t\t\t<\/div>\n\t\t\t\t<\/li>\n\t\t\t\t\t<\/ul>\n\t<\/div>\n<\/section>\n\n\n\n<section id=\"acf-text-media-block_136d9bb76519e5ec23ef98ddb87b8069\"class=\"block-section text-media image-align-left show-top-bar-theme-dark wp-block-acf-text-media\">\n\t<div class=\"block-section-wrapper element-width--wide\">\n\t\t<div class=\"text-media__image\">\n\t\t\t<figure class=\"text-media__image-inner\">\n\t\t\t\t<img loading=\"lazy\" decoding=\"async\" width=\"2048\" height=\"1367\" src=\"https:\/\/vindr.eu\/wp-content\/uploads\/2025\/03\/iStock-1474120634-scaled.jpg\" class=\"attachment-full size-full\" alt=\"\" srcset=\"https:\/\/vindr.eu\/wp-content\/uploads\/2025\/03\/iStock-1474120634-scaled.jpg 2048w, https:\/\/vindr.eu\/wp-content\/uploads\/2025\/03\/iStock-1474120634-300x200.jpg 300w, https:\/\/vindr.eu\/wp-content\/uploads\/2025\/03\/iStock-1474120634-1024x683.jpg 1024w, https:\/\/vindr.eu\/wp-content\/uploads\/2025\/03\/iStock-1474120634-768x512.jpg 768w, https:\/\/vindr.eu\/wp-content\/uploads\/2025\/03\/iStock-1474120634-1536x1025.jpg 1536w, https:\/\/vindr.eu\/wp-content\/uploads\/2025\/03\/iStock-1474120634-502x335.jpg 502w\" sizes=\"auto, (max-width: 2048px) 100vw, 2048px\" \/>\t\t\t<\/figure>\n\t\t<\/div>\n\t\t<div class=\"text-media__content use-copy-text-styles\">\n\t\t\t\t\t\t\t<h1 class=\"title\">L\u00e4s mer om v\u00e5ra projekt<\/h1>\n\t\t\t\t\t\t<p>Vi har en v\u00e4xande projektportf\u00f6lj i Sverige. L\u00e4s mer om v\u00e5ra projekt och deras utveckling h\u00e4r.<\/p>\n\t\t\t<a href=\"https:\/\/vindr.eu\/sv\/vare-prosjekter\/\" id=\"\" class=\"stm-button--has-title stm-button stm-button--type-default\"  target=\"_self\" title=\"\"> <span class=\"text\">V\u00e5ra projekt<\/span>  <\/a>\t\t<\/div>\n\t<\/div>\n<\/section>\n\n\n\n<section id=\"acf-quote-block_17e146a2cd72e801a91a165a7dc1255f\"class=\"block-section quote has-plyr-video-player show-top-bar-theme-dark wp-block-acf-quote\">\n\t<div class=\"block-section-wrapper element-width--content\">\n\t\t<div class=\"blockquotes-wrapper\">\n\t\t\t\t\t\t\t<blockquote id=\"swiper-block_17e146a2cd72e801a91a165a7dc1255f-quote-0\" class=\"active\">\n\t\t\t\t\t<p class=\"text-size-large\">Vindr \u00e4r en oberoende elkraftproducent som \u00e4r p\u00e5 v\u00e4g att bli en <strong>ledande producent av f\u00f6rnybar el<\/strong> inom olika teknikomr\u00e5den.<\/p>\n<p>Vi s\u00e5g att v\u00e5ra kollegor utvecklade stora projekt l\u00e5ngt bort fr\u00e5n sj\u00e4lva anv\u00e4ndningen; v\u00e5r ambition \u00e4r att starta projekt n\u00e4ra anv\u00e4ndarna med l\u00e4gre milj\u00f6p\u00e5verkan och samtidigt bidra till de lokalsamh\u00e4llen d\u00e4r vi etablerar produktionen.<\/p>\n\t\t\t\t\t\t\t\t\t\t\t<cite>\n\t\t\t\t\t\t\t\t\t\t\t\t\t\t\t<a href=\"https:\/\/vindr.eu\/sv\/om-vindr\/grundare\/\">\n\t\t\t\t\t\t\t\t\t\t\t\t\t\tJan-Olav \u00d8derud, CEO Vindr \t\t\t\t\t\t\t\t\t\t\t\t\t\t\t<\/a>\n\t\t\t\t\t\t\t\t\t\t\t\t\t<\/cite>\n\t\t\t\t\t\t\t\t\t<\/blockquote>\n\t\t\t\t\t\t\t<blockquote id=\"swiper-block_17e146a2cd72e801a91a165a7dc1255f-quote-1\" class=\"\">\n\t\t\t\t\t<p class=\"text-size-large\">I regionen st\u00f6ter vi ibland p\u00e5 argument mot f\u00f6rnybar energi, d\u00e5 n\u00e4rvaron av en gr\u00f6n elmix ofta n\u00e4mns som argument.<\/p>\n<p>Detta f\u00f6rv\u00e4xlas dock ibland med den \u00f6vergripande energimixen. I exempelvis Sverige och Norge finns det ett betydande beroende av bilar som drivs av fossila br\u00e4nslen. Transport av varor, industriella processer och jordbruk \u2013 alla starkt beroende av fossila br\u00e4nslen.<\/p>\n<p>I Estland \u00e4r eln\u00e4tet i huvudsak drivet av skifferolja. <strong>Det \u00e4r avg\u00f6rande att vi tar itu med dessa utmaningar f\u00f6r att bek\u00e4mpa klimatf\u00f6r\u00e4ndringarna<\/strong>.<\/p>\n\t\t\t\t\t\t\t\t\t\t\t<cite>\n\t\t\t\t\t\t\t\t\t\t\t\t\t\t\t<a href=\"https:\/\/vindr.eu\/sv\/om-vindr\/grundare\/\">\n\t\t\t\t\t\t\t\t\t\t\t\t\t\tCamilla Anderson, Chef f\u00f6r Vindr Sverige\t\t\t\t\t\t\t\t\t\t\t\t\t\t\t<\/a>\n\t\t\t\t\t\t\t\t\t\t\t\t\t<\/cite>\n\t\t\t\t\t\t\t\t\t<\/blockquote>\n\t\t\t\t\t\t\t<blockquote id=\"swiper-block_17e146a2cd72e801a91a165a7dc1255f-quote-2\" class=\"\">\n\t\t\t\t\t<p class=\"text-size-large\">Hos Vindr <strong>besitter vi djupg\u00e5ende kunskaper om den teknik<\/strong>\u00a0vi arbetar med.<\/p>\n<p>F\u00e5 kan p\u00e5st\u00e5 sig ha erfarenhet av att arbeta med f\u00f6rnybara energi-strukturer \u00f6ver fem kontinenter under flera \u00e5rtionden, men det kan vi.<\/p>\n<p>Denna expertis \u00e4r ov\u00e4rderlig n\u00e4r vi samarbetar med intressenter p\u00e5 v\u00e5ra marknader, vilket g\u00f6r det l\u00e4ttare f\u00f6r oss att med sj\u00e4lvs\u00e4kerhet infria de l\u00f6ften vi ger.<\/p>\n\t\t\t\t\t\t\t\t\t\t\t<cite>\n\t\t\t\t\t\t\t\t\t\t\t\t\t\t\t<a href=\"https:\/\/vindr.eu\/sv\/om-vindr\/grundare\/\">\n\t\t\t\t\t\t\t\t\t\t\t\t\t\tMarko Viiding, Chef f\u00f6r Vindr Baltikum\t\t\t\t\t\t\t\t\t\t\t\t\t\t\t<\/a>\n\t\t\t\t\t\t\t\t\t\t\t\t\t<\/cite>\n\t\t\t\t\t\t\t\t\t<\/blockquote>\n\t\t\t\t\t\t\t<blockquote id=\"swiper-block_17e146a2cd72e801a91a165a7dc1255f-quote-3\" class=\"\">\n\t\t\t\t\t<p class=\"text-size-large\"><span data-teams=\"true\">Hela v\u00e5rt samh\u00e4lle \u00e4r uppbyggt kring <strong>tillg\u00e5ng p\u00e5 tillr\u00e4ckligt med energi.<\/strong> Den energi som vi f\u00f6rbrukar m\u00e5ste dessutom vara ren, och f\u00f6r det norska n\u00e4ringslivet \u00e4r det viktigt att energin har ett l\u00e5gt pris.<\/span><\/p>\n<p>Jag \u00e4r glad att arbeta f\u00f6r ett f\u00f6retag som dagligen arbetar f\u00f6r att tillgodose det st\u00e4ndigt v\u00e4xande behovet av ren och billig energi. \u00c4ven om framtiden \u00e4r os\u00e4ker s\u00e5 \u00e4r den f\u00f6rnybar!<\/p>\n\t\t\t\t\t\t\t\t\t\t\t<cite>\n\t\t\t\t\t\t\t\t\t\t\t\t\t\t\t<a href=\"https:\/\/vindr.eu\/sv\/medarbetare\/\">\n\t\t\t\t\t\t\t\t\t\t\t\t\t\tAndreas Thon Aasheim, Chef f\u00f6r Vindr Norge\t\t\t\t\t\t\t\t\t\t\t\t\t\t\t<\/a>\n\t\t\t\t\t\t\t\t\t\t\t\t\t<\/cite>\n\t\t\t\t\t\t\t\t\t<\/blockquote>\n\t\t\t\t\t\t\t<blockquote id=\"swiper-block_17e146a2cd72e801a91a165a7dc1255f-quote-4\" class=\"\">\n\t\t\t\t\t<p class=\"text-size-large\">Lettlands samh\u00e4lle och ekonomi \u00e4r beroende av en s\u00e4ker och stabil tillg\u00e5ng till energi f\u00f6r att f\u00f6rs\u00f6rja v\u00e5ra hem, f\u00f6retag och industrier.<\/p>\n<p><strong>Vi v\u00e4rdes\u00e4tter ren, h\u00e5llbar energi som motsvarar v\u00e5rt engagemang f\u00f6r milj\u00f6n<\/strong> och s\u00e4kerst\u00e4ller rimliga energipriser f\u00f6r hela landet &#8211; fr\u00e5n Riga till v\u00e5ra landsbygdsregioner. Jag \u00e4r stolt \u00f6ver att leda ett f\u00f6retag som \u00e4r fast besluten att m\u00f6ta Lettlands v\u00e4xande behov och efterfr\u00e5gan p\u00e5 f\u00f6rnybar energi och utnyttja v\u00e5r potential inom vind-, sol- och hybridl\u00f6sningar.<\/p>\n<p>Lettlands v\u00e4g fram\u00e5t \u00e4r gr\u00f6n och f\u00f6rnybar!<\/p>\n\t\t\t\t\t\t\t\t\t\t\t<cite>\n\t\t\t\t\t\t\t\t\t\t\t\t\t\t\t<a href=\"https:\/\/vindr.eu\/sv\/medarbetare\/\">\n\t\t\t\t\t\t\t\t\t\t\t\t\t\tBaiba Zauere, Chef f\u00f6r Vindr Lettland\t\t\t\t\t\t\t\t\t\t\t\t\t\t\t<\/a>\n\t\t\t\t\t\t\t\t\t\t\t\t\t<\/cite>\n\t\t\t\t\t\t\t\t\t<\/blockquote>\n\t\t\t\t\t<\/div>\n\t\t<div id=\"swiper-block_17e146a2cd72e801a91a165a7dc1255f\" class=\"quote-media-wrapper swiper-container\">\n\t\t\t<div class=\"swiper-wrapper\">\n\t\t\t\t\t\t\t\t\t<div data-target-quote-id=\"swiper-block_17e146a2cd72e801a91a165a7dc1255f-quote-0\" class=\"quote-media swiper-slide swiper-slide-active\">\n\t\t\t\t\t\t\t\t\t\t\t\t\t<img loading=\"lazy\" decoding=\"async\" width=\"1365\" height=\"2048\" src=\"https:\/\/vindr.eu\/wp-content\/uploads\/2023\/10\/Jan-Olav-Oderud-figure-scaled.jpg\" class=\"attachment-full size-full\" alt=\"\" srcset=\"https:\/\/vindr.eu\/wp-content\/uploads\/2023\/10\/Jan-Olav-Oderud-figure-scaled.jpg 1365w, https:\/\/vindr.eu\/wp-content\/uploads\/2023\/10\/Jan-Olav-Oderud-figure-200x300.jpg 200w, https:\/\/vindr.eu\/wp-content\/uploads\/2023\/10\/Jan-Olav-Oderud-figure-768x1152.jpg 768w, https:\/\/vindr.eu\/wp-content\/uploads\/2023\/10\/Jan-Olav-Oderud-figure-683x1024.jpg 683w, https:\/\/vindr.eu\/wp-content\/uploads\/2023\/10\/Jan-Olav-Oderud-figure-1024x1536.jpg 1024w, https:\/\/vindr.eu\/wp-content\/uploads\/2023\/10\/Jan-Olav-Oderud-figure-251x376.jpg 251w, https:\/\/vindr.eu\/wp-content\/uploads\/2023\/10\/Jan-Olav-Oderud-figure-533x800.jpg 533w, https:\/\/vindr.eu\/wp-content\/uploads\/2023\/10\/Jan-Olav-Oderud-figure-960x1440.jpg 960w\" sizes=\"auto, (max-width: 1365px) 100vw, 1365px\" \/>\t\t\t\t\t\t\t\t\t\t\t<\/div>\n\t\t\t\t\t\t\t\t\t<div data-target-quote-id=\"swiper-block_17e146a2cd72e801a91a165a7dc1255f-quote-1\" class=\"quote-media swiper-slide \">\n\t\t\t\t\t\t\t\t\t\t\t\t\t<img loading=\"lazy\" decoding=\"async\" width=\"1312\" height=\"1684\" src=\"https:\/\/vindr.eu\/wp-content\/uploads\/2025\/03\/Camilla-cropped.jpg\" class=\"attachment-full size-full\" alt=\"\" srcset=\"https:\/\/vindr.eu\/wp-content\/uploads\/2025\/03\/Camilla-cropped.jpg 1312w, https:\/\/vindr.eu\/wp-content\/uploads\/2025\/03\/Camilla-cropped-234x300.jpg 234w, https:\/\/vindr.eu\/wp-content\/uploads\/2025\/03\/Camilla-cropped-798x1024.jpg 798w, https:\/\/vindr.eu\/wp-content\/uploads\/2025\/03\/Camilla-cropped-768x986.jpg 768w, https:\/\/vindr.eu\/wp-content\/uploads\/2025\/03\/Camilla-cropped-1197x1536.jpg 1197w, https:\/\/vindr.eu\/wp-content\/uploads\/2025\/03\/Camilla-cropped-293x376.jpg 293w\" sizes=\"auto, (max-width: 1312px) 100vw, 1312px\" \/>\t\t\t\t\t\t\t\t\t\t\t<\/div>\n\t\t\t\t\t\t\t\t\t<div data-target-quote-id=\"swiper-block_17e146a2cd72e801a91a165a7dc1255f-quote-2\" class=\"quote-media swiper-slide \">\n\t\t\t\t\t\t\t\t\t\t\t\t\t<img loading=\"lazy\" decoding=\"async\" width=\"1365\" height=\"2048\" src=\"https:\/\/vindr.eu\/wp-content\/uploads\/2023\/12\/Marko_frontpg_portrait-scaled.jpg\" class=\"attachment-full size-full\" alt=\"\" srcset=\"https:\/\/vindr.eu\/wp-content\/uploads\/2023\/12\/Marko_frontpg_portrait-scaled.jpg 1365w, https:\/\/vindr.eu\/wp-content\/uploads\/2023\/12\/Marko_frontpg_portrait-200x300.jpg 200w, https:\/\/vindr.eu\/wp-content\/uploads\/2023\/12\/Marko_frontpg_portrait-683x1024.jpg 683w, https:\/\/vindr.eu\/wp-content\/uploads\/2023\/12\/Marko_frontpg_portrait-768x1152.jpg 768w, https:\/\/vindr.eu\/wp-content\/uploads\/2023\/12\/Marko_frontpg_portrait-1024x1536.jpg 1024w, https:\/\/vindr.eu\/wp-content\/uploads\/2023\/12\/Marko_frontpg_portrait-251x376.jpg 251w\" sizes=\"auto, (max-width: 1365px) 100vw, 1365px\" \/>\t\t\t\t\t\t\t\t\t\t\t<\/div>\n\t\t\t\t\t\t\t\t\t<div data-target-quote-id=\"swiper-block_17e146a2cd72e801a91a165a7dc1255f-quote-3\" class=\"quote-media swiper-slide \">\n\t\t\t\t\t\t\t\t\t\t\t\t\t<img loading=\"lazy\" decoding=\"async\" width=\"1638\" height=\"2048\" src=\"https:\/\/vindr.eu\/wp-content\/uploads\/2025\/03\/Andreas-Aasheim-portrait-scaled.jpg\" class=\"attachment-full size-full\" alt=\"\" srcset=\"https:\/\/vindr.eu\/wp-content\/uploads\/2025\/03\/Andreas-Aasheim-portrait-scaled.jpg 1638w, https:\/\/vindr.eu\/wp-content\/uploads\/2025\/03\/Andreas-Aasheim-portrait-240x300.jpg 240w, https:\/\/vindr.eu\/wp-content\/uploads\/2025\/03\/Andreas-Aasheim-portrait-819x1024.jpg 819w, https:\/\/vindr.eu\/wp-content\/uploads\/2025\/03\/Andreas-Aasheim-portrait-768x960.jpg 768w, https:\/\/vindr.eu\/wp-content\/uploads\/2025\/03\/Andreas-Aasheim-portrait-1229x1536.jpg 1229w, https:\/\/vindr.eu\/wp-content\/uploads\/2025\/03\/Andreas-Aasheim-portrait-301x376.jpg 301w\" sizes=\"auto, (max-width: 1638px) 100vw, 1638px\" \/>\t\t\t\t\t\t\t\t\t\t\t<\/div>\n\t\t\t\t\t\t\t\t\t<div data-target-quote-id=\"swiper-block_17e146a2cd72e801a91a165a7dc1255f-quote-4\" class=\"quote-media swiper-slide \">\n\t\t\t\t\t\t\t\t\t\t\t\t\t<img loading=\"lazy\" decoding=\"async\" width=\"1365\" height=\"2048\" src=\"https:\/\/vindr.eu\/wp-content\/uploads\/2025\/04\/Baiba-Zauere-Portrait-1.jpg\" class=\"attachment-full size-full\" alt=\"\" srcset=\"https:\/\/vindr.eu\/wp-content\/uploads\/2025\/04\/Baiba-Zauere-Portrait-1.jpg 1365w, https:\/\/vindr.eu\/wp-content\/uploads\/2025\/04\/Baiba-Zauere-Portrait-1-200x300.jpg 200w, https:\/\/vindr.eu\/wp-content\/uploads\/2025\/04\/Baiba-Zauere-Portrait-1-683x1024.jpg 683w, https:\/\/vindr.eu\/wp-content\/uploads\/2025\/04\/Baiba-Zauere-Portrait-1-768x1152.jpg 768w, https:\/\/vindr.eu\/wp-content\/uploads\/2025\/04\/Baiba-Zauere-Portrait-1-1024x1536.jpg 1024w, https:\/\/vindr.eu\/wp-content\/uploads\/2025\/04\/Baiba-Zauere-Portrait-1-251x376.jpg 251w\" sizes=\"auto, (max-width: 1365px) 100vw, 1365px\" \/>\t\t\t\t\t\t\t\t\t\t\t<\/div>\n\t\t\t\t\t\t\t<\/div>\n\n\t\t\t\t\t\t\t<div class=\"swiper-pagination\"><\/div>\n\t\t\t\t<div class=\"swiper-button-prev\"><\/div>\n\t\t\t\t<div class=\"swiper-button-next\"><\/div>\n\t\t\t\t\t<\/div>\n\t<\/div>\n<\/section>\n\n\n\n<section id=\"acf-banner-block_fdb1512f8daa8e6cbff0d92bae435678\"class=\"block-section banner has-background show-top-bar-theme-light wp-block-acf-banner\" data-scroll-container>\n\t\t\t<figure class=\"banner__bg\">\n\t\t\t<img loading=\"lazy\" decoding=\"async\" width=\"2048\" height=\"1365\" src=\"https:\/\/vindr.eu\/wp-content\/uploads\/2023\/11\/Sustainable-5-scaled.jpg\" class=\"attachment-full size-full\" alt=\"\" srcset=\"https:\/\/vindr.eu\/wp-content\/uploads\/2023\/11\/Sustainable-5-scaled.jpg 2048w, https:\/\/vindr.eu\/wp-content\/uploads\/2023\/11\/Sustainable-5-300x200.jpg 300w, https:\/\/vindr.eu\/wp-content\/uploads\/2023\/11\/Sustainable-5-768x512.jpg 768w, https:\/\/vindr.eu\/wp-content\/uploads\/2023\/11\/Sustainable-5-1024x683.jpg 1024w, https:\/\/vindr.eu\/wp-content\/uploads\/2023\/11\/Sustainable-5-1536x1024.jpg 1536w, https:\/\/vindr.eu\/wp-content\/uploads\/2023\/11\/Sustainable-5-502x335.jpg 502w, https:\/\/vindr.eu\/wp-content\/uploads\/2023\/11\/Sustainable-5-1200x800.jpg 1200w\" sizes=\"auto, (max-width: 2048px) 100vw, 2048px\" \/>\t\t<\/figure>\n\t\t<div class=\"block-section-wrapper element-width--content\" data-scroll data-scroll-call=\"vindrOnBannerScroll\">\n\t\t<div class=\"banner__content\">\n\t\t\t\t\t\t<p class=\"heading-size-large\">Tveka inte att kontakta oss!<\/p>\n\t\t\t\t\t\t<a href=\"https:\/\/vindr.eu\/sv\/kontakt\/\" id=\"\" class=\"stm-button--has-title stm-button stm-button--type-default stm-button-light\"  target=\"_self\" title=\"\"> <span class=\"text\">Kontakta oss<\/span>  <\/a>\t\t<\/div>\n\t<\/div>\n<\/section>\n","protected":false},"excerpt":{"rendered":"","protected":false},"author":1,"featured_media":0,"parent":0,"menu_order":1,"comment_status":"closed","ping_status":"closed","template":"","meta":{"_acf_changed":false,"inline_featured_image":false,"footnotes":""},"class_list":["post-211","page","type-page","status-publish","hentry"],"acf":[],"_links":{"self":[{"href":"https:\/\/vindr.eu\/sv\/wp-json\/wp\/v2\/pages\/211","targetHints":{"allow":["GET"]}}],"collection":[{"href":"https:\/\/vindr.eu\/sv\/wp-json\/wp\/v2\/pages"}],"about":[{"href":"https:\/\/vindr.eu\/sv\/wp-json\/wp\/v2\/types\/page"}],"author":[{"embeddable":true,"href":"https:\/\/vindr.eu\/sv\/wp-json\/wp\/v2\/users\/1"}],"replies":[{"embeddable":true,"href":"https:\/\/vindr.eu\/sv\/wp-json\/wp\/v2\/comments?post=211"}],"version-history":[{"count":3,"href":"https:\/\/vindr.eu\/sv\/wp-json\/wp\/v2\/pages\/211\/revisions"}],"predecessor-version":[{"id":8167,"href":"https:\/\/vindr.eu\/sv\/wp-json\/wp\/v2\/pages\/211\/revisions\/8167"}],"wp:attachment":[{"href":"https:\/\/vindr.eu\/sv\/wp-json\/wp\/v2\/media?parent=211"}],"curies":[{"name":"wp","href":"https:\/\/api.w.org\/{rel}","templated":true}]}}