{"id":907,"date":"2023-11-20T14:49:03","date_gmt":"2023-11-20T14:49:03","guid":{"rendered":"https:\/\/vindr.wpenginepowered.com\/?page_id=907"},"modified":"2026-03-30T11:55:52","modified_gmt":"2026-03-30T11:55:52","slug":"styret","status":"publish","type":"page","link":"https:\/\/vindr.eu\/no\/om-vindr\/styret\/","title":{"rendered":"Styret"},"content":{"rendered":"\n<section id=\"acf-hero-subpage-block_f9d6c3654eca08a532ba0ced52600e0b\"class=\"block-section hero-subpage has-background waiting-to-animate show-top-bar-theme-light-dark wp-block-acf-hero-subpage\">\n\t<figure class=\"hero-subpage__bg\">\n\t\t<img loading=\"lazy\" decoding=\"async\" width=\"2048\" height=\"936\" src=\"https:\/\/vindr.eu\/wp-content\/uploads\/2024\/10\/Board-2024_header-scaled.jpg\" class=\"attachment-full size-full\" alt=\"\" sizes=\"auto, (max-width: 999px) 100vw, 60vw\" srcset=\"https:\/\/vindr.eu\/wp-content\/uploads\/2024\/10\/Board-2024_header-scaled.jpg 2048w, https:\/\/vindr.eu\/wp-content\/uploads\/2024\/10\/Board-2024_header-300x137.jpg 300w, https:\/\/vindr.eu\/wp-content\/uploads\/2024\/10\/Board-2024_header-1024x468.jpg 1024w, https:\/\/vindr.eu\/wp-content\/uploads\/2024\/10\/Board-2024_header-768x351.jpg 768w, https:\/\/vindr.eu\/wp-content\/uploads\/2024\/10\/Board-2024_header-1536x702.jpg 1536w, https:\/\/vindr.eu\/wp-content\/uploads\/2024\/10\/Board-2024_header-502x230.jpg 502w\" \/>\t<\/figure>\n\t<div class=\"block-section-wrapper element-width--full\">\n\t\t<div class=\"hero-subpage__content\">\n\t\t\t\t\t\t\t<h1 class=\"hero-subpage__title heading-size-large\">Styret<\/h1>\n\t\t\t\t\t\t\t\t\t\t<div class=\"text-size-medium\">\n\t\t\t\t\t<p>Vindrs styre best\u00e5r av seks medlemmer med bred erfaring innen fornybar energi, infrastruktur og r\u00e5dgivning. Styret samler kompetanse fra Vindrs grunnleggere, v\u00e5r eier InfraVia og eksterne r\u00e5dgivere &#8211; og sikrer at selskapet har den strategiske tyngden som trengs for \u00e5 vokse ansvarlig og levere p\u00e5 ambisjonene v\u00e5re. Les mer om styremedlemmene under.<\/p>\n\t\t\t\t<\/div>\n\t\t\t\t\t<\/div>\n\t<\/div>\n<\/section>\n\n\n\n<section id=\"dc-post-grid-filterable-block_dcpg-69ca64c715721\" class=\"block-section dc-post-grid-filterable dc-post-grid-base  dpg-stm_person   align-full \" data-aos=\"\">\n\t\n<div class=\"grid-container\">\n\t<div class=\"grid-x grid-margin-x\">\n\t\t<div class=\"cell small-12\">\n\t\t\t<div id=\"dc_post_grid_dcpg-69ca64c715721\" class=\"dc-post-grid-component-wrapper dc-fallback-content\">\n\t\t\t\t<header class=\"dc-post-grid-header\">\n\t\t\t\t\t<div class=\"dc-post-top-left\">\n\t\t\t\t\t\t\t\t\t\t\t\t\t<h2 class=\"section-title-default\">Styremedlemmer<\/h2>\n\t\t\t\t\t\t\t\t\t\t\t\t\t\t\t\t\t<\/div>\n\t\t\t\t\t<div class=\"dc-post-top-right\">\n\t\t\t\t\t\t\t\t\t\t\t\t\t\t\t\t\t<\/div>\n\t\t\t\t<\/header>\n\t\t\t\t\t\t\t\t\t\t\t\t\t\t<noscript>\n\t\t\t\t\t\t\t\t\t\t\t<div class=\"dc-post-grid-results has-3-columns uses-no-image-card-fallbacks\">\n\t\t\t\t\t\t\t<div class=\"dc-post-grid-results-inner\">\n\t\t\t\t\t\t\t\t\t\t\t\t\t\t\t\t\t<div class=\"grid-container full\">\n\t\t\t\t\t\t\t\t\t\t<div class=\"grid-x grid-margin-x\">\n\t\t\t\t\t\t\t\t\t\t\t\t\t\t\t\t\t\t\t\n<div class=\"cell\">\n\t<article id=\"stm_person_1177\" class=\"dc-post-grid-card default-card post-summary\">\n\n\t\t<div class=\"dc-post-grid-card-inner post-summary-inner\">\n\t\t\t\t\t\t\t<div class=\"image-wrapper\">\n\t\t\t\t\t<img loading=\"lazy\" decoding=\"async\" width=\"682\" height=\"1024\" src=\"https:\/\/vindr.eu\/wp-content\/uploads\/2023\/12\/Camilla-figure-1-682x1024.jpg\" class=\"attachment-large size-large\" alt=\"\" \/>\t\t\t\t<\/div>\n\t\t\t\t\t\t<div class=\"content-wrapper\">\n\t\t\t\t<div class=\"content-hover-overlay\"><\/div>\n                                    <span class=\"post-date\">24. oktober 2023<\/span>\n                \t\t\t\t\t\t\t\t\t\t\t\t\t<h1 class=\"card-title\">Camilla Anderson<\/h1>\n\t\t\t\t\t\t\t\t\t\t\t\t\t\t\t\t\t<a href=\"https:\/\/vindr.eu\/no\/stm_person\/navn-navnersen\/\" class=\"link read-more-link\">\n\t\t\t\t\t\t<span class=\"screen-reader-text\">Les mer<\/span>\n\t\t\t\t\t<\/a>\n\t\t\t\t\t\t\t<\/div>\n\t\t<\/div>\n\t<\/article>\n<\/div>\n\n<div class=\"cell\">\n\t<article id=\"stm_person_1246\" class=\"dc-post-grid-card default-card post-summary\">\n\n\t\t<div class=\"dc-post-grid-card-inner post-summary-inner\">\n\t\t\t\t\t\t\t<div class=\"image-wrapper\">\n\t\t\t\t\t<img loading=\"lazy\" decoding=\"async\" width=\"683\" height=\"1024\" src=\"https:\/\/vindr.eu\/wp-content\/uploads\/2023\/11\/Marko-683x1024.jpg\" class=\"attachment-large size-large\" alt=\"\" \/>\t\t\t\t<\/div>\n\t\t\t\t\t\t<div class=\"content-wrapper\">\n\t\t\t\t<div class=\"content-hover-overlay\"><\/div>\n                                    <span class=\"post-date\">27. november 2023<\/span>\n                \t\t\t\t\t\t\t\t\t\t\t\t\t<h1 class=\"card-title\">Marko Viiding<\/h1>\n\t\t\t\t\t\t\t\t\t\t\t\t\t\t\t\t\t<a href=\"https:\/\/vindr.eu\/no\/stm_person\/marko-viiding\/\" class=\"link read-more-link\">\n\t\t\t\t\t\t<span class=\"screen-reader-text\">Les mer<\/span>\n\t\t\t\t\t<\/a>\n\t\t\t\t\t\t\t<\/div>\n\t\t<\/div>\n\t<\/article>\n<\/div>\n\n<div class=\"cell\">\n\t<article id=\"stm_person_1036\" class=\"dc-post-grid-card default-card post-summary\">\n\n\t\t<div class=\"dc-post-grid-card-inner post-summary-inner\">\n\t\t\t\t\t\t\t<div class=\"image-wrapper\">\n\t\t\t\t\t<img loading=\"lazy\" decoding=\"async\" width=\"683\" height=\"1024\" src=\"https:\/\/vindr.eu\/wp-content\/uploads\/2023\/11\/Gabriel-Gauthier-figure-683x1024.jpg\" class=\"attachment-large size-large\" alt=\"\" \/>\t\t\t\t<\/div>\n\t\t\t\t\t\t<div class=\"content-wrapper\">\n\t\t\t\t<div class=\"content-hover-overlay\"><\/div>\n                                    <span class=\"post-date\">22. november 2023<\/span>\n                \t\t\t\t\t\t\t\t\t\t\t\t\t<h1 class=\"card-title\">Gabriel Gauthier<\/h1>\n\t\t\t\t\t\t\t\t\t\t\t\t\t\t\t\t\t<a href=\"https:\/\/vindr.eu\/no\/stm_person\/gabriel-gauthier\/\" class=\"link read-more-link\">\n\t\t\t\t\t\t<span class=\"screen-reader-text\">Les mer<\/span>\n\t\t\t\t\t<\/a>\n\t\t\t\t\t\t\t<\/div>\n\t\t<\/div>\n\t<\/article>\n<\/div>\n\n<div class=\"cell\">\n\t<article id=\"stm_person_2051\" class=\"dc-post-grid-card default-card post-summary\">\n\n\t\t<div class=\"dc-post-grid-card-inner post-summary-inner\">\n\t\t\t\t\t\t\t<div class=\"image-wrapper\">\n\t\t\t\t\t<img loading=\"lazy\" decoding=\"async\" width=\"683\" height=\"1024\" src=\"https:\/\/vindr.eu\/wp-content\/uploads\/2024\/10\/Miguel-Escalada_figure-683x1024.jpg\" class=\"attachment-large size-large\" alt=\"\" \/>\t\t\t\t<\/div>\n\t\t\t\t\t\t<div class=\"content-wrapper\">\n\t\t\t\t<div class=\"content-hover-overlay\"><\/div>\n                                    <span class=\"post-date\">4. oktober 2024<\/span>\n                \t\t\t\t\t\t\t\t\t\t\t\t\t<h1 class=\"card-title\">Miguel Escalada Lopez-Ibor<\/h1>\n\t\t\t\t\t\t\t\t\t\t\t\t\t\t\t\t\t<a href=\"https:\/\/vindr.eu\/no\/stm_person\/miguel-escalada-lopez-ibor\/\" class=\"link read-more-link\">\n\t\t\t\t\t\t<span class=\"screen-reader-text\">Les mer<\/span>\n\t\t\t\t\t<\/a>\n\t\t\t\t\t\t\t<\/div>\n\t\t<\/div>\n\t<\/article>\n<\/div>\n\n<div class=\"cell\">\n\t<article id=\"stm_person_1044\" class=\"dc-post-grid-card default-card post-summary\">\n\n\t\t<div class=\"dc-post-grid-card-inner post-summary-inner\">\n\t\t\t\t\t\t\t<div class=\"image-wrapper\">\n\t\t\t\t\t<img loading=\"lazy\" decoding=\"async\" width=\"683\" height=\"1024\" src=\"https:\/\/vindr.eu\/wp-content\/uploads\/2023\/11\/Gregorie-de-Chammard_website-683x1024.jpg\" class=\"attachment-large size-large\" alt=\"\" \/>\t\t\t\t<\/div>\n\t\t\t\t\t\t<div class=\"content-wrapper\">\n\t\t\t\t<div class=\"content-hover-overlay\"><\/div>\n                                    <span class=\"post-date\">17. november 2023<\/span>\n                \t\t\t\t\t\t\t\t\t\t\t\t\t<h1 class=\"card-title\">Gr\u00e9goire de Chammard<\/h1>\n\t\t\t\t\t\t\t\t\t\t\t\t\t\t\t\t\t<a href=\"https:\/\/vindr.eu\/no\/stm_person\/gregoire-de-chammard\/\" class=\"link read-more-link\">\n\t\t\t\t\t\t<span class=\"screen-reader-text\">Les mer<\/span>\n\t\t\t\t\t<\/a>\n\t\t\t\t\t\t\t<\/div>\n\t\t<\/div>\n\t<\/article>\n<\/div>\n\n<div class=\"cell\">\n\t<article id=\"stm_person_1028\" class=\"dc-post-grid-card default-card post-summary\">\n\n\t\t<div class=\"dc-post-grid-card-inner post-summary-inner\">\n\t\t\t\t\t\t\t<div class=\"image-wrapper\">\n\t\t\t\t\t<img loading=\"lazy\" decoding=\"async\" width=\"683\" height=\"1024\" src=\"https:\/\/vindr.eu\/wp-content\/uploads\/2023\/11\/Oskar-Almen-683x1024.jpg\" class=\"attachment-large size-large\" alt=\"\" \/>\t\t\t\t<\/div>\n\t\t\t\t\t\t<div class=\"content-wrapper\">\n\t\t\t\t<div class=\"content-hover-overlay\"><\/div>\n                                    <span class=\"post-date\">22. november 2023<\/span>\n                \t\t\t\t\t\t\t\t\t\t\t\t\t<h1 class=\"card-title\">Oskar Almen<\/h1>\n\t\t\t\t\t\t\t\t\t\t\t\t\t\t\t\t\t<a href=\"https:\/\/vindr.eu\/no\/stm_person\/oskar-almen\/\" class=\"link read-more-link\">\n\t\t\t\t\t\t<span class=\"screen-reader-text\">Les mer<\/span>\n\t\t\t\t\t<\/a>\n\t\t\t\t\t\t\t<\/div>\n\t\t<\/div>\n\t<\/article>\n<\/div>\n\t\t\t\t\t\t\t\t\t\t\t\t\t\t\t\t\t\t<\/div>\n\t\t\t\t\t\t\t\t\t<\/div>\n\t\t\t\t\t\t\t\t\t\t\t\t\t\t\t<\/div>\n\t\t\t\t\t\t<\/div>\n\t\t\t\t\t\t\t\t\t\t<\/noscript>\n\t\t\t\t\t\t\t\t\t\t\t\t<\/div>\n\t\t<\/div>\n\t<\/div>\n<\/div>\n<\/section>\n\n\n\n<section id=\"acf-image-block_f49d53c1b76555915e73565d19c63b55\"class=\"block-section image  rounded-corners show-top-bar-theme-dark wp-block-acf-image\">\n            <div class=\"block-section-wrapper \">\n            <img decoding=\"async\" src=\"https:\/\/vindr.eu\/wp-content\/uploads\/2024\/10\/board-group_color-2-scaled.jpg\" alt=\" \" class=\" rounded-corners\">\n        <\/div>\n    <\/section>\n\n\n\n<section id=\"acf-banner-block_f7f7903fbda5177c2c7886118b729265\"class=\"block-section banner has-background has-title show-top-bar-theme-light wp-block-acf-banner\" data-scroll-container>\n\t\t\t<figure class=\"banner__bg\">\n\t\t\t<img loading=\"lazy\" decoding=\"async\" width=\"2048\" height=\"1365\" src=\"https:\/\/vindr.eu\/wp-content\/uploads\/2023\/11\/Board_contact_landscape-1-scaled.jpg\" class=\"attachment-full size-full\" alt=\"\" srcset=\"https:\/\/vindr.eu\/wp-content\/uploads\/2023\/11\/Board_contact_landscape-1-scaled.jpg 2048w, https:\/\/vindr.eu\/wp-content\/uploads\/2023\/11\/Board_contact_landscape-1-300x200.jpg 300w, https:\/\/vindr.eu\/wp-content\/uploads\/2023\/11\/Board_contact_landscape-1-768x512.jpg 768w, https:\/\/vindr.eu\/wp-content\/uploads\/2023\/11\/Board_contact_landscape-1-1024x683.jpg 1024w, https:\/\/vindr.eu\/wp-content\/uploads\/2023\/11\/Board_contact_landscape-1-1536x1024.jpg 1536w, https:\/\/vindr.eu\/wp-content\/uploads\/2023\/11\/Board_contact_landscape-1-502x335.jpg 502w, https:\/\/vindr.eu\/wp-content\/uploads\/2023\/11\/Board_contact_landscape-1-1200x800.jpg 1200w\" sizes=\"auto, (max-width: 2048px) 100vw, 2048px\" \/>\t\t<\/figure>\n\t\t<div class=\"block-section-wrapper element-width--content\" data-scroll data-scroll-call=\"vindrOnBannerScroll\">\n\t\t<div class=\"banner__content\">\n\t\t\t\t\t\t\t<h2 class=\"heading-size-large\">Ikke n\u00f8l med \u00e5 ta kontakt!<\/h2>\n\t\t\t\t<div class=\"text-size-medium\">\n\t\t\t\t\t\t\t\t\t\t\t\t\t<\/div>\n\t\t\t\t\t\t<a href=\"https:\/\/vindr.eu\/no\/kontakt\/\" id=\"\" class=\"stm-button--has-title stm-button stm-button--type-default stm-button-light\"  target=\"_self\" title=\"\"> <span class=\"text\">Kontakt oss<\/span>  <\/a>\t\t<\/div>\n\t<\/div>\n<\/section>\n","protected":false},"excerpt":{"rendered":"","protected":false},"author":1,"featured_media":2032,"parent":890,"menu_order":2,"comment_status":"closed","ping_status":"closed","template":"","meta":{"_acf_changed":false,"inline_featured_image":false,"footnotes":""},"class_list":["post-907","page","type-page","status-publish","has-post-thumbnail","hentry"],"acf":[],"_links":{"self":[{"href":"https:\/\/vindr.eu\/no\/wp-json\/wp\/v2\/pages\/907","targetHints":{"allow":["GET"]}}],"collection":[{"href":"https:\/\/vindr.eu\/no\/wp-json\/wp\/v2\/pages"}],"about":[{"href":"https:\/\/vindr.eu\/no\/wp-json\/wp\/v2\/types\/page"}],"author":[{"embeddable":true,"href":"https:\/\/vindr.eu\/no\/wp-json\/wp\/v2\/users\/1"}],"replies":[{"embeddable":true,"href":"https:\/\/vindr.eu\/no\/wp-json\/wp\/v2\/comments?post=907"}],"version-history":[{"count":3,"href":"https:\/\/vindr.eu\/no\/wp-json\/wp\/v2\/pages\/907\/revisions"}],"predecessor-version":[{"id":8292,"href":"https:\/\/vindr.eu\/no\/wp-json\/wp\/v2\/pages\/907\/revisions\/8292"}],"up":[{"embeddable":true,"href":"https:\/\/vindr.eu\/no\/wp-json\/wp\/v2\/pages\/890"}],"wp:featuredmedia":[{"embeddable":true,"href":"https:\/\/vindr.eu\/no\/wp-json\/wp\/v2\/media\/2032"}],"wp:attachment":[{"href":"https:\/\/vindr.eu\/no\/wp-json\/wp\/v2\/media?parent=907"}],"curies":[{"name":"wp","href":"https:\/\/api.w.org\/{rel}","templated":true}]}}