{"id":903,"date":"2023-10-27T14:19:55","date_gmt":"2023-10-27T14:19:55","guid":{"rendered":"https:\/\/vindr.wpenginepowered.com\/?page_id=903"},"modified":"2026-03-30T11:40:48","modified_gmt":"2026-03-30T11:40:48","slug":"grunnleggere","status":"publish","type":"page","link":"https:\/\/vindr.eu\/no\/om-vindr\/grunnleggere\/","title":{"rendered":"Grunnleggere"},"content":{"rendered":"\n<section id=\"acf-hero-subpage-block_d851ea702535e39ac3cdd3f60639f87b\"class=\"block-section hero-subpage has-background waiting-to-animate show-top-bar-theme-light-dark wp-block-acf-hero-subpage\">\n\t<figure class=\"hero-subpage__bg\">\n\t\t<img loading=\"lazy\" decoding=\"async\" width=\"2048\" height=\"1365\" src=\"https:\/\/vindr.eu\/wp-content\/uploads\/2023\/11\/Founders_website-scaled.jpg\" class=\"attachment-full size-full\" alt=\"\" sizes=\"auto, (max-width: 999px) 100vw, 60vw\" srcset=\"https:\/\/vindr.eu\/wp-content\/uploads\/2023\/11\/Founders_website-scaled.jpg 2048w, https:\/\/vindr.eu\/wp-content\/uploads\/2023\/11\/Founders_website-300x200.jpg 300w, https:\/\/vindr.eu\/wp-content\/uploads\/2023\/11\/Founders_website-768x512.jpg 768w, https:\/\/vindr.eu\/wp-content\/uploads\/2023\/11\/Founders_website-1024x683.jpg 1024w, https:\/\/vindr.eu\/wp-content\/uploads\/2023\/11\/Founders_website-1536x1024.jpg 1536w, https:\/\/vindr.eu\/wp-content\/uploads\/2023\/11\/Founders_website-502x335.jpg 502w, https:\/\/vindr.eu\/wp-content\/uploads\/2023\/11\/Founders_website-1200x800.jpg 1200w\" \/>\t<\/figure>\n\t<div class=\"block-section-wrapper element-width--full\">\n\t\t<div class=\"hero-subpage__content\">\n\t\t\t\t\t\t\t<h1 class=\"hero-subpage__title heading-size-large\">Grunnleggere<\/h1>\n\t\t\t\t\t\t\t\t\t\t<div class=\"text-size-medium\">\n\t\t\t\t\t<p>Vindr ble grunnlagt i 2019 av Camilla Anderson og Jan-Olav \u00d8derud, og senere ble Marko Viidig med for \u00e5 etablere selskapet i Baltikum. De har g\u00e5tt sammen for \u00e5 bygge en ledende fornybar energiakt\u00f8r i Nord-Europa. H\u00f8r mer om deres fortelling om Vindr her:<\/p>\n<p>&nbsp;<\/p>\n\t\t\t\t<\/div>\n\t\t\t\t\t<\/div>\n\t<\/div>\n<\/section>\n\n\n<section id=\"acf-wysiwyg-block_55c4a4f4d20469aea826b651bb91ba11\"class=\"block-section wysiwyg show-top-bar-theme-dark wp-block-acf-wysiwyg\">\n\t<div class=\"block-section-wrapper element-width--wide\">\n\t\t\t<\/div>\n<\/section>\n\n\n\n<section  id=\"acf-video-block_98e05ef8c7146de6f0be369244f214c7\"class=\"block-section video has-plyr-video-player  full-width-video has-background no-padding show-top-bar-theme-light wp-block-acf-video\">\n\t<img loading=\"lazy\" decoding=\"async\" width=\"1920\" height=\"1080\" src=\"https:\/\/vindr.eu\/wp-content\/uploads\/2023\/11\/video-still-founders-compressed.jpg\" class=\"attachment-full size-full\" alt=\"\" srcset=\"https:\/\/vindr.eu\/wp-content\/uploads\/2023\/11\/video-still-founders-compressed.jpg 1920w, https:\/\/vindr.eu\/wp-content\/uploads\/2023\/11\/video-still-founders-compressed-300x169.jpg 300w, https:\/\/vindr.eu\/wp-content\/uploads\/2023\/11\/video-still-founders-compressed-768x432.jpg 768w, https:\/\/vindr.eu\/wp-content\/uploads\/2023\/11\/video-still-founders-compressed-1024x576.jpg 1024w, https:\/\/vindr.eu\/wp-content\/uploads\/2023\/11\/video-still-founders-compressed-1536x864.jpg 1536w, https:\/\/vindr.eu\/wp-content\/uploads\/2023\/11\/video-still-founders-compressed-502x282.jpg 502w, https:\/\/vindr.eu\/wp-content\/uploads\/2023\/11\/video-still-founders-compressed-1422x800.jpg 1422w\" sizes=\"auto, (max-width: 1920px) 100vw, 1920px\" \/>\t<button id=\"video-play-block_98e05ef8c7146de6f0be369244f214c7\" class=\"play\" aria-controls=\"video-overlay-block_98e05ef8c7146de6f0be369244f214c7\" data-target-overlay=\"video-overlay-block_98e05ef8c7146de6f0be369244f214c7\" aria-expanded=\"false\">\n\t\t<span class=\"screen-reader-text\">Play<\/span>\n\t<\/button>\n\t<div id=\"video-overlay-block_98e05ef8c7146de6f0be369244f214c7\" class=\"plyr-video-overlay\" aria-hidden=\"true\" aria-controlledby=\"video-play-block_98e05ef8c7146de6f0be369244f214c7\">\n\t\t<div class=\"plyr-video-wrapper\">\n\t\t\t<button class=\"close\" data-play-button-id=\"video-play-block_98e05ef8c7146de6f0be369244f214c7\">\n\t\t\t\t<span class=\"screen-reader-text\">Play<\/span>\n\t\t\t\t<i class=\"icon-close\"><\/i>\n\t\t\t<\/button>\n\n\t\t\t<video class=\"plyr-player\" id=\"69d91d37bd48c\"><\/video>\t\t\t\n<div class=\"cookieconsent-optout-text\">\n\t<p>A video was hidden because it requires all cookie categories to be accepted to view. Please <a href=\"javascript:Cookiebot.renew()\">click here<\/a> to update your cookie preferences to watch this video.<\/p>\n<\/div>\t\t<\/div>\n\t<\/div>\n<\/section>\n\n\n<section id=\"acf-wysiwyg-block_55c4a4f4d20469aea826b651bb91ba11\"class=\"block-section wysiwyg show-top-bar-theme-dark wp-block-acf-wysiwyg\">\n\t<div class=\"block-section-wrapper element-width--wide\">\n\t\t\t<\/div>\n<\/section>\n\n\n\n<section id=\"acf-banner-block_373e38328ac072ae217713f255e4fa85\"class=\"block-section banner has-background has-title show-top-bar-theme-light wp-block-acf-banner\" data-scroll-container>\n\t\t\t<figure class=\"banner__bg\">\n\t\t\t<img loading=\"lazy\" decoding=\"async\" width=\"2048\" height=\"1365\" src=\"https:\/\/vindr.eu\/wp-content\/uploads\/2023\/11\/ESG_landscape_contact-scaled.jpg\" class=\"attachment-full size-full\" alt=\"\" srcset=\"https:\/\/vindr.eu\/wp-content\/uploads\/2023\/11\/ESG_landscape_contact-scaled.jpg 2048w, https:\/\/vindr.eu\/wp-content\/uploads\/2023\/11\/ESG_landscape_contact-300x200.jpg 300w, https:\/\/vindr.eu\/wp-content\/uploads\/2023\/11\/ESG_landscape_contact-768x512.jpg 768w, https:\/\/vindr.eu\/wp-content\/uploads\/2023\/11\/ESG_landscape_contact-1024x683.jpg 1024w, https:\/\/vindr.eu\/wp-content\/uploads\/2023\/11\/ESG_landscape_contact-1536x1024.jpg 1536w, https:\/\/vindr.eu\/wp-content\/uploads\/2023\/11\/ESG_landscape_contact-502x335.jpg 502w, https:\/\/vindr.eu\/wp-content\/uploads\/2023\/11\/ESG_landscape_contact-1200x800.jpg 1200w\" sizes=\"auto, (max-width: 2048px) 100vw, 2048px\" \/>\t\t<\/figure>\n\t\t<div class=\"block-section-wrapper element-width--content\" data-scroll data-scroll-call=\"vindrOnBannerScroll\">\n\t\t<div class=\"banner__content\">\n\t\t\t\t\t\t\t<h2 class=\"heading-size-large\">Ikke n\u00f8l med \u00e5 ta kontakt!<\/h2>\n\t\t\t\t<div class=\"text-size-medium\">\n\t\t\t\t\t\t\t\t\t\t\t\t\t<\/div>\n\t\t\t\t\t\t<a href=\"https:\/\/vindr.eu\/no\/kontakt\/\" id=\"\" class=\"stm-button--has-title stm-button stm-button--type-default stm-button-light\"  target=\"_self\" title=\"\"> <span class=\"text\">Kontakt oss<\/span>  <\/a>\t\t<\/div>\n\t<\/div>\n<\/section>\n","protected":false},"excerpt":{"rendered":"","protected":false},"author":1,"featured_media":0,"parent":890,"menu_order":1,"comment_status":"closed","ping_status":"closed","template":"","meta":{"_acf_changed":false,"inline_featured_image":false,"footnotes":""},"class_list":["post-903","page","type-page","status-publish","hentry"],"acf":[],"_links":{"self":[{"href":"https:\/\/vindr.eu\/no\/wp-json\/wp\/v2\/pages\/903","targetHints":{"allow":["GET"]}}],"collection":[{"href":"https:\/\/vindr.eu\/no\/wp-json\/wp\/v2\/pages"}],"about":[{"href":"https:\/\/vindr.eu\/no\/wp-json\/wp\/v2\/types\/page"}],"author":[{"embeddable":true,"href":"https:\/\/vindr.eu\/no\/wp-json\/wp\/v2\/users\/1"}],"replies":[{"embeddable":true,"href":"https:\/\/vindr.eu\/no\/wp-json\/wp\/v2\/comments?post=903"}],"version-history":[{"count":2,"href":"https:\/\/vindr.eu\/no\/wp-json\/wp\/v2\/pages\/903\/revisions"}],"predecessor-version":[{"id":8279,"href":"https:\/\/vindr.eu\/no\/wp-json\/wp\/v2\/pages\/903\/revisions\/8279"}],"up":[{"embeddable":true,"href":"https:\/\/vindr.eu\/no\/wp-json\/wp\/v2\/pages\/890"}],"wp:attachment":[{"href":"https:\/\/vindr.eu\/no\/wp-json\/wp\/v2\/media?parent=903"}],"curies":[{"name":"wp","href":"https:\/\/api.w.org\/{rel}","templated":true}]}}