{"id":899,"date":"2023-10-24T17:15:09","date_gmt":"2023-10-24T17:15:09","guid":{"rendered":"https:\/\/vindr.wpenginepowered.com\/?page_id=899"},"modified":"2025-02-26T08:45:34","modified_gmt":"2025-02-26T08:45:34","slug":"eiere","status":"publish","type":"page","link":"https:\/\/vindr.eu\/no\/om-vindr\/eiere\/","title":{"rendered":"Eiere"},"content":{"rendered":"\n<section id=\"acf-hero-subpage-block_afea870c518c7cbba5525d84a665f28d\"class=\"block-section hero-subpage has-background waiting-to-animate show-top-bar-theme-light-dark wp-block-acf-hero-subpage\">\n\t<figure class=\"hero-subpage__bg\">\n\t\t<img loading=\"lazy\" decoding=\"async\" width=\"1920\" height=\"1280\" src=\"https:\/\/vindr.eu\/wp-content\/uploads\/2023\/11\/sam-cumming-vD_8vGGvwoY-unsplash.jpg\" class=\"attachment-full size-full\" alt=\"\" sizes=\"auto, (max-width: 999px) 100vw, 60vw\" srcset=\"https:\/\/vindr.eu\/wp-content\/uploads\/2023\/11\/sam-cumming-vD_8vGGvwoY-unsplash.jpg 1920w, https:\/\/vindr.eu\/wp-content\/uploads\/2023\/11\/sam-cumming-vD_8vGGvwoY-unsplash-300x200.jpg 300w, https:\/\/vindr.eu\/wp-content\/uploads\/2023\/11\/sam-cumming-vD_8vGGvwoY-unsplash-768x512.jpg 768w, https:\/\/vindr.eu\/wp-content\/uploads\/2023\/11\/sam-cumming-vD_8vGGvwoY-unsplash-1024x683.jpg 1024w, https:\/\/vindr.eu\/wp-content\/uploads\/2023\/11\/sam-cumming-vD_8vGGvwoY-unsplash-1536x1024.jpg 1536w, https:\/\/vindr.eu\/wp-content\/uploads\/2023\/11\/sam-cumming-vD_8vGGvwoY-unsplash-502x335.jpg 502w, https:\/\/vindr.eu\/wp-content\/uploads\/2023\/11\/sam-cumming-vD_8vGGvwoY-unsplash-1200x800.jpg 1200w\" \/>\t<\/figure>\n\t<div class=\"block-section-wrapper element-width--full\">\n\t\t<div class=\"hero-subpage__content\">\n\t\t\t\t\t\t\t<h1 class=\"hero-subpage__title heading-size-large\">Eiere<\/h1>\n\t\t\t\t\t\t\t\t\t\t<div class=\"text-size-medium\">\n\t\t\t\t\t<p>For VINDR var det essensielt \u00e5 finne en partner med et selskap som kunne bidra med teknisk kompetanse for \u00e5 kunne vokse p\u00e5 en b\u00e6rekraftig m\u00e5te, men ogs\u00e5 forst\u00e5 behovet for \u00e5 tilpasse seg den unike kulturen i Nord-Europa. InfraVia har v\u00e6rt en viktig del av Vindrs reise, med n\u00f8kkelbidragsytere som <strong>Charlotte Marchand<\/strong>, Investment Manager i <strong>InfraVia.<\/strong><\/p>\n\t\t\t\t<\/div>\n\t\t\t\t\t<\/div>\n\t<\/div>\n<\/section>\n\n\n<section id=\"acf-wysiwyg-block_cff20a0bdc806fc1d19c22737b20b907\"class=\"block-section wysiwyg show-top-bar-theme-dark wp-block-acf-wysiwyg\">\n\t<div class=\"block-section-wrapper element-width--wide\">\n\t\t\t<\/div>\n<\/section>\n\n\n\n<section  id=\"acf-video-block_333b2eb1723294ad3a6f88f30b3abdd6\"class=\"block-section video has-plyr-video-player  full-width-video has-background no-padding show-top-bar-theme-light wp-block-acf-video\">\n\t<img loading=\"lazy\" decoding=\"async\" width=\"1920\" height=\"1080\" src=\"https:\/\/vindr.eu\/wp-content\/uploads\/2023\/11\/video-still-owners-compressed.jpg\" class=\"attachment-full size-full\" alt=\"\" srcset=\"https:\/\/vindr.eu\/wp-content\/uploads\/2023\/11\/video-still-owners-compressed.jpg 1920w, https:\/\/vindr.eu\/wp-content\/uploads\/2023\/11\/video-still-owners-compressed-300x169.jpg 300w, https:\/\/vindr.eu\/wp-content\/uploads\/2023\/11\/video-still-owners-compressed-768x432.jpg 768w, https:\/\/vindr.eu\/wp-content\/uploads\/2023\/11\/video-still-owners-compressed-1024x576.jpg 1024w, https:\/\/vindr.eu\/wp-content\/uploads\/2023\/11\/video-still-owners-compressed-1536x864.jpg 1536w, https:\/\/vindr.eu\/wp-content\/uploads\/2023\/11\/video-still-owners-compressed-502x282.jpg 502w, https:\/\/vindr.eu\/wp-content\/uploads\/2023\/11\/video-still-owners-compressed-1422x800.jpg 1422w\" sizes=\"auto, (max-width: 1920px) 100vw, 1920px\" \/>\t<button id=\"video-play-block_333b2eb1723294ad3a6f88f30b3abdd6\" class=\"play\" aria-controls=\"video-overlay-block_333b2eb1723294ad3a6f88f30b3abdd6\" data-target-overlay=\"video-overlay-block_333b2eb1723294ad3a6f88f30b3abdd6\" aria-expanded=\"false\">\n\t\t<span class=\"screen-reader-text\">Play<\/span>\n\t<\/button>\n\t<div id=\"video-overlay-block_333b2eb1723294ad3a6f88f30b3abdd6\" class=\"plyr-video-overlay\" aria-hidden=\"true\" aria-controlledby=\"video-play-block_333b2eb1723294ad3a6f88f30b3abdd6\">\n\t\t<div class=\"plyr-video-wrapper\">\n\t\t\t<button class=\"close\" data-play-button-id=\"video-play-block_333b2eb1723294ad3a6f88f30b3abdd6\">\n\t\t\t\t<span class=\"screen-reader-text\">Play<\/span>\n\t\t\t\t<i class=\"icon-close\"><\/i>\n\t\t\t<\/button>\n\n\t\t\t<video class=\"plyr-player\" id=\"69f37a4fa6f95\"><\/video>\t\t\t\n<div class=\"cookieconsent-optout-text\">\n\t<p>A video was hidden because it requires all cookie categories to be accepted to view. Please <a href=\"javascript:Cookiebot.renew()\">click here<\/a> to update your cookie preferences to watch this video.<\/p>\n<\/div>\t\t<\/div>\n\t<\/div>\n<\/section>\n\n\n\n<section id=\"acf-featured-text-block_3e07c9ce209798dd472cddcadb7b820f\"class=\"block-section featured-text text-based-block show-top-bar-theme-dark wp-block-acf-featured-text\">\n\t<div class=\"block-section-wrapper element-width--content\">\n\t\t<div class=\"text\">\n\t\t\t<p>InfraVia er Vindrs majoritetseier og partner p\u00e5 reisen for \u00e5 bygge en ledende fornybar energiprodusent i Nord-Europa. Siden 2008 har InfraVia mobilisert \u20ac10bn i kapital og invistert i over 50 selskaper i 13 land i Europa.<\/p>\n<p>&nbsp;<\/p>\n\t\t\t\t\t<\/div>\n\t<\/div>\n<\/section>\n\n\n<section id=\"acf-wysiwyg-block_58d1b8843dc5217f839f470dc0fe963d\"class=\"block-section wysiwyg show-top-bar-theme-dark wp-block-acf-wysiwyg\">\n\t<div class=\"block-section-wrapper element-width--wide\">\n\t\t<p>For mer informasjon om Vindrs styre, les mer her:<\/p>\n<a href=\"https:\/\/vindr.eu\/no\/om-vindr\/styret\/\" id=\"\" class=\"stm-button--has-title stm-button stm-button--type-default\" data-test=\"test\" target=\"_self\" title=\"\"> <span class=\"text\">Styre<\/span>  <\/a>\t<\/div>\n<\/section>\n\n\n\n<section id=\"acf-banner-block_a657f4944f0f3ca05b89c9d1e1905116\"class=\"block-section banner has-background has-title show-top-bar-theme-light wp-block-acf-banner\" data-scroll-container>\n\t\t\t<figure class=\"banner__bg\">\n\t\t\t<img loading=\"lazy\" decoding=\"async\" width=\"2048\" height=\"956\" src=\"https:\/\/vindr.eu\/wp-content\/uploads\/2023\/11\/2020-11-27-10-10-56-scaled.jpg\" class=\"attachment-full size-full\" alt=\"\" srcset=\"https:\/\/vindr.eu\/wp-content\/uploads\/2023\/11\/2020-11-27-10-10-56-scaled.jpg 2048w, https:\/\/vindr.eu\/wp-content\/uploads\/2023\/11\/2020-11-27-10-10-56-300x140.jpg 300w, https:\/\/vindr.eu\/wp-content\/uploads\/2023\/11\/2020-11-27-10-10-56-768x359.jpg 768w, https:\/\/vindr.eu\/wp-content\/uploads\/2023\/11\/2020-11-27-10-10-56-1024x478.jpg 1024w, https:\/\/vindr.eu\/wp-content\/uploads\/2023\/11\/2020-11-27-10-10-56-1536x717.jpg 1536w, https:\/\/vindr.eu\/wp-content\/uploads\/2023\/11\/2020-11-27-10-10-56-502x234.jpg 502w, https:\/\/vindr.eu\/wp-content\/uploads\/2023\/11\/2020-11-27-10-10-56-1600x747.jpg 1600w\" sizes=\"auto, (max-width: 2048px) 100vw, 2048px\" \/>\t\t<\/figure>\n\t\t<div class=\"block-section-wrapper element-width--content\" data-scroll data-scroll-call=\"vindrOnBannerScroll\">\n\t\t<div class=\"banner__content\">\n\t\t\t\t\t\t\t<h2 class=\"heading-size-large\">Ikke n\u00f8l med \u00e5 ta kontakt!<\/h2>\n\t\t\t\t<div class=\"text-size-medium\">\n\t\t\t\t\t\t\t\t\t\t\t\t\t<\/div>\n\t\t\t\t\t\t<a href=\"https:\/\/vindr.eu\/no\/kontakt\/\" id=\"\" class=\"stm-button--has-title stm-button stm-button--type-default stm-button-light\"  target=\"_self\" title=\"\"> <span class=\"text\">Les mer<\/span>  <\/a>\t\t<\/div>\n\t<\/div>\n<\/section>\n","protected":false},"excerpt":{"rendered":"","protected":false},"author":1,"featured_media":0,"parent":890,"menu_order":0,"comment_status":"closed","ping_status":"closed","template":"","meta":{"_acf_changed":false,"inline_featured_image":false,"footnotes":""},"class_list":["post-899","page","type-page","status-publish","hentry"],"acf":[],"_links":{"self":[{"href":"https:\/\/vindr.eu\/no\/wp-json\/wp\/v2\/pages\/899","targetHints":{"allow":["GET"]}}],"collection":[{"href":"https:\/\/vindr.eu\/no\/wp-json\/wp\/v2\/pages"}],"about":[{"href":"https:\/\/vindr.eu\/no\/wp-json\/wp\/v2\/types\/page"}],"author":[{"embeddable":true,"href":"https:\/\/vindr.eu\/no\/wp-json\/wp\/v2\/users\/1"}],"replies":[{"embeddable":true,"href":"https:\/\/vindr.eu\/no\/wp-json\/wp\/v2\/comments?post=899"}],"version-history":[{"count":0,"href":"https:\/\/vindr.eu\/no\/wp-json\/wp\/v2\/pages\/899\/revisions"}],"up":[{"embeddable":true,"href":"https:\/\/vindr.eu\/no\/wp-json\/wp\/v2\/pages\/890"}],"wp:attachment":[{"href":"https:\/\/vindr.eu\/no\/wp-json\/wp\/v2\/media?parent=899"}],"curies":[{"name":"wp","href":"https:\/\/api.w.org\/{rel}","templated":true}]}}