{"id":890,"date":"2023-10-05T14:47:07","date_gmt":"2023-10-05T14:47:07","guid":{"rendered":"https:\/\/vindr.wpenginepowered.com\/?page_id=890"},"modified":"2026-03-30T11:41:19","modified_gmt":"2026-03-30T11:41:19","slug":"om-vindr","status":"publish","type":"page","link":"https:\/\/vindr.eu\/no\/om-vindr\/","title":{"rendered":"Om Vindr"},"content":{"rendered":"\n<section id=\"acf-hero-subpage-block_85176be8f9bcb44be9dd1f821442122a\"class=\"block-section hero-subpage has-background waiting-to-animate show-top-bar-theme-light-dark wp-block-acf-hero-subpage\">\n\t<figure class=\"hero-subpage__bg\">\n\t\t<img loading=\"lazy\" decoding=\"async\" width=\"2048\" height=\"1151\" src=\"https:\/\/vindr.eu\/wp-content\/uploads\/2023\/11\/Bjorkvattnet-BG-1-1-scaled.jpg\" class=\"attachment-full size-full\" alt=\"\" sizes=\"auto, (max-width: 999px) 100vw, 60vw\" srcset=\"https:\/\/vindr.eu\/wp-content\/uploads\/2023\/11\/Bjorkvattnet-BG-1-1-scaled.jpg 2048w, https:\/\/vindr.eu\/wp-content\/uploads\/2023\/11\/Bjorkvattnet-BG-1-1-300x169.jpg 300w, https:\/\/vindr.eu\/wp-content\/uploads\/2023\/11\/Bjorkvattnet-BG-1-1-768x432.jpg 768w, https:\/\/vindr.eu\/wp-content\/uploads\/2023\/11\/Bjorkvattnet-BG-1-1-1024x576.jpg 1024w, https:\/\/vindr.eu\/wp-content\/uploads\/2023\/11\/Bjorkvattnet-BG-1-1-1536x863.jpg 1536w, https:\/\/vindr.eu\/wp-content\/uploads\/2023\/11\/Bjorkvattnet-BG-1-1-502x282.jpg 502w, https:\/\/vindr.eu\/wp-content\/uploads\/2023\/11\/Bjorkvattnet-BG-1-1-1423x800.jpg 1423w\" \/>\t<\/figure>\n\t<div class=\"block-section-wrapper element-width--full\">\n\t\t<div class=\"hero-subpage__content\">\n\t\t\t\t\t\t\t<h1 class=\"hero-subpage__title heading-size-large\">Om Vindr<\/h1>\n\t\t\t\t\t\t\t\t\t\t<div class=\"text-size-medium\">\n\t\t\t\t\t<p><span data-teams=\"true\">Vindr er langsiktig akt\u00f8r<\/span>\u00a0med m\u00e5l om \u00e5 levere mer kraft og\u00a0<strong>skape varig merverdi for lokalsamfunn.\u00a0<\/strong>Vi \u00f8nsker at v\u00e5re prosjekter skal bidra til utvikling lokalt, og bygge kraftproduksjon n\u00e6rt forbruk med redusert p\u00e5virking p\u00e5 natur.<\/p>\n<p>&nbsp;<\/p>\n\t\t\t\t<\/div>\n\t\t\t\t\t<\/div>\n\t<\/div>\n<\/section>\n\n\n\n<section id=\"acf-text-column-single-block_21bd9035ac06a3cea6d405acb5955fee\"class=\"block-section text-column-single text-based-block show-top-bar-theme-dark wp-block-acf-text-column-single\">\n\t<div class=\"block-section-wrapper element-width--wide\">\n\t\t<div class=\"text-column-single__content use-copy-text-styles\">\n\t\t\t\t\t\t\t<h1 class=\"heading-size-normal\">Vindr<\/h1>\n\t\t\t\t\t\t<p class=\"font-claude-response-body break-words whitespace-normal leading-[1.7]\">Vindr er et norsk fornybarselskap som utvikler og bygger kraftverk n\u00e6rt der behovet for mer energi er st\u00f8rst.\u00a0I dag er vi til stede i fire land, med et erfarent team som kjenner bransjen, regelverket og lokalsamfunnene vi jobber i.<\/p>\n<p class=\"font-claude-response-body break-words whitespace-normal leading-[1.7]\">M\u00e5let v\u00e5rt er \u00e5 bidra til energiomstillingen ved \u00e5 realisere prosjekter som gir mer kraft og skaper reell verdi lokalt. Vi tar ansvar i alle faser av utviklingen og er en p\u00e5litelig partner for grunneiere, kommuner og samarbeidspartnere.<\/p>\n<p class=\"font-claude-response-body break-words whitespace-normal leading-[1.7]\">Vindr er eid av infrastrukturfondet InfraVia, som gir oss finansiell styrke til \u00e5 satse stort og levere p\u00e5 ambisjonene v\u00e5re.<\/p>\n\t\t<\/div>\n\t<\/div>\n<\/section>\n\n\n\n<section  id=\"acf-video-block_fe3460c6ade97724effa812982154806\"class=\"block-section video has-plyr-video-player  full-width-video has-background no-padding show-top-bar-theme-dark wp-block-acf-video\">\n\t<img loading=\"lazy\" decoding=\"async\" width=\"2048\" height=\"1365\" src=\"https:\/\/vindr.eu\/wp-content\/uploads\/2024\/01\/Winter_turbines_bigfile-scaled.jpg\" class=\"attachment-full size-full\" alt=\"\" srcset=\"https:\/\/vindr.eu\/wp-content\/uploads\/2024\/01\/Winter_turbines_bigfile-scaled.jpg 2048w, https:\/\/vindr.eu\/wp-content\/uploads\/2024\/01\/Winter_turbines_bigfile-300x200.jpg 300w, https:\/\/vindr.eu\/wp-content\/uploads\/2024\/01\/Winter_turbines_bigfile-1024x683.jpg 1024w, https:\/\/vindr.eu\/wp-content\/uploads\/2024\/01\/Winter_turbines_bigfile-768x512.jpg 768w, https:\/\/vindr.eu\/wp-content\/uploads\/2024\/01\/Winter_turbines_bigfile-1536x1024.jpg 1536w, https:\/\/vindr.eu\/wp-content\/uploads\/2024\/01\/Winter_turbines_bigfile-502x335.jpg 502w\" sizes=\"auto, (max-width: 2048px) 100vw, 2048px\" \/>\t<button id=\"video-play-block_fe3460c6ade97724effa812982154806\" class=\"play\" aria-controls=\"video-overlay-block_fe3460c6ade97724effa812982154806\" data-target-overlay=\"video-overlay-block_fe3460c6ade97724effa812982154806\" aria-expanded=\"false\">\n\t\t<span class=\"screen-reader-text\">Play<\/span>\n\t<\/button>\n\t<div id=\"video-overlay-block_fe3460c6ade97724effa812982154806\" class=\"plyr-video-overlay\" aria-hidden=\"true\" aria-controlledby=\"video-play-block_fe3460c6ade97724effa812982154806\">\n\t\t<div class=\"plyr-video-wrapper\">\n\t\t\t<button class=\"close\" data-play-button-id=\"video-play-block_fe3460c6ade97724effa812982154806\">\n\t\t\t\t<span class=\"screen-reader-text\">Play<\/span>\n\t\t\t\t<i class=\"icon-close\"><\/i>\n\t\t\t<\/button>\n\n\t\t\t<video class=\"plyr-player\" id=\"69e2323c0754b\"><\/video>\t\t\t\n<div class=\"cookieconsent-optout-text\">\n\t<p>A video was hidden because it requires all cookie categories to be accepted to view. Please <a href=\"javascript:Cookiebot.renew()\">click here<\/a> to update your cookie preferences to watch this video.<\/p>\n<\/div>\t\t<\/div>\n\t<\/div>\n<\/section>\n\n\n\n<section id=\"acf-text-media-block_af27834741f07f3c36364696a53e622a\"class=\"block-section text-media image-align-right show-top-bar-theme-dark wp-block-acf-text-media has-background has-light-blue-background-color\">\n\t<div class=\"block-section-wrapper element-width--wide\">\n\t\t<div class=\"text-media__image\">\n\t\t\t<figure class=\"text-media__image-inner\">\n\t\t\t\t<img loading=\"lazy\" decoding=\"async\" width=\"2048\" height=\"1152\" src=\"https:\/\/vindr.eu\/wp-content\/uploads\/2025\/09\/iStock-1396266461-scaled-e1757922584545.jpg\" class=\"attachment-full size-full\" alt=\"\" srcset=\"https:\/\/vindr.eu\/wp-content\/uploads\/2025\/09\/iStock-1396266461-scaled-e1757922584545.jpg 2048w, https:\/\/vindr.eu\/wp-content\/uploads\/2025\/09\/iStock-1396266461-scaled-e1757922584545-300x169.jpg 300w, https:\/\/vindr.eu\/wp-content\/uploads\/2025\/09\/iStock-1396266461-scaled-e1757922584545-1024x576.jpg 1024w, https:\/\/vindr.eu\/wp-content\/uploads\/2025\/09\/iStock-1396266461-scaled-e1757922584545-768x432.jpg 768w, https:\/\/vindr.eu\/wp-content\/uploads\/2025\/09\/iStock-1396266461-scaled-e1757922584545-1536x864.jpg 1536w, https:\/\/vindr.eu\/wp-content\/uploads\/2025\/09\/iStock-1396266461-scaled-e1757922584545-502x282.jpg 502w\" sizes=\"auto, (max-width: 2048px) 100vw, 2048px\" \/>\t\t\t<\/figure>\n\t\t<\/div>\n\t\t<div class=\"text-media__content use-copy-text-styles\">\n\t\t\t\t\t\t\t<h1 class=\"title\">V\u00e5re prosjekter<\/h1>\n\t\t\t\t\t\t<p>Les mer om v\u00e5re prosjekter her<\/p>\n<p>&nbsp;<\/p>\n\t\t\t<a href=\"https:\/\/vindr.eu\/no\/vare-prosjekter\/\" id=\"\" class=\"stm-button--has-title stm-button stm-button--type-default\"  target=\"_self\" title=\"\"> <span class=\"text\">Les mer<\/span>  <\/a>\t\t<\/div>\n\t<\/div>\n<\/section>\n\n\n\n<section id=\"acf-text-media-block_f324f16539939604e01c69327d7fd5f8\"class=\"block-section text-media image-align-left show-top-bar-theme-dark wp-block-acf-text-media has-background has-light-blue-background-color\">\n\t<div class=\"block-section-wrapper element-width--wide\">\n\t\t<div class=\"text-media__image\">\n\t\t\t<figure class=\"text-media__image-inner\">\n\t\t\t\t<img loading=\"lazy\" decoding=\"async\" width=\"1638\" height=\"2048\" src=\"https:\/\/vindr.eu\/wp-content\/uploads\/2023\/11\/Jan-Olav-Oderud-portrait-scaled.jpg\" class=\"attachment-full size-full\" alt=\"\" srcset=\"https:\/\/vindr.eu\/wp-content\/uploads\/2023\/11\/Jan-Olav-Oderud-portrait-scaled.jpg 1638w, https:\/\/vindr.eu\/wp-content\/uploads\/2023\/11\/Jan-Olav-Oderud-portrait-240x300.jpg 240w, https:\/\/vindr.eu\/wp-content\/uploads\/2023\/11\/Jan-Olav-Oderud-portrait-768x960.jpg 768w, https:\/\/vindr.eu\/wp-content\/uploads\/2023\/11\/Jan-Olav-Oderud-portrait-819x1024.jpg 819w, https:\/\/vindr.eu\/wp-content\/uploads\/2023\/11\/Jan-Olav-Oderud-portrait-1229x1536.jpg 1229w, https:\/\/vindr.eu\/wp-content\/uploads\/2023\/11\/Jan-Olav-Oderud-portrait-301x376.jpg 301w, https:\/\/vindr.eu\/wp-content\/uploads\/2023\/11\/Jan-Olav-Oderud-portrait-640x800.jpg 640w, https:\/\/vindr.eu\/wp-content\/uploads\/2023\/11\/Jan-Olav-Oderud-portrait-1152x1440.jpg 1152w\" sizes=\"auto, (max-width: 1638px) 100vw, 1638px\" \/>\t\t\t<\/figure>\n\t\t<\/div>\n\t\t<div class=\"text-media__content use-copy-text-styles\">\n\t\t\t\t\t\t\t<h1 class=\"title\">Grunnleggerne<\/h1>\n\t\t\t\t\t\t<p>Vindr ble etablert i 2019 med m\u00e5lsetning om \u00e5 utvikle vindraftsprosjekt i Norge og Sverige. Siden da har vi ekspandert til nye markeder og dekker n\u00e5 Norden og Baltikum. Alt startet med v\u00e5re grunnleggere, som har en lang og solid erfaring i den fornybare energibransjen, og deres visjon om \u00e5 bygge en posisjon som en <strong>ledende fornybarselskap i Nord-Europa.<\/strong><\/p>\n<p>&nbsp;<\/p>\n\t\t\t<a href=\"https:\/\/vindr.eu\/no\/om-vindr\/grunnleggere\/\" id=\"\" class=\"stm-button--has-title stm-button stm-button--type-default\"  target=\"_self\" title=\"\"> <span class=\"text\">Les mer<\/span>  <\/a>\t\t<\/div>\n\t<\/div>\n<\/section>\n\n\n\n<section id=\"acf-text-media-block_7cd72cb5df2bf87f3ba66ec51beea1ae\"class=\"block-section text-media image-align-right show-top-bar-theme-dark wp-block-acf-text-media has-background has-white-background-color\">\n\t<div class=\"block-section-wrapper element-width--wide\">\n\t\t<div class=\"text-media__image\">\n\t\t\t<figure class=\"text-media__image-inner\">\n\t\t\t\t<img loading=\"lazy\" decoding=\"async\" width=\"1920\" height=\"1080\" src=\"https:\/\/vindr.eu\/wp-content\/uploads\/2023\/11\/video-still-owners-compressed.jpg\" class=\"attachment-full size-full\" alt=\"\" srcset=\"https:\/\/vindr.eu\/wp-content\/uploads\/2023\/11\/video-still-owners-compressed.jpg 1920w, https:\/\/vindr.eu\/wp-content\/uploads\/2023\/11\/video-still-owners-compressed-300x169.jpg 300w, https:\/\/vindr.eu\/wp-content\/uploads\/2023\/11\/video-still-owners-compressed-1024x576.jpg 1024w, https:\/\/vindr.eu\/wp-content\/uploads\/2023\/11\/video-still-owners-compressed-768x432.jpg 768w, https:\/\/vindr.eu\/wp-content\/uploads\/2023\/11\/video-still-owners-compressed-1536x864.jpg 1536w, https:\/\/vindr.eu\/wp-content\/uploads\/2023\/11\/video-still-owners-compressed-502x282.jpg 502w\" sizes=\"auto, (max-width: 1920px) 100vw, 1920px\" \/>\t\t\t<\/figure>\n\t\t<\/div>\n\t\t<div class=\"text-media__content use-copy-text-styles\">\n\t\t\t\t\t\t\t<h1 class=\"title\">Eiere<\/h1>\n\t\t\t\t\t\t<p>For \u00e5 virkeliggj\u00f8re visjonen om \u00e5 etablere Vindr som en ledende fornybarselskap i Nord-Europa, \u00f8nsket vi \u00e5 samarbeide med en investor med teknisk kompetanse og forst\u00e5else av den unike kulturen i regionen. Det europeiske infrastrukturfondet InfraVia gir oss ett partnerskap basert p\u00e5 felles verdier, og sammen har vi muligheten til \u00e5 v\u00e6re en n\u00f8kkelakt\u00f8r i energiomstillingen i Nord-Europa.<\/p>\n<p>&nbsp;<\/p>\n<p>&nbsp;<\/p>\n\t\t\t<a href=\"https:\/\/vindr.eu\/no\/om-vindr\/eiere\/\" id=\"\" class=\"stm-button--has-title stm-button stm-button--type-default\"  target=\"_self\" title=\"\"> <span class=\"text\">Les mer<\/span>  <\/a>\t\t<\/div>\n\t<\/div>\n<\/section>\n\n\n\n<section id=\"acf-text-media-block_3ee86382f99951380f6fd223dfc7ca6a\"class=\"block-section text-media image-align-left show-top-bar-theme-dark wp-block-acf-text-media has-background has-white-background-color\">\n\t<div class=\"block-section-wrapper element-width--wide\">\n\t\t<div class=\"text-media__image\">\n\t\t\t<figure class=\"text-media__image-inner\">\n\t\t\t\t<img loading=\"lazy\" decoding=\"async\" width=\"2048\" height=\"1422\" src=\"https:\/\/vindr.eu\/wp-content\/uploads\/2024\/10\/board-group_color-2-scaled.jpg\" class=\"attachment-full size-full\" alt=\"\" srcset=\"https:\/\/vindr.eu\/wp-content\/uploads\/2024\/10\/board-group_color-2-scaled.jpg 2048w, https:\/\/vindr.eu\/wp-content\/uploads\/2024\/10\/board-group_color-2-300x208.jpg 300w, https:\/\/vindr.eu\/wp-content\/uploads\/2024\/10\/board-group_color-2-1024x711.jpg 1024w, https:\/\/vindr.eu\/wp-content\/uploads\/2024\/10\/board-group_color-2-768x533.jpg 768w, https:\/\/vindr.eu\/wp-content\/uploads\/2024\/10\/board-group_color-2-1536x1067.jpg 1536w, https:\/\/vindr.eu\/wp-content\/uploads\/2024\/10\/board-group_color-2-502x349.jpg 502w\" sizes=\"auto, (max-width: 2048px) 100vw, 2048px\" \/>\t\t\t<\/figure>\n\t\t<\/div>\n\t\t<div class=\"text-media__content use-copy-text-styles\">\n\t\t\t\t\t\t\t<h1 class=\"title\">Styret<\/h1>\n\t\t\t\t\t\t<p>Styret best\u00e5r av representanter fra eierne, inkludert grunnleggerne og InfraVia. Du kan lese mer om dem her.<\/p>\n\t\t\t<a href=\"https:\/\/vindr.eu\/no\/om-vindr\/styret\/\" id=\"\" class=\"stm-button--has-title stm-button stm-button--type-default\"  target=\"_self\" title=\"\"> <span class=\"text\">Les mer<\/span>  <\/a>\t\t<\/div>\n\t<\/div>\n<\/section>\n\n\n\n<section id=\"acf-featured-text-block_8b7ef89300a2cb30fc57135355a086cb\"class=\"block-section featured-text text-based-block show-top-bar-theme-dark wp-block-acf-featured-text\">\n\t<div class=\"block-section-wrapper element-width--content\">\n\t\t<div class=\"text\">\n\t\t\t<p><span data-teams=\"true\">Vindr er langsiktig akt\u00f8r<\/span>\u00a0med m\u00e5l om \u00e5 levere mer kraft og\u00a0<strong>skape varig merverdi for lokalsamfunn.<\/strong><\/p>\n\t\t\t\t\t<\/div>\n\t<\/div>\n<\/section>\n\n\n\n<section id=\"acf-banner-block_dafaa3659c16b746df112cd986d62af9\"class=\"block-section banner has-background has-title show-top-bar-theme-light wp-block-acf-banner\" data-scroll-container>\n\t\t\t<figure class=\"banner__bg\">\n\t\t\t<img loading=\"lazy\" decoding=\"async\" width=\"2048\" height=\"956\" src=\"https:\/\/vindr.eu\/wp-content\/uploads\/2025\/01\/Group-photo-inside-scaled-e1774870004760.jpg\" class=\"attachment-full size-full\" alt=\"\" srcset=\"https:\/\/vindr.eu\/wp-content\/uploads\/2025\/01\/Group-photo-inside-scaled-e1774870004760.jpg 2048w, https:\/\/vindr.eu\/wp-content\/uploads\/2025\/01\/Group-photo-inside-scaled-e1774870004760-300x140.jpg 300w, https:\/\/vindr.eu\/wp-content\/uploads\/2025\/01\/Group-photo-inside-scaled-e1774870004760-1024x478.jpg 1024w, https:\/\/vindr.eu\/wp-content\/uploads\/2025\/01\/Group-photo-inside-scaled-e1774870004760-768x359.jpg 768w, https:\/\/vindr.eu\/wp-content\/uploads\/2025\/01\/Group-photo-inside-scaled-e1774870004760-1536x717.jpg 1536w, https:\/\/vindr.eu\/wp-content\/uploads\/2025\/01\/Group-photo-inside-scaled-e1774870004760-502x234.jpg 502w, https:\/\/vindr.eu\/wp-content\/uploads\/2025\/01\/Group-photo-inside-scaled-e1774870004760-1600x747.jpg 1600w\" sizes=\"auto, (max-width: 2048px) 100vw, 2048px\" \/>\t\t<\/figure>\n\t\t<div class=\"block-section-wrapper element-width--content\" data-scroll data-scroll-call=\"vindrOnBannerScroll\">\n\t\t<div class=\"banner__content\">\n\t\t\t\t\t\t\t<h2 class=\"heading-size-large\">Medarbeidere<\/h2>\n\t\t\t\t<div class=\"text-size-medium\">\n\t\t\t\t\t\t<p>Vindr har samlet ett ambisi\u00f8st team med bred erfaring innen fornybar energi og den kompetansen som trengs for \u00e5 utvikle prosjekter med minst mulig p\u00e5virkning p\u00e5 natur og milj\u00f8. Vi jobber \u00e5pent og ryddig overfor alle involverte, og legger vekt p\u00e5 \u00e5 skape reell verdi for lokalsamfunnene vi er en del av.<\/p>\n\t\t\t\t\t\t\t<\/div>\n\t\t\t\t\t\t<a href=\"https:\/\/vindr.eu\/no\/medarbeidere\/\" id=\"\" class=\"stm-button--has-title stm-button stm-button--type-default stm-button-light\"  target=\"_self\" title=\"\"> <span class=\"text\">Les mer<\/span>  <\/a>\t\t<\/div>\n\t<\/div>\n<\/section>\n\n\n\n<section id=\"acf-text-media-block_4a3efae6349fa70b996ad00c8512a724\"class=\"block-section text-media image-align-right show-top-bar-theme-dark wp-block-acf-text-media has-background has-white-background-color\">\n\t<div class=\"block-section-wrapper element-width--wide\">\n\t\t<div class=\"text-media__image\">\n\t\t\t<figure class=\"text-media__image-inner\">\n\t\t\t\t<img loading=\"lazy\" decoding=\"async\" width=\"2048\" height=\"1365\" src=\"https:\/\/vindr.eu\/wp-content\/uploads\/2024\/08\/iStock-475689998-scaled-e1725871850393.jpg\" class=\"attachment-full size-full\" alt=\"\" \/>\t\t\t<\/figure>\n\t\t<\/div>\n\t\t<div class=\"text-media__content use-copy-text-styles\">\n\t\t\t\t\t\t\t<h1 class=\"title\">ESG<\/h1>\n\t\t\t\t\t\t<p>Vindrs form\u00e5l er \u00e5 ha en <strong>positiv p\u00e5virkning p\u00e5 milj\u00f8et.\u00a0<\/strong>Det er ogs\u00e5 viktig for oss med positiv sosial p\u00e5virkning p\u00e5 samfunnet og dedikerer oss selv til \u00e5 s\u00f8rge for s\u00e5 mye lokal verdiskapning som mulig n\u00e5r vi utvikler v\u00e5re prosjekter. Dette er \u00e5rsaken til at vi investerer tungt i teknologi og planlegging i <strong>tidlig fase,<\/strong> for \u00e5 sikre at v\u00e5re prosjekter er best tilpasset den lokale situasjonen med skikkelige planer.<\/p>\n\t\t\t<a href=\"https:\/\/vindr.eu\/no\/hvordan-vi-jobber\/esg\/\" id=\"\" class=\"stm-button--has-title stm-button stm-button--type-default\"  target=\"_self\" title=\"\"> <span class=\"text\">Les mer<\/span>  <\/a>\t\t<\/div>\n\t<\/div>\n<\/section>\n\n\n\n<section id=\"acf-text-media-block_a74f6b78592952839ab893125c0eaa72\"class=\"block-section text-media image-align-left show-top-bar-theme-dark wp-block-acf-text-media has-background has-light-blue-background-color\">\n\t<div class=\"block-section-wrapper element-width--wide\">\n\t\t<div class=\"text-media__image\">\n\t\t\t<figure class=\"text-media__image-inner\">\n\t\t\t\t<img loading=\"lazy\" decoding=\"async\" width=\"2560\" height=\"1440\" src=\"https:\/\/vindr.eu\/wp-content\/uploads\/2025\/11\/STILLBILDER.00_00_00_00.Still001-scaled.png\" class=\"attachment-full size-full\" alt=\"\" srcset=\"https:\/\/vindr.eu\/wp-content\/uploads\/2025\/11\/STILLBILDER.00_00_00_00.Still001-scaled.png 2560w, https:\/\/vindr.eu\/wp-content\/uploads\/2025\/11\/STILLBILDER.00_00_00_00.Still001-300x169.png 300w, https:\/\/vindr.eu\/wp-content\/uploads\/2025\/11\/STILLBILDER.00_00_00_00.Still001-1024x576.png 1024w, https:\/\/vindr.eu\/wp-content\/uploads\/2025\/11\/STILLBILDER.00_00_00_00.Still001-768x432.png 768w, https:\/\/vindr.eu\/wp-content\/uploads\/2025\/11\/STILLBILDER.00_00_00_00.Still001-1536x864.png 1536w, https:\/\/vindr.eu\/wp-content\/uploads\/2025\/11\/STILLBILDER.00_00_00_00.Still001-2048x1152.png 2048w, https:\/\/vindr.eu\/wp-content\/uploads\/2025\/11\/STILLBILDER.00_00_00_00.Still001-502x282.png 502w, https:\/\/vindr.eu\/wp-content\/uploads\/2025\/11\/STILLBILDER.00_00_00_00.Still001-1422x800.png 1422w\" sizes=\"auto, (max-width: 2560px) 100vw, 2560px\" \/>\t\t\t<\/figure>\n\t\t<\/div>\n\t\t<div class=\"text-media__content use-copy-text-styles\">\n\t\t\t\t\t\t\t<h1 class=\"title\">Bj\u00f6r\u00adkvat\u00adtnet Vind\u00adkraf\u00adtverk<\/h1>\n\t\t\t\t\t\t<p>Bj\u00f6r\u00adkvat\u00adtnet Vind\u00adkraf\u00adtverk er et kraftverk p\u00e5 175 MW som eies av Infravia. Det ligger i J\u00e4mtland i Sverige. Anlegget best\u00e5r av 33 turbiner og ble ferdigstilt i 2023. Produksjonen kan forsyne 175 000 husholdninger med ren energi og reduserer utslippene av klimagasser med 215 000 tonn hvert \u00e5r.<\/p>\n\t\t\t<a href=\"https:\/\/vindr.eu\/no\/bjorkvattnet-vindkraftverk\/\" id=\"\" class=\"stm-button--has-title stm-button stm-button--type-default\"  target=\"_self\" title=\"\"> <span class=\"text\">Les mer<\/span>  <\/a>\t\t<\/div>\n\t<\/div>\n<\/section>\n\n\n\n<section id=\"acf-banner-block_da9d67e069fa1d496c953d557e1dabcc\"class=\"block-section banner has-background show-top-bar-theme-light wp-block-acf-banner\" data-scroll-container>\n\t\t\t<figure class=\"banner__bg\">\n\t\t\t<img loading=\"lazy\" decoding=\"async\" width=\"2048\" height=\"1021\" src=\"https:\/\/vindr.eu\/wp-content\/uploads\/2023\/11\/darya-tryfanava-Ex0-3iL_-t0-unsplash-scaled.jpg\" class=\"attachment-full size-full\" alt=\"\" srcset=\"https:\/\/vindr.eu\/wp-content\/uploads\/2023\/11\/darya-tryfanava-Ex0-3iL_-t0-unsplash-scaled.jpg 2048w, https:\/\/vindr.eu\/wp-content\/uploads\/2023\/11\/darya-tryfanava-Ex0-3iL_-t0-unsplash-1024x510.jpg 1024w, https:\/\/vindr.eu\/wp-content\/uploads\/2023\/11\/darya-tryfanava-Ex0-3iL_-t0-unsplash-1536x765.jpg 1536w, https:\/\/vindr.eu\/wp-content\/uploads\/2023\/11\/darya-tryfanava-Ex0-3iL_-t0-unsplash-1600x797.jpg 1600w, https:\/\/vindr.eu\/wp-content\/uploads\/2023\/11\/darya-tryfanava-Ex0-3iL_-t0-unsplash-300x150.jpg 300w, https:\/\/vindr.eu\/wp-content\/uploads\/2023\/11\/darya-tryfanava-Ex0-3iL_-t0-unsplash-768x383.jpg 768w, https:\/\/vindr.eu\/wp-content\/uploads\/2023\/11\/darya-tryfanava-Ex0-3iL_-t0-unsplash-502x250.jpg 502w\" sizes=\"auto, (max-width: 2048px) 100vw, 2048px\" \/>\t\t<\/figure>\n\t\t<div class=\"block-section-wrapper element-width--content\" data-scroll data-scroll-call=\"vindrOnBannerScroll\">\n\t\t<div class=\"banner__content\">\n\t\t\t\t\t\t<p class=\"heading-size-large\">Ikke n\u00f8l med \u00e5 ta kontakt!<\/p>\n\t\t\t\t\t\t<a href=\"https:\/\/vindr.eu\/no\/kontakt\/\" id=\"\" class=\"stm-button--has-title stm-button stm-button--type-default stm-button-light\"  target=\"_self\" title=\"\"> <span class=\"text\">Kontakt oss<\/span>  <\/a>\t\t<\/div>\n\t<\/div>\n<\/section>\n","protected":false},"excerpt":{"rendered":"","protected":false},"author":1,"featured_media":0,"parent":0,"menu_order":4,"comment_status":"closed","ping_status":"closed","template":"","meta":{"_acf_changed":false,"inline_featured_image":false,"footnotes":""},"class_list":["post-890","page","type-page","status-publish","hentry"],"acf":[],"_links":{"self":[{"href":"https:\/\/vindr.eu\/no\/wp-json\/wp\/v2\/pages\/890","targetHints":{"allow":["GET"]}}],"collection":[{"href":"https:\/\/vindr.eu\/no\/wp-json\/wp\/v2\/pages"}],"about":[{"href":"https:\/\/vindr.eu\/no\/wp-json\/wp\/v2\/types\/page"}],"author":[{"embeddable":true,"href":"https:\/\/vindr.eu\/no\/wp-json\/wp\/v2\/users\/1"}],"replies":[{"embeddable":true,"href":"https:\/\/vindr.eu\/no\/wp-json\/wp\/v2\/comments?post=890"}],"version-history":[{"count":3,"href":"https:\/\/vindr.eu\/no\/wp-json\/wp\/v2\/pages\/890\/revisions"}],"predecessor-version":[{"id":8265,"href":"https:\/\/vindr.eu\/no\/wp-json\/wp\/v2\/pages\/890\/revisions\/8265"}],"wp:attachment":[{"href":"https:\/\/vindr.eu\/no\/wp-json\/wp\/v2\/media?parent=890"}],"curies":[{"name":"wp","href":"https:\/\/api.w.org\/{rel}","templated":true}]}}