{"id":881,"date":"2023-10-24T17:14:48","date_gmt":"2023-10-24T17:14:48","guid":{"rendered":"https:\/\/vindr.wpenginepowered.com\/?page_id=881"},"modified":"2026-03-30T13:05:56","modified_gmt":"2026-03-30T13:05:56","slug":"esg","status":"publish","type":"page","link":"https:\/\/vindr.eu\/no\/hvordan-vi-jobber\/esg\/","title":{"rendered":"ESG"},"content":{"rendered":"\n<section id=\"acf-hero-text-block_c6f82905bdf2b965677467b9ebdd479d\"class=\"block-section hero-text show-top-bar-theme-dark wp-block-acf-hero-text\">\n    <div class=\"element-width--content\">\n\n    <div class=\"hero-text-wrapper\">\n        <h2 class=\"hero-title\"> ESG <\/h2>\n        <h4 class=\"hero-subtitle\"> Vi bygger fornybar energi med ansvar for mennesker, natur og lokalsamfunn i alt vi gj\u00f8r. <\/h4>\n    <\/div>\n\n    <\/div>\n<\/section>\n\n\n\n<section id=\"acf-image-block_58510e84e3f7e3f684f48e6fe828f0e3\"class=\"block-section image  rounded-corners show-top-bar-theme-dark wp-block-acf-image\">\n            <div class=\"block-section-wrapper \">\n            <img decoding=\"async\" src=\"https:\/\/vindr.eu\/wp-content\/uploads\/2025\/12\/iStock-1299887977.jpg\" alt=\" A female hand touching the ocean water in front of a beautful sunset during summer time.\" class=\" rounded-corners\">\n        <\/div>\n    <\/section>\n\n\n\n<section id=\"acf-featured-text-block_bef9e4c5aa5b946b4187577f763421c3\"class=\"block-section featured-text text-based-block show-top-bar-theme-dark wp-block-acf-featured-text\">\n\t<div class=\"block-section-wrapper element-width--content\">\n\t\t<div class=\"text\">\n\t\t\t<p>I v\u00e5re prosjekter er b\u00e6rekraft, milj\u00f8hensyn og sosial ansvarlighet (ESG) er integrert i hvert steg, og vi jobber for at prosjektene v\u00e5re styrker energisikkerheten og skaper varige verdier for lokalsamfunnene vi er en del av.<\/p>\n\t\t\t\t\t<\/div>\n\t<\/div>\n<\/section>\n\n\n\n<section id=\"acf-text-media-block_61a33d65e3db669c9e2cc2c6d7af440d\"class=\"block-section text-media image-align-left show-top-bar-theme-dark wp-block-acf-text-media has-background has-light-blue-background-color\">\n\t<div class=\"block-section-wrapper element-width--wide\">\n\t\t<div class=\"text-media__image\">\n\t\t\t<figure class=\"text-media__image-inner\">\n\t\t\t\t<img loading=\"lazy\" decoding=\"async\" width=\"1365\" height=\"2048\" src=\"https:\/\/vindr.eu\/wp-content\/uploads\/2023\/11\/y-kvam-MArYnJIBAcg-unsplash-scaled.jpg\" class=\"attachment-full size-full\" alt=\"\" srcset=\"https:\/\/vindr.eu\/wp-content\/uploads\/2023\/11\/y-kvam-MArYnJIBAcg-unsplash-scaled.jpg 1365w, https:\/\/vindr.eu\/wp-content\/uploads\/2023\/11\/y-kvam-MArYnJIBAcg-unsplash-200x300.jpg 200w, https:\/\/vindr.eu\/wp-content\/uploads\/2023\/11\/y-kvam-MArYnJIBAcg-unsplash-768x1152.jpg 768w, https:\/\/vindr.eu\/wp-content\/uploads\/2023\/11\/y-kvam-MArYnJIBAcg-unsplash-683x1024.jpg 683w, https:\/\/vindr.eu\/wp-content\/uploads\/2023\/11\/y-kvam-MArYnJIBAcg-unsplash-1024x1536.jpg 1024w, https:\/\/vindr.eu\/wp-content\/uploads\/2023\/11\/y-kvam-MArYnJIBAcg-unsplash-251x376.jpg 251w, https:\/\/vindr.eu\/wp-content\/uploads\/2023\/11\/y-kvam-MArYnJIBAcg-unsplash-533x800.jpg 533w, https:\/\/vindr.eu\/wp-content\/uploads\/2023\/11\/y-kvam-MArYnJIBAcg-unsplash-960x1440.jpg 960w\" sizes=\"auto, (max-width: 1365px) 100vw, 1365px\" \/>\t\t\t<\/figure>\n\t\t<\/div>\n\t\t<div class=\"text-media__content use-copy-text-styles\">\n\t\t\t\t\t\t\t<h1 class=\"title\">V\u00e5rt ESG rammeverk<\/h1>\n\t\t\t\t\t\t<p>Vindr \u00f8nsker \u00e5 v\u00e6re en p\u00e5driver for b\u00e6rekraft i fornybarbransjen. Vi utvikler og realiserer kraftverk som produserer ren og p\u00e5litelig energi &#8211; fordi vi vet hvilken rolle tilgjengelig kraft spiller for norske lokalsamfunn, n\u00e6ringsliv og industriutvikling. Det er dette som driver engasjementet v\u00e5rt for \u00e5 \u00f8ke tilgangen p\u00e5 rimelig, fornybar energi i Norge og resten av Nord Europa.<\/p>\n\t\t\t\t\t<\/div>\n\t<\/div>\n<\/section>\n\n\n\n<section id=\"acf-quote-block_ce3b9689ddb4dbcabcfb275ce95c77ee\"class=\"block-section quote has-plyr-video-player show-top-bar-theme-dark wp-block-acf-quote\">\n\t<div class=\"block-section-wrapper element-width--content\">\n\t\t<div class=\"blockquotes-wrapper\">\n\t\t\t\t\t\t\t<blockquote id=\"swiper-block_ce3b9689ddb4dbcabcfb275ce95c77ee-quote-0\" class=\"active\">\n\t\t\t\t\t<p class=\"text-size-large\">Vi er stolte av v\u00e5re forpliktelser for \u00e5penhet og ansvar. Vindr rapporterer p\u00e5 linje med bransjestandard.<\/p>\n<p>V\u00e5r rapport er ikke bare et dokument; den tjener som v\u00e5r Communication on Progress til FNs Global Compact, der vi deltar. Det forsterker v\u00e5rt engasjement for \u00e5 tilpasse forretningsprinsipper til allment aksepterte prinsipper innen menneskerettigheter, arbeidsvilk\u00e5r, milj\u00f8 og antikorrupsjon.<\/p>\n<p>Hos Vindr er ikke b\u00e6rekraft bare et m\u00e5l; det er en integrert del av v\u00e5r organisasjon, innarbeidet i alle aktiviteter. Gjennom produksjon av ren og p\u00e5litelig kraft drifter vi ikke bare hjem og n\u00e6ringsliv, men bidrar til positiv \u00f8konomisk og milj\u00f8messig endring i Nord-Europa.<\/p>\n\t\t\t\t\t\t\t\t\t\t\t<cite>\n\t\t\t\t\t\t\t\t\t\t\t\t\t\tElisabeth Falck-Ytter, CFO\t\t\t\t\t\t\t\t\t\t\t\t\t<\/cite>\n\t\t\t\t\t\t\t\t\t<\/blockquote>\n\t\t\t\t\t<\/div>\n\t\t<div id=\"swiper-block_ce3b9689ddb4dbcabcfb275ce95c77ee\" class=\"quote-media-wrapper swiper-container\">\n\t\t\t<div class=\"swiper-wrapper\">\n\t\t\t\t\t\t\t\t\t<div data-target-quote-id=\"swiper-block_ce3b9689ddb4dbcabcfb275ce95c77ee-quote-0\" class=\"quote-media swiper-slide swiper-slide-active\">\n\t\t\t\t\t\t\t\t\t\t\t\t\t<img loading=\"lazy\" decoding=\"async\" width=\"1365\" height=\"2048\" src=\"https:\/\/vindr.eu\/wp-content\/uploads\/2025\/01\/Elisabeth-Falck-Ytter-figure-scaled.jpg\" class=\"attachment-full size-full\" alt=\"\" srcset=\"https:\/\/vindr.eu\/wp-content\/uploads\/2025\/01\/Elisabeth-Falck-Ytter-figure-scaled.jpg 1365w, https:\/\/vindr.eu\/wp-content\/uploads\/2025\/01\/Elisabeth-Falck-Ytter-figure-200x300.jpg 200w, https:\/\/vindr.eu\/wp-content\/uploads\/2025\/01\/Elisabeth-Falck-Ytter-figure-682x1024.jpg 682w, https:\/\/vindr.eu\/wp-content\/uploads\/2025\/01\/Elisabeth-Falck-Ytter-figure-768x1152.jpg 768w, https:\/\/vindr.eu\/wp-content\/uploads\/2025\/01\/Elisabeth-Falck-Ytter-figure-1024x1536.jpg 1024w, https:\/\/vindr.eu\/wp-content\/uploads\/2025\/01\/Elisabeth-Falck-Ytter-figure-251x376.jpg 251w\" sizes=\"auto, (max-width: 1365px) 100vw, 1365px\" \/>\t\t\t\t\t\t\t\t\t\t\t<\/div>\n\t\t\t\t\t\t\t<\/div>\n\n\t\t\t\t\t<\/div>\n\t<\/div>\n<\/section>\n\n\n\n<section id=\"acf-text-media-block_a46d8c216f1225486820cb6ca836c127\"class=\"block-section text-media image-align-left show-top-bar-theme-dark wp-block-acf-text-media has-background has-light-blue-background-color\">\n\t<div class=\"block-section-wrapper element-width--wide\">\n\t\t<div class=\"text-media__image\">\n\t\t\t<figure class=\"text-media__image-inner\">\n\t\t\t\t<img loading=\"lazy\" decoding=\"async\" width=\"1365\" height=\"2048\" src=\"https:\/\/vindr.eu\/wp-content\/uploads\/2023\/11\/ESG_straw-scaled.jpg\" class=\"attachment-full size-full\" alt=\"\" srcset=\"https:\/\/vindr.eu\/wp-content\/uploads\/2023\/11\/ESG_straw-scaled.jpg 1365w, https:\/\/vindr.eu\/wp-content\/uploads\/2023\/11\/ESG_straw-200x300.jpg 200w, https:\/\/vindr.eu\/wp-content\/uploads\/2023\/11\/ESG_straw-768x1152.jpg 768w, https:\/\/vindr.eu\/wp-content\/uploads\/2023\/11\/ESG_straw-683x1024.jpg 683w, https:\/\/vindr.eu\/wp-content\/uploads\/2023\/11\/ESG_straw-1024x1536.jpg 1024w, https:\/\/vindr.eu\/wp-content\/uploads\/2023\/11\/ESG_straw-251x376.jpg 251w, https:\/\/vindr.eu\/wp-content\/uploads\/2023\/11\/ESG_straw-533x800.jpg 533w, https:\/\/vindr.eu\/wp-content\/uploads\/2023\/11\/ESG_straw-960x1440.jpg 960w\" sizes=\"auto, (max-width: 1365px) 100vw, 1365px\" \/>\t\t\t<\/figure>\n\t\t<\/div>\n\t\t<div class=\"text-media__content use-copy-text-styles\">\n\t\t\t\t\t\t\t<h1 class=\"title\">Milj\u00f8ledelse<\/h1>\n\t\t\t\t\t\t<p>V\u00e5re tiltak for milj\u00f8lederskap er kjernen i alle v\u00e5re fornybare energiprosjekt:<\/p>\n<p><strong>Ren og p\u00e5litelig kraftproduksjon<\/strong><\/p>\n<p>Vindr tilbyr ren og p\u00e5litelig kraftproduksjon for \u00e5 drive samfunnet fremover. Gjennom v\u00e5re kraftverk bidrar vi betydelig til \u00e5 redusere karbonutslipp og fremme overgangen til fornybare energikilder<\/p>\n<p><strong>Teknologidrevet b\u00e6rekraft<\/strong><\/p>\n<p>Ved bruk av den mest moderne teknologien, optimaliserer vi v\u00e5re kraftverk for lokale forhold og sikrer effektiv elproduksjon med minimal milj\u00f8p\u00e5virkning. V\u00e5r planlegging i tidlig fase, integrerer styring og teknologi for \u00e5 forbedre b\u00e6rekraften i v\u00e5re prosjekter.<\/p>\n\t\t\t\t\t<\/div>\n\t<\/div>\n<\/section>\n\n\n\n<section id=\"acf-text-media-block_411e69b5f23c9d28e75d9cf5940ca013\"class=\"block-section text-media image-align-right show-top-bar-theme-dark wp-block-acf-text-media has-background has-white-background-color\">\n\t<div class=\"block-section-wrapper element-width--wide\">\n\t\t<div class=\"text-media__image\">\n\t\t\t<figure class=\"text-media__image-inner\">\n\t\t\t\t<img loading=\"lazy\" decoding=\"async\" width=\"1365\" height=\"2048\" src=\"https:\/\/vindr.eu\/wp-content\/uploads\/2023\/11\/ESG_governance-scaled.jpg\" class=\"attachment-full size-full\" alt=\"\" srcset=\"https:\/\/vindr.eu\/wp-content\/uploads\/2023\/11\/ESG_governance-scaled.jpg 1365w, https:\/\/vindr.eu\/wp-content\/uploads\/2023\/11\/ESG_governance-200x300.jpg 200w, https:\/\/vindr.eu\/wp-content\/uploads\/2023\/11\/ESG_governance-768x1152.jpg 768w, https:\/\/vindr.eu\/wp-content\/uploads\/2023\/11\/ESG_governance-683x1024.jpg 683w, https:\/\/vindr.eu\/wp-content\/uploads\/2023\/11\/ESG_governance-1024x1536.jpg 1024w, https:\/\/vindr.eu\/wp-content\/uploads\/2023\/11\/ESG_governance-251x376.jpg 251w, https:\/\/vindr.eu\/wp-content\/uploads\/2023\/11\/ESG_governance-533x800.jpg 533w, https:\/\/vindr.eu\/wp-content\/uploads\/2023\/11\/ESG_governance-960x1440.jpg 960w\" sizes=\"auto, (max-width: 1365px) 100vw, 1365px\" \/>\t\t\t<\/figure>\n\t\t<\/div>\n\t\t<div class=\"text-media__content use-copy-text-styles\">\n\t\t\t\t\t\t\t<h1 class=\"title\">Sosialt ansvar<\/h1>\n\t\t\t\t\t\t<p>Som en n\u00f8kkelakt\u00f8r innen den fornybare energibransjen strekker v\u00e5rt sosiale ansvar utover ren kraftproduksjon men ogs\u00e5 samfunnsutvikling:<\/p>\n<h3>Lokal verdiskaping<\/h3>\n<p>Vindr prioriterer \u00e5 skape s\u00e5 mye lokal positiv merverdi som mulig. Vi strekker oss etter \u00e5 bygge langsiktige relasjoner og bidra til velstanden i samfunnene der vi opererer. Dette oppn\u00e5r vi ved \u00e5 gj\u00f8re innkj\u00f8p lokalt og bidra til lokal kompetanseutvikling.<\/p>\n<h3>Lokal tilgang til ren elektrisitet<\/h3>\n<p>V\u00e5rt oppdrag strekker seg utover ren profitt til ogs\u00e5 \u00e5 tilby tilgang til ren, rimelig og fornybar elektrisitet. Vi arbeider aktivt for \u00e5 \u00f8ke mulighetene for v\u00e5re samfunn til \u00e5 skape lokal utvikling.<\/p>\n\t\t\t\t\t<\/div>\n\t<\/div>\n<\/section>\n\n\n\n<section id=\"acf-text-media-block_b8124378809fa763a5cebc8c660d7ad4\"class=\"block-section text-media image-align-left show-top-bar-theme-dark wp-block-acf-text-media has-background has-light-yellow-background-color\">\n\t<div class=\"block-section-wrapper element-width--wide\">\n\t\t<div class=\"text-media__image\">\n\t\t\t<figure class=\"text-media__image-inner\">\n\t\t\t\t<img loading=\"lazy\" decoding=\"async\" width=\"1638\" height=\"2048\" src=\"https:\/\/vindr.eu\/wp-content\/uploads\/2023\/11\/ESG_turbine-scaled.jpg\" class=\"attachment-full size-full\" alt=\"\" srcset=\"https:\/\/vindr.eu\/wp-content\/uploads\/2023\/11\/ESG_turbine-scaled.jpg 1638w, https:\/\/vindr.eu\/wp-content\/uploads\/2023\/11\/ESG_turbine-240x300.jpg 240w, https:\/\/vindr.eu\/wp-content\/uploads\/2023\/11\/ESG_turbine-768x960.jpg 768w, https:\/\/vindr.eu\/wp-content\/uploads\/2023\/11\/ESG_turbine-819x1024.jpg 819w, https:\/\/vindr.eu\/wp-content\/uploads\/2023\/11\/ESG_turbine-1229x1536.jpg 1229w, https:\/\/vindr.eu\/wp-content\/uploads\/2023\/11\/ESG_turbine-301x376.jpg 301w, https:\/\/vindr.eu\/wp-content\/uploads\/2023\/11\/ESG_turbine-640x800.jpg 640w, https:\/\/vindr.eu\/wp-content\/uploads\/2023\/11\/ESG_turbine-1152x1440.jpg 1152w\" sizes=\"auto, (max-width: 1638px) 100vw, 1638px\" \/>\t\t\t<\/figure>\n\t\t<\/div>\n\t\t<div class=\"text-media__content use-copy-text-styles\">\n\t\t\t\t\t\t\t<h1 class=\"title\">Planlegging<\/h1>\n\t\t\t\t\t\t<p>Planlegging er en integrert del av v\u00e5r forpliktelse for b\u00e6rekraft og ansvarlig kraftproduksjon:<\/p>\n<h3>Planlegging i tidlig fase<\/h3>\n<p>Vi investerer mye i \u00e5 forsikre oss om at prosjektene utvikles i overenstemmelse med lokale regler, milj\u00f8standarder og lokalsamfunnets forventninger allerede i tidlig fase. Denne proaktive tiln\u00e6rmingen forbedrer langsiktig og varig b\u00e6rekraft i v\u00e5re prosjekt.<\/p>\n<h3>Etiske energil\u00f8sninger<\/h3>\n<p>Ved \u00e5 opprettholde de h\u00f8yeste etiske standarder driver vi v\u00e5r virksomhet innen fornybar energi transparent og med integritet, noe som bygger tillit hos interessenter og samfunn der vi er.<\/p>\n<h3><strong>Samarbeid med intressenter<\/strong><\/h3>\n<p>Vi samarbeider regelmessig med interessenter i alle prosjektfaser. V\u00e5r samarbeidsinrettede tiln\u00e6rmingsmetode sikrer en helhetsorientert og ansvarlig h\u00e5ndtering av v\u00e5re operasjoner.<\/p>\n<p>&nbsp;<\/p>\n\t\t\t\t\t<\/div>\n\t<\/div>\n<\/section>\n\n\n\n<section id=\"acf-documents-block_d76f357bc4eb4e1bf654f26e98be58d1\" class=\"block-section documents-block\">\n    <div class=\"block-section-wrapper element-width--wide two-columns\">\n        <div class=\"text-content fullsize\">\n                            <h1>ESG rapportering (ENG)<\/h1>\n            \n            \n\n\n                                            \n                <div class=\"doc-list-container\">\n                                    <ul class=\"documents-list\">\n                                                    <li class=\"\">\n                                                                                                    <a href=\"https:\/\/vindr.eu\/wp-content\/uploads\/2025\/12\/VINDR-Sustainability-Statement-2024.pdf\">\n                                        <span class=\"label\">VINDR Sustainability Statement 2024<\/span>\n                                        <i class=\"icon-download\"><\/i>\n                                    <\/a>\n                                                            <\/li>\n                                            <\/ul>\n                                <\/div>\n            \n\n\n\n            \n        <\/div>\n\n            <\/div>\n<\/section>\n\n\n\n<section id=\"acf-quote-block_35b85f1289682a5f7fa690871505c227\"class=\"block-section quote has-plyr-video-player show-top-bar-theme-dark wp-block-acf-quote\">\n\t<div class=\"block-section-wrapper element-width--content\">\n\t\t<div class=\"blockquotes-wrapper\">\n\t\t\t\t\t\t\t<blockquote id=\"swiper-block_35b85f1289682a5f7fa690871505c227-quote-0\" class=\"active\">\n\t\t\t\t\t<p class=\"text-size-large\">Vi betrakter involvering av lokalsamfunn og lokalstyret som en mulighet til \u00e5 utvikle bedre prosjekter.<\/p>\n<p>Altfor ofte bygges infrastrukturprosjekt med oppefra og ned perspektiv, uten \u00e5 ta\u00a0 hensyn til lokal kontekst p\u00e5 skikkelig vis og ofte med syn p\u00e5 lokalsamfunnet som et hinder for prosjektet. Det er derfor Vindr investerer i planlegging av v\u00e5re prosjekt i en tidlig fase, sammen med lokalsamfunnet og lokalstyret. Vi utvikler prosjekt for \u00e5 drive dem, og fordi vi er her langsiktig er det avgj\u00f8rende for oss at vi gj\u00f8r det rett fra starten.<\/p>\n<p>&nbsp;<\/p>\n\t\t\t\t\t\t\t\t\t\t\t<cite>\n\t\t\t\t\t\t\t\t\t\t\t\t\t\tStian Tvede Karlsen, Leder for kommunikasjon og samfunnskontakt\t\t\t\t\t\t\t\t\t\t\t\t\t<\/cite>\n\t\t\t\t\t\t\t\t\t<\/blockquote>\n\t\t\t\t\t<\/div>\n\t\t<div id=\"swiper-block_35b85f1289682a5f7fa690871505c227\" class=\"quote-media-wrapper swiper-container\">\n\t\t\t<div class=\"swiper-wrapper\">\n\t\t\t\t\t\t\t\t\t<div data-target-quote-id=\"swiper-block_35b85f1289682a5f7fa690871505c227-quote-0\" class=\"quote-media swiper-slide swiper-slide-active\">\n\t\t\t\t\t\t\t\t\t\t\t\t\t<img loading=\"lazy\" decoding=\"async\" width=\"1365\" height=\"2048\" src=\"https:\/\/vindr.eu\/wp-content\/uploads\/2023\/11\/Stian-Tvede-Karlsen-figure-scaled.jpg\" class=\"attachment-full size-full\" alt=\"\" srcset=\"https:\/\/vindr.eu\/wp-content\/uploads\/2023\/11\/Stian-Tvede-Karlsen-figure-scaled.jpg 1365w, https:\/\/vindr.eu\/wp-content\/uploads\/2023\/11\/Stian-Tvede-Karlsen-figure-200x300.jpg 200w, https:\/\/vindr.eu\/wp-content\/uploads\/2023\/11\/Stian-Tvede-Karlsen-figure-768x1152.jpg 768w, https:\/\/vindr.eu\/wp-content\/uploads\/2023\/11\/Stian-Tvede-Karlsen-figure-683x1024.jpg 683w, https:\/\/vindr.eu\/wp-content\/uploads\/2023\/11\/Stian-Tvede-Karlsen-figure-1024x1536.jpg 1024w, https:\/\/vindr.eu\/wp-content\/uploads\/2023\/11\/Stian-Tvede-Karlsen-figure-251x376.jpg 251w, https:\/\/vindr.eu\/wp-content\/uploads\/2023\/11\/Stian-Tvede-Karlsen-figure-533x800.jpg 533w, https:\/\/vindr.eu\/wp-content\/uploads\/2023\/11\/Stian-Tvede-Karlsen-figure-960x1440.jpg 960w\" sizes=\"auto, (max-width: 1365px) 100vw, 1365px\" \/>\t\t\t\t\t\t\t\t\t\t\t<\/div>\n\t\t\t\t\t\t\t<\/div>\n\n\t\t\t\t\t<\/div>\n\t<\/div>\n<\/section>\n\n\n\n<section id=\"acf-banner-block_d5a8d290f6b2f1cf5bf5a4e34d09bc29\"class=\"block-section banner has-background has-title show-top-bar-theme-light wp-block-acf-banner\" data-scroll-container>\n\t\t\t<figure class=\"banner__bg\">\n\t\t\t<img loading=\"lazy\" decoding=\"async\" width=\"2048\" height=\"1365\" src=\"https:\/\/vindr.eu\/wp-content\/uploads\/2023\/11\/ESG_landscape_contact-scaled.jpg\" class=\"attachment-full size-full\" alt=\"\" srcset=\"https:\/\/vindr.eu\/wp-content\/uploads\/2023\/11\/ESG_landscape_contact-scaled.jpg 2048w, https:\/\/vindr.eu\/wp-content\/uploads\/2023\/11\/ESG_landscape_contact-300x200.jpg 300w, https:\/\/vindr.eu\/wp-content\/uploads\/2023\/11\/ESG_landscape_contact-768x512.jpg 768w, https:\/\/vindr.eu\/wp-content\/uploads\/2023\/11\/ESG_landscape_contact-1024x683.jpg 1024w, https:\/\/vindr.eu\/wp-content\/uploads\/2023\/11\/ESG_landscape_contact-1536x1024.jpg 1536w, https:\/\/vindr.eu\/wp-content\/uploads\/2023\/11\/ESG_landscape_contact-502x335.jpg 502w, https:\/\/vindr.eu\/wp-content\/uploads\/2023\/11\/ESG_landscape_contact-1200x800.jpg 1200w\" sizes=\"auto, (max-width: 2048px) 100vw, 2048px\" \/>\t\t<\/figure>\n\t\t<div class=\"block-section-wrapper element-width--content\" data-scroll data-scroll-call=\"vindrOnBannerScroll\">\n\t\t<div class=\"banner__content\">\n\t\t\t\t\t\t\t<h2 class=\"heading-size-large\">Ikke n\u00f8l med \u00e5 ta kontakt!<\/h2>\n\t\t\t\t<div class=\"text-size-medium\">\n\t\t\t\t\t\t\t\t\t\t\t\t\t<\/div>\n\t\t\t\t\t\t<a href=\"https:\/\/vindr.eu\/no\/kontakt\/\" id=\"\" class=\"stm-button--has-title stm-button stm-button--type-default stm-button-light\"  target=\"_self\" title=\"\"> <span class=\"text\">Kontakt oss<\/span>  <\/a>\t\t<\/div>\n\t<\/div>\n<\/section>\n","protected":false},"excerpt":{"rendered":"","protected":false},"author":1,"featured_media":7273,"parent":867,"menu_order":2,"comment_status":"closed","ping_status":"closed","template":"","meta":{"_acf_changed":false,"inline_featured_image":false,"footnotes":""},"class_list":["post-881","page","type-page","status-publish","has-post-thumbnail","hentry"],"acf":[],"_links":{"self":[{"href":"https:\/\/vindr.eu\/no\/wp-json\/wp\/v2\/pages\/881","targetHints":{"allow":["GET"]}}],"collection":[{"href":"https:\/\/vindr.eu\/no\/wp-json\/wp\/v2\/pages"}],"about":[{"href":"https:\/\/vindr.eu\/no\/wp-json\/wp\/v2\/types\/page"}],"author":[{"embeddable":true,"href":"https:\/\/vindr.eu\/no\/wp-json\/wp\/v2\/users\/1"}],"replies":[{"embeddable":true,"href":"https:\/\/vindr.eu\/no\/wp-json\/wp\/v2\/comments?post=881"}],"version-history":[{"count":3,"href":"https:\/\/vindr.eu\/no\/wp-json\/wp\/v2\/pages\/881\/revisions"}],"predecessor-version":[{"id":8374,"href":"https:\/\/vindr.eu\/no\/wp-json\/wp\/v2\/pages\/881\/revisions\/8374"}],"up":[{"embeddable":true,"href":"https:\/\/vindr.eu\/no\/wp-json\/wp\/v2\/pages\/867"}],"wp:featuredmedia":[{"embeddable":true,"href":"https:\/\/vindr.eu\/no\/wp-json\/wp\/v2\/media\/7273"}],"wp:attachment":[{"href":"https:\/\/vindr.eu\/no\/wp-json\/wp\/v2\/media?parent=881"}],"curies":[{"name":"wp","href":"https:\/\/api.w.org\/{rel}","templated":true}]}}