{"id":877,"date":"2023-10-24T17:14:23","date_gmt":"2023-10-24T17:14:23","guid":{"rendered":"https:\/\/vindr.wpenginepowered.com\/?page_id=877"},"modified":"2023-12-06T14:30:12","modified_gmt":"2023-12-06T14:30:12","slug":"lokalsamfunn","status":"publish","type":"page","link":"https:\/\/vindr.eu\/no\/hvordan-vi-jobber\/lokalsamfunn\/","title":{"rendered":"Lokalsamfunn"},"content":{"rendered":"\n<section id=\"acf-hero-subpage-block_ef5a4861ca51373db0dd90c5e6d8ce6e\"class=\"block-section hero-subpage has-background waiting-to-animate show-top-bar-theme-light-dark wp-block-acf-hero-subpage\">\n\t<figure class=\"hero-subpage__bg\">\n\t\t<img loading=\"lazy\" decoding=\"async\" width=\"2048\" height=\"1364\" src=\"https:\/\/vindr.eu\/wp-content\/uploads\/2023\/11\/jaanus-jagomagi-tA5Ipxl-V4s-unsplash-scaled.jpg\" class=\"attachment-full size-full\" alt=\"\" sizes=\"auto, (max-width: 999px) 100vw, 60vw\" srcset=\"https:\/\/vindr.eu\/wp-content\/uploads\/2023\/11\/jaanus-jagomagi-tA5Ipxl-V4s-unsplash-scaled.jpg 2048w, https:\/\/vindr.eu\/wp-content\/uploads\/2023\/11\/jaanus-jagomagi-tA5Ipxl-V4s-unsplash-300x200.jpg 300w, https:\/\/vindr.eu\/wp-content\/uploads\/2023\/11\/jaanus-jagomagi-tA5Ipxl-V4s-unsplash-768x512.jpg 768w, https:\/\/vindr.eu\/wp-content\/uploads\/2023\/11\/jaanus-jagomagi-tA5Ipxl-V4s-unsplash-1024x682.jpg 1024w, https:\/\/vindr.eu\/wp-content\/uploads\/2023\/11\/jaanus-jagomagi-tA5Ipxl-V4s-unsplash-1536x1023.jpg 1536w, https:\/\/vindr.eu\/wp-content\/uploads\/2023\/11\/jaanus-jagomagi-tA5Ipxl-V4s-unsplash-502x334.jpg 502w, https:\/\/vindr.eu\/wp-content\/uploads\/2023\/11\/jaanus-jagomagi-tA5Ipxl-V4s-unsplash-1201x800.jpg 1201w\" \/>\t<\/figure>\n\t<div class=\"block-section-wrapper element-width--full\">\n\t\t<div class=\"hero-subpage__content\">\n\t\t\t\t\t\t\t<h1 class=\"hero-subpage__title heading-size-large\">Lokalsamfunn<\/h1>\n\t\t\t\t\t\t\t\t\t\t<div class=\"text-size-medium\">\n\t\t\t\t\t<div class=\"text-size-medium\">\n<p>Vindr forst\u00e5r at for \u00e5 lykkes som selskap er vi n\u00f8dt til \u00e5 v\u00e6re en p\u00e5litelig partner i v\u00e5re lokalsamfunn.<\/p>\n<p>&nbsp;<\/p>\n<\/div>\n\t\t\t\t<\/div>\n\t\t\t\t\t<\/div>\n\t<\/div>\n<\/section>\n\n\n\n<section id=\"acf-text-column-double-block_43ef354c06a9b92a24ac1b0761bceedf\"class=\"block-section text-column-double show-top-bar-theme-dark wp-block-acf-text-column-double\">\n\t<div class=\"block-section-wrapper element-width--wide\">\n\t\t<div class=\"text-column-double__content\">\n\t\t\t\t\t\t\t<div class=\"text-column-double__left use-copy-text-styles\">\n\t\t\t\t\t\t\t\t\t\t<p><strong>Vindr har utviklet sterke rutiner for \u00e5 sikre at vi kan v\u00e6re den beste partneren for v\u00e5re samarbeidspartnere, omr\u00e5dene vi opererer i, og de offentlige akt\u00f8rene vi samarbeider med. <\/strong>Vi f\u00f8lger ikke bare reguleringer &#8211; ved \u00e5 aktivt inkludere kunnskap vi f\u00e5r fra lokale interesser, utvikler vi prosjekter som spiller p\u00e5 lag med og tjener samfunnene de tilh\u00f8rer.<\/p>\n\t\t\t\t<\/div>\n\t\t\t\t\t\t\t<div class=\"text-column-double__right use-copy-text-styles\">\n\t\t\t\t\t\t\t\t\t\t<p>Ved \u00e5 ta hensyn til lokale kraftbehov s\u00f8rger vi for at v\u00e5re prosjekter er strategisk plassert for \u00e5 m\u00f8te lokale krav. Istedenfor \u00e5 tvinge frem v\u00e5rt syn, etterstreber vi lokal aksept og jobber h\u00e5nd i h\u00e5nd med interesser fra <strong>lokalsamfunnet for s\u00f8ml\u00f8s integrasjon av b\u00e6rekraftig kraftproduksjon.<\/strong><\/p>\n\t\t\t\t<\/div>\n\t\t\t\t\t<\/div>\n\t<\/div>\n<\/section>\n\n\n\n<section id=\"acf-text-media-block_a2bddd8e20d80f9682b03fda078924da\"class=\"block-section text-media image-align-left show-top-bar-theme-dark wp-block-acf-text-media has-background has-light-blue-background-color\">\n\t<div class=\"block-section-wrapper element-width--wide\">\n\t\t<div class=\"text-media__image\">\n\t\t\t<figure class=\"text-media__image-inner\">\n\t\t\t\t<img loading=\"lazy\" decoding=\"async\" width=\"1333\" height=\"2000\" src=\"https:\/\/vindr.eu\/wp-content\/uploads\/2023\/12\/Camilla-figure-2.jpg\" class=\"attachment-full size-full\" alt=\"\" srcset=\"https:\/\/vindr.eu\/wp-content\/uploads\/2023\/12\/Camilla-figure-2.jpg 1333w, https:\/\/vindr.eu\/wp-content\/uploads\/2023\/12\/Camilla-figure-2-200x300.jpg 200w, https:\/\/vindr.eu\/wp-content\/uploads\/2023\/12\/Camilla-figure-2-682x1024.jpg 682w, https:\/\/vindr.eu\/wp-content\/uploads\/2023\/12\/Camilla-figure-2-768x1152.jpg 768w, https:\/\/vindr.eu\/wp-content\/uploads\/2023\/12\/Camilla-figure-2-1024x1536.jpg 1024w, https:\/\/vindr.eu\/wp-content\/uploads\/2023\/12\/Camilla-figure-2-251x376.jpg 251w\" sizes=\"auto, (max-width: 1333px) 100vw, 1333px\" \/>\t\t\t<\/figure>\n\t\t<\/div>\n\t\t<div class=\"text-media__content use-copy-text-styles\">\n\t\t\t\t\t\t\t<h1 class=\"title\">Camilla Anderson<\/h1>\n\t\t\t\t\t\t<p>Camilla Anderson, som leder Vindr i det svenske marked, er en som engasjerer seg for \u00e5 skape positiv merverdi i lokalsamfunnene. I Sverige fokuserer hun <strong>aktivt i \u00e5 engasjere seg og bidra lokalt<\/strong>, samt sikre at v\u00e5re fornybare kraftverk bidrar til mer en bare ren energi, men ogs\u00e5 langsiktige positive merverdier i omr\u00e5dene vi opererer.<\/p>\n<p>Camillas lederskap strekker seg utover energibransjen og hun samarbeider aktivt med lokal industri i Sverige for \u00e5 skape arbeidsplasser og muligheter for \u00f8konomisk utvikling. Gjennom samarbeid med b\u00e5de samfunnsakt\u00f8rer og lokale bedrifter, integrerer hun Vindr tett p\u00e5 lokalsamfunn, som bidrar til sosial og \u00f8konomisk utvikling.<\/p>\n<p>Kjernen i Camillas visjon ligger en overbeviselse om at fordelene med fornybar energi b\u00f8r deles med lokalsamfunnet. Hun ser for seg en fremtid der innbyggerne gis muligheter til \u00e5 aktivt delta og dra nytte av de positive merverdiene som skapes av v\u00e5re fornybare kraftverk.<\/p>\n\t\t\t<a href=\"https:\/\/vindr.eu\/no\/om-vindr\/grunnleggere\/\" id=\"\" class=\"stm-button--has-title stm-button stm-button--type-default\"  target=\"_self\" title=\"\"> <span class=\"text\">Grunnleggere<\/span>  <\/a>\t\t<\/div>\n\t<\/div>\n<\/section>\n\n\n\n<section id=\"acf-text-media-block_4b57ca00174657e55c966ec2c24e4654\"class=\"block-section text-media image-align-right show-top-bar-theme-dark wp-block-acf-text-media has-background has-white-background-color\">\n\t<div class=\"block-section-wrapper element-width--wide\">\n\t\t<div class=\"text-media__image\">\n\t\t\t<figure class=\"text-media__image-inner\">\n\t\t\t\t<img loading=\"lazy\" decoding=\"async\" width=\"1365\" height=\"2048\" src=\"https:\/\/vindr.eu\/wp-content\/uploads\/2023\/12\/Marko_local-communities-scaled.jpg\" class=\"attachment-full size-full\" alt=\"\" srcset=\"https:\/\/vindr.eu\/wp-content\/uploads\/2023\/12\/Marko_local-communities-scaled.jpg 1365w, https:\/\/vindr.eu\/wp-content\/uploads\/2023\/12\/Marko_local-communities-200x300.jpg 200w, https:\/\/vindr.eu\/wp-content\/uploads\/2023\/12\/Marko_local-communities-683x1024.jpg 683w, https:\/\/vindr.eu\/wp-content\/uploads\/2023\/12\/Marko_local-communities-768x1152.jpg 768w, https:\/\/vindr.eu\/wp-content\/uploads\/2023\/12\/Marko_local-communities-1024x1536.jpg 1024w, https:\/\/vindr.eu\/wp-content\/uploads\/2023\/12\/Marko_local-communities-251x376.jpg 251w\" sizes=\"auto, (max-width: 1365px) 100vw, 1365px\" \/>\t\t\t<\/figure>\n\t\t<\/div>\n\t\t<div class=\"text-media__content use-copy-text-styles\">\n\t\t\t\t\t\t\t<h1 class=\"title\">Marko Viiding<\/h1>\n\t\t\t\t\t\t<p>Marko Viiding &#8211; drivkraften bak Vindr&#8217;s intitativ for \u00e5 bidra til <strong>rask utvikling av ny kraft i Baltikum<\/strong>. Som en visjon\u00e6r leder er Marko dedikert for \u00e5 m\u00f8te det umiddelbare behovet for \u00f8kt lokal kraftproduksjon. I lys av det kritiske behovet for \u00e5 erstatte import av fossil energi i Baltikumregionen fokuserer han p\u00e5 raske og b\u00e6rekraftige l\u00f8sninger som strekker seg utover produksjon av fornybar energi men ogs\u00e5 \u00e5 skape varige merverdier i regionene vi opererer i.<\/p>\n<p>Markos lederskap i Baltikum blir enda viktigere i regionen som st\u00e5r ovenfor et skrikende behov for \u00e5 forbedre energisikkerheten og redusere behovet for import av fossil energi. Med aktivt samarbeid med lokale partnere for \u00e5 fremskynde etableringen av arbeidsplasser og \u00f8konomiske muligheter, har han posisjonert Vindr i front av det lokale energilandskapet. Marko \u00f8nsker at Vindr skal v\u00e6re en integrert del av hvert lokalmilj\u00f8 og skape muligheter og positive bidrag i de kommunene vi opererer i.<\/p>\n<p>Kjernen i hans visjon for Baltikum ligger troen p\u00e5 at fornybar energi er n\u00f8kkell\u00f8sningen for regionens energisikkerhetsutfordringer. Han ser et samfunn der innbyggerne f\u00e5r mulighet til \u00e5 aktivt delta i og dra nytte av de positive ringvirkninngene som v\u00e5re fornybare kraftverk skaper, og raskt kan m\u00f8te det kritiske behovet for lokalt produsert energi.<\/p>\n\t\t\t<a href=\"https:\/\/vindr.eu\/no\/om-vindr\/grunnleggere\/\" id=\"\" class=\"stm-button--has-title stm-button stm-button--type-default\"  target=\"_self\" title=\"\"> <span class=\"text\">Grunnleggere<\/span>  <\/a>\t\t<\/div>\n\t<\/div>\n<\/section>\n\n\n\n<section id=\"acf-text-media-block_a6559fa21947ba6947714746cd96b869\"class=\"block-section text-media image-align-left show-top-bar-theme-dark wp-block-acf-text-media has-background has-light-yellow-background-color\">\n\t<div class=\"block-section-wrapper element-width--wide\">\n\t\t<div class=\"text-media__image\">\n\t\t\t<figure class=\"text-media__image-inner\">\n\t\t\t\t<img loading=\"lazy\" decoding=\"async\" width=\"1638\" height=\"2048\" src=\"https:\/\/vindr.eu\/wp-content\/uploads\/2023\/11\/Jan-Olav-Oderud-portrait-scaled.jpg\" class=\"attachment-full size-full\" alt=\"\" srcset=\"https:\/\/vindr.eu\/wp-content\/uploads\/2023\/11\/Jan-Olav-Oderud-portrait-scaled.jpg 1638w, https:\/\/vindr.eu\/wp-content\/uploads\/2023\/11\/Jan-Olav-Oderud-portrait-240x300.jpg 240w, https:\/\/vindr.eu\/wp-content\/uploads\/2023\/11\/Jan-Olav-Oderud-portrait-768x960.jpg 768w, https:\/\/vindr.eu\/wp-content\/uploads\/2023\/11\/Jan-Olav-Oderud-portrait-819x1024.jpg 819w, https:\/\/vindr.eu\/wp-content\/uploads\/2023\/11\/Jan-Olav-Oderud-portrait-1229x1536.jpg 1229w, https:\/\/vindr.eu\/wp-content\/uploads\/2023\/11\/Jan-Olav-Oderud-portrait-301x376.jpg 301w, https:\/\/vindr.eu\/wp-content\/uploads\/2023\/11\/Jan-Olav-Oderud-portrait-640x800.jpg 640w, https:\/\/vindr.eu\/wp-content\/uploads\/2023\/11\/Jan-Olav-Oderud-portrait-1152x1440.jpg 1152w\" sizes=\"auto, (max-width: 1638px) 100vw, 1638px\" \/>\t\t\t<\/figure>\n\t\t<\/div>\n\t\t<div class=\"text-media__content use-copy-text-styles\">\n\t\t\t\t\t\t\t<h1 class=\"title\">Jan-Olav \u00d8derud<\/h1>\n\t\t\t\t\t\t<p>Jan-Olav \u00d8derud sitter i f\u00f8rersetet for innovate l\u00f8sninger i det norske markedet. Jan-Olav brenner for \u00e5 m\u00f8te den <strong>voksende ettersp\u00f8rselen etter kraftproduksjon n\u00e6rt forbruk. <\/strong>I Norge fokuserer han p\u00e5 banebrytende b\u00e6rekraftige l\u00f8sninger som ikke bare reduserer energiprisene men bidrar til lokal utvikling.<\/p>\n<p>Med et skarpt \u00f8ye for milj\u00f8p\u00e5virkningen \u00f8nsker Jan-Olav \u00e5 produsere kraft p\u00e5 kultivert land, som sikrer lavt fotavtrykk p\u00e5 milj\u00f8et, samtidig som man adresserer de umiddelbare energibehovene i regionene vi opererer. Jan-Olavs \u00f8nsker \u00e5 bidra i Norges behov for \u00e5 optimere kraftproduksjon n\u00e6r ettersp\u00f8rsel, som senker kostnader og fremmer lokal utvikling.<\/p>\n<p>Kjernen i visjonen for Vindr Norge ligger troen p\u00e5 at kraftproduksjon b\u00f8r v\u00e6re effektiv og b\u00e6rekraftig. Han \u00f8nsker \u00e5 gi lokalsamfunnet mulighet til \u00e5 utnytte rimelig str\u00f8m med lav milj\u00f8p\u00e5virking ved bruk av land som er i bruk allerede.<\/p>\n<p>&nbsp;<\/p>\n\t\t\t<a href=\"https:\/\/vindr.eu\/no\/om-vindr\/grunnleggere\/\" id=\"\" class=\"stm-button--has-title stm-button stm-button--type-default\"  target=\"_self\" title=\"\"> <span class=\"text\">Grunnleggere<\/span>  <\/a>\t\t<\/div>\n\t<\/div>\n<\/section>\n","protected":false},"excerpt":{"rendered":"","protected":false},"author":1,"featured_media":0,"parent":867,"menu_order":1,"comment_status":"closed","ping_status":"closed","template":"","meta":{"_acf_changed":false,"inline_featured_image":false,"footnotes":""},"class_list":["post-877","page","type-page","status-publish","hentry"],"acf":[],"_links":{"self":[{"href":"https:\/\/vindr.eu\/no\/wp-json\/wp\/v2\/pages\/877","targetHints":{"allow":["GET"]}}],"collection":[{"href":"https:\/\/vindr.eu\/no\/wp-json\/wp\/v2\/pages"}],"about":[{"href":"https:\/\/vindr.eu\/no\/wp-json\/wp\/v2\/types\/page"}],"author":[{"embeddable":true,"href":"https:\/\/vindr.eu\/no\/wp-json\/wp\/v2\/users\/1"}],"replies":[{"embeddable":true,"href":"https:\/\/vindr.eu\/no\/wp-json\/wp\/v2\/comments?post=877"}],"version-history":[{"count":0,"href":"https:\/\/vindr.eu\/no\/wp-json\/wp\/v2\/pages\/877\/revisions"}],"up":[{"embeddable":true,"href":"https:\/\/vindr.eu\/no\/wp-json\/wp\/v2\/pages\/867"}],"wp:attachment":[{"href":"https:\/\/vindr.eu\/no\/wp-json\/wp\/v2\/media?parent=877"}],"curies":[{"name":"wp","href":"https:\/\/api.w.org\/{rel}","templated":true}]}}