{"id":873,"date":"2023-10-24T17:13:51","date_gmt":"2023-10-24T17:13:51","guid":{"rendered":"https:\/\/vindr.wpenginepowered.com\/how-we-work\/technology\/"},"modified":"2026-03-30T07:48:35","modified_gmt":"2026-03-30T07:48:35","slug":"technology","status":"publish","type":"page","link":"https:\/\/vindr.eu\/no\/hvordan-vi-jobber\/technology\/","title":{"rendered":"Teknologi"},"content":{"rendered":"\n<section id=\"acf-hero-subpage-block_e39ad1738060dfa6cf9b75f7deae782d\"class=\"block-section hero-subpage has-background waiting-to-animate show-top-bar-theme-light-dark wp-block-acf-hero-subpage\">\n\t<figure class=\"hero-subpage__bg\">\n\t\t<img loading=\"lazy\" decoding=\"async\" width=\"2048\" height=\"1151\" src=\"https:\/\/vindr.eu\/wp-content\/uploads\/2023\/11\/Energy-storage-website-scaled.jpg\" class=\"attachment-full size-full\" alt=\"\" sizes=\"auto, (max-width: 999px) 100vw, 60vw\" srcset=\"https:\/\/vindr.eu\/wp-content\/uploads\/2023\/11\/Energy-storage-website-scaled.jpg 2048w, https:\/\/vindr.eu\/wp-content\/uploads\/2023\/11\/Energy-storage-website-300x169.jpg 300w, https:\/\/vindr.eu\/wp-content\/uploads\/2023\/11\/Energy-storage-website-1024x575.jpg 1024w, https:\/\/vindr.eu\/wp-content\/uploads\/2023\/11\/Energy-storage-website-768x432.jpg 768w, https:\/\/vindr.eu\/wp-content\/uploads\/2023\/11\/Energy-storage-website-1536x863.jpg 1536w, https:\/\/vindr.eu\/wp-content\/uploads\/2023\/11\/Energy-storage-website-502x282.jpg 502w, https:\/\/vindr.eu\/wp-content\/uploads\/2023\/11\/Energy-storage-website-1424x800.jpg 1424w\" \/>\t<\/figure>\n\t<div class=\"block-section-wrapper element-width--full\">\n\t\t<div class=\"hero-subpage__content\">\n\t\t\t\t\t\t\t<h1 class=\"hero-subpage__title heading-size-large\">Teknologi<\/h1>\n\t\t\t\t\t\t\t\t\t\t<div class=\"text-size-medium\">\n\t\t\t\t\t<p>Hos Vindr bruker vi avansert teknologi for \u00e5 skape optimale prosjekt for lokalsamfunn, fremmer muligheter for lokalt n\u00e6ringsliv og prioriterer lavest mulig p\u00e5virkning p\u00e5 milj\u00f8et.<\/p>\n\t\t\t\t<\/div>\n\t\t\t\t\t<\/div>\n\t<\/div>\n<\/section>\n\n\n\n<section id=\"acf-text-column-single-block_979f6d2e9189d412cd7832e99a4cb03b\"class=\"block-section text-column-single text-based-block show-top-bar-theme-dark wp-block-acf-text-column-single\">\n\t<div class=\"block-section-wrapper element-width--wide\">\n\t\t<div class=\"text-column-single__content use-copy-text-styles\">\n\t\t\t\t\t\t\t<h1 class=\"heading-size-normal\">Ledende innen bruk av avansert teknologi<\/h1>\n\t\t\t\t\t\t<p><strong>Innovasjon som fremmer samfunnshensyn og milj\u00f8et<br \/>\n<\/strong><\/p>\n<p>Vi er stolte over \u00e5 v\u00e6re ledende n\u00e5r det kommer til teknologiske fremskritt innen den fornybare energibransjen. V\u00e5re egne eksperter bruker det siste innen teknologi for \u00e5 sikre at v\u00e5re prosjekt ikke bare er b\u00e6rekraftige men h\u00f8yeffektive.<\/p>\n<p>Vindr tror p\u00e5 investeringer i tidlig fase forbedrer konkurranseevnen, som er en fordel for milj\u00f8et og lokalsammfunnene. Ved \u00e5 bruke all tilgjengelig data om milj\u00f8 og n\u00f8ye planlegging i tidlig fase, designer vi prosjekt som er skreddersydd etter lokale behov og \u00f8nsker.<\/p>\n<p>Vi kombinerer data og IT-verkt\u00f8y for \u00e5 sikre prosjekter som virkelig er fordelaktige der vi \u00f8nsker \u00e5 bygge. Ved \u00e5 bruke all tilgjengelig data om v\u00e5rt milj\u00f8 og n\u00f8ye planlegging tidlig i planleggingen, designer vi prosjekter n\u00f8ye tilpasset krav og \u00f8nsker fra innbyggerne.<\/p>\n<p>Vindr forst\u00e5r viktigheten av \u00e5 minimere v\u00e5re \u00f8kologiske fotavtrykk. V\u00e5r teknologidrevne tiln\u00e6rming er n\u00f8ye utformet for \u00e5 optimere for lavest mulig milj\u00f8p\u00e5virkning.<\/p>\n<p>Vi har utviklet v\u00e5r egen programvare og algoritmer for \u00e5 kunne beregne best mulig utnyttelse i v\u00e5re prosjekter.<\/p>\n<p>&nbsp;<\/p>\n<p>&nbsp;<\/p>\n<p>&nbsp;<\/p>\n\t\t<\/div>\n\t<\/div>\n<\/section>\n\n\n\n<section id=\"acf-quote-block_8ff649fafcd74090dd9d8cb7056c47fa\"class=\"block-section quote has-plyr-video-player show-top-bar-theme-dark wp-block-acf-quote\">\n\t<div class=\"block-section-wrapper element-width--content\">\n\t\t<div class=\"blockquotes-wrapper\">\n\t\t\t\t\t\t\t<blockquote id=\"swiper-block_8ff649fafcd74090dd9d8cb7056c47fa-quote-0\" class=\"active\">\n\t\t\t\t\t<p class=\"text-size-large\">Hos Vindr er vi utrolig dedikterte til \u00e5 bruke banebrytende teknologi for \u00e5 skape positiv merverdi i samfunnene vi opererer i. V\u00e5re betydelige investeringer i teknologiutvikling understreker v\u00e5rt engasjement for innovasjon og b\u00e6rekraft. Vi \u00f8nsker \u00e5 levere de mest avanserte og effektive l\u00f8sningene for fornybare energiprosjekt.<\/p>\n<p>&nbsp;<\/p>\n<p>&nbsp;<\/p>\n\t\t\t\t\t\t\t\t\t\t\t<cite>\n\t\t\t\t\t\t\t\t\t\t\t\t\t\tEspen Oldeman Lund, CTO\t\t\t\t\t\t\t\t\t\t\t\t\t<\/cite>\n\t\t\t\t\t\t\t\t\t<\/blockquote>\n\t\t\t\t\t\t\t<blockquote id=\"swiper-block_8ff649fafcd74090dd9d8cb7056c47fa-quote-1\" class=\"\">\n\t\t\t\t\t<p class=\"text-size-large\">Det er inspirerende \u00e5 jobbe i ett selskap som er villig til \u00e5 investere i sin egne teknologiutvikling for \u00e5 kunne levere godt forberedte prosjekt i tidlig fase. Jeg har jobbet i denne sektoren lenge, og dette er noe som virkelig skiller Vindr fra konkurrentene.<\/p>\n\t\t\t\t\t\t\t\t\t\t\t<cite>\n\t\t\t\t\t\t\t\t\t\t\t\t\t\tMartin de Mar\u00e9, Wind Analyst \t\t\t\t\t\t\t\t\t\t\t\t\t<\/cite>\n\t\t\t\t\t\t\t\t\t<\/blockquote>\n\t\t\t\t\t<\/div>\n\t\t<div id=\"swiper-block_8ff649fafcd74090dd9d8cb7056c47fa\" class=\"quote-media-wrapper swiper-container\">\n\t\t\t<div class=\"swiper-wrapper\">\n\t\t\t\t\t\t\t\t\t<div data-target-quote-id=\"swiper-block_8ff649fafcd74090dd9d8cb7056c47fa-quote-0\" class=\"quote-media swiper-slide swiper-slide-active\">\n\t\t\t\t\t\t\t\t\t\t\t\t\t<img loading=\"lazy\" decoding=\"async\" width=\"1600\" height=\"2000\" src=\"https:\/\/vindr.eu\/wp-content\/uploads\/2023\/12\/Espen-Oldeman-Lund-portrait.jpg\" class=\"attachment-full size-full\" alt=\"\" srcset=\"https:\/\/vindr.eu\/wp-content\/uploads\/2023\/12\/Espen-Oldeman-Lund-portrait.jpg 1600w, https:\/\/vindr.eu\/wp-content\/uploads\/2023\/12\/Espen-Oldeman-Lund-portrait-240x300.jpg 240w, https:\/\/vindr.eu\/wp-content\/uploads\/2023\/12\/Espen-Oldeman-Lund-portrait-819x1024.jpg 819w, https:\/\/vindr.eu\/wp-content\/uploads\/2023\/12\/Espen-Oldeman-Lund-portrait-768x960.jpg 768w, https:\/\/vindr.eu\/wp-content\/uploads\/2023\/12\/Espen-Oldeman-Lund-portrait-1229x1536.jpg 1229w, https:\/\/vindr.eu\/wp-content\/uploads\/2023\/12\/Espen-Oldeman-Lund-portrait-301x376.jpg 301w\" sizes=\"auto, (max-width: 1600px) 100vw, 1600px\" \/>\t\t\t\t\t\t\t\t\t\t\t<\/div>\n\t\t\t\t\t\t\t\t\t<div data-target-quote-id=\"swiper-block_8ff649fafcd74090dd9d8cb7056c47fa-quote-1\" class=\"quote-media swiper-slide \">\n\t\t\t\t\t\t\t\t\t\t\t\t\t<img loading=\"lazy\" decoding=\"async\" width=\"1333\" height=\"2000\" src=\"https:\/\/vindr.eu\/wp-content\/uploads\/2023\/12\/Martin-figure-2.jpg\" class=\"attachment-full size-full\" alt=\"\" srcset=\"https:\/\/vindr.eu\/wp-content\/uploads\/2023\/12\/Martin-figure-2.jpg 1333w, https:\/\/vindr.eu\/wp-content\/uploads\/2023\/12\/Martin-figure-2-200x300.jpg 200w, https:\/\/vindr.eu\/wp-content\/uploads\/2023\/12\/Martin-figure-2-682x1024.jpg 682w, https:\/\/vindr.eu\/wp-content\/uploads\/2023\/12\/Martin-figure-2-768x1152.jpg 768w, https:\/\/vindr.eu\/wp-content\/uploads\/2023\/12\/Martin-figure-2-1024x1536.jpg 1024w, https:\/\/vindr.eu\/wp-content\/uploads\/2023\/12\/Martin-figure-2-251x376.jpg 251w\" sizes=\"auto, (max-width: 1333px) 100vw, 1333px\" \/>\t\t\t\t\t\t\t\t\t\t\t<\/div>\n\t\t\t\t\t\t\t<\/div>\n\n\t\t\t\t\t\t\t<div class=\"swiper-pagination\"><\/div>\n\t\t\t\t<div class=\"swiper-button-prev\"><\/div>\n\t\t\t\t<div class=\"swiper-button-next\"><\/div>\n\t\t\t\t\t<\/div>\n\t<\/div>\n<\/section>\n\n\n\n<section id=\"acf-text-media-block_9401ab0b8f6931372bb990e493a2ea1e\"class=\"block-section text-media image-align-left show-top-bar-theme-dark wp-block-acf-text-media\">\n\t<div class=\"block-section-wrapper element-width--wide\">\n\t\t<div class=\"text-media__image\">\n\t\t\t<figure class=\"text-media__image-inner\">\n\t\t\t\t<img loading=\"lazy\" decoding=\"async\" width=\"1638\" height=\"2048\" src=\"https:\/\/vindr.eu\/wp-content\/uploads\/2023\/11\/nubelson-fernandes-UcYBL5V0xWQ-unsplash-scaled.jpg\" class=\"attachment-full size-full\" alt=\"\" srcset=\"https:\/\/vindr.eu\/wp-content\/uploads\/2023\/11\/nubelson-fernandes-UcYBL5V0xWQ-unsplash-scaled.jpg 1638w, https:\/\/vindr.eu\/wp-content\/uploads\/2023\/11\/nubelson-fernandes-UcYBL5V0xWQ-unsplash-240x300.jpg 240w, https:\/\/vindr.eu\/wp-content\/uploads\/2023\/11\/nubelson-fernandes-UcYBL5V0xWQ-unsplash-819x1024.jpg 819w, https:\/\/vindr.eu\/wp-content\/uploads\/2023\/11\/nubelson-fernandes-UcYBL5V0xWQ-unsplash-768x960.jpg 768w, https:\/\/vindr.eu\/wp-content\/uploads\/2023\/11\/nubelson-fernandes-UcYBL5V0xWQ-unsplash-1229x1536.jpg 1229w, https:\/\/vindr.eu\/wp-content\/uploads\/2023\/11\/nubelson-fernandes-UcYBL5V0xWQ-unsplash-301x376.jpg 301w\" sizes=\"auto, (max-width: 1638px) 100vw, 1638px\" \/>\t\t\t<\/figure>\n\t\t<\/div>\n\t\t<div class=\"text-media__content use-copy-text-styles\">\n\t\t\t\t\t\t\t<h1 class=\"title\">V\u00e5r egen programvare<\/h1>\n\t\t\t\t\t\t<p>Vi har utviklet v\u00e5r egen programvare og algoritmer for \u00e5 kunne beregne best mulig ytevne i v\u00e5re prosjekter.<\/p>\n<p>Vi integrerer tradisjonelle industriverkt\u00f8y som Windsim, Windpro og QGIS med en kraftfull miks av de nyeste IT system. Alle verkt\u00f8yene er skybasert for \u00e5 forbedre effektivtet i alle prosjekter og land.<\/p>\n\t\t\t\t\t<\/div>\n\t<\/div>\n<\/section>\n\n\n\n<section id=\"acf-banner-block_2085cb930873aa2cd383eb2292bbb94d\"class=\"block-section banner has-background background-only show-top-bar-theme-light wp-block-acf-banner\" data-scroll-container>\n\t\t\t<figure class=\"banner__bg\">\n\t\t\t<img loading=\"lazy\" decoding=\"async\" width=\"2048\" height=\"1176\" src=\"https:\/\/vindr.eu\/wp-content\/uploads\/2023\/11\/Tecnology-header-website-scaled.jpg\" class=\"attachment-full size-full\" alt=\"\" srcset=\"https:\/\/vindr.eu\/wp-content\/uploads\/2023\/11\/Tecnology-header-website-scaled.jpg 2048w, https:\/\/vindr.eu\/wp-content\/uploads\/2023\/11\/Tecnology-header-website-300x172.jpg 300w, https:\/\/vindr.eu\/wp-content\/uploads\/2023\/11\/Tecnology-header-website-768x441.jpg 768w, https:\/\/vindr.eu\/wp-content\/uploads\/2023\/11\/Tecnology-header-website-1024x588.jpg 1024w, https:\/\/vindr.eu\/wp-content\/uploads\/2023\/11\/Tecnology-header-website-1536x882.jpg 1536w, https:\/\/vindr.eu\/wp-content\/uploads\/2023\/11\/Tecnology-header-website-502x288.jpg 502w, https:\/\/vindr.eu\/wp-content\/uploads\/2023\/11\/Tecnology-header-website-1393x800.jpg 1393w\" sizes=\"auto, (max-width: 2048px) 100vw, 2048px\" \/>\t\t<\/figure>\n\t\t<div class=\"block-section-wrapper element-width--content\" data-scroll data-scroll-call=\"vindrOnBannerScroll\">\n\t\t<div class=\"banner__content\">\n\t\t\t\t\t\t\t\t\t\t\t\t\t\t<\/div>\n\t<\/div>\n<\/section>\n\n\n\n<section id=\"acf-banner-block_765d6c1edc02b3e0e50545b7a14ca94f\"class=\"block-section banner has-background has-title show-top-bar-theme-light wp-block-acf-banner\" data-scroll-container>\n\t\t\t<figure class=\"banner__bg\">\n\t\t\t<img loading=\"lazy\" decoding=\"async\" width=\"2048\" height=\"1365\" src=\"https:\/\/vindr.eu\/wp-content\/uploads\/2023\/11\/jason-blackeye-nyL-rzwP-Mk-unsplash-1-scaled.jpg\" class=\"attachment-full size-full\" alt=\"\" srcset=\"https:\/\/vindr.eu\/wp-content\/uploads\/2023\/11\/jason-blackeye-nyL-rzwP-Mk-unsplash-1-scaled.jpg 2048w, https:\/\/vindr.eu\/wp-content\/uploads\/2023\/11\/jason-blackeye-nyL-rzwP-Mk-unsplash-1-300x200.jpg 300w, https:\/\/vindr.eu\/wp-content\/uploads\/2023\/11\/jason-blackeye-nyL-rzwP-Mk-unsplash-1-768x512.jpg 768w, https:\/\/vindr.eu\/wp-content\/uploads\/2023\/11\/jason-blackeye-nyL-rzwP-Mk-unsplash-1-1024x683.jpg 1024w, https:\/\/vindr.eu\/wp-content\/uploads\/2023\/11\/jason-blackeye-nyL-rzwP-Mk-unsplash-1-1536x1024.jpg 1536w, https:\/\/vindr.eu\/wp-content\/uploads\/2023\/11\/jason-blackeye-nyL-rzwP-Mk-unsplash-1-502x335.jpg 502w, https:\/\/vindr.eu\/wp-content\/uploads\/2023\/11\/jason-blackeye-nyL-rzwP-Mk-unsplash-1-1200x800.jpg 1200w\" sizes=\"auto, (max-width: 2048px) 100vw, 2048px\" \/>\t\t<\/figure>\n\t\t<div class=\"block-section-wrapper element-width--content\" data-scroll data-scroll-call=\"vindrOnBannerScroll\">\n\t\t<div class=\"banner__content\">\n\t\t\t\t\t\t\t<h2 class=\"heading-size-large\">Ikke n\u00f8l med \u00e5 ta kontakt!<\/h2>\n\t\t\t\t<div class=\"text-size-medium\">\n\t\t\t\t\t\t\t\t\t\t\t\t\t<\/div>\n\t\t\t\t\t\t<a href=\"https:\/\/vindr.eu\/no\/kontakt\/\" id=\"\" class=\"stm-button--has-title stm-button stm-button--type-default stm-button-light\"  target=\"_self\" title=\"\"> <span class=\"text\">Kontakt oss<\/span>  <\/a>\t\t<\/div>\n\t<\/div>\n<\/section>\n","protected":false},"excerpt":{"rendered":"","protected":false},"author":1,"featured_media":0,"parent":867,"menu_order":0,"comment_status":"closed","ping_status":"closed","template":"","meta":{"_acf_changed":false,"inline_featured_image":false,"footnotes":""},"class_list":["post-873","page","type-page","status-publish","hentry"],"acf":[],"_links":{"self":[{"href":"https:\/\/vindr.eu\/no\/wp-json\/wp\/v2\/pages\/873","targetHints":{"allow":["GET"]}}],"collection":[{"href":"https:\/\/vindr.eu\/no\/wp-json\/wp\/v2\/pages"}],"about":[{"href":"https:\/\/vindr.eu\/no\/wp-json\/wp\/v2\/types\/page"}],"author":[{"embeddable":true,"href":"https:\/\/vindr.eu\/no\/wp-json\/wp\/v2\/users\/1"}],"replies":[{"embeddable":true,"href":"https:\/\/vindr.eu\/no\/wp-json\/wp\/v2\/comments?post=873"}],"version-history":[{"count":3,"href":"https:\/\/vindr.eu\/no\/wp-json\/wp\/v2\/pages\/873\/revisions"}],"predecessor-version":[{"id":8170,"href":"https:\/\/vindr.eu\/no\/wp-json\/wp\/v2\/pages\/873\/revisions\/8170"}],"up":[{"embeddable":true,"href":"https:\/\/vindr.eu\/no\/wp-json\/wp\/v2\/pages\/867"}],"wp:attachment":[{"href":"https:\/\/vindr.eu\/no\/wp-json\/wp\/v2\/media?parent=873"}],"curies":[{"name":"wp","href":"https:\/\/api.w.org\/{rel}","templated":true}]}}