{"id":867,"date":"2023-10-05T14:46:06","date_gmt":"2023-10-05T14:46:06","guid":{"rendered":"https:\/\/vindr.wpenginepowered.com\/how-we-work\/"},"modified":"2026-03-30T10:53:52","modified_gmt":"2026-03-30T10:53:52","slug":"hvordan-vi-jobber","status":"publish","type":"page","link":"https:\/\/vindr.eu\/no\/hvordan-vi-jobber\/","title":{"rendered":"Hvordan vi jobber"},"content":{"rendered":"\n<section id=\"acf-hero-subpage-block_32c7fac6d99b992213815bb01e480501\"class=\"block-section hero-subpage has-background waiting-to-animate show-top-bar-theme-light wp-block-acf-hero-subpage\">\n\t<figure class=\"hero-subpage__bg\">\n\t\t<img loading=\"lazy\" decoding=\"async\" width=\"2560\" height=\"1440\" src=\"https:\/\/vindr.eu\/wp-content\/uploads\/2026\/03\/iStock-2267349239-scaled.jpg\" class=\"attachment-full size-full\" alt=\"\" sizes=\"auto, (max-width: 999px) 100vw, 60vw\" srcset=\"https:\/\/vindr.eu\/wp-content\/uploads\/2026\/03\/iStock-2267349239-scaled.jpg 2560w, https:\/\/vindr.eu\/wp-content\/uploads\/2026\/03\/iStock-2267349239-300x169.jpg 300w, https:\/\/vindr.eu\/wp-content\/uploads\/2026\/03\/iStock-2267349239-1024x576.jpg 1024w, https:\/\/vindr.eu\/wp-content\/uploads\/2026\/03\/iStock-2267349239-768x432.jpg 768w, https:\/\/vindr.eu\/wp-content\/uploads\/2026\/03\/iStock-2267349239-1536x864.jpg 1536w, https:\/\/vindr.eu\/wp-content\/uploads\/2026\/03\/iStock-2267349239-2048x1152.jpg 2048w, https:\/\/vindr.eu\/wp-content\/uploads\/2026\/03\/iStock-2267349239-502x282.jpg 502w, https:\/\/vindr.eu\/wp-content\/uploads\/2026\/03\/iStock-2267349239-1422x800.jpg 1422w\" \/>\t<\/figure>\n\t<div class=\"block-section-wrapper element-width--full\">\n\t\t<div class=\"hero-subpage__content\">\n\t\t\t\t\t\t\t<h1 class=\"hero-subpage__title heading-size-large\">Hvordan vi jobber<\/h1>\n\t\t\t\t\t\t\t\t\t\t<div class=\"text-size-medium\">\n\t\t\t\t\t<p>Hvordan vi jobber definerer oss som selskap. Vindr spiller en ledende rolle i det gr\u00f8nne skiftet ved \u00e5 utvikle prosjekter som p\u00e5virker lokalsamfunnet og milj\u00f8et positivt.<\/p>\n<p>&nbsp;<\/p>\n\t\t\t\t<\/div>\n\t\t\t\t\t<\/div>\n\t<\/div>\n<\/section>\n\n\n\n<section id=\"acf-text-media-block_d69aad6d89a7c6587a53e9b333501039\"class=\"block-section text-media image-align-left show-top-bar-theme-dark wp-block-acf-text-media has-background has-light-blue-background-color\">\n\t<div class=\"block-section-wrapper element-width--wide\">\n\t\t<div class=\"text-media__image\">\n\t\t\t<figure class=\"text-media__image-inner\">\n\t\t\t\t<img loading=\"lazy\" decoding=\"async\" width=\"2048\" height=\"1365\" src=\"https:\/\/vindr.eu\/wp-content\/uploads\/2024\/09\/Foto-Ingar-Sorensen-79-scaled.jpg\" class=\"attachment-full size-full\" alt=\"\" srcset=\"https:\/\/vindr.eu\/wp-content\/uploads\/2024\/09\/Foto-Ingar-Sorensen-79-scaled.jpg 2048w, https:\/\/vindr.eu\/wp-content\/uploads\/2024\/09\/Foto-Ingar-Sorensen-79-300x200.jpg 300w, https:\/\/vindr.eu\/wp-content\/uploads\/2024\/09\/Foto-Ingar-Sorensen-79-1024x683.jpg 1024w, https:\/\/vindr.eu\/wp-content\/uploads\/2024\/09\/Foto-Ingar-Sorensen-79-768x512.jpg 768w, https:\/\/vindr.eu\/wp-content\/uploads\/2024\/09\/Foto-Ingar-Sorensen-79-1536x1024.jpg 1536w, https:\/\/vindr.eu\/wp-content\/uploads\/2024\/09\/Foto-Ingar-Sorensen-79-502x335.jpg 502w\" sizes=\"auto, (max-width: 2048px) 100vw, 2048px\" \/>\t\t\t<\/figure>\n\t\t<\/div>\n\t\t<div class=\"text-media__content use-copy-text-styles\">\n\t\t\t\t\t\t\t<h1 class=\"title\">Ambisi\u00f8se<\/h1>\n\t\t\t\t\t\t<p>Vi skal bygge et ledende fornybarselskap i Nord-Europa. Vi jobber m\u00e5lrettet med \u00e5 skape verdi i hvert steg, fra id\u00e9 til prosjekt i drift. For \u00e5 f\u00e5 det til investerer vi tungt i teknologisk innovasjon og engasjerer oss langsiktig i prosjektene v\u00e5re. Teamet v\u00e5rt er ambisi\u00f8st og erfarent, med en lang merittliste innen teknologi og fornybar energi.<\/p>\n\t\t\t<a href=\"https:\/\/vindr.eu\/no\/hvordan-vi-jobber\/technology\/\" id=\"\" class=\"stm-button--has-title stm-button stm-button--type-default\"  target=\"_self\" title=\"\"> <span class=\"text\">Teknologi<\/span>  <\/a>\t\t<\/div>\n\t<\/div>\n<\/section>\n\n\n\n<section id=\"acf-banner-block_1f21db6809da5a29c07362f58737e85a\"class=\"block-section banner has-background has-title show-top-bar-theme-light wp-block-acf-banner\" data-scroll-container>\n\t\t\t<figure class=\"banner__bg\">\n\t\t\t<img loading=\"lazy\" decoding=\"async\" width=\"2048\" height=\"1235\" src=\"https:\/\/vindr.eu\/wp-content\/uploads\/2023\/11\/lucas-marcomini-b9RmLocRgOw-unsplash-1-scaled.jpg\" class=\"attachment-full size-full\" alt=\"\" srcset=\"https:\/\/vindr.eu\/wp-content\/uploads\/2023\/11\/lucas-marcomini-b9RmLocRgOw-unsplash-1-scaled.jpg 2048w, https:\/\/vindr.eu\/wp-content\/uploads\/2023\/11\/lucas-marcomini-b9RmLocRgOw-unsplash-1-1024x617.jpg 1024w, https:\/\/vindr.eu\/wp-content\/uploads\/2023\/11\/lucas-marcomini-b9RmLocRgOw-unsplash-1-300x181.jpg 300w, https:\/\/vindr.eu\/wp-content\/uploads\/2023\/11\/lucas-marcomini-b9RmLocRgOw-unsplash-1-768x463.jpg 768w, https:\/\/vindr.eu\/wp-content\/uploads\/2023\/11\/lucas-marcomini-b9RmLocRgOw-unsplash-1-1536x926.jpg 1536w, https:\/\/vindr.eu\/wp-content\/uploads\/2023\/11\/lucas-marcomini-b9RmLocRgOw-unsplash-1-502x303.jpg 502w, https:\/\/vindr.eu\/wp-content\/uploads\/2023\/11\/lucas-marcomini-b9RmLocRgOw-unsplash-1-1327x800.jpg 1327w\" sizes=\"auto, (max-width: 2048px) 100vw, 2048px\" \/>\t\t<\/figure>\n\t\t<div class=\"block-section-wrapper element-width--content\" data-scroll data-scroll-call=\"vindrOnBannerScroll\">\n\t\t<div class=\"banner__content\">\n\t\t\t\t\t\t\t<h2 class=\"heading-size-large\">P\u00e5litelige<\/h2>\n\t\t\t\t<div class=\"text-size-medium\">\n\t\t\t\t\t\t<p>Vi vet at suksessen v\u00e5r st\u00e5r og faller p\u00e5 evnen til \u00e5 v\u00e6re en p\u00e5litelig partner. Det betyr langsiktig og ansvarlig energiproduksjon, i tr\u00e5d med behovene til lokalsamfunnene vi er en del av. Vi har bygget opp solide rutiner for \u00e5 sikre at vi er den beste partneren &#8211; for samarbeidspartnerne v\u00e5re, for kommunene vi jobber i, og for myndighetene vi er i dialog med.<\/p>\n\t\t\t\t\t\t\t<\/div>\n\t\t\t\t\t\t<a href=\"https:\/\/vindr.eu\/no\/hvordan-vi-jobber\/lokalsamfunn\/\" id=\"\" class=\"stm-button--has-title stm-button stm-button--type-default stm-button-light\"  target=\"_self\" title=\"\"> <span class=\"text\">Lokalsamfunn<\/span>  <\/a>\t\t<\/div>\n\t<\/div>\n<\/section>\n\n\n\n<section id=\"acf-featured-text-block_4110fc6bf272acfb7faea50963c34790\"class=\"block-section featured-text text-based-block show-top-bar-theme-dark wp-block-acf-featured-text\">\n\t<div class=\"block-section-wrapper element-width--content\">\n\t\t<div class=\"text\">\n\t\t\t<p>Vindr bidrar til energisikkerhet, tar\u00a0<strong>ansvar for hele prosjektets verdikjede<\/strong>, og tilbyr positiv merverdi for lokalsamfunnene.<\/p>\n\t\t\t\t\t<\/div>\n\t<\/div>\n<\/section>\n\n\n\n<section id=\"acf-text-media-block_a1da208a8bd76d239ddefc00c3227c63\"class=\"block-section text-media image-align-right show-top-bar-theme-dark wp-block-acf-text-media has-background has-light-blue-background-color\">\n\t<div class=\"block-section-wrapper element-width--wide\">\n\t\t<div class=\"text-media__image\">\n\t\t\t<figure class=\"text-media__image-inner\">\n\t\t\t\t<img loading=\"lazy\" decoding=\"async\" width=\"2048\" height=\"703\" src=\"https:\/\/vindr.eu\/wp-content\/uploads\/2024\/09\/Foto-Ingar-Sorensen-173-scaled.jpg\" class=\"attachment-full size-full\" alt=\"\" srcset=\"https:\/\/vindr.eu\/wp-content\/uploads\/2024\/09\/Foto-Ingar-Sorensen-173-scaled.jpg 2048w, https:\/\/vindr.eu\/wp-content\/uploads\/2024\/09\/Foto-Ingar-Sorensen-173-300x103.jpg 300w, https:\/\/vindr.eu\/wp-content\/uploads\/2024\/09\/Foto-Ingar-Sorensen-173-1024x352.jpg 1024w, https:\/\/vindr.eu\/wp-content\/uploads\/2024\/09\/Foto-Ingar-Sorensen-173-768x264.jpg 768w, https:\/\/vindr.eu\/wp-content\/uploads\/2024\/09\/Foto-Ingar-Sorensen-173-1536x528.jpg 1536w, https:\/\/vindr.eu\/wp-content\/uploads\/2024\/09\/Foto-Ingar-Sorensen-173-502x172.jpg 502w\" sizes=\"auto, (max-width: 2048px) 100vw, 2048px\" \/>\t\t\t<\/figure>\n\t\t<\/div>\n\t\t<div class=\"text-media__content use-copy-text-styles\">\n\t\t\t\t\t\t\t<h1 class=\"title\">Tilpasningsdyktig<\/h1>\n\t\t\t\t\t\t<p>For \u00e5 n\u00e5 m\u00e5let om \u00e5 bli et ledende fornybar energiselskap m\u00e5 vi v\u00e6re tilpasningsdyktige. Partnerskapet med InfraVia gir oss nettopp det: et erfarent team fra fornybarbransjen, kombinert med en solid infrastrukturinvestor. Sammen legger vi grunnlaget for rask vekst.<\/p>\n\t\t\t<a href=\"https:\/\/vindr.eu\/how-we-work\/owners\/\" id=\"\" class=\"stm-button--has-title stm-button stm-button--type-default\"  target=\"_self\" title=\"\"> <span class=\"text\">Eiere<\/span>  <\/a>\t\t<\/div>\n\t<\/div>\n<\/section>\n\n\n\n<section id=\"acf-text-media-block_585c30caa6c6122e1240fb80bc3cf4a5\"class=\"block-section text-media image-align-left show-top-bar-theme-dark wp-block-acf-text-media\">\n\t<div class=\"block-section-wrapper element-width--wide\">\n\t\t<div class=\"text-media__image\">\n\t\t\t<figure class=\"text-media__image-inner\">\n\t\t\t\t<img loading=\"lazy\" decoding=\"async\" width=\"1414\" height=\"2120\" src=\"https:\/\/vindr.eu\/wp-content\/uploads\/2026\/03\/iStock-2218072982.jpg\" class=\"attachment-full size-full\" alt=\"\" srcset=\"https:\/\/vindr.eu\/wp-content\/uploads\/2026\/03\/iStock-2218072982.jpg 1414w, https:\/\/vindr.eu\/wp-content\/uploads\/2026\/03\/iStock-2218072982-200x300.jpg 200w, https:\/\/vindr.eu\/wp-content\/uploads\/2026\/03\/iStock-2218072982-683x1024.jpg 683w, https:\/\/vindr.eu\/wp-content\/uploads\/2026\/03\/iStock-2218072982-768x1151.jpg 768w, https:\/\/vindr.eu\/wp-content\/uploads\/2026\/03\/iStock-2218072982-1024x1536.jpg 1024w, https:\/\/vindr.eu\/wp-content\/uploads\/2026\/03\/iStock-2218072982-1366x2048.jpg 1366w, https:\/\/vindr.eu\/wp-content\/uploads\/2026\/03\/iStock-2218072982-251x376.jpg 251w, https:\/\/vindr.eu\/wp-content\/uploads\/2026\/03\/iStock-2218072982-534x800.jpg 534w, https:\/\/vindr.eu\/wp-content\/uploads\/2026\/03\/iStock-2218072982-960x1440.jpg 960w\" sizes=\"auto, (max-width: 1414px) 100vw, 1414px\" \/>\t\t\t<\/figure>\n\t\t<\/div>\n\t\t<div class=\"text-media__content use-copy-text-styles\">\n\t\t\t\t\t\t\t<h1 class=\"title\">B\u00e6rekraftige<\/h1>\n\t\t\t\t\t\t<p>For oss i Vindr er b\u00e6rekraft en del av alt vi gj\u00f8r. Vi tar ansvar for at arbeidet v\u00e5rt bidrar positivt, b\u00e5de for lokalsamfunnene vi er en del av og for milj\u00f8et rundt oss.<\/p>\n\t\t\t<a href=\"https:\/\/vindr.eu\/no\/hvordan-vi-jobber\/esg\/\" id=\"\" class=\"stm-button--has-title stm-button stm-button--type-default\"  target=\"_self\" title=\"\"> <span class=\"text\">ESG<\/span>  <\/a>\t\t<\/div>\n\t<\/div>\n<\/section>\n\n\n\n<section id=\"acf-banner-block_5669e5e4c11e522ae1c630d0bae9abff\"class=\"block-section banner has-background has-title show-top-bar-theme-dark wp-block-acf-banner\" data-scroll-container>\n\t\t\t<figure class=\"banner__bg\">\n\t\t\t<img loading=\"lazy\" decoding=\"async\" width=\"2048\" height=\"1367\" src=\"https:\/\/vindr.eu\/wp-content\/uploads\/2025\/09\/iStock-1513529140-1-scaled.jpg\" class=\"attachment-full size-full\" alt=\"\" srcset=\"https:\/\/vindr.eu\/wp-content\/uploads\/2025\/09\/iStock-1513529140-1-scaled.jpg 2048w, https:\/\/vindr.eu\/wp-content\/uploads\/2025\/09\/iStock-1513529140-1-1024x683.jpg 1024w, https:\/\/vindr.eu\/wp-content\/uploads\/2025\/09\/iStock-1513529140-1-768x512.jpg 768w, https:\/\/vindr.eu\/wp-content\/uploads\/2025\/09\/iStock-1513529140-1-1199x800.jpg 1199w, https:\/\/vindr.eu\/wp-content\/uploads\/2025\/09\/iStock-1513529140-1-300x200.jpg 300w, https:\/\/vindr.eu\/wp-content\/uploads\/2025\/09\/iStock-1513529140-1-1536x1025.jpg 1536w, https:\/\/vindr.eu\/wp-content\/uploads\/2025\/09\/iStock-1513529140-1-502x335.jpg 502w\" sizes=\"auto, (max-width: 2048px) 100vw, 2048px\" \/>\t\t<\/figure>\n\t\t<div class=\"block-section-wrapper element-width--content\" data-scroll data-scroll-call=\"vindrOnBannerScroll\">\n\t\t<div class=\"banner__content\">\n\t\t\t\t\t\t\t<h2 class=\"heading-size-large\">Vil du vite mer?<\/h2>\n\t\t\t\t<div class=\"text-size-medium\">\n\t\t\t\t\t\t<p>Vi tror p\u00e5 \u00e5pen dialog, god planlegging og reelle fordeler for lokalsamfunn.<\/p>\n\t\t\t\t\t\t\t<\/div>\n\t\t\t\t\t\t<a href=\"https:\/\/vindr.eu\/no\/kontakt\/\" id=\"\" class=\"stm-button--has-title stm-button stm-button--type-default stm-button-light\"  target=\"_self\" title=\"\"> <span class=\"text\">Kontakt oss<\/span>  <\/a>\t\t<\/div>\n\t<\/div>\n<\/section>\n","protected":false},"excerpt":{"rendered":"","protected":false},"author":1,"featured_media":0,"parent":0,"menu_order":3,"comment_status":"closed","ping_status":"closed","template":"","meta":{"_acf_changed":false,"inline_featured_image":false,"footnotes":""},"class_list":["post-867","page","type-page","status-publish","hentry"],"acf":[],"_links":{"self":[{"href":"https:\/\/vindr.eu\/no\/wp-json\/wp\/v2\/pages\/867","targetHints":{"allow":["GET"]}}],"collection":[{"href":"https:\/\/vindr.eu\/no\/wp-json\/wp\/v2\/pages"}],"about":[{"href":"https:\/\/vindr.eu\/no\/wp-json\/wp\/v2\/types\/page"}],"author":[{"embeddable":true,"href":"https:\/\/vindr.eu\/no\/wp-json\/wp\/v2\/users\/1"}],"replies":[{"embeddable":true,"href":"https:\/\/vindr.eu\/no\/wp-json\/wp\/v2\/comments?post=867"}],"version-history":[{"count":2,"href":"https:\/\/vindr.eu\/no\/wp-json\/wp\/v2\/pages\/867\/revisions"}],"predecessor-version":[{"id":8248,"href":"https:\/\/vindr.eu\/no\/wp-json\/wp\/v2\/pages\/867\/revisions\/8248"}],"wp:attachment":[{"href":"https:\/\/vindr.eu\/no\/wp-json\/wp\/v2\/media?parent=867"}],"curies":[{"name":"wp","href":"https:\/\/api.w.org\/{rel}","templated":true}]}}