{"id":855,"date":"2023-10-05T11:33:48","date_gmt":"2023-10-05T11:33:48","guid":{"rendered":"https:\/\/vindr.wpenginepowered.com\/privacy-policy\/"},"modified":"2024-08-05T08:15:08","modified_gmt":"2024-08-05T08:15:08","slug":"personvern","status":"publish","type":"page","link":"https:\/\/vindr.eu\/no\/personvern\/","title":{"rendered":"Personvern"},"content":{"rendered":"\n<h2 class=\"wp-block-heading\"><strong>Personvernerkl\u00e6ring for Vindr<\/strong><\/h2>\n\n\n\n<p><strong><br><\/strong>Personopplysningsloven er en norsk lov som har til form\u00e5l \u00e5 beskytte enkeltpersoner mot krenkelser av personvernet gjennom behandling av personopplysninger. Loven implementerer EUs personvernforordning (GDPR) i norsk rett, noe som gj\u00f8r forordningen til en del av norsk lovgivning. (Store Norske Leksikon: <a href=\"https:\/\/snl.no\/personopplysningsloven\">snl.no\/personopplysningsloven<\/a>)<\/p>\n\n\n\n<p>Respekten for ditt privatliv og personvern er viktig for oss i Vindr. Vi er forpliktet til \u00e5 beskytte personopplysningene dine og behandler dem i samsvar med gjeldende personvernlovgivning, i henhold til GDPR rammeverket.<\/p>\n\n\n\n<p>Vi forst\u00e5r at h\u00e5ndtering av dine personopplysninger krever \u00e5penhet og ansvarlighet. Derfor \u00f8nsker vi \u00e5 gi deg en klar forst\u00e5else av hvordan, hvorfor og hvor lenge Vindr behandler dine personopplysninger. Denne personvernerkl\u00e6ringen forklarer v\u00e5r praksis og de tiltakene vi har p\u00e5 plass for \u00e5 beskytte ditt personvern.<\/p>\n\n\n\n<p class=\"has-black-color has-text-color has-link-color wp-elements-2521aaa7f0aac4e42c3f466f13a70b02\"><strong><br>Les mer om GDPR her:<\/strong> <a href=\"https:\/\/www.datatilsynet.no\/regelverk-og-verktoy\/lover-og-regler\/om-personopplysningsloven-og-nar-den-gjelder\/\"><em>https:\/\/www.datatilsynet.no\/regelverk-og-verktoy\/lover-og-regler\/om-personopplysningsloven-og-nar-den-gjelder\/<\/em><\/a><br><strong><br>Les hele personopplysningsloven<\/strong>: <a href=\"https:\/\/lovdata.no\/dokument\/NL\/lov\/2018-06-15-38\"><em>https:\/\/lovdata.no\/dokument\/NL\/lov\/2018-06-15-38<\/em><\/a><br><br><\/p>\n\n\n\n<p><strong>Personopplysningene vi samler inn:<\/strong><\/p>\n\n\n\n<p>Vindr samler inn personopplysninger for \u00e5 kunne operere effektivt og levere n\u00f8dvendige tjenester til v\u00e5re kunder og leverand\u00f8rer.<\/p>\n\n\n\n<p><br><strong>Vi samler inn f\u00f8lgende personopplysninger:<\/strong><\/p>\n\n\n\n<ul class=\"wp-block-list\">\n<li>Kontaktinformasjon (navn, e-postadresse, telefonnummer) til involverte personer<\/li>\n\n\n\n<li>Brukerkontoopplysninger<\/li>\n\n\n\n<li>Forbruksm\u00f8nstre og -historikk<\/li>\n\n\n\n<li>Opplysninger knyttet til fullmakter og representasjon<\/li>\n<\/ul>\n\n\n\n<p>Vi behandler ogs\u00e5 personopplysninger knyttet til v\u00e5rt milj\u00f8- og samfunnsansvar. Dette inkluderer opplysninger om lokale interessenter, som yrke, helse, kontaktinformasjon og andre relevante detaljer.<\/p>\n\n\n\n<p>I tillegg behandler vi personopplysninger om v\u00e5re samarbeidspartnere og interessenter, inkludert politikere, pressekontakter, journalister og andre relevante interessentgrupper.<\/p>\n\n\n\n<p><br><strong>Form\u00e5l med behandling av personopplysninger<\/strong><\/p>\n\n\n\n<p>Personopplysningene dine behandles for f\u00f8lgende form\u00e5l:<\/p>\n\n\n\n<ul class=\"wp-block-list\">\n<li>Forbedre v\u00e5re tjenester og kommunikasjonskanaler (inkludert SoMe)<\/li>\n\n\n\n<li>Administrasjon av kundeforhold og kontrakter<\/li>\n\n\n\n<li>Markedsf\u00f8ring og kundeservice<\/li>\n\n\n\n<li>Sikkerhet og tilgjengelighet til v\u00e5re tjenester<\/li>\n\n\n\n<li>Due Diligence<\/li>\n\n\n\n<li>Innkj\u00f8p og anskaffelser<\/li>\n\n\n\n<li>Rekruttering<\/li>\n<\/ul>\n\n\n\n<p><br><strong>Hvordan vi samler inn personopplysninger<br><\/strong><br>Vi samler inn personopplysninger fra flere kilder. Noen av disse opplysningene gir du oss direkte gjennom ditt kunde- eller leverand\u00f8rforhold. Andre opplysninger samles inn gjennom din aktivitet som kunde, leverand\u00f8r eller annen interessent. I tillegg innhenter vi personopplysninger fra eksterne kilder.<\/p>\n\n\n\n<p><br><strong>Personopplysninger samles inn p\u00e5 f\u00f8lgende m\u00e5ter:<\/strong><\/p>\n\n\n\n<ul class=\"wp-block-list\">\n<li>Direkte fra deg n\u00e5r du oppretter en konto, inng\u00e5r avtaler, eller kontakter oss<\/li>\n\n\n\n<li>Gjennom din bruk av v\u00e5re tjenester og nettsider<\/li>\n\n\n\n<li>Fra tredjeparter som offentlige myndigheter og kredittinstitusjoner<\/li>\n<\/ul>\n\n\n\n<p><br><strong>Lagring av personopplysninger<\/strong><\/p>\n\n\n\n<p>Vi lagrer personopplysningene dine s\u00e5 lenge det er n\u00f8dvendig for \u00e5 oppfylle form\u00e5let med innsamlingen, i henhold til gjeldende lovgivning. Personopplysningene dine blir lagret og slettet i henhold til gjeldende lover.<\/p>\n\n\n\n<p><br><strong>Deling av personopplysninger<\/strong><\/p>\n\n\n\n<p>Vi deler personopplysningene dine med:<\/p>\n\n\n\n<ul class=\"wp-block-list\">\n<li>Internt i Vindr-konsernet for n\u00f8dvendige form\u00e5l<\/li>\n\n\n\n<li>Tjenesteleverand\u00f8rer som IT-tjenester og skytjenester<\/li>\n\n\n\n<li>Offentlige myndigheter n\u00e5r loven krever det (f.eks der det foreligger et lovkrav, der det f\u00f8lger av en dom, kjennelse eller vedtak fra en domstol eller administrative myndigheter, eller som ledd i en rettslig prosess)<\/li>\n<\/ul>\n\n\n\n<p>Vi benytter en rekke leverand\u00f8rer som tilbyr tjenester innen IT, skytjenester og lignende. Disse leverand\u00f8rene kan f\u00e5 tilgang til eller motta dine personopplysninger i den grad det er n\u00f8dvendig for \u00e5 levere relevante tjenester.<\/p>\n\n\n\n<p>Vi s\u00f8rger for at det er tilstrekkelige databehandleravtaler med v\u00e5re leverand\u00f8rer for \u00e5 beskytte ditt privatliv. N\u00e5r vi bruker databehandlere utenfor EU\/E\u00d8S, sikrer vi at det finnes et rettslig grunnlag for overf\u00f8ring av personopplysninger.<\/p>\n\n\n\n<p><br><strong>Sikring av personopplysninger<\/strong><\/p>\n\n\n\n<p>Vindr forplikter seg til \u00e5 beskytte dine personopplysninger:<\/p>\n\n\n\n<p>Vi s\u00f8rger for at informasjonen er n\u00f8yaktig, tilgjengelig og h\u00e5ndtert i samsvar med dens sensitivitet.<\/p>\n\n\n\n<p>Vi benytter ulike sikkerhetsteknologier og informasjonssikkerhetsprosedyrer for \u00e5 beskytte dine personopplysninger mot uautorisert tilgang, bruk eller deling.<\/p>\n\n\n\n<p>Tilgangen til dine personopplysninger er begrenset til ansatte eller tredjeparter som behandler opplysningene p\u00e5 vegne av Vindr. Disse partene er underlagt strenge konfidensialitetskrav, og Vindr kan iverksette disiplin\u00e6re tiltak eller avslutte avtaler dersom kravene ikke overholdes.<br><\/p>\n\n\n\n<p><strong>Hvem er ansvarlig for personopplysninger<br><\/strong><br>Vindr er behandlingsansvarlig og har ansvaret for \u00e5 bestemme form\u00e5let med og m\u00e5ten personopplysningene dine behandles p\u00e5.<\/p>\n\n\n\n<p><br><strong>Rettslig grunnlag for behandling av personopplysninger<\/strong><\/p>\n\n\n\n<p>Vindr behandler personopplysninger kun dersom minst ett av f\u00f8lgende vilk\u00e5r er oppfylt:<\/p>\n\n\n\n<ul class=\"wp-block-list\">\n<li>Den registrerte har gitt sitt samtykke til behandlingen for ett eller flere spesifikke form\u00e5l.<\/li>\n\n\n\n<li>Behandlingen er n\u00f8dvendig for \u00e5 oppfylle en kontrakt hvor den registrerte er part, eller for \u00e5 utf\u00f8re tiltak p\u00e5 foresp\u00f8rsel fra den registrerte f\u00f8r inng\u00e5else av en kontrakt.<\/li>\n\n\n\n<li>Behandlingen er n\u00f8dvendig for \u00e5 overholde en rettslig forpliktelse som Vindr er underlagt.<\/li>\n\n\n\n<li>Behandlingen er n\u00f8dvendig for \u00e5 beskytte liv og helse til den registrerte eller andre enkeltpersoner.<\/li>\n\n\n\n<li>Behandlingen er n\u00f8dvendig for \u00e5 utf\u00f8re en oppgave i allmennhetens interesse eller i ut\u00f8velsen av offentlig myndighet tillagt Vindr.<\/li>\n\n\n\n<li>Behandlingen er n\u00f8dvendig for form\u00e5l knyttet til en berettiget interesse forfulgt av Vindr eller en tredjepart, med mindre denne interessen overstyres av den registrertes interesser eller grunnleggende rettigheter og friheter som krever vern av personopplysninger.<\/li>\n<\/ul>\n\n\n\n<p><br><strong>Dine rettigheter<\/strong><\/p>\n\n\n\n<p>Du har til enhver tid rett til \u00e5:<\/p>\n\n\n\n<ul class=\"wp-block-list\">\n<li>Be om ytterligere detaljer om hvordan vi bruker dine personopplysninger.<\/li>\n\n\n\n<li>F\u00e5 en kopi av opplysningene du har gitt oss.<\/li>\n\n\n\n<li>Oppdatere eller rette dine personopplysninger.<\/li>\n\n\n\n<li>F\u00e5 informasjon om logikken i automatisert behandling n\u00e5r Vindr bruker automatiserte avgj\u00f8relser.<\/li>\n\n\n\n<li>Be om sletting av personopplysninger som vi ikke lenger har rettslig grunnlag for \u00e5 behandle.<\/li>\n\n\n\n<li>Motta dine personopplysninger i et strukturert, maskinlesbart format eller f\u00e5 dem overf\u00f8rt til en annen behandlingsansvarlig.<\/li>\n\n\n\n<li>Stanse en bestemt behandling av personopplysninger basert p\u00e5 berettiget interesse, med mindre v\u00e5re grunner veier tyngre enn dine personvernrettigheter.<\/li>\n\n\n\n<li>Begrense bruken av dine personopplysninger under en granskning.<\/li>\n\n\n\n<li>Klage via kontaktopplysningene i denne personvernerkl\u00e6ringen eller til relevant tilsynsmyndighet.<\/li>\n<\/ul>\n\n\n\n<p><br><strong>Kontakt oss<\/strong><\/p>\n\n\n\n<p>Hvis du har sp\u00f8rsm\u00e5l, foresp\u00f8rsler eller klager vedr\u00f8rende v\u00e5r behandling av dine personopplysninger, kan du kontakte oss p\u00e5 <a href=\"mailto:info@vindr.no\">info@vindr.no<\/a><\/p>\n\n\n\n<p><br><strong>Oppdateringer av personvernerkl\u00e6ringen<\/strong><\/p>\n\n\n\n<p>Denne personvernerkl\u00e6ringen vil bli oppdatert ved behov for \u00e5 reflektere endringer i v\u00e5re praksiser eller gjeldende lovgivning. Endringer vil bli publisert p\u00e5 denne siden.<\/p>\n","protected":false},"excerpt":{"rendered":"<p>Personvernerkl\u00e6ring for Vindr Personopplysningsloven er en norsk lov som har til form\u00e5l \u00e5 beskytte enkeltpersoner mot krenkelser av personvernet gjennom behandling av personopplysninger. Loven implementerer EUs personvernforordning (GDPR) i norsk rett, noe som gj\u00f8r forordningen til en del av norsk lovgivning. (Store Norske Leksikon: snl.no\/personopplysningsloven) Respekten for ditt privatliv og personvern er viktig for oss [&hellip;]<\/p>\n","protected":false},"author":1,"featured_media":0,"parent":0,"menu_order":2,"comment_status":"closed","ping_status":"closed","template":"","meta":{"_acf_changed":false,"inline_featured_image":false,"footnotes":""},"class_list":["post-855","page","type-page","status-publish","hentry"],"acf":[],"_links":{"self":[{"href":"https:\/\/vindr.eu\/no\/wp-json\/wp\/v2\/pages\/855","targetHints":{"allow":["GET"]}}],"collection":[{"href":"https:\/\/vindr.eu\/no\/wp-json\/wp\/v2\/pages"}],"about":[{"href":"https:\/\/vindr.eu\/no\/wp-json\/wp\/v2\/types\/page"}],"author":[{"embeddable":true,"href":"https:\/\/vindr.eu\/no\/wp-json\/wp\/v2\/users\/1"}],"replies":[{"embeddable":true,"href":"https:\/\/vindr.eu\/no\/wp-json\/wp\/v2\/comments?post=855"}],"version-history":[{"count":0,"href":"https:\/\/vindr.eu\/no\/wp-json\/wp\/v2\/pages\/855\/revisions"}],"wp:attachment":[{"href":"https:\/\/vindr.eu\/no\/wp-json\/wp\/v2\/media?parent=855"}],"curies":[{"name":"wp","href":"https:\/\/api.w.org\/{rel}","templated":true}]}}