{"id":4395,"date":"2024-08-30T10:16:48","date_gmt":"2024-08-30T10:16:48","guid":{"rendered":"https:\/\/vindr.eu\/om-vindr\/tuulepargid\/"},"modified":"2026-04-01T13:58:24","modified_gmt":"2026-04-01T13:58:24","slug":"vare-prosjekter","status":"publish","type":"page","link":"https:\/\/vindr.eu\/no\/vare-prosjekter\/","title":{"rendered":"V\u00e5re prosjekter"},"content":{"rendered":"\n<section id=\"acf-hero-block_6b2dcbdaa20e1a9ad4ab65b2a1089b88\"class=\"block-section hero text-light has-background waiting-to-animate show-top-bar-theme-light wp-block-acf-hero\">\n\t<div id=\"hero__wrapper-fixed\">\n\t\t\t\t\t\t\t\t\t<figure class=\"hero__bg\">\n\t\t\t\t\t<img loading=\"lazy\" decoding=\"async\" width=\"2048\" height=\"1152\" src=\"https:\/\/vindr.eu\/wp-content\/uploads\/2025\/09\/iStock-1396266461-scaled-e1757922584545.jpg\" class=\"attachment-full size-full\" alt=\"\" srcset=\"https:\/\/vindr.eu\/wp-content\/uploads\/2025\/09\/iStock-1396266461-scaled-e1757922584545.jpg 2048w, https:\/\/vindr.eu\/wp-content\/uploads\/2025\/09\/iStock-1396266461-scaled-e1757922584545-300x169.jpg 300w, https:\/\/vindr.eu\/wp-content\/uploads\/2025\/09\/iStock-1396266461-scaled-e1757922584545-1024x576.jpg 1024w, https:\/\/vindr.eu\/wp-content\/uploads\/2025\/09\/iStock-1396266461-scaled-e1757922584545-768x432.jpg 768w, https:\/\/vindr.eu\/wp-content\/uploads\/2025\/09\/iStock-1396266461-scaled-e1757922584545-1536x864.jpg 1536w, https:\/\/vindr.eu\/wp-content\/uploads\/2025\/09\/iStock-1396266461-scaled-e1757922584545-502x282.jpg 502w\" sizes=\"auto, (max-width: 2048px) 100vw, 2048px\" \/>\t\t\t\t<\/figure>\n\t\t\t\t\t\t\t\t\t<div class=\"block-section-wrapper\">\n\t\t\t<div class=\"hero__text element-width--wide\">\n\t\t\t\t\t\t\t\t\t<h1 class=\"hero__title heading-size-large\">V\u00e5re prosjekter\n<\/h1>\n\t\t\t\t\t\t\t\t\t\t\t<\/div>\n\t\t<\/div>\n\t\t<p class=\"scroll-indicator\"><span class=\"scroll-animation\"><\/span> Scroll<\/p>\n\t<\/div>\n<\/section>\n\n<div id=\"hero__spacer\"><\/div>\n\n\n<section id=\"acf-featured-text-block_80dd13f6781d59eec738c7e290cec6b9\"class=\"block-section featured-text text-based-block show-top-bar-theme-dark wp-block-acf-featured-text\">\n\t<div class=\"block-section-wrapper element-width--content\">\n\t\t<div class=\"text\">\n\t\t\t<p class=\"font-claude-response-body break-words whitespace-normal leading-[1.7]\">Vindr er et norsk fornybarselskap som utvikler og realiserer kraftverk, fra tidlig planlegging til ferdig prosjekt. <strong>Vi bygger et ledende fornybar energiselskap i Nord-Europa,<\/strong> og bidrar til energisikkerhet gjennom avansert teknologi og ansvarlig prosjektutvikling.<\/p>\n<p class=\"font-claude-response-body break-words whitespace-normal leading-[1.7]\">Vi er til stede i hele prosessen og jobber tett med lokale interessenter for \u00e5 sikre at prosjektene v\u00e5re skaper reell verdi for samfunnene rundt oss. <strong>Prosjektene ligger n\u00e6rt forbruk,<\/strong> noe som reduserer p\u00e5virkningen p\u00e5 natur og milj\u00f8.<\/p>\n<p class=\"font-claude-response-body break-words whitespace-normal leading-[1.7]\">Vindr ble etablert i 2019 med m\u00e5l om \u00e5 utvikle vindkraftprosjekter i Norge og Sverige. Siden den gang har vi vokst til \u00e5 dekke b\u00e5de Norden og Baltikum.<\/p>\n\t\t\t\t\t<\/div>\n\t<\/div>\n<\/section>\n\n\n\n<section id=\"acf-projects-featured-slider-block_f34456a91799a7fabf3f4cddae03c28b\"class=\"block-section projects-featured-slider projects-featured-slider show-top-bar-theme-dark wp-block-acf-projects-featured-slider\" data-pfs-id=\"pfs-block_f34456a91799a7fabf3f4cddae03c28b\">\n    <div class=\"block-section-wrapper element-width--content\">\n\n        <div class=\"pfs-swiper swiper\" id=\"pfs-block_f34456a91799a7fabf3f4cddae03c28b\">\n            <div class=\"swiper-wrapper\">\n                                    <div class=\"swiper-slide\">\n                        <article class=\"pfs-card\">\n                            <div class=\"image-wrapper\">\n                                <img loading=\"lazy\" decoding=\"async\" width=\"640\" height=\"500\" src=\"https:\/\/vindr.eu\/wp-content\/uploads\/2026\/01\/Aker-visualisering_compressed-640x500.jpg\" class=\"attachment-project-slider size-project-slider\" alt=\"\" \/>                            <\/div>\n\n                            <div class=\"content-wrapper\">\n                                                                    <h1 class=\"project-title\">\u00c5ker Vindkraftverk<\/h1>\n                                \n                                <dl>\n                                                                            <div>\n                                            <dt>Status<\/dt>\n                                            <dd>Planlegging<\/dd>\n                                        <\/div>\n                                    \n                                                                            <div>\n                                            <dt>Plassering<\/dt>\n                                            <dd>Elverum kommune<\/dd>\n                                        <\/div>\n                                    \n                                                                            <div>\n                                            <dt>Produksjon<\/dt>\n                                            <dd>Ca 100 GWh<\/dd>\n                                        <\/div>\n                                                                    <\/dl>\n\n                                <a href=\"https:\/\/vindr.eu\/no\/aker-vindkraftverk\/\" class=\"stm-button outlined white see-project-btn\">\n                                    Se prosjekt                                <\/a>\n                            <\/div>\n                        <\/article>\n                    <\/div>\n                                    <div class=\"swiper-slide\">\n                        <article class=\"pfs-card\">\n                            <div class=\"image-wrapper\">\n                                <img loading=\"lazy\" decoding=\"async\" width=\"640\" height=\"500\" src=\"https:\/\/vindr.eu\/wp-content\/uploads\/2026\/01\/gilderasen_2-1-640x500.jpg\" class=\"attachment-project-slider size-project-slider\" alt=\"\" \/>                            <\/div>\n\n                            <div class=\"content-wrapper\">\n                                                                    <h1 class=\"project-title\">Gilder\u00e5sen\u00a0Vindkraftverk<\/h1>\n                                \n                                <dl>\n                                                                            <div>\n                                            <dt>Status<\/dt>\n                                            <dd>Planlegging<\/dd>\n                                        <\/div>\n                                    \n                                                                            <div>\n                                            <dt>Plassering<\/dt>\n                                            <dd>Elverum kommune<\/dd>\n                                        <\/div>\n                                    \n                                                                            <div>\n                                            <dt>Produksjon<\/dt>\n                                            <dd>Ca 180 &#8211; 260 GWh<\/dd>\n                                        <\/div>\n                                                                    <\/dl>\n\n                                <a href=\"https:\/\/vindr.eu\/no\/gilderasen-vindkraftverk\/\" class=\"stm-button outlined white see-project-btn\">\n                                    Se prosjekt                                <\/a>\n                            <\/div>\n                        <\/article>\n                    <\/div>\n                                    <div class=\"swiper-slide\">\n                        <article class=\"pfs-card\">\n                            <div class=\"image-wrapper\">\n                                <img loading=\"lazy\" decoding=\"async\" width=\"640\" height=\"500\" src=\"https:\/\/vindr.eu\/wp-content\/uploads\/2026\/01\/Nupberget-visualisering_compressed-640x500.jpg\" class=\"attachment-project-slider size-project-slider\" alt=\"\" \/>                            <\/div>\n\n                            <div class=\"content-wrapper\">\n                                                                    <h1 class=\"project-title\">Nupberget Vindkraftverk<\/h1>\n                                \n                                <dl>\n                                                                            <div>\n                                            <dt>Status<\/dt>\n                                            <dd>Planlegging<\/dd>\n                                        <\/div>\n                                    \n                                                                            <div>\n                                            <dt>Plassering<\/dt>\n                                            <dd>Elverum kommune<\/dd>\n                                        <\/div>\n                                    \n                                                                            <div>\n                                            <dt>Produksjon<\/dt>\n                                            <dd>Ca 160 GWh<\/dd>\n                                        <\/div>\n                                                                    <\/dl>\n\n                                <a href=\"https:\/\/vindr.eu\/no\/nupberget-vindkraftverk\/\" class=\"stm-button outlined white see-project-btn\">\n                                    Se prosjekt                                <\/a>\n                            <\/div>\n                        <\/article>\n                    <\/div>\n                            <\/div>\n\n            <div class=\"pfs-controls\">\n                <div class=\"swiper-pagination pfs-fraction\"><\/div>\n                <div class=\"pfs-nav\">\n                    <button class=\"pfs-prev\" aria-label=\"Previous slide\">\n                        <svg width=\"22\" height=\"22\" viewBox=\"0 0 24 24\" fill=\"none\" aria-hidden=\"true\"><path d=\"M15 18l-6-6 6-6\" stroke=\"currentColor\" stroke-width=\"2\" stroke-linecap=\"round\" stroke-linejoin=\"round\"\/><\/svg>\n                    <\/button>\n                    <button class=\"pfs-next\" aria-label=\"Next slide\">\n                        <svg width=\"22\" height=\"22\" viewBox=\"0 0 24 24\" fill=\"none\" aria-hidden=\"true\"><path d=\"M9 6l6 6-6 6\" stroke=\"currentColor\" stroke-width=\"2\" stroke-linecap=\"round\" stroke-linejoin=\"round\"\/><\/svg>\n                    <\/button>\n                <\/div>\n            <\/div>\n        <\/div>\n    <\/div>\n\n\n<\/section>\n\n\n\n<section id=\"dc-post-grid-filterable-block_dcpg-69cd248041159\" class=\"block-section dc-post-grid-filterable dc-post-grid-base  dpg-stm_project   align-full \" data-aos=\"\">\n\t\n<div class=\"grid-container\">\n\t<div class=\"grid-x grid-margin-x\">\n\t\t<div class=\"cell small-12\">\n\t\t\t<div id=\"dc_post_grid_dcpg-69cd248041159\" class=\"dc-post-grid-component-wrapper dc-fallback-content\">\n\t\t\t\t<header class=\"dc-post-grid-header\">\n\t\t\t\t\t<div class=\"dc-post-top-left\">\n\t\t\t\t\t\t\t\t\t\t\t\t\t<h2 class=\"section-title-default\">Alle prosjekter<\/h2>\n\t\t\t\t\t\t\t\t\t\t\t\t\t\t\t\t\t<\/div>\n\t\t\t\t\t<div class=\"dc-post-top-right\">\n\t\t\t\t\t\t\t\t\t\t\t\t\t\t\t\t\t<\/div>\n\t\t\t\t<\/header>\n\t\t\t\t\t\t\t\t\t\t\t\t\t\t<noscript>\n\t\t\t\t\t\t\t\t\t\t\t<div class=\"dc-post-grid-results has-3-columns uses-no-image-card-fallbacks\">\n\t\t\t\t\t\t\t<div class=\"dc-post-grid-results-inner\">\n\t\t\t\t\t\t\t\t\t\t\t\t\t\t\t\t\t<div class=\"grid-container full\">\n\t\t\t\t\t\t\t\t\t\t<div class=\"grid-x grid-margin-x\">\n\t\t\t\t\t\t\t\t\t\t\t\t\t\t\t\t\t\t\t\n<div class=\"cell\">\n\t<article id=\"stm_project_5825\" class=\"dc-post-grid-card default-card post-summary\">\n\n\t\t<div class=\"dc-post-grid-card-inner post-summary-inner\">\n\t\t\t\t\t\t\t<div class=\"image-wrapper\">\n\t\t\t\t\t<img loading=\"lazy\" decoding=\"async\" width=\"1024\" height=\"683\" src=\"https:\/\/vindr.eu\/wp-content\/uploads\/2026\/01\/Aker-visualisering_compressed-1024x683.jpg\" class=\"attachment-large size-large\" alt=\"\" \/>\t\t\t\t<\/div>\n\t\t\t\t\t\t<div class=\"content-wrapper\">\n\t\t\t\t<div class=\"content-hover-overlay\"><\/div>\n                                    <span class=\"post-date\">5. januar 2026<\/span>\n                \t\t\t\t\t\t\t\t\t\t\t\t\t<h1 class=\"card-title\">\u00c5ker Vindkraftverk<\/h1>\n\t\t\t\t\t\t\t\t\t\t\t\t\t\t\t\t\t<a href=\"https:\/\/vindr.eu\/no\/aker-vindkraftverk\/\" class=\"link read-more-link\">\n\t\t\t\t\t\t<span class=\"screen-reader-text\">Les mer<\/span>\n\t\t\t\t\t<\/a>\n\t\t\t\t\t\t\t<\/div>\n\t\t<\/div>\n\t<\/article>\n<\/div>\n\n<div class=\"cell\">\n\t<article id=\"stm_project_5592\" class=\"dc-post-grid-card default-card post-summary\">\n\n\t\t<div class=\"dc-post-grid-card-inner post-summary-inner\">\n\t\t\t\t\t\t\t<div class=\"image-wrapper\">\n\t\t\t\t\t<img loading=\"lazy\" decoding=\"async\" width=\"1024\" height=\"576\" src=\"https:\/\/vindr.eu\/wp-content\/uploads\/2025\/09\/dji_fly_20240625_160716_45_1719326266157_photo_optimized-1024x576.jpg\" class=\"attachment-large size-large\" alt=\"\" \/>\t\t\t\t<\/div>\n\t\t\t\t\t\t<div class=\"content-wrapper\">\n\t\t\t\t<div class=\"content-hover-overlay\"><\/div>\n                                    <span class=\"post-date\">15. september 2025<\/span>\n                \t\t\t\t\t\t\t\t\t\t\t\t\t<h1 class=\"card-title\">Blanktjennsmoen Solkraftverk<\/h1>\n\t\t\t\t\t\t\t\t\t\t\t\t\t\t\t\t\t<a href=\"https:\/\/vindr.eu\/no\/blanktjennsmoen-solar\/\" class=\"link read-more-link\">\n\t\t\t\t\t\t<span class=\"screen-reader-text\">Les mer<\/span>\n\t\t\t\t\t<\/a>\n\t\t\t\t\t\t\t<\/div>\n\t\t<\/div>\n\t<\/article>\n<\/div>\n\n<div class=\"cell\">\n\t<article id=\"stm_project_5062\" class=\"dc-post-grid-card default-card post-summary\">\n\n\t\t<div class=\"dc-post-grid-card-inner post-summary-inner\">\n\t\t\t\t\t\t\t<div class=\"image-wrapper\">\n\t\t\t\t\t<img loading=\"lazy\" decoding=\"async\" width=\"1024\" height=\"683\" src=\"https:\/\/vindr.eu\/wp-content\/uploads\/2025\/09\/pic2-1024x683.jpg\" class=\"attachment-large size-large\" alt=\"\" \/>\t\t\t\t<\/div>\n\t\t\t\t\t\t<div class=\"content-wrapper\">\n\t\t\t\t<div class=\"content-hover-overlay\"><\/div>\n                                    <span class=\"post-date\">15. september 2025<\/span>\n                \t\t\t\t\t\t\t\t\t\t\t\t\t<h1 class=\"card-title\">Bukk\u00e5sen Vindkraftverk<\/h1>\n\t\t\t\t\t\t\t\t\t\t\t\t\t\t\t\t\t<a href=\"https:\/\/vindr.eu\/no\/bukkasen-vindkraftverk\/\" class=\"link read-more-link\">\n\t\t\t\t\t\t<span class=\"screen-reader-text\">Les mer<\/span>\n\t\t\t\t\t<\/a>\n\t\t\t\t\t\t\t<\/div>\n\t\t<\/div>\n\t<\/article>\n<\/div>\n\n<div class=\"cell\">\n\t<article id=\"stm_project_5536\" class=\"dc-post-grid-card default-card post-summary\">\n\n\t\t<div class=\"dc-post-grid-card-inner post-summary-inner\">\n\t\t\t\t\t\t\t<div class=\"image-wrapper\">\n\t\t\t\t\t<img loading=\"lazy\" decoding=\"async\" width=\"1024\" height=\"576\" src=\"https:\/\/vindr.eu\/wp-content\/uploads\/2025\/09\/STILLBILDER.00_00_11_03.Still007-1024x576.png\" class=\"attachment-large size-large\" alt=\"\" \/>\t\t\t\t<\/div>\n\t\t\t\t\t\t<div class=\"content-wrapper\">\n\t\t\t\t<div class=\"content-hover-overlay\"><\/div>\n                                    <span class=\"post-date\">15. september 2025<\/span>\n                \t\t\t\t\t\t\t\t\t\t\t\t\t<h1 class=\"card-title\">Fornybarprosjekter i Marker<\/h1>\n\t\t\t\t\t\t\t\t\t\t\t\t\t\t\t\t\t<a href=\"https:\/\/vindr.eu\/no\/fornybarprosjekter-i-marker\/\" class=\"link read-more-link\">\n\t\t\t\t\t\t<span class=\"screen-reader-text\">Les mer<\/span>\n\t\t\t\t\t<\/a>\n\t\t\t\t\t\t\t<\/div>\n\t\t<\/div>\n\t<\/article>\n<\/div>\n\n<div class=\"cell\">\n\t<article id=\"stm_project_7370\" class=\"dc-post-grid-card default-card post-summary\">\n\n\t\t<div class=\"dc-post-grid-card-inner post-summary-inner\">\n\t\t\t\t\t\t\t<div class=\"image-wrapper\">\n\t\t\t\t\t<img loading=\"lazy\" decoding=\"async\" width=\"1024\" height=\"683\" src=\"https:\/\/vindr.eu\/wp-content\/uploads\/2026\/01\/gilderasen_2-1-1024x683.jpg\" class=\"attachment-large size-large\" alt=\"\" \/>\t\t\t\t<\/div>\n\t\t\t\t\t\t<div class=\"content-wrapper\">\n\t\t\t\t<div class=\"content-hover-overlay\"><\/div>\n                                    <span class=\"post-date\">13. januar 2026<\/span>\n                \t\t\t\t\t\t\t\t\t\t\t\t\t<h1 class=\"card-title\">Gilder\u00e5sen\u00a0Vindkraftverk<\/h1>\n\t\t\t\t\t\t\t\t\t\t\t\t\t\t\t\t\t<a href=\"https:\/\/vindr.eu\/no\/gilderasen-vindkraftverk\/\" class=\"link read-more-link\">\n\t\t\t\t\t\t<span class=\"screen-reader-text\">Les mer<\/span>\n\t\t\t\t\t<\/a>\n\t\t\t\t\t\t\t<\/div>\n\t\t<\/div>\n\t<\/article>\n<\/div>\n\n<div class=\"cell\">\n\t<article id=\"stm_project_5520\" class=\"dc-post-grid-card default-card post-summary\">\n\n\t\t<div class=\"dc-post-grid-card-inner post-summary-inner\">\n\t\t\t\t\t\t\t<div class=\"image-wrapper\">\n\t\t\t\t\t<img loading=\"lazy\" decoding=\"async\" width=\"1024\" height=\"576\" src=\"https:\/\/vindr.eu\/wp-content\/uploads\/2025\/05\/DJI_0548-scaled-1-1024x576.jpg\" class=\"attachment-large size-large\" alt=\"\" \/>\t\t\t\t<\/div>\n\t\t\t\t\t\t<div class=\"content-wrapper\">\n\t\t\t\t<div class=\"content-hover-overlay\"><\/div>\n                                    <span class=\"post-date\">15. september 2025<\/span>\n                \t\t\t\t\t\t\t\t\t\t\t\t\t<h1 class=\"card-title\">Gr\u00f8nnvoll Solkraftverk<\/h1>\n\t\t\t\t\t\t\t\t\t\t\t\t\t\t\t\t\t<a href=\"https:\/\/vindr.eu\/no\/gronnvoll-solar\/\" class=\"link read-more-link\">\n\t\t\t\t\t\t<span class=\"screen-reader-text\">Les mer<\/span>\n\t\t\t\t\t<\/a>\n\t\t\t\t\t\t\t<\/div>\n\t\t<\/div>\n\t<\/article>\n<\/div>\n\n<div class=\"cell\">\n\t<article id=\"stm_project_5375\" class=\"dc-post-grid-card default-card post-summary\">\n\n\t\t<div class=\"dc-post-grid-card-inner post-summary-inner\">\n\t\t\t\t\t\t\t<div class=\"image-wrapper\">\n\t\t\t\t\t<img loading=\"lazy\" decoding=\"async\" width=\"1024\" height=\"686\" src=\"https:\/\/vindr.eu\/wp-content\/uploads\/2025\/09\/Intern-vei-Rev01-1-1024x686.jpg\" class=\"attachment-large size-large\" alt=\"\" \/>\t\t\t\t<\/div>\n\t\t\t\t\t\t<div class=\"content-wrapper\">\n\t\t\t\t<div class=\"content-hover-overlay\"><\/div>\n                                    <span class=\"post-date\">15. september 2025<\/span>\n                \t\t\t\t\t\t\t\t\t\t\t\t\t<h1 class=\"card-title\">Hovdmoen Solkraftverk<\/h1>\n\t\t\t\t\t\t\t\t\t\t\t\t\t\t\t\t\t<a href=\"https:\/\/vindr.eu\/no\/hovdmoen-solar\/\" class=\"link read-more-link\">\n\t\t\t\t\t\t<span class=\"screen-reader-text\">Les mer<\/span>\n\t\t\t\t\t<\/a>\n\t\t\t\t\t\t\t<\/div>\n\t\t<\/div>\n\t<\/article>\n<\/div>\n\n<div class=\"cell\">\n\t<article id=\"stm_project_5570\" class=\"dc-post-grid-card default-card post-summary\">\n\n\t\t<div class=\"dc-post-grid-card-inner post-summary-inner\">\n\t\t\t\t\t\t\t<div class=\"image-wrapper\">\n\t\t\t\t\t<img loading=\"lazy\" decoding=\"async\" width=\"1024\" height=\"768\" src=\"https:\/\/vindr.eu\/wp-content\/uploads\/2025\/09\/Media-8-1024x768.jpeg\" class=\"attachment-large size-large\" alt=\"\" \/>\t\t\t\t<\/div>\n\t\t\t\t\t\t<div class=\"content-wrapper\">\n\t\t\t\t<div class=\"content-hover-overlay\"><\/div>\n                                    <span class=\"post-date\">15. september 2025<\/span>\n                \t\t\t\t\t\t\t\t\t\t\t\t\t<h1 class=\"card-title\">Kovfjellet Vindkraftverk<\/h1>\n\t\t\t\t\t\t\t\t\t\t\t\t\t\t\t\t\t<a href=\"https:\/\/vindr.eu\/no\/kovfjellet-vindkraftverk\/\" class=\"link read-more-link\">\n\t\t\t\t\t\t<span class=\"screen-reader-text\">Les mer<\/span>\n\t\t\t\t\t<\/a>\n\t\t\t\t\t\t\t<\/div>\n\t\t<\/div>\n\t<\/article>\n<\/div>\n\n<div class=\"cell\">\n\t<article id=\"stm_project_5819\" class=\"dc-post-grid-card default-card post-summary\">\n\n\t\t<div class=\"dc-post-grid-card-inner post-summary-inner\">\n\t\t\t\t\t\t\t<div class=\"image-wrapper\">\n\t\t\t\t\t<img loading=\"lazy\" decoding=\"async\" width=\"1024\" height=\"683\" src=\"https:\/\/vindr.eu\/wp-content\/uploads\/2026\/01\/Nupberget-visualisering_compressed-1024x683.jpg\" class=\"attachment-large size-large\" alt=\"\" \/>\t\t\t\t<\/div>\n\t\t\t\t\t\t<div class=\"content-wrapper\">\n\t\t\t\t<div class=\"content-hover-overlay\"><\/div>\n                                    <span class=\"post-date\">5. januar 2026<\/span>\n                \t\t\t\t\t\t\t\t\t\t\t\t\t<h1 class=\"card-title\">Nupberget Vindkraftverk<\/h1>\n\t\t\t\t\t\t\t\t\t\t\t\t\t\t\t\t\t<a href=\"https:\/\/vindr.eu\/no\/nupberget-vindkraftverk\/\" class=\"link read-more-link\">\n\t\t\t\t\t\t<span class=\"screen-reader-text\">Les mer<\/span>\n\t\t\t\t\t<\/a>\n\t\t\t\t\t\t\t<\/div>\n\t\t<\/div>\n\t<\/article>\n<\/div>\n\n<div class=\"cell\">\n\t<article id=\"stm_project_5801\" class=\"dc-post-grid-card default-card post-summary\">\n\n\t\t<div class=\"dc-post-grid-card-inner post-summary-inner\">\n\t\t\t\t\t\t\t<div class=\"image-wrapper\">\n\t\t\t\t\t<img loading=\"lazy\" decoding=\"async\" width=\"800\" height=\"600\" src=\"https:\/\/vindr.eu\/wp-content\/uploads\/2025\/10\/0ae482ad-f04a-4e78-a65f-5820e042d465.jpg\" class=\"attachment-large size-large\" alt=\"\" \/>\t\t\t\t<\/div>\n\t\t\t\t\t\t<div class=\"content-wrapper\">\n\t\t\t\t<div class=\"content-hover-overlay\"><\/div>\n                                    <span class=\"post-date\">14. oktober 2025<\/span>\n                \t\t\t\t\t\t\t\t\t\t\t\t\t<h1 class=\"card-title\">Vermundsdammen Solkraftverk<\/h1>\n\t\t\t\t\t\t\t\t\t\t\t\t\t\t\t\t\t<a href=\"https:\/\/vindr.eu\/no\/vermundsdammen-solkraftverk\/\" class=\"link read-more-link\">\n\t\t\t\t\t\t<span class=\"screen-reader-text\">Les mer<\/span>\n\t\t\t\t\t<\/a>\n\t\t\t\t\t\t\t<\/div>\n\t\t<\/div>\n\t<\/article>\n<\/div>\n\t\t\t\t\t\t\t\t\t\t\t\t\t\t\t\t\t\t<\/div>\n\t\t\t\t\t\t\t\t\t<\/div>\n\t\t\t\t\t\t\t\t\t\t\t\t\t\t\t<\/div>\n\t\t\t\t\t\t<\/div>\n\t\t\t\t\t\t\t\t\t\t<\/noscript>\n\t\t\t\t\t\t\t\t\t\t\t\t<\/div>\n\t\t<\/div>\n\t<\/div>\n<\/div>\n<\/section>\n\n\n<section id=\"acf-wysiwyg-block_0bd4080ede73bade495651d237871c46\"class=\"block-section wysiwyg show-top-bar-theme-dark wp-block-acf-wysiwyg\">\n\t<div class=\"block-section-wrapper element-width--wide\">\n\t\t\t<\/div>\n<\/section>\n\n\n\n<section id=\"acf-banner-block_0c932c4aed0de2912ea2bb3fbc077a5b\"class=\"block-section banner has-background has-title show-top-bar-theme-dark wp-block-acf-banner\" data-scroll-container>\n\t\t\t<figure class=\"banner__bg\">\n\t\t\t<img loading=\"lazy\" decoding=\"async\" width=\"2048\" height=\"1365\" src=\"https:\/\/vindr.eu\/wp-content\/uploads\/2025\/09\/iStock-1343492150-scaled.jpg\" class=\"attachment-full size-full\" alt=\"\" srcset=\"https:\/\/vindr.eu\/wp-content\/uploads\/2025\/09\/iStock-1343492150-scaled.jpg 2048w, https:\/\/vindr.eu\/wp-content\/uploads\/2025\/09\/iStock-1343492150-300x200.jpg 300w, https:\/\/vindr.eu\/wp-content\/uploads\/2025\/09\/iStock-1343492150-1024x683.jpg 1024w, https:\/\/vindr.eu\/wp-content\/uploads\/2025\/09\/iStock-1343492150-768x512.jpg 768w, https:\/\/vindr.eu\/wp-content\/uploads\/2025\/09\/iStock-1343492150-1536x1024.jpg 1536w, https:\/\/vindr.eu\/wp-content\/uploads\/2025\/09\/iStock-1343492150-502x335.jpg 502w\" sizes=\"auto, (max-width: 2048px) 100vw, 2048px\" \/>\t\t<\/figure>\n\t\t<div class=\"block-section-wrapper element-width--content\" data-scroll data-scroll-call=\"vindrOnBannerScroll\">\n\t\t<div class=\"banner__content\">\n\t\t\t\t\t\t\t<h2 class=\"heading-size-large\">Vi h\u00f8rer gjerne fra deg!<\/h2>\n\t\t\t\t<div class=\"text-size-medium\">\n\t\t\t\t\t\t\t\t\t\t\t\t\t<\/div>\n\t\t\t\t\t\t<a href=\"https:\/\/vindr.eu\/no\/kontakt\/\" id=\"\" class=\"stm-button--has-title stm-button stm-button--type-default stm-button-light\"  target=\"_self\" title=\"\"> <span class=\"text\">Kontakt oss<\/span>  <\/a>\t\t<\/div>\n\t<\/div>\n<\/section>\n","protected":false},"excerpt":{"rendered":"","protected":false},"author":3,"featured_media":4871,"parent":0,"menu_order":7,"comment_status":"closed","ping_status":"closed","template":"","meta":{"_acf_changed":false,"inline_featured_image":false,"footnotes":""},"class_list":["post-4395","page","type-page","status-publish","has-post-thumbnail","hentry"],"acf":[],"_links":{"self":[{"href":"https:\/\/vindr.eu\/no\/wp-json\/wp\/v2\/pages\/4395","targetHints":{"allow":["GET"]}}],"collection":[{"href":"https:\/\/vindr.eu\/no\/wp-json\/wp\/v2\/pages"}],"about":[{"href":"https:\/\/vindr.eu\/no\/wp-json\/wp\/v2\/types\/page"}],"author":[{"embeddable":true,"href":"https:\/\/vindr.eu\/no\/wp-json\/wp\/v2\/users\/3"}],"replies":[{"embeddable":true,"href":"https:\/\/vindr.eu\/no\/wp-json\/wp\/v2\/comments?post=4395"}],"version-history":[{"count":3,"href":"https:\/\/vindr.eu\/no\/wp-json\/wp\/v2\/pages\/4395\/revisions"}],"predecessor-version":[{"id":8414,"href":"https:\/\/vindr.eu\/no\/wp-json\/wp\/v2\/pages\/4395\/revisions\/8414"}],"wp:featuredmedia":[{"embeddable":true,"href":"https:\/\/vindr.eu\/no\/wp-json\/wp\/v2\/media\/4871"}],"wp:attachment":[{"href":"https:\/\/vindr.eu\/no\/wp-json\/wp\/v2\/media?parent=4395"}],"curies":[{"name":"wp","href":"https:\/\/api.w.org\/{rel}","templated":true}]}}