{"id":195,"date":"2023-10-05T11:33:37","date_gmt":"2023-10-05T11:33:37","guid":{"rendered":"https:\/\/vindr.wpenginepowered.com\/hjem\/"},"modified":"2026-04-16T10:28:36","modified_gmt":"2026-04-16T10:28:36","slug":"hjem","status":"publish","type":"page","link":"https:\/\/vindr.eu\/no\/","title":{"rendered":"Hjem"},"content":{"rendered":"\n<section id=\"acf-hero-block_d931472150e450d874f667ae78fc4243\"class=\"block-section hero text-light has-background waiting-to-animate show-top-bar-theme-light wp-block-acf-hero\">\n\t<div id=\"hero__wrapper-fixed\">\n\t\t\t\t\t<video id=\"heroVideo\" poster=\"https:\/\/vindr.eu\/wp-content\/uploads\/2023\/11\/vindr-homepage-video-placeholder-compressed.jpg\" autoplay loop muted playsinline>\n\t\t\t\t\t\t\t\t\t<source src=\"https:\/\/vindr.eu\/wp-content\/uploads\/2024\/01\/vindr_header_website720p.mp4\" type=\"video\/mp4\">\n\t\t\t\t\t\t\t<\/video>\n\t\t\t\t\t\t<div class=\"block-section-wrapper\">\n\t\t\t<div class=\"hero__text element-width--wide\">\n\t\t\t\t\t\t\t\t\t<h1 class=\"hero__title heading-size-large\">Bygger et ledende<strong> fornybar energiselskap<\/strong>\u00a0i Nord-Europa\n<\/h1>\n\t\t\t\t\t\t\t\t<a href=\"https:\/\/vindr.eu\/no\/om-vindr\/\" id=\"\" class=\"stm-arrow-link stm-text-link text-size-normal stm-button--has-icon stm-text-link-light\"  target=\"_self\" title=\"\"> <span class=\"text\">Om Vindr<\/span> <div class=\"btn-icon\"><span class=\"icon icon-arrow-right\"><\/span><\/div> <\/a>\t\t\t<\/div>\n\t\t<\/div>\n\t\t<p class=\"scroll-indicator\"><span class=\"scroll-animation\"><\/span> Scroll<\/p>\n\t<\/div>\n<\/section>\n\n<div id=\"hero__spacer\"><\/div>\n\n\n<section id=\"acf-featured-text-block_9ca2c157bc1c606483a749015c773a72\"class=\"block-section featured-text text-based-block show-top-bar-theme-dark wp-block-acf-featured-text\">\n\t<div class=\"block-section-wrapper element-width--content\">\n\t\t<div class=\"text\">\n\t\t\t<p>Vindr bidrar til energisikkerhet, tar <strong>ansvar for hele prosjektets verdikjede<\/strong>, og tilbyr positiv merverdi for lokalsamfunnene.<\/p>\n<p>&nbsp;<\/p>\n\t\t\t\t\t<\/div>\n\t<\/div>\n<\/section>\n\n\n\n<section id=\"acf-text-media-block_40427f287f3a959ab250a32cea1380e4\"class=\"block-section text-media image-align-left show-top-bar-theme-dark wp-block-acf-text-media has-background has-light-blue-background-color\">\n\t<div class=\"block-section-wrapper element-width--wide\">\n\t\t<div class=\"text-media__image\">\n\t\t\t<figure class=\"text-media__image-inner\">\n\t\t\t\t<img loading=\"lazy\" decoding=\"async\" width=\"1957\" height=\"1910\" src=\"https:\/\/vindr.eu\/wp-content\/uploads\/2023\/10\/vindr-tmp-house-image.jpg\" class=\"attachment-full size-full\" alt=\"\" srcset=\"https:\/\/vindr.eu\/wp-content\/uploads\/2023\/10\/vindr-tmp-house-image.jpg 1957w, https:\/\/vindr.eu\/wp-content\/uploads\/2023\/10\/vindr-tmp-house-image-300x293.jpg 300w, https:\/\/vindr.eu\/wp-content\/uploads\/2023\/10\/vindr-tmp-house-image-768x750.jpg 768w, https:\/\/vindr.eu\/wp-content\/uploads\/2023\/10\/vindr-tmp-house-image-1024x999.jpg 1024w, https:\/\/vindr.eu\/wp-content\/uploads\/2023\/10\/vindr-tmp-house-image-1536x1499.jpg 1536w, https:\/\/vindr.eu\/wp-content\/uploads\/2023\/10\/vindr-tmp-house-image-385x376.jpg 385w, https:\/\/vindr.eu\/wp-content\/uploads\/2023\/10\/vindr-tmp-house-image-820x800.jpg 820w, https:\/\/vindr.eu\/wp-content\/uploads\/2023\/10\/vindr-tmp-house-image-1475x1440.jpg 1475w\" sizes=\"auto, (max-width: 1957px) 100vw, 1957px\" \/>\t\t\t<\/figure>\n\t\t<\/div>\n\t\t<div class=\"text-media__content use-copy-text-styles\">\n\t\t\t\t\t\t\t<h1 class=\"title\">Hvordan vi jobber<\/h1>\n\t\t\t\t\t\t<p><span data-teams=\"true\">Vindr er langsiktig akt\u00f8r<\/span>\u00a0med m\u00e5l om \u00e5 levere mer kraft og <strong>skape varig merverdi for lokalsamfunn.\u00a0<\/strong>Vi \u00f8nsker at v\u00e5re prosjekter skal bidra til utvikling lokalt, og bygge kraftproduksjon n\u00e6rt forbruk med redusert p\u00e5virking p\u00e5 natur.<\/p>\n<p>Vindr er et norsk selskap med ambisjon om \u00e5 v\u00e6re en n\u00f8kkelakt\u00f8r i energiomstillingen i Nord-Europa.<\/p>\n\t\t\t<a href=\"https:\/\/vindr.eu\/no\/hvordan-vi-jobber\/\" id=\"\" class=\"stm-button--has-title stm-button stm-button--type-default\"  target=\"_self\" title=\"\"> <span class=\"text\">Les mer<\/span>  <\/a>\t\t<\/div>\n\t<\/div>\n<\/section>\n\n\n\n<section id=\"acf-key-figures-block_b6f68b0d440fdb7bb13426304a3f4b57\"class=\"block-section key-figures show-top-bar-theme-dark wp-block-acf-key-figures\">\n\t<div class=\"block-section-wrapper\">\n\t\t<div class=\"key-figures__header \">\n\t\t\t\t\t\t\t<h1 class=\"heading-size-normal\">Portef\u00f8lje<\/h1>\n\t\t\t\t\t\t\t\t\t\t<p>Vindr har en raskt voksende portef\u00f8lje av fornybarprosjekter som vil ha positiv innvirkning for b\u00e5de lokalsamfunn og milj\u00f8.<\/p>\n\t\t\t\t\t<\/div>\n\t\t<ul>\n\t\t\t\t\t\t\t<li>\n\t\t\t\t\t<strong class=\"key-figures__number\"><span class=\"number\">3.4<\/span><\/strong>\n\t\t\t\t\t<div class=\"key-figures__body\">\n\t\t\t\t\t\tGigawatt\t\t\t\t\t<\/div>\n\t\t\t\t<\/li>\n\t\t\t\t\t\t\t<li>\n\t\t\t\t\t<strong class=\"key-figures__number\"><span class=\"number\">58<\/span><\/strong>\n\t\t\t\t\t<div class=\"key-figures__body\">\n\t\t\t\t\t\tProsjekter\t\t\t\t\t<\/div>\n\t\t\t\t<\/li>\n\t\t\t\t\t\t\t<li>\n\t\t\t\t\t<strong class=\"key-figures__number\"><span class=\"number\">4<\/span><\/strong>\n\t\t\t\t\t<div class=\"key-figures__body\">\n\t\t\t\t\t\tLand\t\t\t\t\t<\/div>\n\t\t\t\t<\/li>\n\t\t\t\t\t<\/ul>\n\t<\/div>\n<\/section>\n\n\n\n<section id=\"acf-text-media-block_f105d08f647f9419d6095b50a7ba671f\"class=\"block-section text-media image-align-left show-top-bar-theme-dark wp-block-acf-text-media\">\n\t<div class=\"block-section-wrapper element-width--wide\">\n\t\t<div class=\"text-media__image\">\n\t\t\t<figure class=\"text-media__image-inner\">\n\t\t\t\t<img loading=\"lazy\" decoding=\"async\" width=\"1920\" height=\"2560\" src=\"https:\/\/vindr.eu\/wp-content\/uploads\/2025\/10\/Image-8-scaled.jpeg\" class=\"attachment-full size-full\" alt=\"\" srcset=\"https:\/\/vindr.eu\/wp-content\/uploads\/2025\/10\/Image-8-scaled.jpeg 1920w, https:\/\/vindr.eu\/wp-content\/uploads\/2025\/10\/Image-8-225x300.jpeg 225w, https:\/\/vindr.eu\/wp-content\/uploads\/2025\/10\/Image-8-768x1024.jpeg 768w, https:\/\/vindr.eu\/wp-content\/uploads\/2025\/10\/Image-8-1152x1536.jpeg 1152w, https:\/\/vindr.eu\/wp-content\/uploads\/2025\/10\/Image-8-1536x2048.jpeg 1536w, https:\/\/vindr.eu\/wp-content\/uploads\/2025\/10\/Image-8-282x376.jpeg 282w, https:\/\/vindr.eu\/wp-content\/uploads\/2025\/10\/Image-8-600x800.jpeg 600w, https:\/\/vindr.eu\/wp-content\/uploads\/2025\/10\/Image-8-1080x1440.jpeg 1080w\" sizes=\"auto, (max-width: 1920px) 100vw, 1920px\" \/>\t\t\t<\/figure>\n\t\t<\/div>\n\t\t<div class=\"text-media__content use-copy-text-styles\">\n\t\t\t\t\t\t\t<h1 class=\"title\">V\u00e5re prosjekter<\/h1>\n\t\t\t\t\t\t<p>Fra id\u00e9 til gr\u00f8nn energi. Se hvordan vi planlegger og bygger b\u00e6rekraftige l\u00f8sninger i tett samarbeid med lokalsamfunn.<\/p>\n\t\t\t<a href=\"https:\/\/vindr.eu\/no\/om-vindr\/vare-prosjekter\/\" id=\"\" class=\"stm-button--has-title stm-button stm-button--type-default\"  target=\"_self\" title=\"\"> <span class=\"text\">Les mer<\/span>  <\/a>\t\t<\/div>\n\t<\/div>\n<\/section>\n\n\n\n<section id=\"acf-text-media-block_d2cab317a7ec1635ef65f93a1f6787e6\"class=\"block-section text-media image-align-left show-top-bar-theme-dark wp-block-acf-text-media has-background has-light-yellow-background-color\">\n\t<div class=\"block-section-wrapper element-width--wide\">\n\t\t<div class=\"text-media__image\">\n\t\t\t<figure class=\"text-media__image-inner\">\n\t\t\t\t<img loading=\"lazy\" decoding=\"async\" width=\"1920\" height=\"2560\" src=\"https:\/\/vindr.eu\/wp-content\/uploads\/2026\/01\/Image-18-scaled.jpeg\" class=\"attachment-full size-full\" alt=\"\" srcset=\"https:\/\/vindr.eu\/wp-content\/uploads\/2026\/01\/Image-18-scaled.jpeg 1920w, https:\/\/vindr.eu\/wp-content\/uploads\/2026\/01\/Image-18-225x300.jpeg 225w, https:\/\/vindr.eu\/wp-content\/uploads\/2026\/01\/Image-18-768x1024.jpeg 768w, https:\/\/vindr.eu\/wp-content\/uploads\/2026\/01\/Image-18-1152x1536.jpeg 1152w, https:\/\/vindr.eu\/wp-content\/uploads\/2026\/01\/Image-18-1536x2048.jpeg 1536w, https:\/\/vindr.eu\/wp-content\/uploads\/2026\/01\/Image-18-282x376.jpeg 282w, https:\/\/vindr.eu\/wp-content\/uploads\/2026\/01\/Image-18-600x800.jpeg 600w, https:\/\/vindr.eu\/wp-content\/uploads\/2026\/01\/Image-18-1080x1440.jpeg 1080w\" sizes=\"auto, (max-width: 1920px) 100vw, 1920px\" \/>\t\t\t<\/figure>\n\t\t<\/div>\n\t\t<div class=\"text-media__content use-copy-text-styles\">\n\t\t\t\t\t\t\t<h1 class=\"title\">Velkommen til \u00e5pen dag! <\/h1>\n\t\t\t\t\t\t<p>I anledning av solkraftprosjektet v\u00e5rt Blanktjennsmoen, inviterer vi til \u00e5pen dag for mer informasjon <strong>onsdag 22. april kl. 15.00-19.00 p\u00e5 Norsk skogmuseum (Sol\u00f8rvegen 151, 2407 Elverum).<\/strong><\/p>\n<p>Her f\u00e5r du se visualiseringer av omr\u00e5det, stille sp\u00f8rsm\u00e5l og komme med innspill. Vi serverer kaffe, p\u00f8lser og vafler. Det blir ingen presentasjoner fra scenen, men anledning til \u00e5 snakke direkte med oss i Vindr og v\u00e5re r\u00e5dgivere. Velkommen til en hyggelig prat!<\/p>\n<p>*Obs: Det har dessverre oppst\u00e5tt en skrivefeil i utsendt brev. \u00c5pen dag er p\u00e5 <strong>onsdag<\/strong>, ikke tirsdag.<\/p>\n\t\t\t<a href=\"https:\/\/vindr.eu\/no\/blanktjennsmoen-solar\/\" id=\"\" class=\"stm-button--has-title stm-button stm-button--type-default\"  target=\"_self\" title=\"\"> <span class=\"text\">Les mer om prosjektet her<\/span>  <\/a>\t\t<\/div>\n\t<\/div>\n<\/section>\n\n\n\n<section id=\"acf-banner-block_debe4306b9a7f1c1571ad4ed746a33c4\"class=\"block-section banner has-background has-title show-top-bar-theme-dark wp-block-acf-banner\" data-scroll-container>\n\t\t\t<figure class=\"banner__bg\">\n\t\t\t<img loading=\"lazy\" decoding=\"async\" width=\"2048\" height=\"1365\" src=\"https:\/\/vindr.eu\/wp-content\/uploads\/2023\/11\/Sustainable-5-scaled.jpg\" class=\"attachment-full size-full\" alt=\"\" srcset=\"https:\/\/vindr.eu\/wp-content\/uploads\/2023\/11\/Sustainable-5-scaled.jpg 2048w, https:\/\/vindr.eu\/wp-content\/uploads\/2023\/11\/Sustainable-5-300x200.jpg 300w, https:\/\/vindr.eu\/wp-content\/uploads\/2023\/11\/Sustainable-5-1024x683.jpg 1024w, https:\/\/vindr.eu\/wp-content\/uploads\/2023\/11\/Sustainable-5-768x512.jpg 768w, https:\/\/vindr.eu\/wp-content\/uploads\/2023\/11\/Sustainable-5-1536x1024.jpg 1536w, https:\/\/vindr.eu\/wp-content\/uploads\/2023\/11\/Sustainable-5-502x335.jpg 502w\" sizes=\"auto, (max-width: 2048px) 100vw, 2048px\" \/>\t\t<\/figure>\n\t\t<div class=\"block-section-wrapper element-width--content\" data-scroll data-scroll-call=\"vindrOnBannerScroll\">\n\t\t<div class=\"banner__content\">\n\t\t\t\t\t\t\t<h2 class=\"heading-size-large\">Vil du vite mer?<\/h2>\n\t\t\t\t<div class=\"text-size-medium\">\n\t\t\t\t\t\t\t\t\t\t\t\t\t<\/div>\n\t\t\t\t\t\t<a href=\"https:\/\/vindr.eu\/no\/kontakt\/\" id=\"\" class=\"stm-button--has-title stm-button stm-button--type-default stm-button-light\"  target=\"_self\" title=\"\"> <span class=\"text\">Kontakt oss<\/span>  <\/a>\t\t<\/div>\n\t<\/div>\n<\/section>\n","protected":false},"excerpt":{"rendered":"","protected":false},"author":1,"featured_media":5593,"parent":0,"menu_order":1,"comment_status":"closed","ping_status":"closed","template":"","meta":{"_acf_changed":false,"inline_featured_image":false,"footnotes":""},"class_list":["post-195","page","type-page","status-publish","has-post-thumbnail","hentry"],"acf":[],"_links":{"self":[{"href":"https:\/\/vindr.eu\/no\/wp-json\/wp\/v2\/pages\/195","targetHints":{"allow":["GET"]}}],"collection":[{"href":"https:\/\/vindr.eu\/no\/wp-json\/wp\/v2\/pages"}],"about":[{"href":"https:\/\/vindr.eu\/no\/wp-json\/wp\/v2\/types\/page"}],"author":[{"embeddable":true,"href":"https:\/\/vindr.eu\/no\/wp-json\/wp\/v2\/users\/1"}],"replies":[{"embeddable":true,"href":"https:\/\/vindr.eu\/no\/wp-json\/wp\/v2\/comments?post=195"}],"version-history":[{"count":3,"href":"https:\/\/vindr.eu\/no\/wp-json\/wp\/v2\/pages\/195\/revisions"}],"predecessor-version":[{"id":8454,"href":"https:\/\/vindr.eu\/no\/wp-json\/wp\/v2\/pages\/195\/revisions\/8454"}],"wp:featuredmedia":[{"embeddable":true,"href":"https:\/\/vindr.eu\/no\/wp-json\/wp\/v2\/media\/5593"}],"wp:attachment":[{"href":"https:\/\/vindr.eu\/no\/wp-json\/wp\/v2\/media?parent=195"}],"curies":[{"name":"wp","href":"https:\/\/api.w.org\/{rel}","templated":true}]}}