{"id":916,"date":"2023-10-05T14:47:26","date_gmt":"2023-10-05T14:47:26","guid":{"rendered":"https:\/\/vindr.wpenginepowered.com\/?page_id=916"},"modified":"2024-08-09T10:26:00","modified_gmt":"2024-08-09T10:26:00","slug":"kontakti","status":"publish","type":"page","link":"https:\/\/vindr.eu\/lv\/kontakti\/","title":{"rendered":"Kontakti"},"content":{"rendered":"\n<section id=\"acf-hero-subpage-block_d04aed656ba14eb78d3c6977a26e5d4f\"class=\"block-section hero-subpage has-background waiting-to-animate show-top-bar-theme-light-dark wp-block-acf-hero-subpage\">\n\t<figure class=\"hero-subpage__bg\">\n\t\t<img loading=\"lazy\" decoding=\"async\" width=\"2048\" height=\"1365\" src=\"https:\/\/vindr.eu\/wp-content\/uploads\/2023\/11\/Sustainable-5-scaled.jpg\" class=\"attachment-full size-full\" alt=\"\" sizes=\"auto, (max-width: 999px) 100vw, 60vw\" srcset=\"https:\/\/vindr.eu\/wp-content\/uploads\/2023\/11\/Sustainable-5-scaled.jpg 2048w, https:\/\/vindr.eu\/wp-content\/uploads\/2023\/11\/Sustainable-5-300x200.jpg 300w, https:\/\/vindr.eu\/wp-content\/uploads\/2023\/11\/Sustainable-5-768x512.jpg 768w, https:\/\/vindr.eu\/wp-content\/uploads\/2023\/11\/Sustainable-5-1024x683.jpg 1024w, https:\/\/vindr.eu\/wp-content\/uploads\/2023\/11\/Sustainable-5-1536x1024.jpg 1536w, https:\/\/vindr.eu\/wp-content\/uploads\/2023\/11\/Sustainable-5-502x335.jpg 502w, https:\/\/vindr.eu\/wp-content\/uploads\/2023\/11\/Sustainable-5-1200x800.jpg 1200w\" \/>\t<\/figure>\n\t<div class=\"block-section-wrapper element-width--full\">\n\t\t<div class=\"hero-subpage__content\">\n\t\t\t\t\t\t\t<h1 class=\"hero-subpage__title heading-size-large\">Kontakti<\/h1>\n\t\t\t\t\t\t\t\t\t\t<div class=\"text-size-medium\">\n\t\t\t\t\t<p>Te varat atrast m\u016bsu kontaktinform\u0101ciju, lai sazin\u0101tos ar mums, uzdotu jaut\u0101jumus vai uzrakst\u012btu atsauksmi.<\/p>\n\t\t\t\t<\/div>\n\t\t\t\t\t<\/div>\n\t<\/div>\n<\/section>\n\n\n\n<section id=\"acf-featured-text-block_895225c25d59926da32dd8708cdbf4ea\"class=\"block-section featured-text text-based-block show-top-bar-theme-dark wp-block-acf-featured-text\">\n\t<div class=\"block-section-wrapper element-width--content\">\n\t\t<div class=\"text\">\n\t\t\t<p>Vindr m\u0113r\u0137is ir <strong>veidot ilgsto\u0161as attiec\u012bbas ar sadarb\u012bbas partneriem<\/strong>, kas pozit\u012bvi ietekm\u0113 sabiedr\u012bbu un vidi. Ja v\u0113laties k\u013c\u016bt par partneri vai jums ir k\u0101di jaut\u0101jumi, sazinieties ar mums jau \u0161odien.<\/p>\n\t\t\t\t\t<\/div>\n\t<\/div>\n<\/section>\n\n\n\n<section id=\"acf-offices-block_6d4f0f685c703b483e872e98005bcbe3\"class=\"block-section offices show-top-bar-theme-dark wp-block-acf-offices\">\n\t<div class=\"block-section-wrapper element-width--wide two-columns\">\n\t\t<div class=\"handorgel\">\n\t\t\t\t\t\t\t<h3 class=\"handorgel__header\">\n\t\t\t\t\t<button class=\"handorgel__header__button heading-size-normal\">\n\t\t\t\t\t\t<span class=\"country\">Igaunija<\/span>\n\t\t\t\t\t\t<i aria-hidden=\"true\" class=\"icon-chevron-down\"><\/i>\n\t\t\t\t\t<\/button>\n\t\t\t\t<\/h3>\n\t\t\t\t<div class=\"handorgel__content\">\n\t\t\t\t\t<div class=\"handorgel__content__inner\">\n\t\t\t\t\t\t\t\t\t\t\t\t\t<h4>Vindr Estonia<\/h4>\n\t\t\t\t\t\t\t\t\t\t\t\t<dl>\n\t\t\t\t\t\t\t\t\t\t\t\t\t\t\t<dt class=\"screen-reader-text\">Address<\/dt>\n\t\t\t\t\t\t\t\t<dd>\n\t\t\t\t\t\t\t\t\t\t\t\t\t\t\t\t\t\tToompuiestee 35,<br \/>\r\n10149 Tallinn, Estonia\t\t\t\t\t\t\t\t\t\t\t\t\t\t\t\t\t<\/dd>\n\t\t\t\t\t\t\t\t\t\t\t\t\t\t\t<dt class=\"screen-reader-text\">Email<\/dt>\n\t\t\t\t\t\t\t\t<dd>\n\t\t\t\t\t\t\t\t\t<a href=\"mailto:info@vindr.ee\">\t\t\t\t\t\t\t\t\tinfo@vindr.ee\t\t\t\t\t\t\t\t\t<\/a>\t\t\t\t\t\t\t\t<\/dd>\n\t\t\t\t\t\t\t\t\t\t\t\t\t<\/dl>\n\t\t\t\t\t<\/div>\n\t\t\t\t<\/div>\n\t\t\t\t\t\t\t<h3 class=\"handorgel__header\">\n\t\t\t\t\t<button class=\"handorgel__header__button heading-size-normal\">\n\t\t\t\t\t\t<span class=\"country\">Latvija<\/span>\n\t\t\t\t\t\t<i aria-hidden=\"true\" class=\"icon-chevron-down\"><\/i>\n\t\t\t\t\t<\/button>\n\t\t\t\t<\/h3>\n\t\t\t\t<div class=\"handorgel__content\">\n\t\t\t\t\t<div class=\"handorgel__content__inner\">\n\t\t\t\t\t\t\t\t\t\t\t\t\t<h4>Vindr Latvia<\/h4>\n\t\t\t\t\t\t\t\t\t\t\t\t<dl>\n\t\t\t\t\t\t\t\t\t\t\t\t\t\t\t<dt class=\"screen-reader-text\">Address<\/dt>\n\t\t\t\t\t\t\t\t<dd>\n\t\t\t\t\t\t\t\t\t\t\t\t\t\t\t\t\t\tAudeju iela 15,<br \/>\r\nLV-1050 Riga, Latvia\t\t\t\t\t\t\t\t\t\t\t\t\t\t\t\t\t<\/dd>\n\t\t\t\t\t\t\t\t\t\t\t\t\t\t\t<dt class=\"screen-reader-text\">Email<\/dt>\n\t\t\t\t\t\t\t\t<dd>\n\t\t\t\t\t\t\t\t\t<a href=\"mailto:info@vindr.lv\">\t\t\t\t\t\t\t\t\tinfo@vindr.lv\t\t\t\t\t\t\t\t\t<\/a>\t\t\t\t\t\t\t\t<\/dd>\n\t\t\t\t\t\t\t\t\t\t\t\t\t<\/dl>\n\t\t\t\t\t<\/div>\n\t\t\t\t<\/div>\n\t\t\t\t\t\t\t<h3 class=\"handorgel__header\">\n\t\t\t\t\t<button class=\"handorgel__header__button heading-size-normal\">\n\t\t\t\t\t\t<span class=\"country\">Norv\u0113\u0123ija<\/span>\n\t\t\t\t\t\t<i aria-hidden=\"true\" class=\"icon-chevron-down\"><\/i>\n\t\t\t\t\t<\/button>\n\t\t\t\t<\/h3>\n\t\t\t\t<div class=\"handorgel__content\">\n\t\t\t\t\t<div class=\"handorgel__content__inner\">\n\t\t\t\t\t\t\t\t\t\t\t\t\t<h4>Vindr Norway<\/h4>\n\t\t\t\t\t\t\t\t\t\t\t\t<dl>\n\t\t\t\t\t\t\t\t\t\t\t\t\t\t\t<dt class=\"screen-reader-text\">Address<\/dt>\n\t\t\t\t\t\t\t\t<dd>\n\t\t\t\t\t\t\t\t\t\t\t\t\t\t\t\t\t\tDronning Eufemiasgate 16,<br \/>\r\n0191 Oslo, Norway\t\t\t\t\t\t\t\t\t\t\t\t\t\t\t\t\t<\/dd>\n\t\t\t\t\t\t\t\t\t\t\t\t\t\t\t<dt class=\"screen-reader-text\">Email<\/dt>\n\t\t\t\t\t\t\t\t<dd>\n\t\t\t\t\t\t\t\t\t<a href=\"mailto:info@vindr.no\">\t\t\t\t\t\t\t\t\tinfo@vindr.no\t\t\t\t\t\t\t\t\t<\/a>\t\t\t\t\t\t\t\t<\/dd>\n\t\t\t\t\t\t\t\t\t\t\t\t\t<\/dl>\n\t\t\t\t\t<\/div>\n\t\t\t\t<\/div>\n\t\t\t\t\t\t\t<h3 class=\"handorgel__header\">\n\t\t\t\t\t<button class=\"handorgel__header__button heading-size-normal\">\n\t\t\t\t\t\t<span class=\"country\">Zviedrija<\/span>\n\t\t\t\t\t\t<i aria-hidden=\"true\" class=\"icon-chevron-down\"><\/i>\n\t\t\t\t\t<\/button>\n\t\t\t\t<\/h3>\n\t\t\t\t<div class=\"handorgel__content\">\n\t\t\t\t\t<div class=\"handorgel__content__inner\">\n\t\t\t\t\t\t\t\t\t\t\t\t\t<h4>Vindr Sweden<\/h4>\n\t\t\t\t\t\t\t\t\t\t\t\t<dl>\n\t\t\t\t\t\t\t\t\t\t\t\t\t\t\t<dt class=\"screen-reader-text\">Address<\/dt>\n\t\t\t\t\t\t\t\t<dd>\n\t\t\t\t\t\t\t\t\t\t\t\t\t\t\t\t\t\tPr\u00e4stav\u00e4gen 12,<br \/>\r\n224 80 Lund, Sweden\t\t\t\t\t\t\t\t\t\t\t\t\t\t\t\t\t<\/dd>\n\t\t\t\t\t\t\t\t\t\t\t\t\t\t\t<dt class=\"screen-reader-text\">Email<\/dt>\n\t\t\t\t\t\t\t\t<dd>\n\t\t\t\t\t\t\t\t\t<a href=\"mailto:info@vindr.se\">\t\t\t\t\t\t\t\t\tinfo@vindr.se\t\t\t\t\t\t\t\t\t<\/a>\t\t\t\t\t\t\t\t<\/dd>\n\t\t\t\t\t\t\t\t\t\t\t\t\t<\/dl>\n\t\t\t\t\t<\/div>\n\t\t\t\t<\/div>\n\t\t\t\t\t<\/div>\n\t<\/div>\n<\/section>\n\n\n\n<section id=\"acf-featured-people-block_1203a3bbaf5c11698e58c625a03a7b34\"class=\"block-section featured-people show-top-bar-theme-dark wp-block-acf-featured-people\">\n\t<div class=\"block-section-wrapper element-width--wide two-columns\">\n\t\t\t\t\t<h2 class=\"text-size-normal\">Inform\u0101cijai medijiem<\/h2>\n\t\t\t\t\t\t\t<ul class=\"text-size-normal\">\n\t\t\t\t\t\t\t<li>\n\t\t\t\t\t\t\t\t\t\t\t<h3>St\u012bans Tvede Karlsens<\/h3>\n\t\t\t\t\t\t\t\t\t\t\t\t\t\t\t\t\t<dl>\n\t\t\t\t\t\t\t\t\t\t\t\t\t\t\t<div>\n\t\t\t\t\t\t\t\t\t<dt class=\"screen-reader-text\">E-mail<\/dt>\n\t\t\t\t\t\t\t\t\t<dd>\n\t\t\t\t\t\t\t\t\t\t<a class=\"stm-text-link\" href=\"mailto:stian@vindr.no\">stian@vindr.no<\/a>\n\t\t\t\t\t\t\t\t\t<\/dd>\n\t\t\t\t\t\t\t\t<\/div>\n\t\t\t\t\t\t\t\t\t\t\t\t\t\t\t\t\t\t\t\t\t\t<div>\n\t\t\t\t\t\t\t\t\t<dt class=\"screen-reader-text\">E-mail<\/dt>\n\t\t\t\t\t\t\t\t\t<dd>\n\t\t\t\t\t\t\t\t\t\t<a class=\"stm-text-link\" href=\"tel:+47 920 67 460\">+47 920 67 460<\/a>\n\t\t\t\t\t\t\t\t\t<\/dd>\n\t\t\t\t\t\t\t\t<\/div>\n\t\t\t\t\t\t\t\t\t\t\t\t\t<\/dl>\n\t\t\t\t\t\t\t\t\t\t\t<\/div>\n<\/section>\n\n\n\n<section id=\"acf-form-block_e35c71a6ef2e9a40514c57b54455d720\"class=\"block-section form has-background has-dark-blue-background-color show-top-bar-theme-light wp-block-acf-form\">\n\t<div class=\"form__bg_element brand__bg_element\">\n\t\t<svg aria-hidden=\"true\" version=\"1.1\" class=\"icon-bg-element\" xmlns=\"http:\/\/www.w3.org\/2000\/svg\" xmlns:xlink=\"http:\/\/www.w3.org\/1999\/xlink\" x=\"0px\" y=\"0px\"\n\t viewBox=\"0 0 4097.8 3908.9\" style=\"enable-background:new 0 0 4097.8 3908.9;\" xml:space=\"preserve\">\n<style type=\"text\/css\">\n\t.st0{fill:#FFFFFF;fill-opacity:2.000000e-02;}\n\t.st1{fill:none;stroke:#BEE3E1;stroke-width:2;stroke-opacity:5.000000e-02;}\n<\/style>\n<g id=\"outer\">\n\t<path class=\"st0\" d=\"M2359.4,3877.5C1339,4056.8,324.7,3450.9,0,2468l138.7-45.7c302,914.7,1245.9,1478.5,2195.5,1311.7\n\t\tC3396.5,3547.3,4108.7,2531.3,3922.1,1469c-90.8-516.7-378.7-966.4-810.6-1266.8l83.4-119.9c464.2,322.6,773.5,806.1,871.1,1361.5\n\t\tc200.6,1141.4-564.8,2233.4-1706.4,2434L2359.4,3877.5z\"\/>\n\t<path class=\"st1\" d=\"M3923,1468.8c-90.8-516.6-378.5-966.3-810.2-1266.9l82.2-118.3c463.5,322.5,772.3,805.5,869.8,1360.3\n\t\tc200.4,1140.5-564.1,2231.7-1704.6,2432.7l0-0.2l-1,0.2c-1019.6,179.2-2033.1-426-2358-1407.9l136.8-45.1\n\t\tc302.5,914.6,1246.6,1478.3,2196.3,1311.4C3397.2,3548.1,4109.8,2531.7,3923,1468.8z\"\/>\n<\/g>\n<g id=\"middle-outer\">\n\t<path class=\"st0\" d=\"M2308.4,3587.4c-640.4,112.5-1295.7-130.5-1710.2-634.3l112.8-92.8c381,463.3,983.3,686.6,1572.1,583.1\n\t\tc902.2-158.5,1507.3-1021.6,1348.8-1923.6C3473.4,617.8,2610.3,12.7,1708.1,171.3l-25.3-143.8\n\t\tC2664.3-145,3603.2,513.2,3775.7,1494.7c172.5,981.5-485.8,1920.4-1467.3,2092.9L2308.4,3587.4z\"\/>\n\t<path class=\"st1\" d=\"M1684,28.3c980.6-171.8,1918.4,486,2090.7,1466.6c172.3,980.6-485.1,1918.7-1465.5,2091.5l0-0.2l-1,0.2\n\t\tc-639.7,112.4-1294.3-130.2-1708.6-633.2l111.2-91.6c381.2,463,983.6,686.2,1572.4,582.7c902.7-158.6,1508.2-1022.2,1349.6-1924.7\n\t\tC3474.3,617.4,2611.3,12.1,1708.9,170.1L1684,28.3z\"\/>\n<\/g>\n<g id=\"middle-inner\">\n\t<path class=\"st0\" d=\"M2257.4,3297.2c-318.9,56-640.8,9.7-930.9-133.8l64.9-130.9c262,129.7,552.7,171.5,840.8,120.9\n\t\tC2974.2,3023,3471.9,2313.1,3341.5,1571C3211.1,828.9,2501.2,331.2,1759.1,461.6c-288,50.6-547.1,189-749.2,400.2L904.3,761\n\t\tc223.8-233.8,510.6-387.1,829.5-443.1c821.4-144.3,1607.3,406.5,1751.7,1227.9C3629.9,2367.1,3079,3152.8,2257.4,3297.2z\"\/>\n\t<path class=\"st1\" d=\"M2257.2,3296.2c-318.4,55.9-639.7,9.8-929.4-133.3l64-129.1c261.9,129.4,552.6,171.1,840.5,120.5\n\t\tC2975,3023.9,3473,2313.5,3342.5,1570.8C3212,828.2,2501.6,330.1,1758.9,460.7c-287.9,50.6-547,188.8-749,399.8l-104.2-99.5\n\t\tc223.6-233.2,509.9-386.2,828.3-442.1C2554.9,174.6,3340.3,725,3484.6,1545.9C3628.8,2366.7,3078.3,3152,2257.2,3296.2z\"\/>\n<\/g>\n<g id=\"inner\">\n\t<path class=\"st0\" d=\"M2206.4,3007.1l-25.3-143.8c207.7-36.5,398.2-132.3,550.8-277.3c262.4-248.9,381.5-609.2,319.2-963.9\n\t\tc-102.3-582.2-659-972.5-1241.3-870.2c-440.7,77.4-790.3,425.8-869.7,866.8l-143.7-26c90.3-501,487.3-896.7,988.1-984.7\n\t\tc661.5-116.2,1294.1,327.4,1410.3,988.8c70.8,403.1-64.8,812.4-362.6,1095.2c-173.6,164.8-390.1,273.7-626.1,315.2L2206.4,3007.1z\"\n\t\t\/>\n\t<path class=\"st1\" d=\"M2831.6,2691.2c-173.1,164.4-389.1,273.1-624.4,314.7l-24.9-141.8c207.5-36.7,397.8-132.5,550.3-277.4\n\t\tc262.6-249.1,381.9-609.8,319.5-964.8c-102.4-582.8-659.7-973.4-1242.4-871c-440.8,77.5-790.5,425.7-870.4,866.7l-141.7-25.6\n\t\tc90.6-500.1,487.1-895,987.1-982.9c661-116.2,1293.1,327.2,1409.2,987.9C3264.7,1999.7,3129.2,2408.7,2831.6,2691.2z\"\/>\n<\/g>\n<\/svg>\n\t<\/div>\n\t<div class=\"block-section-wrapper element-width--wide\">\n\t\t\t\t\t<h1 class=\"heading-size-normal\">Parun\u0101sim!<\/h1>\n\t\t\t\t\t\t\t\n<div class=\"dcf-form-container\" id=\"form-910\">\n\t<noscript>\n\t\t\t<div class=\"dc-forms-no-js-warning\">\n\t\t\t\t<h3>\n\t\t\t\t\tTo use this form, please enable JavaScript.\n\t\t\t\t<\/h3>\n\t\t\t\t<p>\n\t\t\t\t\tHere are the <a href=\"https:\/\/www.enable-javascript.com\/\" target=\"_blank\" rel=\"noopener noreferrer\">\n\t\t\t\t\tinstructions how to enable JavaScript in your web browser<\/a>.\n\t\t\t\t<\/p>\n\t\t\t<\/div>\n\t\t<\/noscript><\/div> \n\t\t\t<\/div>\n<\/section>\n","protected":false},"excerpt":{"rendered":"","protected":false},"author":1,"featured_media":0,"parent":0,"menu_order":8,"comment_status":"closed","ping_status":"closed","template":"","meta":{"_acf_changed":true,"inline_featured_image":false,"footnotes":""},"class_list":["post-916","page","type-page","status-publish","hentry"],"acf":[],"_links":{"self":[{"href":"https:\/\/vindr.eu\/lv\/wp-json\/wp\/v2\/pages\/916","targetHints":{"allow":["GET"]}}],"collection":[{"href":"https:\/\/vindr.eu\/lv\/wp-json\/wp\/v2\/pages"}],"about":[{"href":"https:\/\/vindr.eu\/lv\/wp-json\/wp\/v2\/types\/page"}],"author":[{"embeddable":true,"href":"https:\/\/vindr.eu\/lv\/wp-json\/wp\/v2\/users\/1"}],"replies":[{"embeddable":true,"href":"https:\/\/vindr.eu\/lv\/wp-json\/wp\/v2\/comments?post=916"}],"version-history":[{"count":0,"href":"https:\/\/vindr.eu\/lv\/wp-json\/wp\/v2\/pages\/916\/revisions"}],"wp:attachment":[{"href":"https:\/\/vindr.eu\/lv\/wp-json\/wp\/v2\/media?parent=916"}],"curies":[{"name":"wp","href":"https:\/\/api.w.org\/{rel}","templated":true}]}}