{"id":906,"date":"2023-11-20T14:49:03","date_gmt":"2023-11-20T14:49:03","guid":{"rendered":"https:\/\/vindr.wpenginepowered.com\/?page_id=906"},"modified":"2026-03-30T13:38:56","modified_gmt":"2026-03-30T13:38:56","slug":"valde","status":"publish","type":"page","link":"https:\/\/vindr.eu\/lv\/par-vindr\/valde\/","title":{"rendered":"Valde"},"content":{"rendered":"\n<section id=\"acf-hero-subpage-block_1507f3e2f2b5088a606081715ff92a79\"class=\"block-section hero-subpage has-background waiting-to-animate show-top-bar-theme-light-dark wp-block-acf-hero-subpage\">\n\t<figure class=\"hero-subpage__bg\">\n\t\t<img loading=\"lazy\" decoding=\"async\" width=\"2048\" height=\"936\" src=\"https:\/\/vindr.eu\/wp-content\/uploads\/2024\/10\/Board-2024_header-scaled.jpg\" class=\"attachment-full size-full\" alt=\"\" sizes=\"auto, (max-width: 999px) 100vw, 60vw\" srcset=\"https:\/\/vindr.eu\/wp-content\/uploads\/2024\/10\/Board-2024_header-scaled.jpg 2048w, https:\/\/vindr.eu\/wp-content\/uploads\/2024\/10\/Board-2024_header-300x137.jpg 300w, https:\/\/vindr.eu\/wp-content\/uploads\/2024\/10\/Board-2024_header-1024x468.jpg 1024w, https:\/\/vindr.eu\/wp-content\/uploads\/2024\/10\/Board-2024_header-768x351.jpg 768w, https:\/\/vindr.eu\/wp-content\/uploads\/2024\/10\/Board-2024_header-1536x702.jpg 1536w, https:\/\/vindr.eu\/wp-content\/uploads\/2024\/10\/Board-2024_header-502x230.jpg 502w\" \/>\t<\/figure>\n\t<div class=\"block-section-wrapper element-width--full\">\n\t\t<div class=\"hero-subpage__content\">\n\t\t\t\t\t\t\t<h1 class=\"hero-subpage__title heading-size-large\">Valde<\/h1>\n\t\t\t\t\t\t\t\t\t\t<div class=\"text-size-medium\">\n\t\t\t\t\t<p>Vindrs valde sast\u0101v no se\u0161iem locek\u013ciem, kuriem ir pla\u0161a pieredze atjaunojam\u0101s ener\u0123ijas, infrastrukt\u016bras un konsult\u0101ciju jom\u0101. Valde apvieno Vindrs dibin\u0101t\u0101ju, m\u016bsu \u012bpa\u0161nieka InfraVia un \u0101r\u0113jo konsultantu kompetenci, nodro\u0161inot uz\u0146\u0113mumam strat\u0113\u0123isko stabilit\u0101ti, kas nepiecie\u0161ama, lai att\u012bst\u012btos atbild\u012bgi un sasniegtu m\u016bsu m\u0113r\u0137us. Uzziniet vair\u0101k par valdes locek\u013ciem zem\u0101k.<\/p>\n\t\t\t\t<\/div>\n\t\t\t\t\t<\/div>\n\t<\/div>\n<\/section>\n\n\n\n<section id=\"dc-post-grid-filterable-block_dcpg-69ca7cef53467\" class=\"block-section dc-post-grid-filterable dc-post-grid-base  dpg-stm_person   align-full \" data-aos=\"\">\n\t\n<div class=\"grid-container\">\n\t<div class=\"grid-x grid-margin-x\">\n\t\t<div class=\"cell small-12\">\n\t\t\t<div id=\"dc_post_grid_dcpg-69ca7cef53467\" class=\"dc-post-grid-component-wrapper dc-fallback-content\">\n\t\t\t\t<header class=\"dc-post-grid-header\">\n\t\t\t\t\t<div class=\"dc-post-top-left\">\n\t\t\t\t\t\t\t\t\t\t\t\t\t\t\t\t\t<\/div>\n\t\t\t\t\t<div class=\"dc-post-top-right\">\n\t\t\t\t\t\t\t\t\t\t\t\t\t\t\t\t\t<\/div>\n\t\t\t\t<\/header>\n\t\t\t\t\t\t\t\t\t\t\t\t\t\t<noscript>\n\t\t\t\t\t\t\t\t\t\t\t<div class=\"dc-post-grid-results has-3-columns uses-no-image-card-fallbacks\">\n\t\t\t\t\t\t\t<div class=\"dc-post-grid-results-inner\">\n\t\t\t\t\t\t\t\t\t\t\t\t\t\t\t\t\t<div class=\"grid-container full\">\n\t\t\t\t\t\t\t\t\t\t<div class=\"grid-x grid-margin-x\">\n\t\t\t\t\t\t\t\t\t\t\t\t\t\t\t\t\t\t\t\n<div class=\"cell\">\n\t<article id=\"stm_person_1175\" class=\"dc-post-grid-card default-card post-summary\">\n\n\t\t<div class=\"dc-post-grid-card-inner post-summary-inner\">\n\t\t\t\t\t\t\t<div class=\"image-wrapper\">\n\t\t\t\t\t<img loading=\"lazy\" decoding=\"async\" width=\"682\" height=\"1024\" src=\"https:\/\/vindr.eu\/wp-content\/uploads\/2023\/12\/Camilla-figure-1-682x1024.jpg\" class=\"attachment-large size-large\" alt=\"\" \/>\t\t\t\t<\/div>\n\t\t\t\t\t\t<div class=\"content-wrapper\">\n\t\t\t\t<div class=\"content-hover-overlay\"><\/div>\n                                    <span class=\"post-date\">October 24, 2023<\/span>\n                \t\t\t\t\t\t\t\t\t\t\t\t\t<h1 class=\"card-title\">Kamilla Andersone<\/h1>\n\t\t\t\t\t\t\t\t\t\t\t\t\t\t\t\t\t<a href=\"https:\/\/vindr.eu\/lv\/stm_person\/navn-navnersen\/\" class=\"link read-more-link\">\n\t\t\t\t\t\t<span class=\"screen-reader-text\">Read more<\/span>\n\t\t\t\t\t<\/a>\n\t\t\t\t\t\t\t<\/div>\n\t\t<\/div>\n\t<\/article>\n<\/div>\n\n<div class=\"cell\">\n\t<article id=\"stm_person_1244\" class=\"dc-post-grid-card default-card post-summary\">\n\n\t\t<div class=\"dc-post-grid-card-inner post-summary-inner\">\n\t\t\t\t\t\t\t<div class=\"image-wrapper\">\n\t\t\t\t\t<img loading=\"lazy\" decoding=\"async\" width=\"683\" height=\"1024\" src=\"https:\/\/vindr.eu\/wp-content\/uploads\/2023\/11\/Marko-683x1024.jpg\" class=\"attachment-large size-large\" alt=\"\" \/>\t\t\t\t<\/div>\n\t\t\t\t\t\t<div class=\"content-wrapper\">\n\t\t\t\t<div class=\"content-hover-overlay\"><\/div>\n                                    <span class=\"post-date\">November 27, 2023<\/span>\n                \t\t\t\t\t\t\t\t\t\t\t\t\t<h1 class=\"card-title\">Marko V\u012bdings<\/h1>\n\t\t\t\t\t\t\t\t\t\t\t\t\t\t\t\t\t<a href=\"https:\/\/vindr.eu\/lv\/stm_person\/marko-viiding\/\" class=\"link read-more-link\">\n\t\t\t\t\t\t<span class=\"screen-reader-text\">Read more<\/span>\n\t\t\t\t\t<\/a>\n\t\t\t\t\t\t\t<\/div>\n\t\t<\/div>\n\t<\/article>\n<\/div>\n\n<div class=\"cell\">\n\t<article id=\"stm_person_1034\" class=\"dc-post-grid-card default-card post-summary\">\n\n\t\t<div class=\"dc-post-grid-card-inner post-summary-inner\">\n\t\t\t\t\t\t\t<div class=\"image-wrapper\">\n\t\t\t\t\t<img loading=\"lazy\" decoding=\"async\" width=\"683\" height=\"1024\" src=\"https:\/\/vindr.eu\/wp-content\/uploads\/2023\/11\/Gabriel-Gauthier-figure-683x1024.jpg\" class=\"attachment-large size-large\" alt=\"\" \/>\t\t\t\t<\/div>\n\t\t\t\t\t\t<div class=\"content-wrapper\">\n\t\t\t\t<div class=\"content-hover-overlay\"><\/div>\n                                    <span class=\"post-date\">November 22, 2023<\/span>\n                \t\t\t\t\t\t\t\t\t\t\t\t\t<h1 class=\"card-title\">Gabri\u0113ls Gotj\u0113<\/h1>\n\t\t\t\t\t\t\t\t\t\t\t\t\t\t\t\t\t<a href=\"https:\/\/vindr.eu\/lv\/stm_person\/gabriel-gauthier\/\" class=\"link read-more-link\">\n\t\t\t\t\t\t<span class=\"screen-reader-text\">Read more<\/span>\n\t\t\t\t\t<\/a>\n\t\t\t\t\t\t\t<\/div>\n\t\t<\/div>\n\t<\/article>\n<\/div>\n\n<div class=\"cell\">\n\t<article id=\"stm_person_2053\" class=\"dc-post-grid-card default-card post-summary\">\n\n\t\t<div class=\"dc-post-grid-card-inner post-summary-inner\">\n\t\t\t\t\t\t\t<div class=\"image-wrapper\">\n\t\t\t\t\t<img loading=\"lazy\" decoding=\"async\" width=\"683\" height=\"1024\" src=\"https:\/\/vindr.eu\/wp-content\/uploads\/2024\/10\/Miguel-Escalada_figure-683x1024.jpg\" class=\"attachment-large size-large\" alt=\"\" \/>\t\t\t\t<\/div>\n\t\t\t\t\t\t<div class=\"content-wrapper\">\n\t\t\t\t<div class=\"content-hover-overlay\"><\/div>\n                                    <span class=\"post-date\">October 4, 2024<\/span>\n                \t\t\t\t\t\t\t\t\t\t\t\t\t<h1 class=\"card-title\">Migels Eskalada Lopess-Ibors<\/h1>\n\t\t\t\t\t\t\t\t\t\t\t\t\t\t\t\t\t<a href=\"https:\/\/vindr.eu\/lv\/stm_person\/miguel-escalada-lopez-ibor\/\" class=\"link read-more-link\">\n\t\t\t\t\t\t<span class=\"screen-reader-text\">Read more<\/span>\n\t\t\t\t\t<\/a>\n\t\t\t\t\t\t\t<\/div>\n\t\t<\/div>\n\t<\/article>\n<\/div>\n\n<div class=\"cell\">\n\t<article id=\"stm_person_1042\" class=\"dc-post-grid-card default-card post-summary\">\n\n\t\t<div class=\"dc-post-grid-card-inner post-summary-inner\">\n\t\t\t\t\t\t\t<div class=\"image-wrapper\">\n\t\t\t\t\t<img loading=\"lazy\" decoding=\"async\" width=\"683\" height=\"1024\" src=\"https:\/\/vindr.eu\/wp-content\/uploads\/2023\/11\/Gregorie-de-Chammard_website-683x1024.jpg\" class=\"attachment-large size-large\" alt=\"\" \/>\t\t\t\t<\/div>\n\t\t\t\t\t\t<div class=\"content-wrapper\">\n\t\t\t\t<div class=\"content-hover-overlay\"><\/div>\n                                    <span class=\"post-date\">November 17, 2023<\/span>\n                \t\t\t\t\t\t\t\t\t\t\t\t\t<h1 class=\"card-title\">Gregu\u0101rs de \u0160amm\u0101rs<\/h1>\n\t\t\t\t\t\t\t\t\t\t\t\t\t\t\t\t\t<a href=\"https:\/\/vindr.eu\/lv\/stm_person\/gregoire-de-chammard\/\" class=\"link read-more-link\">\n\t\t\t\t\t\t<span class=\"screen-reader-text\">Read more<\/span>\n\t\t\t\t\t<\/a>\n\t\t\t\t\t\t\t<\/div>\n\t\t<\/div>\n\t<\/article>\n<\/div>\n\n<div class=\"cell\">\n\t<article id=\"stm_person_1026\" class=\"dc-post-grid-card default-card post-summary\">\n\n\t\t<div class=\"dc-post-grid-card-inner post-summary-inner\">\n\t\t\t\t\t\t\t<div class=\"image-wrapper\">\n\t\t\t\t\t<img loading=\"lazy\" decoding=\"async\" width=\"683\" height=\"1024\" src=\"https:\/\/vindr.eu\/wp-content\/uploads\/2023\/11\/Oskar-Almen-683x1024.jpg\" class=\"attachment-large size-large\" alt=\"\" \/>\t\t\t\t<\/div>\n\t\t\t\t\t\t<div class=\"content-wrapper\">\n\t\t\t\t<div class=\"content-hover-overlay\"><\/div>\n                                    <span class=\"post-date\">November 22, 2023<\/span>\n                \t\t\t\t\t\t\t\t\t\t\t\t\t<h1 class=\"card-title\">Oskars Almens<\/h1>\n\t\t\t\t\t\t\t\t\t\t\t\t\t\t\t\t\t<a href=\"https:\/\/vindr.eu\/lv\/stm_person\/oskar-almen\/\" class=\"link read-more-link\">\n\t\t\t\t\t\t<span class=\"screen-reader-text\">Read more<\/span>\n\t\t\t\t\t<\/a>\n\t\t\t\t\t\t\t<\/div>\n\t\t<\/div>\n\t<\/article>\n<\/div>\n\t\t\t\t\t\t\t\t\t\t\t\t\t\t\t\t\t\t<\/div>\n\t\t\t\t\t\t\t\t\t<\/div>\n\t\t\t\t\t\t\t\t\t\t\t\t\t\t\t<\/div>\n\t\t\t\t\t\t<\/div>\n\t\t\t\t\t\t\t\t\t\t<\/noscript>\n\t\t\t\t\t\t\t\t\t\t\t\t<\/div>\n\t\t<\/div>\n\t<\/div>\n<\/div>\n<\/section>\n\n\n\n<section id=\"acf-image-block_2207ee1f4cb64913a69b0c401bf03f35\"class=\"block-section image  rounded-corners show-top-bar-theme-dark wp-block-acf-image\">\n            <div class=\"block-section-wrapper \">\n            <img decoding=\"async\" src=\"https:\/\/vindr.eu\/wp-content\/uploads\/2024\/10\/board-group_color-2-scaled.jpg\" alt=\" \" class=\" rounded-corners\">\n        <\/div>\n    <\/section>\n\n\n\n<section id=\"acf-banner-block_381d583999781e6140f77a9ab638e577\"class=\"block-section banner has-background has-title show-top-bar-theme-light wp-block-acf-banner\" data-scroll-container>\n\t\t\t<figure class=\"banner__bg\">\n\t\t\t<img loading=\"lazy\" decoding=\"async\" width=\"2048\" height=\"1365\" src=\"https:\/\/vindr.eu\/wp-content\/uploads\/2023\/11\/Board_contact_landscape-1-scaled.jpg\" class=\"attachment-full size-full\" alt=\"\" srcset=\"https:\/\/vindr.eu\/wp-content\/uploads\/2023\/11\/Board_contact_landscape-1-scaled.jpg 2048w, https:\/\/vindr.eu\/wp-content\/uploads\/2023\/11\/Board_contact_landscape-1-300x200.jpg 300w, https:\/\/vindr.eu\/wp-content\/uploads\/2023\/11\/Board_contact_landscape-1-768x512.jpg 768w, https:\/\/vindr.eu\/wp-content\/uploads\/2023\/11\/Board_contact_landscape-1-1024x683.jpg 1024w, https:\/\/vindr.eu\/wp-content\/uploads\/2023\/11\/Board_contact_landscape-1-1536x1024.jpg 1536w, https:\/\/vindr.eu\/wp-content\/uploads\/2023\/11\/Board_contact_landscape-1-502x335.jpg 502w, https:\/\/vindr.eu\/wp-content\/uploads\/2023\/11\/Board_contact_landscape-1-1200x800.jpg 1200w\" sizes=\"auto, (max-width: 2048px) 100vw, 2048px\" \/>\t\t<\/figure>\n\t\t<div class=\"block-section-wrapper element-width--content\" data-scroll data-scroll-call=\"vindrOnBannerScroll\">\n\t\t<div class=\"banner__content\">\n\t\t\t\t\t\t\t<h2 class=\"heading-size-large\">Sazinieties ar mums!<\/h2>\n\t\t\t\t<div class=\"text-size-medium\">\n\t\t\t\t\t\t\t\t\t\t\t\t\t<\/div>\n\t\t\t\t\t\t<a href=\"https:\/\/vindr.eu\/lv\/kontakti\/\" id=\"\" class=\"stm-button--has-title stm-button stm-button--type-default stm-button-light\"  target=\"_self\" title=\"\"> <span class=\"text\">Kontakti<\/span>  <\/a>\t\t<\/div>\n\t<\/div>\n<\/section>\n","protected":false},"excerpt":{"rendered":"","protected":false},"author":1,"featured_media":2031,"parent":888,"menu_order":2,"comment_status":"closed","ping_status":"closed","template":"","meta":{"_acf_changed":false,"inline_featured_image":false,"footnotes":""},"class_list":["post-906","page","type-page","status-publish","has-post-thumbnail","hentry"],"acf":[],"_links":{"self":[{"href":"https:\/\/vindr.eu\/lv\/wp-json\/wp\/v2\/pages\/906","targetHints":{"allow":["GET"]}}],"collection":[{"href":"https:\/\/vindr.eu\/lv\/wp-json\/wp\/v2\/pages"}],"about":[{"href":"https:\/\/vindr.eu\/lv\/wp-json\/wp\/v2\/types\/page"}],"author":[{"embeddable":true,"href":"https:\/\/vindr.eu\/lv\/wp-json\/wp\/v2\/users\/1"}],"replies":[{"embeddable":true,"href":"https:\/\/vindr.eu\/lv\/wp-json\/wp\/v2\/comments?post=906"}],"version-history":[{"count":3,"href":"https:\/\/vindr.eu\/lv\/wp-json\/wp\/v2\/pages\/906\/revisions"}],"predecessor-version":[{"id":8397,"href":"https:\/\/vindr.eu\/lv\/wp-json\/wp\/v2\/pages\/906\/revisions\/8397"}],"up":[{"embeddable":true,"href":"https:\/\/vindr.eu\/lv\/wp-json\/wp\/v2\/pages\/888"}],"wp:featuredmedia":[{"embeddable":true,"href":"https:\/\/vindr.eu\/lv\/wp-json\/wp\/v2\/media\/2031"}],"wp:attachment":[{"href":"https:\/\/vindr.eu\/lv\/wp-json\/wp\/v2\/media?parent=906"}],"curies":[{"name":"wp","href":"https:\/\/api.w.org\/{rel}","templated":true}]}}