{"id":898,"date":"2023-10-24T17:15:09","date_gmt":"2023-10-24T17:15:09","guid":{"rendered":"https:\/\/vindr.wpenginepowered.com\/?page_id=898"},"modified":"2025-02-26T08:48:05","modified_gmt":"2025-02-26T08:48:05","slug":"ipasnieki","status":"publish","type":"page","link":"https:\/\/vindr.eu\/lv\/par-vindr\/ipasnieki\/","title":{"rendered":"\u012apa\u0161nieki"},"content":{"rendered":"\n<section id=\"acf-hero-subpage-block_1e8a6572cf67f4c8f2dc0a45e12c66f9\"class=\"block-section hero-subpage has-background waiting-to-animate show-top-bar-theme-light-dark wp-block-acf-hero-subpage\">\n\t<figure class=\"hero-subpage__bg\">\n\t\t<img loading=\"lazy\" decoding=\"async\" width=\"1920\" height=\"1280\" src=\"https:\/\/vindr.eu\/wp-content\/uploads\/2023\/11\/sam-cumming-vD_8vGGvwoY-unsplash.jpg\" class=\"attachment-full size-full\" alt=\"\" sizes=\"auto, (max-width: 999px) 100vw, 60vw\" srcset=\"https:\/\/vindr.eu\/wp-content\/uploads\/2023\/11\/sam-cumming-vD_8vGGvwoY-unsplash.jpg 1920w, https:\/\/vindr.eu\/wp-content\/uploads\/2023\/11\/sam-cumming-vD_8vGGvwoY-unsplash-300x200.jpg 300w, https:\/\/vindr.eu\/wp-content\/uploads\/2023\/11\/sam-cumming-vD_8vGGvwoY-unsplash-768x512.jpg 768w, https:\/\/vindr.eu\/wp-content\/uploads\/2023\/11\/sam-cumming-vD_8vGGvwoY-unsplash-1024x683.jpg 1024w, https:\/\/vindr.eu\/wp-content\/uploads\/2023\/11\/sam-cumming-vD_8vGGvwoY-unsplash-1536x1024.jpg 1536w, https:\/\/vindr.eu\/wp-content\/uploads\/2023\/11\/sam-cumming-vD_8vGGvwoY-unsplash-502x335.jpg 502w, https:\/\/vindr.eu\/wp-content\/uploads\/2023\/11\/sam-cumming-vD_8vGGvwoY-unsplash-1200x800.jpg 1200w\" \/>\t<\/figure>\n\t<div class=\"block-section-wrapper element-width--full\">\n\t\t<div class=\"hero-subpage__content\">\n\t\t\t\t\t\t\t<h1 class=\"hero-subpage__title heading-size-large\">\u012apa\u0161nieki<\/h1>\n\t\t\t\t\t\t\t\t\t\t<div class=\"text-size-medium\">\n\t\t\t\t\t<p>VINDR ir svar\u012bgi sadarboties ar uz\u0146\u0113mumu, kas sp\u0113j nodro\u0161in\u0101t ne vien ilgtsp\u0113j\u012bgai izaugsmei nepiecie\u0161amo tehnisko kompetenci, bet ar\u012b izpratni par nepiecie\u0161am\u012bbu piel\u0101goties Zieme\u013ceiropas unik\u0101lajai kult\u016brai. InfraVia ir bijusi svar\u012bga Vindr ce\u013ca sast\u0101vda\u013ca, ar galvenajiem l\u012bdzstr\u0101dniekiem, tostarp <strong>Charlotte Marchand<\/strong>, InfraVia invest\u012bciju vad\u012bt\u0101ju.<\/p>\n\t\t\t\t<\/div>\n\t\t\t\t\t<\/div>\n\t<\/div>\n<\/section>\n\n\n<section id=\"acf-wysiwyg-block_a41178bafd031f10e28c21b8d35bdb6a\"class=\"block-section wysiwyg show-top-bar-theme-dark wp-block-acf-wysiwyg\">\n\t<div class=\"block-section-wrapper element-width--wide\">\n\t\t\t<\/div>\n<\/section>\n\n\n\n<section  id=\"acf-video-block_71a6a6e681cede0500d23b2a1cfa4307\"class=\"block-section video has-plyr-video-player  full-width-video has-background no-padding show-top-bar-theme-light wp-block-acf-video\">\n\t<img loading=\"lazy\" decoding=\"async\" width=\"1920\" height=\"1080\" src=\"https:\/\/vindr.eu\/wp-content\/uploads\/2023\/11\/video-still-owners-compressed.jpg\" class=\"attachment-full size-full\" alt=\"\" srcset=\"https:\/\/vindr.eu\/wp-content\/uploads\/2023\/11\/video-still-owners-compressed.jpg 1920w, https:\/\/vindr.eu\/wp-content\/uploads\/2023\/11\/video-still-owners-compressed-300x169.jpg 300w, https:\/\/vindr.eu\/wp-content\/uploads\/2023\/11\/video-still-owners-compressed-1024x576.jpg 1024w, https:\/\/vindr.eu\/wp-content\/uploads\/2023\/11\/video-still-owners-compressed-768x432.jpg 768w, https:\/\/vindr.eu\/wp-content\/uploads\/2023\/11\/video-still-owners-compressed-1536x864.jpg 1536w, https:\/\/vindr.eu\/wp-content\/uploads\/2023\/11\/video-still-owners-compressed-502x282.jpg 502w\" sizes=\"auto, (max-width: 1920px) 100vw, 1920px\" \/>\t<button id=\"video-play-block_71a6a6e681cede0500d23b2a1cfa4307\" class=\"play\" aria-controls=\"video-overlay-block_71a6a6e681cede0500d23b2a1cfa4307\" data-target-overlay=\"video-overlay-block_71a6a6e681cede0500d23b2a1cfa4307\" aria-expanded=\"false\">\n\t\t<span class=\"screen-reader-text\">Play<\/span>\n\t<\/button>\n\t<div id=\"video-overlay-block_71a6a6e681cede0500d23b2a1cfa4307\" class=\"plyr-video-overlay\" aria-hidden=\"true\" aria-controlledby=\"video-play-block_71a6a6e681cede0500d23b2a1cfa4307\">\n\t\t<div class=\"plyr-video-wrapper\">\n\t\t\t<button class=\"close\" data-play-button-id=\"video-play-block_71a6a6e681cede0500d23b2a1cfa4307\">\n\t\t\t\t<span class=\"screen-reader-text\">Play<\/span>\n\t\t\t\t<i class=\"icon-close\"><\/i>\n\t\t\t<\/button>\n\n\t\t\t<video class=\"plyr-player\" id=\"69dcbe2b4a9b6\"><\/video>\t\t\t\n<div class=\"cookieconsent-optout-text\">\n\t<p>A video was hidden because it requires all cookie categories to be accepted to view. Please <a href=\"javascript:Cookiebot.renew()\">click here<\/a> to update your cookie preferences to watch this video.<\/p>\n<\/div>\t\t<\/div>\n\t<\/div>\n<\/section>\n\n\n\n<section id=\"acf-featured-text-block_e11b267417300cfecc498dd9947ac701\"class=\"block-section featured-text text-based-block show-top-bar-theme-dark wp-block-acf-featured-text\">\n\t<div class=\"block-section-wrapper element-width--content\">\n\t\t<div class=\"text\">\n\t\t\t<p>InfraVia ir VINDR galvenais akcion\u0101rs un partneris ce\u013c\u0101 uz vado\u0161\u0101 atjaun\u012bg\u0101s ener\u0123ijas ra\u017eot\u0101ja izveidi Zieme\u013ceirop\u0101. Kop\u0161 2008.\u00a0gada InfraVia ir piesaist\u012bjusi 10 miljardus eiro lielu kapit\u0101lu un invest\u0113jusi vair\u0101k nek\u0101 50 uz\u0146\u0113mumos 13 Eiropas valst\u012bs.<\/p>\n\t\t\t\t\t<\/div>\n\t<\/div>\n<\/section>\n\n\n<section id=\"acf-wysiwyg-block_1b133d80a39f045fab146bfba384e117\"class=\"block-section wysiwyg show-top-bar-theme-dark wp-block-acf-wysiwyg\">\n\t<div class=\"block-section-wrapper element-width--wide\">\n\t\t<p>Vair\u0101k par Vindr valdi lasiet \u0161eit:<\/p>\n<a href=\"https:\/\/vindr.eu\/lv\/par-vindr\/valde\/\" id=\"\" class=\"stm-button--has-title stm-button stm-button--type-default\" data-test=\"test\" target=\"_self\" title=\"\"> <span class=\"text\">Par valdi<\/span>  <\/a>\t<\/div>\n<\/section>\n\n\n\n<section id=\"acf-banner-block_8ffc4ae85aa92b72f717185feed5b2a7\"class=\"block-section banner has-background has-title show-top-bar-theme-light wp-block-acf-banner\" data-scroll-container>\n\t\t\t<figure class=\"banner__bg\">\n\t\t\t<img loading=\"lazy\" decoding=\"async\" width=\"2048\" height=\"956\" src=\"https:\/\/vindr.eu\/wp-content\/uploads\/2023\/11\/2020-11-27-10-10-56-scaled.jpg\" class=\"attachment-full size-full\" alt=\"\" srcset=\"https:\/\/vindr.eu\/wp-content\/uploads\/2023\/11\/2020-11-27-10-10-56-scaled.jpg 2048w, https:\/\/vindr.eu\/wp-content\/uploads\/2023\/11\/2020-11-27-10-10-56-300x140.jpg 300w, https:\/\/vindr.eu\/wp-content\/uploads\/2023\/11\/2020-11-27-10-10-56-768x359.jpg 768w, https:\/\/vindr.eu\/wp-content\/uploads\/2023\/11\/2020-11-27-10-10-56-1024x478.jpg 1024w, https:\/\/vindr.eu\/wp-content\/uploads\/2023\/11\/2020-11-27-10-10-56-1536x717.jpg 1536w, https:\/\/vindr.eu\/wp-content\/uploads\/2023\/11\/2020-11-27-10-10-56-502x234.jpg 502w, https:\/\/vindr.eu\/wp-content\/uploads\/2023\/11\/2020-11-27-10-10-56-1600x747.jpg 1600w\" sizes=\"auto, (max-width: 2048px) 100vw, 2048px\" \/>\t\t<\/figure>\n\t\t<div class=\"block-section-wrapper element-width--content\" data-scroll data-scroll-call=\"vindrOnBannerScroll\">\n\t\t<div class=\"banner__content\">\n\t\t\t\t\t\t\t<h2 class=\"heading-size-large\">Sazinieties ar mums!<\/h2>\n\t\t\t\t<div class=\"text-size-medium\">\n\t\t\t\t\t\t\t\t\t\t\t\t\t<\/div>\n\t\t\t\t\t\t<a href=\"https:\/\/vindr.eu\/lv\/kontakti\/\" id=\"\" class=\"stm-button--has-title stm-button stm-button--type-default stm-button-light\"  target=\"_self\" title=\"\"> <span class=\"text\">Kontakti<\/span>  <\/a>\t\t<\/div>\n\t<\/div>\n<\/section>\n","protected":false},"excerpt":{"rendered":"","protected":false},"author":1,"featured_media":0,"parent":888,"menu_order":0,"comment_status":"closed","ping_status":"closed","template":"","meta":{"_acf_changed":false,"inline_featured_image":false,"footnotes":""},"class_list":["post-898","page","type-page","status-publish","hentry"],"acf":[],"_links":{"self":[{"href":"https:\/\/vindr.eu\/lv\/wp-json\/wp\/v2\/pages\/898","targetHints":{"allow":["GET"]}}],"collection":[{"href":"https:\/\/vindr.eu\/lv\/wp-json\/wp\/v2\/pages"}],"about":[{"href":"https:\/\/vindr.eu\/lv\/wp-json\/wp\/v2\/types\/page"}],"author":[{"embeddable":true,"href":"https:\/\/vindr.eu\/lv\/wp-json\/wp\/v2\/users\/1"}],"replies":[{"embeddable":true,"href":"https:\/\/vindr.eu\/lv\/wp-json\/wp\/v2\/comments?post=898"}],"version-history":[{"count":0,"href":"https:\/\/vindr.eu\/lv\/wp-json\/wp\/v2\/pages\/898\/revisions"}],"up":[{"embeddable":true,"href":"https:\/\/vindr.eu\/lv\/wp-json\/wp\/v2\/pages\/888"}],"wp:attachment":[{"href":"https:\/\/vindr.eu\/lv\/wp-json\/wp\/v2\/media?parent=898"}],"curies":[{"name":"wp","href":"https:\/\/api.w.org\/{rel}","templated":true}]}}