{"id":880,"date":"2023-10-24T17:14:48","date_gmt":"2023-10-24T17:14:48","guid":{"rendered":"https:\/\/vindr.wpenginepowered.com\/?page_id=880"},"modified":"2026-02-10T13:59:59","modified_gmt":"2026-02-10T13:59:59","slug":"esg","status":"publish","type":"page","link":"https:\/\/vindr.eu\/lv\/ka-mes-stradajam\/esg\/","title":{"rendered":"ESG"},"content":{"rendered":"\n<section id=\"acf-hero-subpage-block_6ef511a7c13139385aff092bca0fa5ec\"class=\"block-section hero-subpage has-background waiting-to-animate show-top-bar-theme-light-dark wp-block-acf-hero-subpage\">\n\t<figure class=\"hero-subpage__bg\">\n\t\t<img loading=\"lazy\" decoding=\"async\" width=\"2048\" height=\"1536\" src=\"https:\/\/vindr.eu\/wp-content\/uploads\/2023\/11\/geranimo-qzgN45hseN0-unsplash-scaled.jpg\" class=\"attachment-full size-full\" alt=\"\" sizes=\"auto, (max-width: 999px) 100vw, 60vw\" srcset=\"https:\/\/vindr.eu\/wp-content\/uploads\/2023\/11\/geranimo-qzgN45hseN0-unsplash-scaled.jpg 2048w, https:\/\/vindr.eu\/wp-content\/uploads\/2023\/11\/geranimo-qzgN45hseN0-unsplash-300x225.jpg 300w, https:\/\/vindr.eu\/wp-content\/uploads\/2023\/11\/geranimo-qzgN45hseN0-unsplash-768x576.jpg 768w, https:\/\/vindr.eu\/wp-content\/uploads\/2023\/11\/geranimo-qzgN45hseN0-unsplash-1024x768.jpg 1024w, https:\/\/vindr.eu\/wp-content\/uploads\/2023\/11\/geranimo-qzgN45hseN0-unsplash-1536x1152.jpg 1536w, https:\/\/vindr.eu\/wp-content\/uploads\/2023\/11\/geranimo-qzgN45hseN0-unsplash-502x376.jpg 502w, https:\/\/vindr.eu\/wp-content\/uploads\/2023\/11\/geranimo-qzgN45hseN0-unsplash-1067x800.jpg 1067w, https:\/\/vindr.eu\/wp-content\/uploads\/2023\/11\/geranimo-qzgN45hseN0-unsplash-1920x1440.jpg 1920w\" \/>\t<\/figure>\n\t<div class=\"block-section-wrapper element-width--full\">\n\t\t<div class=\"hero-subpage__content\">\n\t\t\t\t\t\t\t<h1 class=\"hero-subpage__title heading-size-large\">ESG<\/h1>\n\t\t\t\t\t\t\t\t<\/div>\n\t<\/div>\n<\/section>\n\n\n\n<section id=\"acf-featured-text-block_2a9b1e09f7655ba34c1885565eefdcb1\"class=\"block-section featured-text text-based-block show-top-bar-theme-dark wp-block-acf-featured-text\">\n\t<div class=\"block-section-wrapper element-width--content\">\n\t\t<div class=\"text\">\n\t\t\t<p>Vindr top par <strong>vado\u0161o atjaun\u012bg\u0101s ener\u0123ijas ra\u017eot\u0101ju Zieme\u013ceirop\u0101,<\/strong> pied\u0101v\u0101jot energoapg\u0101des dro\u0161\u012bbu, izmantojot progres\u012bvas tehnolo\u0123ijas un veicinot pozit\u012bvu ieguld\u012bjumu viet\u0113j\u0101s kopien\u0101s.<\/p>\n\t\t\t\t\t<\/div>\n\t<\/div>\n<\/section>\n\n\n\n<section id=\"acf-text-media-block_72b5c218270e97c5d56422d4433f4034\"class=\"block-section text-media image-align-left show-top-bar-theme-dark wp-block-acf-text-media has-background has-light-blue-background-color\">\n\t<div class=\"block-section-wrapper element-width--wide\">\n\t\t<div class=\"text-media__image\">\n\t\t\t<figure class=\"text-media__image-inner\">\n\t\t\t\t<img loading=\"lazy\" decoding=\"async\" width=\"1365\" height=\"2048\" src=\"https:\/\/vindr.eu\/wp-content\/uploads\/2023\/11\/y-kvam-MArYnJIBAcg-unsplash-scaled.jpg\" class=\"attachment-full size-full\" alt=\"\" srcset=\"https:\/\/vindr.eu\/wp-content\/uploads\/2023\/11\/y-kvam-MArYnJIBAcg-unsplash-scaled.jpg 1365w, https:\/\/vindr.eu\/wp-content\/uploads\/2023\/11\/y-kvam-MArYnJIBAcg-unsplash-200x300.jpg 200w, https:\/\/vindr.eu\/wp-content\/uploads\/2023\/11\/y-kvam-MArYnJIBAcg-unsplash-768x1152.jpg 768w, https:\/\/vindr.eu\/wp-content\/uploads\/2023\/11\/y-kvam-MArYnJIBAcg-unsplash-683x1024.jpg 683w, https:\/\/vindr.eu\/wp-content\/uploads\/2023\/11\/y-kvam-MArYnJIBAcg-unsplash-1024x1536.jpg 1024w, https:\/\/vindr.eu\/wp-content\/uploads\/2023\/11\/y-kvam-MArYnJIBAcg-unsplash-251x376.jpg 251w, https:\/\/vindr.eu\/wp-content\/uploads\/2023\/11\/y-kvam-MArYnJIBAcg-unsplash-533x800.jpg 533w, https:\/\/vindr.eu\/wp-content\/uploads\/2023\/11\/y-kvam-MArYnJIBAcg-unsplash-960x1440.jpg 960w\" sizes=\"auto, (max-width: 1365px) 100vw, 1365px\" \/>\t\t\t<\/figure>\n\t\t<\/div>\n\t\t<div class=\"text-media__content use-copy-text-styles\">\n\t\t\t\t\t\t\t<h1 class=\"title\">ESG pamatprincipi<\/h1>\n\t\t\t\t\t\t<p>Vindr ir atjaun\u012bgo energoresursu nozares l\u012bderis, kas veicina pozit\u012bvas p\u0101rmai\u0146as, att\u012bstot, b\u016bv\u0113jot, p\u0101rvaldot, ekspluat\u0113jot un uzturot elektrostacijas, kuras ra\u017eo t\u012bru un uzticamu elektroener\u0123iju. Saprotot, ka elektroener\u0123ijai ir iz\u0161\u0137iro\u0161a noz\u012bme viet\u0113jo teritoriju ekonomiskaj\u0101 izaugsm\u0113, m\u0113s esam ap\u0146\u0113mu\u0161ies padar\u012bt t\u012bru un atjaun\u012bgo elektroener\u0123iju Zieme\u013ceirop\u0101 v\u0113l pieejam\u0101ku.<\/p>\n\t\t\t<a href=\"https:\/\/vindr.eu\/lv\/par-vindr\/dibinataji\/\" id=\"\" class=\"stm-button--has-title stm-button stm-button--type-default\"  target=\"_self\" title=\"\"> <span class=\"text\">Dibin\u0101t\u0101ji<\/span>  <\/a>\t\t<\/div>\n\t<\/div>\n<\/section>\n\n\n\n<section id=\"acf-quote-block_1c1e54bee17fe4c26096170d68c55014\"class=\"block-section quote has-plyr-video-player show-top-bar-theme-dark wp-block-acf-quote\">\n\t<div class=\"block-section-wrapper element-width--content\">\n\t\t<div class=\"blockquotes-wrapper\">\n\t\t\t\t\t\t\t<blockquote id=\"swiper-block_1c1e54bee17fe4c26096170d68c55014-quote-0\" class=\"active\">\n\t\t\t\t\t<p class=\"text-size-large\">M\u0113s lepojamies ar sav\u0101m v\u0113rt\u012bb\u0101m \u2014 p\u0101rredzam\u012bbu un atbild\u012bbu. Vindr sagatavo zi\u0146ojumus saska\u0146\u0101 ar nozares standartiem.<\/p>\n<p>M\u016bsu zi\u0146ojums nav tikai dokuments. Tas kalpo k\u0101 m\u016bsu pazi\u0146ojums par progresu Apvienoto N\u0101ciju Organiz\u0101cijas Glob\u0101lajam l\u012bgumam, kura dal\u012bbnieki esam, un par\u0101da m\u016bsu ap\u0146em\u0161anos saska\u0146ot uz\u0146\u0113m\u0113jdarb\u012bbas praksi ar visp\u0101rpie\u0146emtajiem principiem cilv\u0113kties\u012bbu, darba, vides un pretkorupcijas jom\u0101.<\/p>\n<p>Uz\u0146\u0113mumam Vindr ilgtsp\u0113ja nav tikai m\u0113r\u0137is, bet neat\u0146emama m\u016bsu organiz\u0101cijas sast\u0101vda\u013ca, kas ir kl\u0101teso\u0161a vis\u0101, ko dar\u0101m. Ra\u017eojot t\u012bru un uzticamu elektroener\u0123iju, m\u0113s nodro\u0161in\u0101m ener\u0123iju m\u0101jsaimniec\u012bb\u0101m un uz\u0146\u0113mumiem, k\u0101 ar\u012b veicin\u0101m pozit\u012bvas p\u0101rmai\u0146as Zieme\u013ceiropas ekonomik\u0101 un vid\u0113.<\/p>\n\t\t\t\t\t\t\t\t\t\t\t<cite>\n\t\t\t\t\t\t\t\t\t\t\t\t\t\tElisabeth Falck-Ytter, Galvenais finan\u0161u direktors\t\t\t\t\t\t\t\t\t\t\t\t\t<\/cite>\n\t\t\t\t\t\t\t\t\t<\/blockquote>\n\t\t\t\t\t<\/div>\n\t\t<div id=\"swiper-block_1c1e54bee17fe4c26096170d68c55014\" class=\"quote-media-wrapper swiper-container\">\n\t\t\t<div class=\"swiper-wrapper\">\n\t\t\t\t\t\t\t\t\t<div data-target-quote-id=\"swiper-block_1c1e54bee17fe4c26096170d68c55014-quote-0\" class=\"quote-media swiper-slide swiper-slide-active\">\n\t\t\t\t\t\t\t\t\t\t\t\t\t<img loading=\"lazy\" decoding=\"async\" width=\"1365\" height=\"2048\" src=\"https:\/\/vindr.eu\/wp-content\/uploads\/2025\/01\/Elisabeth-Falck-Ytter-figure-scaled.jpg\" class=\"attachment-full size-full\" alt=\"\" srcset=\"https:\/\/vindr.eu\/wp-content\/uploads\/2025\/01\/Elisabeth-Falck-Ytter-figure-scaled.jpg 1365w, https:\/\/vindr.eu\/wp-content\/uploads\/2025\/01\/Elisabeth-Falck-Ytter-figure-200x300.jpg 200w, https:\/\/vindr.eu\/wp-content\/uploads\/2025\/01\/Elisabeth-Falck-Ytter-figure-682x1024.jpg 682w, https:\/\/vindr.eu\/wp-content\/uploads\/2025\/01\/Elisabeth-Falck-Ytter-figure-768x1152.jpg 768w, https:\/\/vindr.eu\/wp-content\/uploads\/2025\/01\/Elisabeth-Falck-Ytter-figure-1024x1536.jpg 1024w, https:\/\/vindr.eu\/wp-content\/uploads\/2025\/01\/Elisabeth-Falck-Ytter-figure-251x376.jpg 251w\" sizes=\"auto, (max-width: 1365px) 100vw, 1365px\" \/>\t\t\t\t\t\t\t\t\t\t\t<\/div>\n\t\t\t\t\t\t\t<\/div>\n\n\t\t\t\t\t<\/div>\n\t<\/div>\n<\/section>\n\n\n\n<section id=\"acf-text-media-block_91c5b1a97a5aa4d1e7453d6cca69512f\"class=\"block-section text-media image-align-left show-top-bar-theme-dark wp-block-acf-text-media has-background has-light-blue-background-color\">\n\t<div class=\"block-section-wrapper element-width--wide\">\n\t\t<div class=\"text-media__image\">\n\t\t\t<figure class=\"text-media__image-inner\">\n\t\t\t\t<img loading=\"lazy\" decoding=\"async\" width=\"1365\" height=\"2048\" src=\"https:\/\/vindr.eu\/wp-content\/uploads\/2023\/11\/ESG_straw-scaled.jpg\" class=\"attachment-full size-full\" alt=\"\" srcset=\"https:\/\/vindr.eu\/wp-content\/uploads\/2023\/11\/ESG_straw-scaled.jpg 1365w, https:\/\/vindr.eu\/wp-content\/uploads\/2023\/11\/ESG_straw-200x300.jpg 200w, https:\/\/vindr.eu\/wp-content\/uploads\/2023\/11\/ESG_straw-768x1152.jpg 768w, https:\/\/vindr.eu\/wp-content\/uploads\/2023\/11\/ESG_straw-683x1024.jpg 683w, https:\/\/vindr.eu\/wp-content\/uploads\/2023\/11\/ESG_straw-1024x1536.jpg 1024w, https:\/\/vindr.eu\/wp-content\/uploads\/2023\/11\/ESG_straw-251x376.jpg 251w, https:\/\/vindr.eu\/wp-content\/uploads\/2023\/11\/ESG_straw-533x800.jpg 533w, https:\/\/vindr.eu\/wp-content\/uploads\/2023\/11\/ESG_straw-960x1440.jpg 960w\" sizes=\"auto, (max-width: 1365px) 100vw, 1365px\" \/>\t\t\t<\/figure>\n\t\t<\/div>\n\t\t<div class=\"text-media__content use-copy-text-styles\">\n\t\t\t\t\t\t\t<h1 class=\"title\">Vado\u0161\u0101 loma vides aizsardz\u012bb\u0101<\/h1>\n\t\t\t\t\t\t<p>M\u016bsu atjaun\u012bgo energoresursu projektu pamat\u0101 ir tiek\u0161an\u0101s uz vado\u0161o nozares poz\u012bciju vides jom\u0101:<\/p>\n<h3><strong>T\u012bras un uzticamas ener\u0123ijas ra\u017eo\u0161ana<\/strong><\/h3>\n<p>Vindr nodro\u0161ina t\u012bru un uzticamu elektroener\u0123iju. M\u016bsu elektrostacijas sniedz iev\u0113rojamu ieguld\u012bjumu oglek\u013ca emisiju samazin\u0101\u0161an\u0101 un veicina p\u0101reju uz ilgtsp\u0113j\u012bgiem ener\u0123ijas avotiem.<\/p>\n<h3><strong>Tehnolo\u0123ij\u0101s balst\u012bta ilgtsp\u0113j\u012bba<\/strong><\/h3>\n<p>Izmantojot jaun\u0101k\u0101s tehnolo\u0123ijas, m\u0113s optimiz\u0113jam savas elektrostacijas atbilsto\u0161i viet\u0113jiem apst\u0101k\u013ciem, nodro\u0161inot efekt\u012bvu ener\u0123ijas ra\u017eo\u0161anu ar minim\u0101lu ietekmi uz vidi. Jau agr\u012bn\u0101 pl\u0101no\u0161anas stadij\u0101 pla\u0161i izmantojam tehnolo\u0123ijas, lai uzlabotu m\u016bsu darb\u012bbas ilgtsp\u0113ju.<\/p>\n\t\t\t\t\t<\/div>\n\t<\/div>\n<\/section>\n\n\n\n<section id=\"acf-text-media-block_743265561b2c9248dda2147fda3b190c\"class=\"block-section text-media image-align-right show-top-bar-theme-dark wp-block-acf-text-media has-background has-white-background-color\">\n\t<div class=\"block-section-wrapper element-width--wide\">\n\t\t<div class=\"text-media__image\">\n\t\t\t<figure class=\"text-media__image-inner\">\n\t\t\t\t<img loading=\"lazy\" decoding=\"async\" width=\"1365\" height=\"2048\" src=\"https:\/\/vindr.eu\/wp-content\/uploads\/2023\/11\/ESG_governance-scaled.jpg\" class=\"attachment-full size-full\" alt=\"\" srcset=\"https:\/\/vindr.eu\/wp-content\/uploads\/2023\/11\/ESG_governance-scaled.jpg 1365w, https:\/\/vindr.eu\/wp-content\/uploads\/2023\/11\/ESG_governance-200x300.jpg 200w, https:\/\/vindr.eu\/wp-content\/uploads\/2023\/11\/ESG_governance-768x1152.jpg 768w, https:\/\/vindr.eu\/wp-content\/uploads\/2023\/11\/ESG_governance-683x1024.jpg 683w, https:\/\/vindr.eu\/wp-content\/uploads\/2023\/11\/ESG_governance-1024x1536.jpg 1024w, https:\/\/vindr.eu\/wp-content\/uploads\/2023\/11\/ESG_governance-251x376.jpg 251w, https:\/\/vindr.eu\/wp-content\/uploads\/2023\/11\/ESG_governance-533x800.jpg 533w, https:\/\/vindr.eu\/wp-content\/uploads\/2023\/11\/ESG_governance-960x1440.jpg 960w\" sizes=\"auto, (max-width: 1365px) 100vw, 1365px\" \/>\t\t\t<\/figure>\n\t\t<\/div>\n\t\t<div class=\"text-media__content use-copy-text-styles\">\n\t\t\t\t\t\t\t<h1 class=\"title\">Soci\u0101l\u0101 atbild\u012bba<\/h1>\n\t\t\t\t\t\t<p>K\u0101 viens no galvenajiem atjaun\u012bg\u0101s ener\u0123ijas nozares dal\u012bbniekiem esam soci\u0101li atbild\u012bgi ne tikai par t\u012bras ener\u0123ijas ra\u017eo\u0161anu, bet ar\u012b par att\u012bst\u012bbu tur, kur darbojamies:<\/p>\n<h3>Viet\u0113j\u0101s v\u0113rt\u012bbas rad\u012b\u0161ana<\/h3>\n<p>M\u016bsu m\u0113r\u0137is ir veidot notur\u012bgas viet\u0113j\u0101s attiec\u012bbas un veicin\u0101t labkl\u0101j\u012bbu tur, kur m\u0113s str\u0101d\u0101jam \u2014 s\u0101kot no materi\u0101lu sag\u0101des uz vietas, beidzot ar apm\u0101c\u012bbu nodro\u0161in\u0101\u0161anu.<\/p>\n<h3>Padar\u012bt t\u012bru elektroener\u0123iju pieejamu<\/h3>\n<p>M\u016bsu misija ir ne tikai g\u016bt pe\u013c\u0146u, bet ar\u012b nodro\u0161in\u0101t piek\u013cuvi t\u012brai, pieejamai un atjaunojamai elektroener\u0123ijai par pie\u0146emamu cenu. M\u0113s akt\u012bvi str\u0101d\u0101jam, lai padar\u012btu elektroener\u0123iju pieejam\u0101ku Zieme\u013ceirop\u0101 un t\u0101d\u0113j\u0101di rad\u012btu pievienoto v\u0113rt\u012bbu tur, kur str\u0101d\u0101jam.<\/p>\n\t\t\t\t\t<\/div>\n\t<\/div>\n<\/section>\n\n\n\n<section id=\"acf-text-media-block_478174c18d43675e129cafdf8b80c9ec\"class=\"block-section text-media image-align-left show-top-bar-theme-dark wp-block-acf-text-media has-background has-light-yellow-background-color\">\n\t<div class=\"block-section-wrapper element-width--wide\">\n\t\t<div class=\"text-media__image\">\n\t\t\t<figure class=\"text-media__image-inner\">\n\t\t\t\t<img loading=\"lazy\" decoding=\"async\" width=\"1638\" height=\"2048\" src=\"https:\/\/vindr.eu\/wp-content\/uploads\/2023\/11\/ESG_turbine-scaled.jpg\" class=\"attachment-full size-full\" alt=\"\" srcset=\"https:\/\/vindr.eu\/wp-content\/uploads\/2023\/11\/ESG_turbine-scaled.jpg 1638w, https:\/\/vindr.eu\/wp-content\/uploads\/2023\/11\/ESG_turbine-240x300.jpg 240w, https:\/\/vindr.eu\/wp-content\/uploads\/2023\/11\/ESG_turbine-768x960.jpg 768w, https:\/\/vindr.eu\/wp-content\/uploads\/2023\/11\/ESG_turbine-819x1024.jpg 819w, https:\/\/vindr.eu\/wp-content\/uploads\/2023\/11\/ESG_turbine-1229x1536.jpg 1229w, https:\/\/vindr.eu\/wp-content\/uploads\/2023\/11\/ESG_turbine-301x376.jpg 301w, https:\/\/vindr.eu\/wp-content\/uploads\/2023\/11\/ESG_turbine-640x800.jpg 640w, https:\/\/vindr.eu\/wp-content\/uploads\/2023\/11\/ESG_turbine-1152x1440.jpg 1152w\" sizes=\"auto, (max-width: 1638px) 100vw, 1638px\" \/>\t\t\t<\/figure>\n\t\t<\/div>\n\t\t<div class=\"text-media__content use-copy-text-styles\">\n\t\t\t\t\t\t\t<h1 class=\"title\">P\u0101rvald\u012bba<\/h1>\n\t\t\t\t\t\t<p>P\u0101rvald\u012bba ir neat\u0146emama da\u013ca no t\u0101, k\u0101 m\u0113s nodro\u0161in\u0101m ilgtsp\u0113j\u012bbu un atbild\u012bgu ener\u0123ijas ra\u017eo\u0161anu:<\/p>\n<h3><b><span style=\"font-size: 13.5pt\">P\u0101rvald\u012bbas pl\u0101no\u0161ana agr\u012bn\u0101 posm\u0101<br \/>\n<\/span><\/b><\/h3>\n<p>M\u0113s daudz ieguld\u0101m p\u0101rvald\u012bbas pl\u0101no\u0161an\u0101 jau agr\u012bn\u0101 projekta att\u012bst\u012bbas posm\u0101, lai nodro\u0161in\u0101tu atbilst\u012bbu viet\u0113jiem noteikumiem, vides standartiem un sabiedr\u012bbas v\u0113lm\u0113m. \u0160\u012b proakt\u012bv\u0101 pieeja uzlabo m\u016bsu projektu ilgtsp\u0113ju ilgtermi\u0146\u0101.<\/p>\n<h3>\u0112tiski ener\u0123\u0113tikas risin\u0101jumi<\/h3>\n<p>M\u0113s p\u0101rredzami un godpr\u0101t\u012bgi str\u0101d\u0101jam atjaun\u012bg\u0101s ener\u0123ijas jom\u0101, Iev\u0113rojot augst\u0101kos \u0113tikas standartus. T\u0101 m\u0113s ieg\u016bstam ieinteres\u0113to pu\u0161u uztic\u012bbu un veicin\u0101m uztic\u0113\u0161anos kopien\u0101s, kur\u0101s darbojamies.<\/p>\n<h3>Sadarb\u012bba ar ieinteres\u0113taj\u0101m pus\u0113m<\/h3>\n<p>M\u0113s past\u0101v\u012bgi sadarbojamies ar ieinteres\u0113taj\u0101m person\u0101m visos projekta posmos. T\u0101da pieeja nodro\u0161ina holistisku un atbild\u012bgu pieeju m\u016bsu darbam.<\/p>\n\t\t\t\t\t<\/div>\n\t<\/div>\n<\/section>\n\n\n\n<section id=\"acf-quote-block_2d1e90b60d8d0cb7827524a35f12393c\"class=\"block-section quote has-plyr-video-player show-top-bar-theme-dark wp-block-acf-quote\">\n\t<div class=\"block-section-wrapper element-width--content\">\n\t\t<div class=\"blockquotes-wrapper\">\n\t\t\t\t\t\t\t<blockquote id=\"swiper-block_2d1e90b60d8d0cb7827524a35f12393c-quote-0\" class=\"active\">\n\t\t\t\t\t<p class=\"text-size-large\">M\u0113s sabiedr\u012bbas un viet\u0113jo pa\u0161vald\u012bbu iesaist\u012b\u0161anos redzam k\u0101 iesp\u0113ju izstr\u0101d\u0101t lab\u0101kus projektus.<\/p>\n<p>P\u0101r\u0101k bie\u017ei infrastrukt\u016bras projekti tiek veidoti pien\u0101c\u012bgi ne\u0146emot v\u0113r\u0101 viet\u0113jo kontekstu un uz viet\u0113jo kopienu raugoties k\u0101 uz \u0161\u0137\u0113rsli projekta \u012bsteno\u0161anai. T\u0101p\u0113c Vindr iegulda l\u012bdzek\u013cus m\u016bsu projektu pl\u0101no\u0161an\u0101 agr\u012bn\u0101 stadij\u0101 kop\u0101 ar viet\u0113jiem iedz\u012bvot\u0101jiem un pa\u0161vald\u012bb\u0101m. M\u0113s izstr\u0101d\u0101jam projektus, lai tos realiz\u0113tu, un, t\u0101 k\u0101 esam \u0161eit uz ilgu laiku, ir svar\u012bgi, lai jau no pa\u0161a s\u0101kuma viss b\u016btu izdar\u012bts pareizi.<\/p>\n\t\t\t\t\t\t\t\t\t\t\t<cite>\n\t\t\t\t\t\t\t\t\t\t\t\t\t\t\u0160jans Tvede Karlsens (Stian Tvede Karlsen), sabiedrisko attiec\u012bbu vad\u012bt\u0101js\t\t\t\t\t\t\t\t\t\t\t\t\t<\/cite>\n\t\t\t\t\t\t\t\t\t<\/blockquote>\n\t\t\t\t\t<\/div>\n\t\t<div id=\"swiper-block_2d1e90b60d8d0cb7827524a35f12393c\" class=\"quote-media-wrapper swiper-container\">\n\t\t\t<div class=\"swiper-wrapper\">\n\t\t\t\t\t\t\t\t\t<div data-target-quote-id=\"swiper-block_2d1e90b60d8d0cb7827524a35f12393c-quote-0\" class=\"quote-media swiper-slide swiper-slide-active\">\n\t\t\t\t\t\t\t\t\t\t\t\t\t<img loading=\"lazy\" decoding=\"async\" width=\"1365\" height=\"2048\" src=\"https:\/\/vindr.eu\/wp-content\/uploads\/2023\/11\/Stian-Tvede-Karlsen-figure-scaled.jpg\" class=\"attachment-full size-full\" alt=\"\" srcset=\"https:\/\/vindr.eu\/wp-content\/uploads\/2023\/11\/Stian-Tvede-Karlsen-figure-scaled.jpg 1365w, https:\/\/vindr.eu\/wp-content\/uploads\/2023\/11\/Stian-Tvede-Karlsen-figure-200x300.jpg 200w, https:\/\/vindr.eu\/wp-content\/uploads\/2023\/11\/Stian-Tvede-Karlsen-figure-768x1152.jpg 768w, https:\/\/vindr.eu\/wp-content\/uploads\/2023\/11\/Stian-Tvede-Karlsen-figure-683x1024.jpg 683w, https:\/\/vindr.eu\/wp-content\/uploads\/2023\/11\/Stian-Tvede-Karlsen-figure-1024x1536.jpg 1024w, https:\/\/vindr.eu\/wp-content\/uploads\/2023\/11\/Stian-Tvede-Karlsen-figure-251x376.jpg 251w, https:\/\/vindr.eu\/wp-content\/uploads\/2023\/11\/Stian-Tvede-Karlsen-figure-533x800.jpg 533w, https:\/\/vindr.eu\/wp-content\/uploads\/2023\/11\/Stian-Tvede-Karlsen-figure-960x1440.jpg 960w\" sizes=\"auto, (max-width: 1365px) 100vw, 1365px\" \/>\t\t\t\t\t\t\t\t\t\t\t<\/div>\n\t\t\t\t\t\t\t<\/div>\n\n\t\t\t\t\t<\/div>\n\t<\/div>\n<\/section>\n\n\n\n<section id=\"acf-banner-block_689c755f3ddb598b886dd758ff1aecf6\"class=\"block-section banner has-background has-title show-top-bar-theme-light wp-block-acf-banner\" data-scroll-container>\n\t\t\t<figure class=\"banner__bg\">\n\t\t\t<img loading=\"lazy\" decoding=\"async\" width=\"2048\" height=\"1365\" src=\"https:\/\/vindr.eu\/wp-content\/uploads\/2023\/11\/ESG_landscape_contact-scaled.jpg\" class=\"attachment-full size-full\" alt=\"\" srcset=\"https:\/\/vindr.eu\/wp-content\/uploads\/2023\/11\/ESG_landscape_contact-scaled.jpg 2048w, https:\/\/vindr.eu\/wp-content\/uploads\/2023\/11\/ESG_landscape_contact-300x200.jpg 300w, https:\/\/vindr.eu\/wp-content\/uploads\/2023\/11\/ESG_landscape_contact-768x512.jpg 768w, https:\/\/vindr.eu\/wp-content\/uploads\/2023\/11\/ESG_landscape_contact-1024x683.jpg 1024w, https:\/\/vindr.eu\/wp-content\/uploads\/2023\/11\/ESG_landscape_contact-1536x1024.jpg 1536w, https:\/\/vindr.eu\/wp-content\/uploads\/2023\/11\/ESG_landscape_contact-502x335.jpg 502w, https:\/\/vindr.eu\/wp-content\/uploads\/2023\/11\/ESG_landscape_contact-1200x800.jpg 1200w\" sizes=\"auto, (max-width: 2048px) 100vw, 2048px\" \/>\t\t<\/figure>\n\t\t<div class=\"block-section-wrapper element-width--content\" data-scroll data-scroll-call=\"vindrOnBannerScroll\">\n\t\t<div class=\"banner__content\">\n\t\t\t\t\t\t\t<h2 class=\"heading-size-large\">Sazinieties ar mums!<\/h2>\n\t\t\t\t<div class=\"text-size-medium\">\n\t\t\t\t\t\t\t\t\t\t\t\t\t<\/div>\n\t\t\t\t\t\t<a href=\"https:\/\/vindr.eu\/lv\/kontakti\/\" id=\"\" class=\"stm-button--has-title stm-button stm-button--type-default stm-button-light\"  target=\"_self\" title=\"\"> <span class=\"text\">Kontakti<\/span>  <\/a>\t\t<\/div>\n\t<\/div>\n<\/section>\n","protected":false},"excerpt":{"rendered":"","protected":false},"author":1,"featured_media":7272,"parent":864,"menu_order":2,"comment_status":"closed","ping_status":"closed","template":"","meta":{"_acf_changed":false,"inline_featured_image":false,"footnotes":""},"class_list":["post-880","page","type-page","status-publish","has-post-thumbnail","hentry"],"acf":[],"_links":{"self":[{"href":"https:\/\/vindr.eu\/lv\/wp-json\/wp\/v2\/pages\/880","targetHints":{"allow":["GET"]}}],"collection":[{"href":"https:\/\/vindr.eu\/lv\/wp-json\/wp\/v2\/pages"}],"about":[{"href":"https:\/\/vindr.eu\/lv\/wp-json\/wp\/v2\/types\/page"}],"author":[{"embeddable":true,"href":"https:\/\/vindr.eu\/lv\/wp-json\/wp\/v2\/users\/1"}],"replies":[{"embeddable":true,"href":"https:\/\/vindr.eu\/lv\/wp-json\/wp\/v2\/comments?post=880"}],"version-history":[{"count":0,"href":"https:\/\/vindr.eu\/lv\/wp-json\/wp\/v2\/pages\/880\/revisions"}],"up":[{"embeddable":true,"href":"https:\/\/vindr.eu\/lv\/wp-json\/wp\/v2\/pages\/864"}],"wp:featuredmedia":[{"embeddable":true,"href":"https:\/\/vindr.eu\/lv\/wp-json\/wp\/v2\/media\/7272"}],"wp:attachment":[{"href":"https:\/\/vindr.eu\/lv\/wp-json\/wp\/v2\/media?parent=880"}],"curies":[{"name":"wp","href":"https:\/\/api.w.org\/{rel}","templated":true}]}}