{"id":876,"date":"2023-10-24T17:14:23","date_gmt":"2023-10-24T17:14:23","guid":{"rendered":"https:\/\/vindr.wpenginepowered.com\/?page_id=876"},"modified":"2024-08-09T11:08:03","modified_gmt":"2024-08-09T11:08:03","slug":"vietejie-iedzivotaji","status":"publish","type":"page","link":"https:\/\/vindr.eu\/lv\/ka-mes-stradajam\/vietejie-iedzivotaji\/","title":{"rendered":"Viet\u0113jie iedz\u012bvot\u0101ji"},"content":{"rendered":"\n<section id=\"acf-hero-subpage-block_90a8228d14edfdfb307c4a3573c2ba70\"class=\"block-section hero-subpage has-background waiting-to-animate show-top-bar-theme-light-dark wp-block-acf-hero-subpage\">\n\t<figure class=\"hero-subpage__bg\">\n\t\t<img loading=\"lazy\" decoding=\"async\" width=\"2048\" height=\"1364\" src=\"https:\/\/vindr.eu\/wp-content\/uploads\/2023\/11\/jaanus-jagomagi-tA5Ipxl-V4s-unsplash-scaled.jpg\" class=\"attachment-full size-full\" alt=\"\" sizes=\"auto, (max-width: 999px) 100vw, 60vw\" srcset=\"https:\/\/vindr.eu\/wp-content\/uploads\/2023\/11\/jaanus-jagomagi-tA5Ipxl-V4s-unsplash-scaled.jpg 2048w, https:\/\/vindr.eu\/wp-content\/uploads\/2023\/11\/jaanus-jagomagi-tA5Ipxl-V4s-unsplash-300x200.jpg 300w, https:\/\/vindr.eu\/wp-content\/uploads\/2023\/11\/jaanus-jagomagi-tA5Ipxl-V4s-unsplash-768x512.jpg 768w, https:\/\/vindr.eu\/wp-content\/uploads\/2023\/11\/jaanus-jagomagi-tA5Ipxl-V4s-unsplash-1024x682.jpg 1024w, https:\/\/vindr.eu\/wp-content\/uploads\/2023\/11\/jaanus-jagomagi-tA5Ipxl-V4s-unsplash-1536x1023.jpg 1536w, https:\/\/vindr.eu\/wp-content\/uploads\/2023\/11\/jaanus-jagomagi-tA5Ipxl-V4s-unsplash-502x334.jpg 502w, https:\/\/vindr.eu\/wp-content\/uploads\/2023\/11\/jaanus-jagomagi-tA5Ipxl-V4s-unsplash-1201x800.jpg 1201w\" \/>\t<\/figure>\n\t<div class=\"block-section-wrapper element-width--full\">\n\t\t<div class=\"hero-subpage__content\">\n\t\t\t\t\t\t\t<h1 class=\"hero-subpage__title heading-size-large\">Viet\u0113jie iedz\u012bvot\u0101ji<\/h1>\n\t\t\t\t\t\t\t\t\t\t<div class=\"text-size-medium\">\n\t\t\t\t\t<p>M\u0113s saprotam, ka m\u016bsu pan\u0101kumi ir atkar\u012bgi no sp\u0113jas b\u016bt viet\u0113jo iedz\u012bvot\u0101ju uzticamam partnerim.<\/p>\n\t\t\t\t<\/div>\n\t\t\t\t\t<\/div>\n\t<\/div>\n<\/section>\n\n\n\n<section id=\"acf-text-column-double-block_ecdf9ce540bffac536b27642c2bcc5d0\"class=\"block-section text-column-double show-top-bar-theme-dark wp-block-acf-text-column-double\">\n\t<div class=\"block-section-wrapper element-width--wide\">\n\t\t<div class=\"text-column-double__content\">\n\t\t\t\t\t\t\t<div class=\"text-column-double__left use-copy-text-styles\">\n\t\t\t\t\t\t\t\t\t\t<p><strong>M\u0113s esam izstr\u0101d\u0101ju\u0161i p\u0101rdom\u0101tas proced\u016bras, lai nodro\u0161in\u0101tu, ka varam b\u016bt lab\u0101kais partneris saviem partneriem, viet\u0113jiem iedz\u012bvot\u0101jiem un iesaist\u012bt\u0101j\u0101m valsts amatperson\u0101m.<\/strong> T\u0101 nav tikai formalit\u0101te \u2013 patiesi ieklausoties viet\u0113jo ieinteres\u0113to pu\u0161u viedok\u013cos un vajadz\u012bb\u0101s, m\u0113s cen\u0161amies izstr\u0101d\u0101t projektus, kas ir svar\u012bgi un sniedz labumu iedz\u012bvot\u0101jiem.<\/p>\n\t\t\t\t<\/div>\n\t\t\t\t\t\t\t<div class=\"text-column-double__right use-copy-text-styles\">\n\t\t\t\t\t\t\t\t\t\t<p>\u0145emot v\u0113r\u0101 viet\u0113j\u0101s vajadz\u012bbas p\u0113c elektroener\u0123ijas, m\u016bsu projekti ir strat\u0113\u0123iski izvietoti t\u0101, lai apmierin\u0101tu attiec\u012bg\u0101s teritorijas iedz\u012bvot\u0101ju vajadz\u012bbas. T\u0101 viet\u0101, lai uzspiestu p\u0101rmai\u0146as, m\u0113s cen\u0161amies pan\u0101kt viet\u0113jo iedz\u012bvot\u0101ju piekri\u0161anu, str\u0101d\u0101jot roku rok\u0101 ar <strong>viet\u0113j\u0101m ieinteres\u0113taj\u0101m pus\u0113m, lai ilgtsp\u0113j\u012bgu ener\u0123ijas ra\u017eo\u0161anu netrauc\u0113ti iek\u013cautu viet\u0113j\u0101s sabiedr\u012bbas strukt\u016br\u0101.<\/strong><\/p>\n\t\t\t\t<\/div>\n\t\t\t\t\t<\/div>\n\t<\/div>\n<\/section>\n\n\n\n<section id=\"acf-text-media-block_86602c3d99c5e78447b6e2b1e5a14b9b\"class=\"block-section text-media image-align-left show-top-bar-theme-dark wp-block-acf-text-media has-background has-light-blue-background-color\">\n\t<div class=\"block-section-wrapper element-width--wide\">\n\t\t<div class=\"text-media__image\">\n\t\t\t<figure class=\"text-media__image-inner\">\n\t\t\t\t<img loading=\"lazy\" decoding=\"async\" width=\"1333\" height=\"2000\" src=\"https:\/\/vindr.eu\/wp-content\/uploads\/2023\/12\/Camilla-figure-2.jpg\" class=\"attachment-full size-full\" alt=\"\" srcset=\"https:\/\/vindr.eu\/wp-content\/uploads\/2023\/12\/Camilla-figure-2.jpg 1333w, https:\/\/vindr.eu\/wp-content\/uploads\/2023\/12\/Camilla-figure-2-200x300.jpg 200w, https:\/\/vindr.eu\/wp-content\/uploads\/2023\/12\/Camilla-figure-2-682x1024.jpg 682w, https:\/\/vindr.eu\/wp-content\/uploads\/2023\/12\/Camilla-figure-2-768x1152.jpg 768w, https:\/\/vindr.eu\/wp-content\/uploads\/2023\/12\/Camilla-figure-2-1024x1536.jpg 1024w, https:\/\/vindr.eu\/wp-content\/uploads\/2023\/12\/Camilla-figure-2-251x376.jpg 251w\" sizes=\"auto, (max-width: 1333px) 100vw, 1333px\" \/>\t\t\t<\/figure>\n\t\t<\/div>\n\t\t<div class=\"text-media__content use-copy-text-styles\">\n\t\t\t\t\t\t\t<h1 class=\"title\">Kamilla Andersone <\/h1>\n\t\t\t\t\t\t<p>Kamillai Andersonei (Camilla Anderson), kura vada Vindr Zviedrijas tirg\u016b, ir skaidra n\u0101kotnes v\u012bzija, k\u0101 uzlabot vietas, kur\u0101s m\u0113s str\u0101d\u0101jam. Zviedrij\u0101 vi\u0146a koncentr\u0113jas uz akt\u012bvu <strong>iesaist\u012b\u0161anos un invest\u012bcij\u0101m viet\u0113j\u0101 l\u012bmen\u012b,<\/strong> nodro\u0161inot, ka m\u016bsu elektrostacijas sniedz t\u012bru ener\u0123iju un rada ilgsto\u0161u pozit\u012bvu ietekmi tur, kur darbojamies.<\/p>\n<p>Kamillas vado\u0161\u0101 loma sniedzas \u0101rpus ener\u0123\u0113tikas nozares, akt\u012bvi sadarbojoties ar viet\u0113j\u0101m Zviedrijas r\u016bpniec\u012bbas nozar\u0113m, lai rad\u012btu darba vietas un ekonomisk\u0101s iesp\u0113jas. Veicinot sadarb\u012bbu ar viet\u0113jiem iedz\u012bvot\u0101jiem un uz\u0146\u0113mumiem, vi\u0146a integr\u0113 Vindr katras teritorijas strukt\u016br\u0101, veicinot soci\u0101lo un ekonomisko att\u012bst\u012bbu.<\/p>\n<p>Kamillas v\u012bzijas pamat\u0101 ir p\u0101rliec\u012bba, ka atjaunojam\u0101s ener\u0123ijas ieguvumos ir j\u0101dal\u0101s ar viet\u0113jiem iedz\u012bvot\u0101jiem. Vi\u0146a v\u0113las, lai iedz\u012bvot\u0101ji var\u0113tu akt\u012bvi piedal\u012bties un g\u016bt labumu no m\u016bsu atjaunojamo energoresursu elektrostaciju rad\u012bt\u0101s v\u0113rt\u012bbas.<\/p>\n\t\t\t<a href=\"https:\/\/vindr.eu\/lv\/par-vindr\/dibinataji\/\" id=\"\" class=\"stm-button--has-title stm-button stm-button--type-default\"  target=\"_self\" title=\"\"> <span class=\"text\">Par dibin\u0101t\u0101jiem<\/span>  <\/a>\t\t<\/div>\n\t<\/div>\n<\/section>\n\n\n\n<section id=\"acf-text-media-block_1c399fd6076a24478a33e70b7e981dd9\"class=\"block-section text-media image-align-right show-top-bar-theme-dark wp-block-acf-text-media has-background has-white-background-color\">\n\t<div class=\"block-section-wrapper element-width--wide\">\n\t\t<div class=\"text-media__image\">\n\t\t\t<figure class=\"text-media__image-inner\">\n\t\t\t\t<img loading=\"lazy\" decoding=\"async\" width=\"1365\" height=\"2048\" src=\"https:\/\/vindr.eu\/wp-content\/uploads\/2023\/12\/Marko_local-communities-scaled.jpg\" class=\"attachment-full size-full\" alt=\"\" srcset=\"https:\/\/vindr.eu\/wp-content\/uploads\/2023\/12\/Marko_local-communities-scaled.jpg 1365w, https:\/\/vindr.eu\/wp-content\/uploads\/2023\/12\/Marko_local-communities-200x300.jpg 200w, https:\/\/vindr.eu\/wp-content\/uploads\/2023\/12\/Marko_local-communities-683x1024.jpg 683w, https:\/\/vindr.eu\/wp-content\/uploads\/2023\/12\/Marko_local-communities-768x1152.jpg 768w, https:\/\/vindr.eu\/wp-content\/uploads\/2023\/12\/Marko_local-communities-1024x1536.jpg 1024w, https:\/\/vindr.eu\/wp-content\/uploads\/2023\/12\/Marko_local-communities-251x376.jpg 251w\" sizes=\"auto, (max-width: 1365px) 100vw, 1365px\" \/>\t\t\t<\/figure>\n\t\t<\/div>\n\t\t<div class=\"text-media__content use-copy-text-styles\">\n\t\t\t\t\t\t\t<h1 class=\"title\">Marko V\u012bdings <\/h1>\n\t\t\t\t\t\t<p>Marko V\u012bdings (Marko Viiding) ir <strong>Vindr \u0101tro ener\u0123\u0113tikas iniciat\u012bvu virz\u012bt\u0101js Baltij\u0101.<\/strong> Marko ir t\u0101lredz\u012bgs vad\u012bt\u0101js, kur\u0161 ir ap\u0146\u0113m\u012bbas pilns str\u0101d\u0101t pie tik \u013coti nepiecie\u0161am\u0101s viet\u0113j\u0101s ener\u0123ijas ra\u017eo\u0161anas apjoma palielin\u0101\u0161anas. \u0145emot v\u0113r\u0101 Baltijas re\u0123iona kritisko nepiecie\u0161am\u012bbu aizst\u0101t fosil\u0101s ener\u0123ijas importu, vi\u0146\u0161 koncentr\u0113jas uz \u0101triem, ta\u010du ilgtsp\u0113j\u012bgiem risin\u0101jumiem, kas m\u016bsu darb\u012bbas re\u0123ionos rada gan t\u016bl\u012bt\u0113ju, gan ilgsto\u0161u pozit\u012bvu ietekmi.<\/p>\n<p>Marko darbs Baltij\u0101 k\u013c\u016bst aizvien svar\u012bg\u0101ks, jo ir steidzami j\u0101pastiprina ener\u0123\u0113tisk\u0101 dro\u0161\u012bba un j\u0101samazina atkar\u012bba no fosil\u0101 kurin\u0101m\u0101 importa. Akt\u012bva sadarb\u012bba ar viet\u0113jiem partneriem pa\u0101trin\u0101ta darba vietu rad\u012b\u0161anu, veicina ekonomisk\u0101s iesp\u0113jas un virza Vindr uz vado\u0161o lomu viet\u0113j\u0101 ener\u0123\u0113tikas jom\u0101. Marko v\u0113las, lai Vindr rad\u012btu iesp\u0113jas un k\u013c\u016btu par neat\u0146emamu katras pa\u0161vald\u012bbas sast\u0101vda\u013cu, kur\u0101 vien darbojamies.<\/p>\n<p>Marko \u0101tro iniciat\u012bvu v\u012bzijas pamat\u0101 ir p\u0101rliec\u012bba, ka atjaun\u012bg\u0101 ener\u0123ija ir galvenais risin\u0101jums valsts energoapg\u0101des dro\u0161\u012bbas probl\u0113m\u0101m. Vi\u0146\u0161 uzskata, ka iedz\u012bvot\u0101jiem j\u0101dod iesp\u0113ja akt\u012bvi piedal\u012bties un g\u016bt labumu no m\u016bsu atjaun\u012bgo energoresursu sp\u0113kstaciju rad\u012bt\u0101s v\u0113rt\u012bbas, un tas \u0101tri risin\u0101s neatliekamo vajadz\u012bbu p\u0113c viet\u0113j\u0101s ener\u0123ijas.<\/p>\n\t\t\t<a href=\"https:\/\/vindr.eu\/lv\/par-vindr\/dibinataji\/\" id=\"\" class=\"stm-button--has-title stm-button stm-button--type-default\"  target=\"_self\" title=\"\"> <span class=\"text\">Par dibin\u0101t\u0101jiem<\/span>  <\/a>\t\t<\/div>\n\t<\/div>\n<\/section>\n\n\n\n<section id=\"acf-text-media-block_95566e57a3446b462ce918e0357a26f5\"class=\"block-section text-media image-align-left show-top-bar-theme-dark wp-block-acf-text-media has-background has-light-yellow-background-color\">\n\t<div class=\"block-section-wrapper element-width--wide\">\n\t\t<div class=\"text-media__image\">\n\t\t\t<figure class=\"text-media__image-inner\">\n\t\t\t\t<img loading=\"lazy\" decoding=\"async\" width=\"1638\" height=\"2048\" src=\"https:\/\/vindr.eu\/wp-content\/uploads\/2023\/11\/Jan-Olav-Oderud-portrait-scaled.jpg\" class=\"attachment-full size-full\" alt=\"\" srcset=\"https:\/\/vindr.eu\/wp-content\/uploads\/2023\/11\/Jan-Olav-Oderud-portrait-scaled.jpg 1638w, https:\/\/vindr.eu\/wp-content\/uploads\/2023\/11\/Jan-Olav-Oderud-portrait-240x300.jpg 240w, https:\/\/vindr.eu\/wp-content\/uploads\/2023\/11\/Jan-Olav-Oderud-portrait-768x960.jpg 768w, https:\/\/vindr.eu\/wp-content\/uploads\/2023\/11\/Jan-Olav-Oderud-portrait-819x1024.jpg 819w, https:\/\/vindr.eu\/wp-content\/uploads\/2023\/11\/Jan-Olav-Oderud-portrait-1229x1536.jpg 1229w, https:\/\/vindr.eu\/wp-content\/uploads\/2023\/11\/Jan-Olav-Oderud-portrait-301x376.jpg 301w, https:\/\/vindr.eu\/wp-content\/uploads\/2023\/11\/Jan-Olav-Oderud-portrait-640x800.jpg 640w, https:\/\/vindr.eu\/wp-content\/uploads\/2023\/11\/Jan-Olav-Oderud-portrait-1152x1440.jpg 1152w\" sizes=\"auto, (max-width: 1638px) 100vw, 1638px\" \/>\t\t\t<\/figure>\n\t\t<\/div>\n\t\t<div class=\"text-media__content use-copy-text-styles\">\n\t\t\t\t\t\t\t<h1 class=\"title\">Jans Olavs Ederuds <\/h1>\n\t\t\t\t\t\t<p>Jans-Olavs Ederuds (Jan-Olav \u00d8derud) ir atbild\u012bgs par inovat\u012bviem ener\u0123\u0113tikas risin\u0101jumiem Norv\u0113\u0123ijas tirg\u016b. Vi\u0146\u0101 p\u0101rzi\u0146\u0101 ir <strong>risin\u0101t augo\u0161o piepras\u012bjumu p\u0113c ener\u0123ijas, kas ra\u017eota tuvu pat\u0113ri\u0146am.<\/strong><\/p>\n<p>Norv\u0113\u0123ij\u0101 vi\u0146\u0161 koncentr\u0113jas uz inovat\u012bviem ilgtsp\u0113j\u012bgiem risin\u0101jumiem, kas ne vien samazina ener\u0123ijas cenas, bet ar\u012b veicina viet\u0113jo att\u012bst\u012bbu. Uzman\u012bgi izv\u0113rt\u0113jot ietekmi uz vidi, Jans-Olavs ir piev\u0113rsies ener\u0123ijas ra\u017eo\u0161anai uz jau apstr\u0101d\u0101tas zemes, nodro\u0161inot zemu ietekmi uz vidi un vienlaikus izpildot viet\u0113j\u0101 re\u0123iona t\u016bl\u012bt\u0113j\u0101s ener\u0123ijas vajadz\u012bbas. Jana-Olava vado\u0161\u0101 loma Norv\u0113\u0123ij\u0101 ir \u0101rk\u0101rt\u012bgi b\u016btiska, jo valsts cen\u0161as optimiz\u0113t ener\u0123ijas ra\u017eo\u0161anu tuv\u0101k piepras\u012bjumam, samazinot cenas un veicinot viet\u0113jo att\u012bst\u012bbu.<\/p>\n<p>Jana-Olava redz\u0113juma pamat\u0101 ir p\u0101rliec\u012bba, ka ener\u0123ijas ra\u017eo\u0161anai j\u0101b\u016bt gan efekt\u012bvai, gan videi draudz\u012bgai. Vi\u0146\u0161 uzskata, ka viet\u0113jiem iedz\u012bvot\u0101jiem j\u0101sniedz iesp\u0113ja izmantot pieejamu ener\u0123iju, kas, izmantojot apstr\u0101d\u0101t\u0101s zemes potenci\u0101lu, tiek ra\u017eota ar mazu ietekmi uz vidi.<\/p>\n\t\t\t<a href=\"https:\/\/vindr.eu\/lv\/par-vindr\/dibinataji\/\" id=\"\" class=\"stm-button--has-title stm-button stm-button--type-default\"  target=\"_self\" title=\"\"> <span class=\"text\">Par dibin\u0101t\u0101jiem<\/span>  <\/a>\t\t<\/div>\n\t<\/div>\n<\/section>\n","protected":false},"excerpt":{"rendered":"","protected":false},"author":1,"featured_media":0,"parent":864,"menu_order":1,"comment_status":"closed","ping_status":"closed","template":"","meta":{"_acf_changed":true,"inline_featured_image":false,"footnotes":""},"class_list":["post-876","page","type-page","status-publish","hentry"],"acf":[],"_links":{"self":[{"href":"https:\/\/vindr.eu\/lv\/wp-json\/wp\/v2\/pages\/876","targetHints":{"allow":["GET"]}}],"collection":[{"href":"https:\/\/vindr.eu\/lv\/wp-json\/wp\/v2\/pages"}],"about":[{"href":"https:\/\/vindr.eu\/lv\/wp-json\/wp\/v2\/types\/page"}],"author":[{"embeddable":true,"href":"https:\/\/vindr.eu\/lv\/wp-json\/wp\/v2\/users\/1"}],"replies":[{"embeddable":true,"href":"https:\/\/vindr.eu\/lv\/wp-json\/wp\/v2\/comments?post=876"}],"version-history":[{"count":0,"href":"https:\/\/vindr.eu\/lv\/wp-json\/wp\/v2\/pages\/876\/revisions"}],"up":[{"embeddable":true,"href":"https:\/\/vindr.eu\/lv\/wp-json\/wp\/v2\/pages\/864"}],"wp:attachment":[{"href":"https:\/\/vindr.eu\/lv\/wp-json\/wp\/v2\/media?parent=876"}],"curies":[{"name":"wp","href":"https:\/\/api.w.org\/{rel}","templated":true}]}}