{"id":872,"date":"2023-10-24T17:13:51","date_gmt":"2023-10-24T17:13:51","guid":{"rendered":"https:\/\/vindr.wpenginepowered.com\/how-we-work\/technology\/"},"modified":"2026-03-30T07:50:07","modified_gmt":"2026-03-30T07:50:07","slug":"tehnologija","status":"publish","type":"page","link":"https:\/\/vindr.eu\/lv\/ka-mes-stradajam\/tehnologija\/","title":{"rendered":"Tehnolo\u0123ija"},"content":{"rendered":"\n<section id=\"acf-hero-subpage-block_8ceb4eb6486a026a55aeee77b4f5c820\"class=\"block-section hero-subpage has-background waiting-to-animate show-top-bar-theme-light-dark wp-block-acf-hero-subpage\">\n\t<figure class=\"hero-subpage__bg\">\n\t\t<img loading=\"lazy\" decoding=\"async\" width=\"2048\" height=\"1151\" src=\"https:\/\/vindr.eu\/wp-content\/uploads\/2023\/11\/Energy-storage-website-scaled.jpg\" class=\"attachment-full size-full\" alt=\"\" sizes=\"auto, (max-width: 999px) 100vw, 60vw\" srcset=\"https:\/\/vindr.eu\/wp-content\/uploads\/2023\/11\/Energy-storage-website-scaled.jpg 2048w, https:\/\/vindr.eu\/wp-content\/uploads\/2023\/11\/Energy-storage-website-300x169.jpg 300w, https:\/\/vindr.eu\/wp-content\/uploads\/2023\/11\/Energy-storage-website-1024x575.jpg 1024w, https:\/\/vindr.eu\/wp-content\/uploads\/2023\/11\/Energy-storage-website-768x432.jpg 768w, https:\/\/vindr.eu\/wp-content\/uploads\/2023\/11\/Energy-storage-website-1536x863.jpg 1536w, https:\/\/vindr.eu\/wp-content\/uploads\/2023\/11\/Energy-storage-website-502x282.jpg 502w, https:\/\/vindr.eu\/wp-content\/uploads\/2023\/11\/Energy-storage-website-1424x800.jpg 1424w\" \/>\t<\/figure>\n\t<div class=\"block-section-wrapper element-width--full\">\n\t\t<div class=\"hero-subpage__content\">\n\t\t\t\t\t\t\t<h1 class=\"hero-subpage__title heading-size-large\">Tehnolo\u0123ija<\/h1>\n\t\t\t\t\t\t\t\t\t\t<div class=\"text-size-medium\">\n\t\t\t\t\t<p>M\u0113s izmantojam tehnolo\u0123ijas, lai izstr\u0101d\u0101tu viet\u0113jiem iedz\u012bvot\u0101jiem optim\u0101lus projektus, veicin\u0101tu viet\u0113jo nozaru iesp\u0113jas un m\u016bsu priorit\u0101te ir p\u0113c iesp\u0113jas maz\u0101ka ietekmi uz vidi<\/p>\n\t\t\t\t<\/div>\n\t\t\t\t\t<\/div>\n\t<\/div>\n<\/section>\n\n\n\n<section id=\"acf-text-column-single-block_94d0c12c47df551870516eabdf6d8af3\"class=\"block-section text-column-single text-based-block show-top-bar-theme-dark wp-block-acf-text-column-single\">\n\t<div class=\"block-section-wrapper element-width--wide\">\n\t\t<div class=\"text-column-single__content use-copy-text-styles\">\n\t\t\t\t\t\t\t<h1 class=\"heading-size-normal\">Inov\u0101cijas videi un sabiedr\u012bbas labumam<\/h1>\n\t\t\t\t\t\t<p>M\u0113s lepojamies ar tehnolo\u0123iskajiem sasniegumiem atjaun\u012bg\u0101s ener\u0123ijas jom\u0101. M\u016bsu ekspertu komanda izmanto modern\u0101k\u0101s tehnolo\u0123ijas, lai nodro\u0161in\u0101tu, ka m\u016bsu projekti ir ilgtsp\u0113j\u012bgi un ar\u012b \u013coti efekt\u012bvi.<\/p>\n<p>M\u0113s ticam, ka, laic\u012bgi invest\u0113jot, m\u0113s k\u013c\u016bstam konkur\u0113tsp\u0113j\u012bg\u0101ki un dodam labumu viet\u0113jiem iedz\u012bvot\u0101jiem un videi. \u0160\u012b proakt\u012bv\u0101 pieeja nodro\u0161ina to, ka m\u016bsu iniciat\u012bvas ir ne vien m\u016bsdien\u012bgas, bet ar\u012b unik\u0101li piel\u0101gotas tie\u0161i viet\u0113jo iedz\u012bvot\u0101ju vajadz\u012bb\u0101m.<\/p>\n<p>M\u0113s izmantojam datus un IT r\u012bkus, lai var\u0113tu paredz\u0113t un rad\u012bt projektus, kas patie\u0161\u0101m noder viet\u0113jai sabiedr\u012bbai. Izmantojot visus pieejamos vides datus un veicot r\u016bp\u012bgu pl\u0101no\u0161anu jau agr\u012bn\u0101 projekta posm\u0101, m\u0113s izstr\u0101d\u0101jam iniciat\u012bvas, kas atbilst sabiedr\u012bbas v\u0113lm\u0113m un pras\u012bb\u0101m.<\/p>\n<p>M\u0113s saprotam, cik svar\u012bgi ir samazin\u0101t ietekmi uz vidi. M\u016bsu uz tehnolo\u0123ij\u0101m balst\u012bt\u0101 pieeja ir r\u016bp\u012bgi izstr\u0101d\u0101ta, lai optimiz\u0113tu ietekmi uz vidi.<\/p>\n<p>M\u0113s esam izstr\u0101d\u0101ju\u0161i pa\u0161i savu programmat\u016bru un algoritmus, lai apr\u0113\u0137in\u0101tu lab\u0101ko veiktsp\u0113ju m\u016bsu projektiem<\/p>\n\t\t<\/div>\n\t<\/div>\n<\/section>\n\n\n\n<section id=\"acf-quote-block_f320307079a5c9afa8daccda1d2673d9\"class=\"block-section quote has-plyr-video-player show-top-bar-theme-dark wp-block-acf-quote\">\n\t<div class=\"block-section-wrapper element-width--content\">\n\t\t<div class=\"blockquotes-wrapper\">\n\t\t\t\t\t\t\t<blockquote id=\"swiper-block_f320307079a5c9afa8daccda1d2673d9-quote-0\" class=\"active\">\n\t\t\t\t\t<p class=\"text-size-large\">M\u0113s cen\u0161amies izmantot pa\u0161as modern\u0101k\u0101s tehnolo\u0123ijas, lai pan\u0101ktu pozit\u012bvas p\u0101rmai\u0146as tur, kur str\u0101d\u0101jam. M\u016bsu iev\u0113rojam\u0101s invest\u012bcijas tehnolo\u0123iju att\u012bst\u012b\u0161an\u0101 apliecina m\u016bsu ap\u0146em\u0161anos veicin\u0101t inov\u0101cijas un ilgtsp\u0113j\u012bbu. M\u0113s cen\u0161amies pied\u0101v\u0101t modern\u0101kos un efekt\u012bv\u0101kos risin\u0101jumus atjaun\u012bg\u0101s ener\u0123ijas projektiem.<\/p>\n\t\t\t\t\t\t\t\t\t\t\t<cite>\n\t\t\t\t\t\t\t\t\t\t\t\t\t\tEspens Oldemans Lunds (Espen Oldeman Lund), tehniskais direktors\t\t\t\t\t\t\t\t\t\t\t\t\t<\/cite>\n\t\t\t\t\t\t\t\t\t<\/blockquote>\n\t\t\t\t\t\t\t<blockquote id=\"swiper-block_f320307079a5c9afa8daccda1d2673d9-quote-1\" class=\"\">\n\t\t\t\t\t<p class=\"text-size-large\">Ir iedvesmojo\u0161i str\u0101d\u0101t uz\u0146\u0113mum\u0101, kas gatavs invest\u0113t savu tehnolo\u0123iju att\u012bst\u012bb\u0101, lai izstr\u0101d\u0101tu jau agr\u012bn\u0101 posm\u0101 labi sagatavotus projektus. Ar to Vindr izce\u013cas uz citu fona. Ilgu laiku str\u0101d\u0101jot \u0161aj\u0101 nozar\u0113, es nekad neesmu redz\u0113jis uz\u0146\u0113mumu, kas \u0161o ap\u0146em\u0161anos uztvertu tik nopietni.<\/p>\n\t\t\t\t\t\t\t\t\t\t\t<cite>\n\t\t\t\t\t\t\t\t\t\t\t\t\t\tMartins de Mar\u0113 (Martin de Mar\u00e9), v\u0113ja anal\u012bti\u0137is\t\t\t\t\t\t\t\t\t\t\t\t\t<\/cite>\n\t\t\t\t\t\t\t\t\t<\/blockquote>\n\t\t\t\t\t<\/div>\n\t\t<div id=\"swiper-block_f320307079a5c9afa8daccda1d2673d9\" class=\"quote-media-wrapper swiper-container\">\n\t\t\t<div class=\"swiper-wrapper\">\n\t\t\t\t\t\t\t\t\t<div data-target-quote-id=\"swiper-block_f320307079a5c9afa8daccda1d2673d9-quote-0\" class=\"quote-media swiper-slide swiper-slide-active\">\n\t\t\t\t\t\t\t\t\t\t\t\t\t<img loading=\"lazy\" decoding=\"async\" width=\"1333\" height=\"1666\" src=\"https:\/\/vindr.eu\/wp-content\/uploads\/2023\/12\/Espen-Oldeman-Lund-portrait-e1702299027273.jpg\" class=\"attachment-full size-full\" alt=\"\" \/>\t\t\t\t\t\t\t\t\t\t\t<\/div>\n\t\t\t\t\t\t\t\t\t<div data-target-quote-id=\"swiper-block_f320307079a5c9afa8daccda1d2673d9-quote-1\" class=\"quote-media swiper-slide \">\n\t\t\t\t\t\t\t\t\t\t\t\t\t<img loading=\"lazy\" decoding=\"async\" width=\"1333\" height=\"2000\" src=\"https:\/\/vindr.eu\/wp-content\/uploads\/2023\/12\/Martin-figure-2.jpg\" class=\"attachment-full size-full\" alt=\"\" srcset=\"https:\/\/vindr.eu\/wp-content\/uploads\/2023\/12\/Martin-figure-2.jpg 1333w, https:\/\/vindr.eu\/wp-content\/uploads\/2023\/12\/Martin-figure-2-200x300.jpg 200w, https:\/\/vindr.eu\/wp-content\/uploads\/2023\/12\/Martin-figure-2-682x1024.jpg 682w, https:\/\/vindr.eu\/wp-content\/uploads\/2023\/12\/Martin-figure-2-768x1152.jpg 768w, https:\/\/vindr.eu\/wp-content\/uploads\/2023\/12\/Martin-figure-2-1024x1536.jpg 1024w, https:\/\/vindr.eu\/wp-content\/uploads\/2023\/12\/Martin-figure-2-251x376.jpg 251w\" sizes=\"auto, (max-width: 1333px) 100vw, 1333px\" \/>\t\t\t\t\t\t\t\t\t\t\t<\/div>\n\t\t\t\t\t\t\t<\/div>\n\n\t\t\t\t\t\t\t<div class=\"swiper-pagination\"><\/div>\n\t\t\t\t<div class=\"swiper-button-prev\"><\/div>\n\t\t\t\t<div class=\"swiper-button-next\"><\/div>\n\t\t\t\t\t<\/div>\n\t<\/div>\n<\/section>\n\n\n\n<section id=\"acf-text-media-block_48afed745e973f795fd70b47b2caa27c\"class=\"block-section text-media image-align-left show-top-bar-theme-dark wp-block-acf-text-media\">\n\t<div class=\"block-section-wrapper element-width--wide\">\n\t\t<div class=\"text-media__image\">\n\t\t\t<figure class=\"text-media__image-inner\">\n\t\t\t\t<img loading=\"lazy\" decoding=\"async\" width=\"1638\" height=\"2048\" src=\"https:\/\/vindr.eu\/wp-content\/uploads\/2023\/11\/nubelson-fernandes-UcYBL5V0xWQ-unsplash-scaled.jpg\" class=\"attachment-full size-full\" alt=\"\" srcset=\"https:\/\/vindr.eu\/wp-content\/uploads\/2023\/11\/nubelson-fernandes-UcYBL5V0xWQ-unsplash-scaled.jpg 1638w, https:\/\/vindr.eu\/wp-content\/uploads\/2023\/11\/nubelson-fernandes-UcYBL5V0xWQ-unsplash-240x300.jpg 240w, https:\/\/vindr.eu\/wp-content\/uploads\/2023\/11\/nubelson-fernandes-UcYBL5V0xWQ-unsplash-819x1024.jpg 819w, https:\/\/vindr.eu\/wp-content\/uploads\/2023\/11\/nubelson-fernandes-UcYBL5V0xWQ-unsplash-768x960.jpg 768w, https:\/\/vindr.eu\/wp-content\/uploads\/2023\/11\/nubelson-fernandes-UcYBL5V0xWQ-unsplash-1229x1536.jpg 1229w, https:\/\/vindr.eu\/wp-content\/uploads\/2023\/11\/nubelson-fernandes-UcYBL5V0xWQ-unsplash-301x376.jpg 301w\" sizes=\"auto, (max-width: 1638px) 100vw, 1638px\" \/>\t\t\t<\/figure>\n\t\t<\/div>\n\t\t<div class=\"text-media__content use-copy-text-styles\">\n\t\t\t\t\t\t\t<h1 class=\"title\">M\u016bsu programmat\u016bra<\/h1>\n\t\t\t\t\t\t<p>Esam izstr\u0101d\u0101ju\u0161i pa\u0161i savu programmat\u016bru un algoritmus, lai apr\u0113\u0137in\u0101tu lab\u0101ko veiktsp\u0113ju m\u016bsu projektiem.<\/p>\n<p>Lai optimiz\u0113tu m\u016bsu projektus, m\u0113s izmantojam ar\u012b \u0161\u0101das programmas:<\/p>\n<ul>\n<li>Nocode<\/li>\n<li>Windsim<\/li>\n<li>API\/Webhook\/Flows<\/li>\n<li>Site Planner<\/li>\n<li>Screening<\/li>\n<li>GIS<\/li>\n<li>Postgres<\/li>\n<li>Azure<\/li>\n<\/ul>\n\t\t\t\t\t<\/div>\n\t<\/div>\n<\/section>\n\n\n\n<section id=\"acf-banner-block_d4f73c15f2f90a5c80913ace786ab9b5\"class=\"block-section banner has-background background-only show-top-bar-theme-light wp-block-acf-banner\" data-scroll-container>\n\t\t\t<figure class=\"banner__bg\">\n\t\t\t<img loading=\"lazy\" decoding=\"async\" width=\"2048\" height=\"1176\" src=\"https:\/\/vindr.eu\/wp-content\/uploads\/2023\/11\/Tecnology-header-website-scaled.jpg\" class=\"attachment-full size-full\" alt=\"\" srcset=\"https:\/\/vindr.eu\/wp-content\/uploads\/2023\/11\/Tecnology-header-website-scaled.jpg 2048w, https:\/\/vindr.eu\/wp-content\/uploads\/2023\/11\/Tecnology-header-website-300x172.jpg 300w, https:\/\/vindr.eu\/wp-content\/uploads\/2023\/11\/Tecnology-header-website-768x441.jpg 768w, https:\/\/vindr.eu\/wp-content\/uploads\/2023\/11\/Tecnology-header-website-1024x588.jpg 1024w, https:\/\/vindr.eu\/wp-content\/uploads\/2023\/11\/Tecnology-header-website-1536x882.jpg 1536w, https:\/\/vindr.eu\/wp-content\/uploads\/2023\/11\/Tecnology-header-website-502x288.jpg 502w, https:\/\/vindr.eu\/wp-content\/uploads\/2023\/11\/Tecnology-header-website-1393x800.jpg 1393w\" sizes=\"auto, (max-width: 2048px) 100vw, 2048px\" \/>\t\t<\/figure>\n\t\t<div class=\"block-section-wrapper element-width--content\" data-scroll data-scroll-call=\"vindrOnBannerScroll\">\n\t\t<div class=\"banner__content\">\n\t\t\t\t\t\t\t\t\t\t\t\t\t\t<\/div>\n\t<\/div>\n<\/section>\n\n\n\n<section id=\"acf-banner-block_88f11c083faae05e44ec0c0b3a315d14\"class=\"block-section banner has-background has-title show-top-bar-theme-light wp-block-acf-banner\" data-scroll-container>\n\t\t\t<figure class=\"banner__bg\">\n\t\t\t<img loading=\"lazy\" decoding=\"async\" width=\"2048\" height=\"1365\" src=\"https:\/\/vindr.eu\/wp-content\/uploads\/2023\/11\/jason-blackeye-nyL-rzwP-Mk-unsplash-1-scaled.jpg\" class=\"attachment-full size-full\" alt=\"\" srcset=\"https:\/\/vindr.eu\/wp-content\/uploads\/2023\/11\/jason-blackeye-nyL-rzwP-Mk-unsplash-1-scaled.jpg 2048w, https:\/\/vindr.eu\/wp-content\/uploads\/2023\/11\/jason-blackeye-nyL-rzwP-Mk-unsplash-1-300x200.jpg 300w, https:\/\/vindr.eu\/wp-content\/uploads\/2023\/11\/jason-blackeye-nyL-rzwP-Mk-unsplash-1-768x512.jpg 768w, https:\/\/vindr.eu\/wp-content\/uploads\/2023\/11\/jason-blackeye-nyL-rzwP-Mk-unsplash-1-1024x683.jpg 1024w, https:\/\/vindr.eu\/wp-content\/uploads\/2023\/11\/jason-blackeye-nyL-rzwP-Mk-unsplash-1-1536x1024.jpg 1536w, https:\/\/vindr.eu\/wp-content\/uploads\/2023\/11\/jason-blackeye-nyL-rzwP-Mk-unsplash-1-502x335.jpg 502w, https:\/\/vindr.eu\/wp-content\/uploads\/2023\/11\/jason-blackeye-nyL-rzwP-Mk-unsplash-1-1200x800.jpg 1200w\" sizes=\"auto, (max-width: 2048px) 100vw, 2048px\" \/>\t\t<\/figure>\n\t\t<div class=\"block-section-wrapper element-width--content\" data-scroll data-scroll-call=\"vindrOnBannerScroll\">\n\t\t<div class=\"banner__content\">\n\t\t\t\t\t\t\t<h2 class=\"heading-size-large\">Sazinieties ar mums!<\/h2>\n\t\t\t\t<div class=\"text-size-medium\">\n\t\t\t\t\t\t\t\t\t\t\t\t\t<\/div>\n\t\t\t\t\t\t<a href=\"https:\/\/vindr.eu\/lv\/kontakti\/\" id=\"\" class=\"stm-button--has-title stm-button stm-button--type-default stm-button-light\"  target=\"_self\" title=\"\"> <span class=\"text\">Kontakti<\/span>  <\/a>\t\t<\/div>\n\t<\/div>\n<\/section>\n","protected":false},"excerpt":{"rendered":"","protected":false},"author":1,"featured_media":0,"parent":864,"menu_order":0,"comment_status":"closed","ping_status":"closed","template":"","meta":{"_acf_changed":false,"inline_featured_image":false,"footnotes":""},"class_list":["post-872","page","type-page","status-publish","hentry"],"acf":[],"_links":{"self":[{"href":"https:\/\/vindr.eu\/lv\/wp-json\/wp\/v2\/pages\/872","targetHints":{"allow":["GET"]}}],"collection":[{"href":"https:\/\/vindr.eu\/lv\/wp-json\/wp\/v2\/pages"}],"about":[{"href":"https:\/\/vindr.eu\/lv\/wp-json\/wp\/v2\/types\/page"}],"author":[{"embeddable":true,"href":"https:\/\/vindr.eu\/lv\/wp-json\/wp\/v2\/users\/1"}],"replies":[{"embeddable":true,"href":"https:\/\/vindr.eu\/lv\/wp-json\/wp\/v2\/comments?post=872"}],"version-history":[{"count":1,"href":"https:\/\/vindr.eu\/lv\/wp-json\/wp\/v2\/pages\/872\/revisions"}],"predecessor-version":[{"id":8172,"href":"https:\/\/vindr.eu\/lv\/wp-json\/wp\/v2\/pages\/872\/revisions\/8172"}],"up":[{"embeddable":true,"href":"https:\/\/vindr.eu\/lv\/wp-json\/wp\/v2\/pages\/864"}],"wp:attachment":[{"href":"https:\/\/vindr.eu\/lv\/wp-json\/wp\/v2\/media?parent=872"}],"curies":[{"name":"wp","href":"https:\/\/api.w.org\/{rel}","templated":true}]}}