{"id":864,"date":"2023-10-05T14:46:06","date_gmt":"2023-10-05T14:46:06","guid":{"rendered":"https:\/\/vindr.wpenginepowered.com\/how-we-work\/"},"modified":"2026-03-30T12:29:13","modified_gmt":"2026-03-30T12:29:13","slug":"ka-mes-stradajam","status":"publish","type":"page","link":"https:\/\/vindr.eu\/lv\/ka-mes-stradajam\/","title":{"rendered":"K\u0101 M\u0113s Str\u0101d\u0101jam"},"content":{"rendered":"\n<section id=\"acf-hero-subpage-block_e60274e51980fa61d73ed4ae352664f9\"class=\"block-section hero-subpage has-background waiting-to-animate show-top-bar-theme-dark wp-block-acf-hero-subpage\">\n\t<figure class=\"hero-subpage__bg\">\n\t\t<img loading=\"lazy\" decoding=\"async\" width=\"2560\" height=\"1440\" src=\"https:\/\/vindr.eu\/wp-content\/uploads\/2026\/03\/iStock-2267349239-scaled.jpg\" class=\"attachment-full size-full\" alt=\"\" sizes=\"auto, (max-width: 999px) 100vw, 60vw\" srcset=\"https:\/\/vindr.eu\/wp-content\/uploads\/2026\/03\/iStock-2267349239-scaled.jpg 2560w, https:\/\/vindr.eu\/wp-content\/uploads\/2026\/03\/iStock-2267349239-300x169.jpg 300w, https:\/\/vindr.eu\/wp-content\/uploads\/2026\/03\/iStock-2267349239-1024x576.jpg 1024w, https:\/\/vindr.eu\/wp-content\/uploads\/2026\/03\/iStock-2267349239-768x432.jpg 768w, https:\/\/vindr.eu\/wp-content\/uploads\/2026\/03\/iStock-2267349239-1536x864.jpg 1536w, https:\/\/vindr.eu\/wp-content\/uploads\/2026\/03\/iStock-2267349239-2048x1152.jpg 2048w, https:\/\/vindr.eu\/wp-content\/uploads\/2026\/03\/iStock-2267349239-502x282.jpg 502w, https:\/\/vindr.eu\/wp-content\/uploads\/2026\/03\/iStock-2267349239-1422x800.jpg 1422w\" \/>\t<\/figure>\n\t<div class=\"block-section-wrapper element-width--full\">\n\t\t<div class=\"hero-subpage__content\">\n\t\t\t\t\t\t\t<h1 class=\"hero-subpage__title heading-size-large\">K\u0101 M\u0113s Str\u0101d\u0101jam<\/h1>\n\t\t\t\t\t\t\t\t\t\t<div class=\"text-size-medium\">\n\t\t\t\t\t<p>M\u016bsu darbs atspogu\u013co m\u016bsu v\u0113rt\u012bbas. Vindr ir noz\u012bm\u012bga loma za\u013c\u0101s p\u0101rk\u0101rto\u0161an\u0101s proces\u0101, izstr\u0101d\u0101jot projektus, kas pozit\u012bvi ietekm\u0113 sabiedr\u012bbu un vidi.<\/p>\n\t\t\t\t<\/div>\n\t\t\t\t\t<\/div>\n\t<\/div>\n<\/section>\n\n\n\n<section id=\"acf-text-media-block_9342abdda97075d6fd80955dcf714697\"class=\"block-section text-media image-align-left show-top-bar-theme-dark wp-block-acf-text-media has-background has-light-blue-background-color\">\n\t<div class=\"block-section-wrapper element-width--wide\">\n\t\t<div class=\"text-media__image\">\n\t\t\t<figure class=\"text-media__image-inner\">\n\t\t\t\t<img loading=\"lazy\" decoding=\"async\" width=\"2048\" height=\"1365\" src=\"https:\/\/vindr.eu\/wp-content\/uploads\/2024\/09\/Foto-Ingar-Sorensen-79-scaled.jpg\" class=\"attachment-full size-full\" alt=\"\" srcset=\"https:\/\/vindr.eu\/wp-content\/uploads\/2024\/09\/Foto-Ingar-Sorensen-79-scaled.jpg 2048w, https:\/\/vindr.eu\/wp-content\/uploads\/2024\/09\/Foto-Ingar-Sorensen-79-300x200.jpg 300w, https:\/\/vindr.eu\/wp-content\/uploads\/2024\/09\/Foto-Ingar-Sorensen-79-1024x683.jpg 1024w, https:\/\/vindr.eu\/wp-content\/uploads\/2024\/09\/Foto-Ingar-Sorensen-79-768x512.jpg 768w, https:\/\/vindr.eu\/wp-content\/uploads\/2024\/09\/Foto-Ingar-Sorensen-79-1536x1024.jpg 1536w, https:\/\/vindr.eu\/wp-content\/uploads\/2024\/09\/Foto-Ingar-Sorensen-79-502x335.jpg 502w\" sizes=\"auto, (max-width: 2048px) 100vw, 2048px\" \/>\t\t\t<\/figure>\n\t\t<\/div>\n\t\t<div class=\"text-media__content use-copy-text-styles\">\n\t\t\t\t\t\t\t<h1 class=\"title\">M\u0113r\u0137tiec\u012bgi<\/h1>\n\t\t\t\t\t\t<p>M\u016bsu m\u0113r\u0137is ir k\u013c\u016bt par strauji augo\u0161u atjaun\u012bg\u0101s ener\u0123ijas l\u012bderi, kas katr\u0101 darb\u012bbas posm\u0101 rada ilgtermi\u0146a ietekmi. Lai to pan\u0101ktu un k\u013c\u016btu par ilgsto\u0161u nozares sp\u0113l\u0113t\u0101ju, m\u0113s ieguld\u0101m lielus l\u012bdzek\u013cus tehnolo\u0123iskaj\u0101s inov\u0101cij\u0101s. Mums ir m\u0113r\u0137tiec\u012bga un pieredz\u0113jusi komanda, kurai ir bag\u0101t\u012bga pieredze tehnolo\u0123iju un atjaun\u012bg\u0101s ener\u0123ijas nozar\u0113.<\/p>\n\t\t\t<a href=\"https:\/\/vindr.eu\/lv\/ka-mes-stradajam\/tehnologija\/\" id=\"\" class=\"stm-button--has-title stm-button stm-button--type-default\"  target=\"_self\" title=\"\"> <span class=\"text\">Par tehnolo\u0123ij\u0101m<\/span>  <\/a>\t\t<\/div>\n\t<\/div>\n<\/section>\n\n\n\n<section id=\"acf-banner-block_52173b453a711974e38565f66df76e83\"class=\"block-section banner has-background has-title show-top-bar-theme-light wp-block-acf-banner\" data-scroll-container>\n\t\t\t<figure class=\"banner__bg\">\n\t\t\t<img loading=\"lazy\" decoding=\"async\" width=\"2048\" height=\"1235\" src=\"https:\/\/vindr.eu\/wp-content\/uploads\/2023\/11\/lucas-marcomini-b9RmLocRgOw-unsplash-1-scaled.jpg\" class=\"attachment-full size-full\" alt=\"\" srcset=\"https:\/\/vindr.eu\/wp-content\/uploads\/2023\/11\/lucas-marcomini-b9RmLocRgOw-unsplash-1-scaled.jpg 2048w, https:\/\/vindr.eu\/wp-content\/uploads\/2023\/11\/lucas-marcomini-b9RmLocRgOw-unsplash-1-1024x617.jpg 1024w, https:\/\/vindr.eu\/wp-content\/uploads\/2023\/11\/lucas-marcomini-b9RmLocRgOw-unsplash-1-300x181.jpg 300w, https:\/\/vindr.eu\/wp-content\/uploads\/2023\/11\/lucas-marcomini-b9RmLocRgOw-unsplash-1-768x463.jpg 768w, https:\/\/vindr.eu\/wp-content\/uploads\/2023\/11\/lucas-marcomini-b9RmLocRgOw-unsplash-1-1536x926.jpg 1536w, https:\/\/vindr.eu\/wp-content\/uploads\/2023\/11\/lucas-marcomini-b9RmLocRgOw-unsplash-1-502x303.jpg 502w, https:\/\/vindr.eu\/wp-content\/uploads\/2023\/11\/lucas-marcomini-b9RmLocRgOw-unsplash-1-1327x800.jpg 1327w\" sizes=\"auto, (max-width: 2048px) 100vw, 2048px\" \/>\t\t<\/figure>\n\t\t<div class=\"block-section-wrapper element-width--content\" data-scroll data-scroll-call=\"vindrOnBannerScroll\">\n\t\t<div class=\"banner__content\">\n\t\t\t\t\t\t\t<h2 class=\"heading-size-large\">Uzticami<\/h2>\n\t\t\t\t<div class=\"text-size-medium\">\n\t\t\t\t\t\t<p>M\u0113s saprotam, ka m\u016bsu pan\u0101kumi ir atkar\u012bgi no sp\u0113jas b\u016bt uzticamam partnerim, kas nodro\u0161ina ilgtsp\u0113j\u012bgu un atbild\u012bgu ener\u0123ijas ra\u017eo\u0161anu atbilsto\u0161i viet\u0113jo kopienu vajadz\u012bb\u0101m. M\u0113s esam izstr\u0101d\u0101ju\u0161i p\u0101rdom\u0101tas proced\u016bras, lai nodro\u0161in\u0101tu, ka varam b\u016bt lab\u0101kais partneris saviem partneriem, viet\u0113j\u0101m kopien\u0101m un valsts amatperson\u0101m, ar kur\u0101m sadarbojamies.<\/p>\n\t\t\t\t\t\t\t<\/div>\n\t\t\t\t\t\t<a href=\"https:\/\/vindr.eu\/lv\/ka-mes-stradajam\/vietejie-iedzivotaji\/\" id=\"\" class=\"stm-button--has-title stm-button stm-button--type-default stm-button-light\"  target=\"_self\" title=\"\"> <span class=\"text\">Viet\u0113jiem iedz\u012bvot\u0101jiem<\/span>  <\/a>\t\t<\/div>\n\t<\/div>\n<\/section>\n\n\n\n<section id=\"acf-featured-text-block_7d273d6c842b4fbcd29f13b118c7197d\"class=\"block-section featured-text text-based-block show-top-bar-theme-dark wp-block-acf-featured-text\">\n\t<div class=\"block-section-wrapper element-width--content\">\n\t\t<div class=\"text\">\n\t\t\t<p>Vindr m\u0113r\u0137is ir k\u013c\u016bt par vado\u0161o <strong>atjaun\u012bg\u0101s ener\u0123ijas ra\u017eot\u0101ju Zieme\u013ceirop\u0101,<\/strong> nodro\u0161inot energoapg\u0101des dro\u0161\u012bbu, izmantojot progres\u012bvas tehnolo\u0123ijas un sniedzot ieguld\u012bjumu viet\u0113j\u0101s kopien\u0101s.<\/p>\n\t\t\t\t\t<\/div>\n\t<\/div>\n<\/section>\n\n\n\n<section id=\"acf-text-media-block_373a4e2c3d575d9a084607befe9da776\"class=\"block-section text-media image-align-right show-top-bar-theme-dark wp-block-acf-text-media has-background has-light-blue-background-color\">\n\t<div class=\"block-section-wrapper element-width--wide\">\n\t\t<div class=\"text-media__image\">\n\t\t\t<figure class=\"text-media__image-inner\">\n\t\t\t\t<img loading=\"lazy\" decoding=\"async\" width=\"2048\" height=\"703\" src=\"https:\/\/vindr.eu\/wp-content\/uploads\/2024\/09\/Foto-Ingar-Sorensen-173-scaled.jpg\" class=\"attachment-full size-full\" alt=\"\" srcset=\"https:\/\/vindr.eu\/wp-content\/uploads\/2024\/09\/Foto-Ingar-Sorensen-173-scaled.jpg 2048w, https:\/\/vindr.eu\/wp-content\/uploads\/2024\/09\/Foto-Ingar-Sorensen-173-300x103.jpg 300w, https:\/\/vindr.eu\/wp-content\/uploads\/2024\/09\/Foto-Ingar-Sorensen-173-1024x352.jpg 1024w, https:\/\/vindr.eu\/wp-content\/uploads\/2024\/09\/Foto-Ingar-Sorensen-173-768x264.jpg 768w, https:\/\/vindr.eu\/wp-content\/uploads\/2024\/09\/Foto-Ingar-Sorensen-173-1536x528.jpg 1536w, https:\/\/vindr.eu\/wp-content\/uploads\/2024\/09\/Foto-Ingar-Sorensen-173-502x172.jpg 502w\" sizes=\"auto, (max-width: 2048px) 100vw, 2048px\" \/>\t\t\t<\/figure>\n\t\t<\/div>\n\t\t<div class=\"text-media__content use-copy-text-styles\">\n\t\t\t\t\t\t\t<h1 class=\"title\">Elast\u012bgi<\/h1>\n\t\t\t\t\t\t<p>Lai k\u013c\u016btu par vado\u0161o atjaun\u012bg\u0101s ener\u0123ijas uz\u0146\u0113mumu re\u0123ion\u0101, m\u0113s cen\u0161amies b\u016bt elast\u012bgi un sekot l\u012bdzi nozares aktualit\u0101t\u0113m. Infravia sadarb\u012bba ar Vindr apvieno stabilu infrastrukt\u016bras investoru ar dinamisku un pieredz\u0113ju\u0161u atjaun\u012bgo energoresursu nozares komandu \u2014 tas \u013cauj nodro\u0161in\u0101t strauju izaugsmi.<\/p>\n\t\t\t<a href=\"https:\/\/vindr.eu\/lv\/par-vindr\/ipasnieki\/\" id=\"\" class=\"stm-button--has-title stm-button stm-button--type-default\"  target=\"_self\" title=\"\"> <span class=\"text\">\u012apa\u0161nieki<\/span>  <\/a>\t\t<\/div>\n\t<\/div>\n<\/section>\n\n\n\n<section id=\"acf-text-media-block_fe2be62087c0f2dd091233e17821f418\"class=\"block-section text-media image-align-left show-top-bar-theme-dark wp-block-acf-text-media\">\n\t<div class=\"block-section-wrapper element-width--wide\">\n\t\t<div class=\"text-media__image\">\n\t\t\t<figure class=\"text-media__image-inner\">\n\t\t\t\t<img loading=\"lazy\" decoding=\"async\" width=\"1414\" height=\"2120\" src=\"https:\/\/vindr.eu\/wp-content\/uploads\/2026\/03\/iStock-2218072982.jpg\" class=\"attachment-full size-full\" alt=\"\" srcset=\"https:\/\/vindr.eu\/wp-content\/uploads\/2026\/03\/iStock-2218072982.jpg 1414w, https:\/\/vindr.eu\/wp-content\/uploads\/2026\/03\/iStock-2218072982-200x300.jpg 200w, https:\/\/vindr.eu\/wp-content\/uploads\/2026\/03\/iStock-2218072982-683x1024.jpg 683w, https:\/\/vindr.eu\/wp-content\/uploads\/2026\/03\/iStock-2218072982-768x1151.jpg 768w, https:\/\/vindr.eu\/wp-content\/uploads\/2026\/03\/iStock-2218072982-1024x1536.jpg 1024w, https:\/\/vindr.eu\/wp-content\/uploads\/2026\/03\/iStock-2218072982-1366x2048.jpg 1366w, https:\/\/vindr.eu\/wp-content\/uploads\/2026\/03\/iStock-2218072982-251x376.jpg 251w, https:\/\/vindr.eu\/wp-content\/uploads\/2026\/03\/iStock-2218072982-534x800.jpg 534w, https:\/\/vindr.eu\/wp-content\/uploads\/2026\/03\/iStock-2218072982-960x1440.jpg 960w\" sizes=\"auto, (max-width: 1414px) 100vw, 1414px\" \/>\t\t\t<\/figure>\n\t\t<\/div>\n\t\t<div class=\"text-media__content use-copy-text-styles\">\n\t\t\t\t\t\t\t<h1 class=\"title\">Ilgtsp\u0113j\u012bgi<\/h1>\n\t\t\t\t\t\t<p>Vindr komandas pamat\u0101 ir ilgtsp\u0113j\u012bbas ideja. M\u0113s esam atbild\u012bgi par to, lai visas m\u016bsu darb\u012bbas pozit\u012bvi ietekm\u0113tu vidi un sabiedr\u012bbu.<\/p>\n\t\t\t<a href=\"https:\/\/vindr.eu\/lv\/ka-mes-stradajam\/esg\/\" id=\"\" class=\"stm-button--has-title stm-button stm-button--type-default\"  target=\"_self\" title=\"\"> <span class=\"text\">ESG<\/span>  <\/a>\t\t<\/div>\n\t<\/div>\n<\/section>\n\n\n\n<section id=\"acf-banner-block_f2e5e3ec226ad7c3206079adc55c17ab\"class=\"block-section banner has-background has-title show-top-bar-theme-dark wp-block-acf-banner\" data-scroll-container>\n\t\t\t<figure class=\"banner__bg\">\n\t\t\t<img loading=\"lazy\" decoding=\"async\" width=\"2048\" height=\"1367\" src=\"https:\/\/vindr.eu\/wp-content\/uploads\/2025\/09\/iStock-1513529140-1-scaled.jpg\" class=\"attachment-full size-full\" alt=\"\" srcset=\"https:\/\/vindr.eu\/wp-content\/uploads\/2025\/09\/iStock-1513529140-1-scaled.jpg 2048w, https:\/\/vindr.eu\/wp-content\/uploads\/2025\/09\/iStock-1513529140-1-1024x683.jpg 1024w, https:\/\/vindr.eu\/wp-content\/uploads\/2025\/09\/iStock-1513529140-1-768x512.jpg 768w, https:\/\/vindr.eu\/wp-content\/uploads\/2025\/09\/iStock-1513529140-1-1199x800.jpg 1199w, https:\/\/vindr.eu\/wp-content\/uploads\/2025\/09\/iStock-1513529140-1-300x200.jpg 300w, https:\/\/vindr.eu\/wp-content\/uploads\/2025\/09\/iStock-1513529140-1-1536x1025.jpg 1536w, https:\/\/vindr.eu\/wp-content\/uploads\/2025\/09\/iStock-1513529140-1-502x335.jpg 502w\" sizes=\"auto, (max-width: 2048px) 100vw, 2048px\" \/>\t\t<\/figure>\n\t\t<div class=\"block-section-wrapper element-width--content\" data-scroll data-scroll-call=\"vindrOnBannerScroll\">\n\t\t<div class=\"banner__content\">\n\t\t\t\t\t\t\t<h2 class=\"heading-size-large\">Sazinieties ar mums!<\/h2>\n\t\t\t\t<div class=\"text-size-medium\">\n\t\t\t\t\t\t<p>M\u0113s ticam atkl\u0101tai dialogai, labiem pl\u0101niem un re\u0101l\u0101m priek\u0161roc\u012bb\u0101m viet\u0113jai sabiedr\u012bbai.<\/p>\n\t\t\t\t\t\t\t<\/div>\n\t\t\t\t\t\t<a href=\"https:\/\/vindr.eu\/lv\/kontakti\/\" id=\"\" class=\"stm-button--has-title stm-button stm-button--type-default stm-button-light\"  target=\"_self\" title=\"\"> <span class=\"text\">Kontakti<\/span>  <\/a>\t\t<\/div>\n\t<\/div>\n<\/section>\n","protected":false},"excerpt":{"rendered":"","protected":false},"author":1,"featured_media":0,"parent":0,"menu_order":3,"comment_status":"closed","ping_status":"closed","template":"","meta":{"_acf_changed":false,"inline_featured_image":false,"footnotes":""},"class_list":["post-864","page","type-page","status-publish","hentry"],"acf":[],"_links":{"self":[{"href":"https:\/\/vindr.eu\/lv\/wp-json\/wp\/v2\/pages\/864","targetHints":{"allow":["GET"]}}],"collection":[{"href":"https:\/\/vindr.eu\/lv\/wp-json\/wp\/v2\/pages"}],"about":[{"href":"https:\/\/vindr.eu\/lv\/wp-json\/wp\/v2\/types\/page"}],"author":[{"embeddable":true,"href":"https:\/\/vindr.eu\/lv\/wp-json\/wp\/v2\/users\/1"}],"replies":[{"embeddable":true,"href":"https:\/\/vindr.eu\/lv\/wp-json\/wp\/v2\/comments?post=864"}],"version-history":[{"count":1,"href":"https:\/\/vindr.eu\/lv\/wp-json\/wp\/v2\/pages\/864\/revisions"}],"predecessor-version":[{"id":8348,"href":"https:\/\/vindr.eu\/lv\/wp-json\/wp\/v2\/pages\/864\/revisions\/8348"}],"wp:attachment":[{"href":"https:\/\/vindr.eu\/lv\/wp-json\/wp\/v2\/media?parent=864"}],"curies":[{"name":"wp","href":"https:\/\/api.w.org\/{rel}","templated":true}]}}