{"id":8352,"date":"2026-03-27T11:53:55","date_gmt":"2026-03-27T11:53:55","guid":{"rendered":"https:\/\/vindr.eu\/?page_id=8352"},"modified":"2026-03-30T12:36:27","modified_gmt":"2026-03-30T12:36:27","slug":"bjerkvatnetas-veja-parks","status":"publish","type":"page","link":"https:\/\/vindr.eu\/lv\/bjerkvatnetas-veja-parks\/","title":{"rendered":"Bjer\u00adkvat\u00adnetas v\u0113ja parks"},"content":{"rendered":"\n<section id=\"acf-hero-subpage-block_91bd70238c4fb5471504d615907ad09a\"class=\"block-section hero-subpage has-background waiting-to-animate show-top-bar-theme-dark wp-block-acf-hero-subpage\">\n\t<figure class=\"hero-subpage__bg\">\n\t\t<img loading=\"lazy\" decoding=\"async\" width=\"2560\" height=\"1440\" src=\"https:\/\/vindr.eu\/wp-content\/uploads\/2025\/11\/STILLBILDER.00_00_00_00.Still001-scaled.png\" class=\"attachment-full size-full\" alt=\"\" sizes=\"auto, (max-width: 999px) 100vw, 60vw\" srcset=\"https:\/\/vindr.eu\/wp-content\/uploads\/2025\/11\/STILLBILDER.00_00_00_00.Still001-scaled.png 2560w, https:\/\/vindr.eu\/wp-content\/uploads\/2025\/11\/STILLBILDER.00_00_00_00.Still001-300x169.png 300w, https:\/\/vindr.eu\/wp-content\/uploads\/2025\/11\/STILLBILDER.00_00_00_00.Still001-1024x576.png 1024w, https:\/\/vindr.eu\/wp-content\/uploads\/2025\/11\/STILLBILDER.00_00_00_00.Still001-768x432.png 768w, https:\/\/vindr.eu\/wp-content\/uploads\/2025\/11\/STILLBILDER.00_00_00_00.Still001-1536x864.png 1536w, https:\/\/vindr.eu\/wp-content\/uploads\/2025\/11\/STILLBILDER.00_00_00_00.Still001-2048x1152.png 2048w, https:\/\/vindr.eu\/wp-content\/uploads\/2025\/11\/STILLBILDER.00_00_00_00.Still001-502x282.png 502w, https:\/\/vindr.eu\/wp-content\/uploads\/2025\/11\/STILLBILDER.00_00_00_00.Still001-1422x800.png 1422w\" \/>\t<\/figure>\n\t<div class=\"block-section-wrapper element-width--full\">\n\t\t<div class=\"hero-subpage__content\">\n\t\t\t\t\t\t\t<h1 class=\"hero-subpage__title heading-size-large\">Bjer\u00adkvat\u00adnetas v\u0113ja parks<\/h1>\n\t\t\t\t\t\t\t\t\t\t<div class=\"text-size-medium\">\n\t\t\t\t\t<p>175 MW v\u0113ja parks Jemtland\u0113, Zviedrij\u0101, kas pieder uz\u0146\u0113mumam \u201eInfraia\u201c un sast\u0101v no 33 turb\u012bn\u0101m. Projekts pabeigts 2023. gad\u0101, un tas ra\u017eo atjaunojamo elektroener\u0123iju aptuveni 32 000 m\u0101jsaimniec\u012bb\u0101m.<\/p>\n\t\t\t\t<\/div>\n\t\t\t\t\t<\/div>\n\t<\/div>\n<\/section>\n\n\n\n<section id=\"acf-icon-info-list-block_491013c41f98e962178990b31f72c59e\"class=\"block-section icon-info-list show-top-bar-theme-dark wp-block-acf-icon-info-list\">\n\t<div class=\"block-section-wrapper element-width--content\">\n\t\t<dl>\n\t\t\t\t\t\t\t<div>\n\t\t\t\t\t<dt>\n\t\t\t\t\t\t<img loading=\"lazy\" decoding=\"async\" width=\"233\" height=\"313\" src=\"https:\/\/vindr.eu\/wp-content\/uploads\/2025\/10\/Group.svg\" class=\"attachment-full size-full\" alt=\"\" \/>\t\t\t\t\t\tAtra\u0161an\u0101s vieta\t\t\t\t\t<\/dt>\n\t\t\t\t\t<dd>\n\t\t\t\t\t\tBj\u00f6rkvattnet, Ragunda novads\t\t\t\t\t<\/dd>\n\t\t\t\t<\/div>\n\t\t\t\t\t\t\t<div>\n\t\t\t\t\t<dt>\n\t\t\t\t\t\t<img loading=\"lazy\" decoding=\"async\" width=\"247\" height=\"232\" src=\"https:\/\/vindr.eu\/wp-content\/uploads\/2025\/10\/Vector.svg\" class=\"attachment-full size-full\" alt=\"\" \/>\t\t\t\t\t\tStatuss\t\t\t\t\t<\/dt>\n\t\t\t\t\t<dd>\n\t\t\t\t\t\tP\u0101rvalda OX2\t\t\t\t\t<\/dd>\n\t\t\t\t<\/div>\n\t\t\t\t\t\t\t<div>\n\t\t\t\t\t<dt>\n\t\t\t\t\t\t<img loading=\"lazy\" decoding=\"async\" width=\"275\" height=\"270\" src=\"https:\/\/vindr.eu\/wp-content\/uploads\/2025\/10\/Vector-1.svg\" class=\"attachment-full size-full\" alt=\"\" \/>\t\t\t\t\t\tTurb\u012bnas\t\t\t\t\t<\/dt>\n\t\t\t\t\t<dd>\n\t\t\t\t\t\t33\t\t\t\t\t<\/dd>\n\t\t\t\t<\/div>\n\t\t\t\t\t\t\t<div>\n\t\t\t\t\t<dt>\n\t\t\t\t\t\t<img loading=\"lazy\" decoding=\"async\" width=\"359\" height=\"358\" src=\"https:\/\/vindr.eu\/wp-content\/uploads\/2025\/10\/task_alt_FILL0_wght200_GRAD0_opsz40.svg\" class=\"attachment-full size-full\" alt=\"\" \/>\t\t\t\t\t\tRa\u017eo\u0161ana\t\t\t\t\t<\/dt>\n\t\t\t\t\t<dd>\n\t\t\t\t\t\t490 GWh\t\t\t\t\t<\/dd>\n\t\t\t\t<\/div>\n\t\t\t\t\t\t\t<div>\n\t\t\t\t\t<dt>\n\t\t\t\t\t\t<img loading=\"lazy\" decoding=\"async\" width=\"313\" height=\"281\" src=\"https:\/\/vindr.eu\/wp-content\/uploads\/2025\/10\/Frame-214.svg\" class=\"attachment-full size-full\" alt=\"\" \/>\t\t\t\t\t\tUzst\u0101d\u012bt\u0101 jauda\t\t\t\t\t<\/dt>\n\t\t\t\t\t<dd>\n\t\t\t\t\t\t175 MW\t\t\t\t\t<\/dd>\n\t\t\t\t<\/div>\n\t\t\t\t\t\t\t<div>\n\t\t\t\t\t<dt>\n\t\t\t\t\t\t<img loading=\"lazy\" decoding=\"async\" width=\"359\" height=\"359\" src=\"https:\/\/vindr.eu\/wp-content\/uploads\/2025\/10\/houses_icon.svg\" class=\"attachment-full size-full\" alt=\"\" \/>\t\t\t\t\t\tApkurin\u0101tas m\u0101jas\t\t\t\t\t<\/dt>\n\t\t\t\t\t<dd>\n\t\t\t\t\t\t32 000 m\u0101jas\t\t\t\t\t<\/dd>\n\t\t\t\t<\/div>\n\t\t\t\t\t<\/dl>\n\t<\/div>\n<\/section>\n\n\n\n<section id=\"acf-featured-text-block_4d50d13c13d8955837cca993c5bb4e0f\"class=\"block-section featured-text text-based-block show-top-bar-theme-dark wp-block-acf-featured-text\">\n\t<div class=\"block-section-wrapper element-width--content\">\n\t\t<div class=\"text\">\n\t\t\t<p>2023. gad\u0101 pabeigtais v\u0113ja parks ra\u017eo atjaunojamo elektroener\u0123iju, kas atbilst aptuveni 32 000 m\u0101jsaimniec\u012bbu gada pat\u0113ri\u0146am. Tas pal\u012bdz samazin\u0101t oglek\u013ca emisijas par aptuveni 135 000 tonn\u0101m CO\u2082 gad\u0101.<\/p>\n\t\t\t\t\t<\/div>\n\t<\/div>\n<\/section>\n\n\n\n<section id=\"acf-image-block_9394e5bd9a341d48157f90961cd07ff3\"class=\"block-section image  rounded-corners show-top-bar-theme-dark wp-block-acf-image\">\n            <div class=\"block-section-wrapper \">\n            <img decoding=\"async\" src=\"https:\/\/vindr.eu\/wp-content\/uploads\/2025\/11\/Screenshot-2025-11-13-at-13.00.29.png\" alt=\" \" class=\" rounded-corners\">\n        <\/div>\n    <\/section>\n\n\n\n<section id=\"acf-image-slider-with-modal-block_20be1405788b3ca1d18480592e3ac004\"class=\"block-section image-slider-with-modal show-top-bar-theme-dark wp-block-acf-image-slider-with-modal has-background has-white-background-color\">\n    <div class=\"block-section-wrapper\">\n\n                    <h2 class=\"heading-size-normal block-title\">Att\u0113li<\/h2>\n        \n                    <div class=\"image-slider-shell\" id=\"imgslider-block_20be1405788b3ca1d18480592e3ac004\">\n\n                <div class=\"swiper js-image-slider\">\n                    <div class=\"swiper-wrapper\">\n                                                    <div class=\"swiper-slide\">\n                                <div class=\"slide-card\"\n                                     data-full=\"https:\/\/vindr.eu\/wp-content\/uploads\/2025\/11\/STILLBILDER.00_00_00_00.Still001-1422x800.png\"\n                                     data-thumb=\"https:\/\/vindr.eu\/wp-content\/uploads\/2025\/11\/STILLBILDER.00_00_00_00.Still001-1422x800.png\"\n                                     data-alt=\"\"\n                                     data-caption=\"\"\n                                     data-desc=\"\">\n                                    <img decoding=\"async\" width=\"1024\" height=\"576\" src=\"https:\/\/vindr.eu\/wp-content\/uploads\/2025\/11\/STILLBILDER.00_00_00_00.Still001-1024x576.png\" class=\"slide-img\" alt=\"\" loading=\"lazy\" srcset=\"https:\/\/vindr.eu\/wp-content\/uploads\/2025\/11\/STILLBILDER.00_00_00_00.Still001-1024x576.png 1024w, https:\/\/vindr.eu\/wp-content\/uploads\/2025\/11\/STILLBILDER.00_00_00_00.Still001-300x169.png 300w, https:\/\/vindr.eu\/wp-content\/uploads\/2025\/11\/STILLBILDER.00_00_00_00.Still001-768x432.png 768w, https:\/\/vindr.eu\/wp-content\/uploads\/2025\/11\/STILLBILDER.00_00_00_00.Still001-1536x864.png 1536w, https:\/\/vindr.eu\/wp-content\/uploads\/2025\/11\/STILLBILDER.00_00_00_00.Still001-2048x1152.png 2048w, https:\/\/vindr.eu\/wp-content\/uploads\/2025\/11\/STILLBILDER.00_00_00_00.Still001-502x282.png 502w, https:\/\/vindr.eu\/wp-content\/uploads\/2025\/11\/STILLBILDER.00_00_00_00.Still001-1422x800.png 1422w\" sizes=\"auto, (max-width: 1024px) 100vw, 1024px\" \/>                                    <div class=\"slide-index-under\" aria-hidden=\"true\">1<\/div>\n                                    <button class=\"plus-btn\" type=\"button\" aria-label=\"Open image\">\n                                        <svg width=\"16\" height=\"16\" viewBox=\"0 0 16 16\" fill=\"none\" aria-hidden=\"true\" focusable=\"false\">\n                                            <rect width=\"1\" height=\"14.25\" transform=\"matrix(-0.00113506 -0.999999 0.999999 0.00113506 0.821289 8.34375)\" fill=\"#12374F\"\/> <!-- Bro wtf er dette ?????? -->\n                                            <rect width=\"1\" height=\"14.25\" transform=\"matrix(0.999999 0.00113506 0.00113506 0.999999 7.54785 1.02148)\" fill=\"#12374F\"\/>\n                                        <\/svg>\n                                    <\/button>\n                                <\/div>\n                            <\/div>\n                                                        <div class=\"swiper-slide\">\n                                <div class=\"slide-card\"\n                                     data-full=\"https:\/\/vindr.eu\/wp-content\/uploads\/2025\/11\/STILLBILDER.00_00_15_24.Still009.png\"\n                                     data-thumb=\"https:\/\/vindr.eu\/wp-content\/uploads\/2025\/11\/STILLBILDER.00_00_15_24.Still009.png\"\n                                     data-alt=\"\"\n                                     data-caption=\"\"\n                                     data-desc=\"\">\n                                    <img decoding=\"async\" width=\"1\" height=\"1\" src=\"https:\/\/vindr.eu\/wp-content\/uploads\/2025\/11\/STILLBILDER.00_00_15_24.Still009.png\" class=\"slide-img\" alt=\"\" loading=\"lazy\" \/>                                    <div class=\"slide-index-under\" aria-hidden=\"true\">2<\/div>\n                                    <button class=\"plus-btn\" type=\"button\" aria-label=\"Open image\">\n                                        <svg width=\"16\" height=\"16\" viewBox=\"0 0 16 16\" fill=\"none\" aria-hidden=\"true\" focusable=\"false\">\n                                            <rect width=\"1\" height=\"14.25\" transform=\"matrix(-0.00113506 -0.999999 0.999999 0.00113506 0.821289 8.34375)\" fill=\"#12374F\"\/> <!-- Bro wtf er dette ?????? -->\n                                            <rect width=\"1\" height=\"14.25\" transform=\"matrix(0.999999 0.00113506 0.00113506 0.999999 7.54785 1.02148)\" fill=\"#12374F\"\/>\n                                        <\/svg>\n                                    <\/button>\n                                <\/div>\n                            <\/div>\n                                                        <div class=\"swiper-slide\">\n                                <div class=\"slide-card\"\n                                     data-full=\"https:\/\/vindr.eu\/wp-content\/uploads\/2025\/11\/STILLBILDER.00_00_09_11.Still006-1422x800.png\"\n                                     data-thumb=\"https:\/\/vindr.eu\/wp-content\/uploads\/2025\/11\/STILLBILDER.00_00_09_11.Still006-1422x800.png\"\n                                     data-alt=\"\"\n                                     data-caption=\"\"\n                                     data-desc=\"\">\n                                    <img decoding=\"async\" width=\"1024\" height=\"576\" src=\"https:\/\/vindr.eu\/wp-content\/uploads\/2025\/11\/STILLBILDER.00_00_09_11.Still006-1024x576.png\" class=\"slide-img\" alt=\"\" loading=\"lazy\" srcset=\"https:\/\/vindr.eu\/wp-content\/uploads\/2025\/11\/STILLBILDER.00_00_09_11.Still006-1024x576.png 1024w, https:\/\/vindr.eu\/wp-content\/uploads\/2025\/11\/STILLBILDER.00_00_09_11.Still006-300x169.png 300w, https:\/\/vindr.eu\/wp-content\/uploads\/2025\/11\/STILLBILDER.00_00_09_11.Still006-768x432.png 768w, https:\/\/vindr.eu\/wp-content\/uploads\/2025\/11\/STILLBILDER.00_00_09_11.Still006-1536x864.png 1536w, https:\/\/vindr.eu\/wp-content\/uploads\/2025\/11\/STILLBILDER.00_00_09_11.Still006-2048x1152.png 2048w, https:\/\/vindr.eu\/wp-content\/uploads\/2025\/11\/STILLBILDER.00_00_09_11.Still006-502x282.png 502w, https:\/\/vindr.eu\/wp-content\/uploads\/2025\/11\/STILLBILDER.00_00_09_11.Still006-1422x800.png 1422w\" sizes=\"auto, (max-width: 1024px) 100vw, 1024px\" \/>                                    <div class=\"slide-index-under\" aria-hidden=\"true\">3<\/div>\n                                    <button class=\"plus-btn\" type=\"button\" aria-label=\"Open image\">\n                                        <svg width=\"16\" height=\"16\" viewBox=\"0 0 16 16\" fill=\"none\" aria-hidden=\"true\" focusable=\"false\">\n                                            <rect width=\"1\" height=\"14.25\" transform=\"matrix(-0.00113506 -0.999999 0.999999 0.00113506 0.821289 8.34375)\" fill=\"#12374F\"\/> <!-- Bro wtf er dette ?????? -->\n                                            <rect width=\"1\" height=\"14.25\" transform=\"matrix(0.999999 0.00113506 0.00113506 0.999999 7.54785 1.02148)\" fill=\"#12374F\"\/>\n                                        <\/svg>\n                                    <\/button>\n                                <\/div>\n                            <\/div>\n                                                        <div class=\"swiper-slide\">\n                                <div class=\"slide-card\"\n                                     data-full=\"https:\/\/vindr.eu\/wp-content\/uploads\/2025\/11\/STILLBILDER.00_00_21_08.Still012.png\"\n                                     data-thumb=\"https:\/\/vindr.eu\/wp-content\/uploads\/2025\/11\/STILLBILDER.00_00_21_08.Still012.png\"\n                                     data-alt=\"\"\n                                     data-caption=\"\"\n                                     data-desc=\"\">\n                                    <img decoding=\"async\" width=\"1\" height=\"1\" src=\"https:\/\/vindr.eu\/wp-content\/uploads\/2025\/11\/STILLBILDER.00_00_21_08.Still012.png\" class=\"slide-img\" alt=\"\" loading=\"lazy\" \/>                                    <div class=\"slide-index-under\" aria-hidden=\"true\">4<\/div>\n                                    <button class=\"plus-btn\" type=\"button\" aria-label=\"Open image\">\n                                        <svg width=\"16\" height=\"16\" viewBox=\"0 0 16 16\" fill=\"none\" aria-hidden=\"true\" focusable=\"false\">\n                                            <rect width=\"1\" height=\"14.25\" transform=\"matrix(-0.00113506 -0.999999 0.999999 0.00113506 0.821289 8.34375)\" fill=\"#12374F\"\/> <!-- Bro wtf er dette ?????? -->\n                                            <rect width=\"1\" height=\"14.25\" transform=\"matrix(0.999999 0.00113506 0.00113506 0.999999 7.54785 1.02148)\" fill=\"#12374F\"\/>\n                                        <\/svg>\n                                    <\/button>\n                                <\/div>\n                            <\/div>\n                                                        <div class=\"swiper-slide\">\n                                <div class=\"slide-card\"\n                                     data-full=\"https:\/\/vindr.eu\/wp-content\/uploads\/2025\/11\/STILLBILDER.00_00_11_03.Still007-1422x800.png\"\n                                     data-thumb=\"https:\/\/vindr.eu\/wp-content\/uploads\/2025\/11\/STILLBILDER.00_00_11_03.Still007-1422x800.png\"\n                                     data-alt=\"\"\n                                     data-caption=\"\"\n                                     data-desc=\"\">\n                                    <img decoding=\"async\" width=\"1024\" height=\"576\" src=\"https:\/\/vindr.eu\/wp-content\/uploads\/2025\/11\/STILLBILDER.00_00_11_03.Still007-1024x576.png\" class=\"slide-img\" alt=\"\" loading=\"lazy\" srcset=\"https:\/\/vindr.eu\/wp-content\/uploads\/2025\/11\/STILLBILDER.00_00_11_03.Still007-1024x576.png 1024w, https:\/\/vindr.eu\/wp-content\/uploads\/2025\/11\/STILLBILDER.00_00_11_03.Still007-300x169.png 300w, https:\/\/vindr.eu\/wp-content\/uploads\/2025\/11\/STILLBILDER.00_00_11_03.Still007-768x432.png 768w, https:\/\/vindr.eu\/wp-content\/uploads\/2025\/11\/STILLBILDER.00_00_11_03.Still007-1536x864.png 1536w, https:\/\/vindr.eu\/wp-content\/uploads\/2025\/11\/STILLBILDER.00_00_11_03.Still007-2048x1152.png 2048w, https:\/\/vindr.eu\/wp-content\/uploads\/2025\/11\/STILLBILDER.00_00_11_03.Still007-502x282.png 502w, https:\/\/vindr.eu\/wp-content\/uploads\/2025\/11\/STILLBILDER.00_00_11_03.Still007-1422x800.png 1422w\" sizes=\"auto, (max-width: 1024px) 100vw, 1024px\" \/>                                    <div class=\"slide-index-under\" aria-hidden=\"true\">5<\/div>\n                                    <button class=\"plus-btn\" type=\"button\" aria-label=\"Open image\">\n                                        <svg width=\"16\" height=\"16\" viewBox=\"0 0 16 16\" fill=\"none\" aria-hidden=\"true\" focusable=\"false\">\n                                            <rect width=\"1\" height=\"14.25\" transform=\"matrix(-0.00113506 -0.999999 0.999999 0.00113506 0.821289 8.34375)\" fill=\"#12374F\"\/> <!-- Bro wtf er dette ?????? -->\n                                            <rect width=\"1\" height=\"14.25\" transform=\"matrix(0.999999 0.00113506 0.00113506 0.999999 7.54785 1.02148)\" fill=\"#12374F\"\/>\n                                        <\/svg>\n                                    <\/button>\n                                <\/div>\n                            <\/div>\n                                                <\/div>\n                <\/div>\n\n                <div class=\"swiper-slider-bottom\">\n                    <div class=\"swiper-scrollbar\"><\/div>\n\n                    <div class=\"nav-cluster\">\n                        <button class=\"nav-btn nav-btn--prev\" type=\"button\" aria-label=\"Previous\">\n                            <svg width=\"18\" height=\"21\" viewBox=\"0 0 18 21\" fill=\"none\" aria-hidden=\"true\" focusable=\"false\">\n                                <path d=\"M13.5 1.20703L4.05884 10.6482L13.5 20.0894\" stroke=\"#12374F\" stroke-width=\"2\"\/>\n                            <\/svg>\n                        <\/button>\n                        <button class=\"nav-btn nav-btn--next\" type=\"button\" aria-label=\"Next\">\n                            <svg width=\"18\" height=\"21\" viewBox=\"0 0 18 21\" fill=\"none\" aria-hidden=\"true\" focusable=\"false\">\n                                <path d=\"M4.5 20.0898L13.9412 10.6487L4.5 1.20752\" stroke=\"#12374F\" stroke-width=\"2\"\/>\n                            <\/svg>\n                        <\/button>\n                    <\/div>\n                <\/div>\n\n                <div class=\"img-lightbox\" role=\"dialog\" aria-modal=\"true\" aria-hidden=\"true\">\n                    <div class=\"img-lightbox__backdrop\"><\/div>\n                    <div class=\"img-lightbox__dialog\" role=\"document\">\n                        <button class=\"img-lightbox__close\" type=\"button\" aria-label=\"Close\">\u2715<\/button>\n\n                        <div class=\"img-lightbox__main\">\n                            <span class=\"lb-index-badge\" aria-live=\"polite\"><\/span>\n                            <img class=\"lb-hero\" alt=\"\" \/>\n                        <\/div>\n\n                        <div class=\"img-lightbox__caption\">\n                            <div class=\"img-lightbox__credit\"><\/div>\n                            <div class=\"img-lightbox__desc\"><\/div>\n                        <\/div>\n\n                        <div class=\"img-lightbox__thumbs-bar\">\n                            <button class=\"thumb-nav thumb-nav--prev\" type=\"button\" aria-label=\"Previous\">\n                                <svg width=\"18\" height=\"21\" viewBox=\"0 0 18 21\" fill=\"none\" aria-hidden=\"true\" focusable=\"false\">\n                                    <path d=\"M13.5 1.20703L4.05884 10.6482L13.5 20.0894\" stroke=\"currentColor\" stroke-width=\"2\"\/>\n                                <\/svg>\n                            <\/button>\n\n                            <div class=\"swiper img-lightbox__thumbs\">\n                                <div class=\"swiper-wrapper\">\n                                                                            <div class=\"swiper-slide\">\n                                            <img decoding=\"async\" src=\"https:\/\/vindr.eu\/wp-content\/uploads\/2025\/11\/STILLBILDER.00_00_00_00.Still001-100x70.png\" alt=\"\" loading=\"lazy\" \/>\n                                        <\/div>\n                                                                            <div class=\"swiper-slide\">\n                                            <img decoding=\"async\" src=\"https:\/\/vindr.eu\/wp-content\/uploads\/2025\/11\/STILLBILDER.00_00_15_24.Still009.png\" alt=\"\" loading=\"lazy\" \/>\n                                        <\/div>\n                                                                            <div class=\"swiper-slide\">\n                                            <img decoding=\"async\" src=\"https:\/\/vindr.eu\/wp-content\/uploads\/2025\/11\/STILLBILDER.00_00_09_11.Still006-100x70.png\" alt=\"\" loading=\"lazy\" \/>\n                                        <\/div>\n                                                                            <div class=\"swiper-slide\">\n                                            <img decoding=\"async\" src=\"https:\/\/vindr.eu\/wp-content\/uploads\/2025\/11\/STILLBILDER.00_00_21_08.Still012.png\" alt=\"\" loading=\"lazy\" \/>\n                                        <\/div>\n                                                                            <div class=\"swiper-slide\">\n                                            <img decoding=\"async\" src=\"https:\/\/vindr.eu\/wp-content\/uploads\/2025\/11\/STILLBILDER.00_00_11_03.Still007-100x70.png\" alt=\"\" loading=\"lazy\" \/>\n                                        <\/div>\n                                                                    <\/div>\n                            <\/div>\n\n                            <button class=\"thumb-nav thumb-nav--next\" type=\"button\" aria-label=\"Next\">\n                                <svg width=\"18\" height=\"21\" viewBox=\"0 0 18 21\" fill=\"none\" aria-hidden=\"true\" focusable=\"false\">\n                                    <path d=\"M4.5 20.0898L13.9412 10.6487L4.5 1.20752\" stroke=\"currentColor\" stroke-width=\"2\"\/>\n                                <\/svg>\n                            <\/button>\n                        <\/div>\n                    <\/div>\n                <\/div>\n\n            <\/div>\n            <\/div>\n<\/section>\n\n\n\n<section id=\"acf-banner-block_dbfffdfa8cde242e4e7e5a3925f2f690\"class=\"block-section banner has-background has-title show-top-bar-theme-dark wp-block-acf-banner\" data-scroll-container>\n\t\t\t<figure class=\"banner__bg\">\n\t\t\t<img loading=\"lazy\" decoding=\"async\" width=\"2048\" height=\"1365\" src=\"https:\/\/vindr.eu\/wp-content\/uploads\/2025\/09\/iStock-1048422354-1-scaled.jpg\" class=\"attachment-full size-full\" alt=\"\" srcset=\"https:\/\/vindr.eu\/wp-content\/uploads\/2025\/09\/iStock-1048422354-1-scaled.jpg 2048w, https:\/\/vindr.eu\/wp-content\/uploads\/2025\/09\/iStock-1048422354-1-1200x800.jpg 1200w, https:\/\/vindr.eu\/wp-content\/uploads\/2025\/09\/iStock-1048422354-1-300x200.jpg 300w, https:\/\/vindr.eu\/wp-content\/uploads\/2025\/09\/iStock-1048422354-1-768x512.jpg 768w, https:\/\/vindr.eu\/wp-content\/uploads\/2025\/09\/iStock-1048422354-1-1024x683.jpg 1024w, https:\/\/vindr.eu\/wp-content\/uploads\/2025\/09\/iStock-1048422354-1-1536x1024.jpg 1536w, https:\/\/vindr.eu\/wp-content\/uploads\/2025\/09\/iStock-1048422354-1-502x335.jpg 502w\" sizes=\"auto, (max-width: 2048px) 100vw, 2048px\" \/>\t\t<\/figure>\n\t\t<div class=\"block-section-wrapper element-width--content\" data-scroll data-scroll-call=\"vindrOnBannerScroll\">\n\t\t<div class=\"banner__content\">\n\t\t\t\t\t\t\t<h2 class=\"heading-size-large\">Sazinieties ar mums!<\/h2>\n\t\t\t\t<div class=\"text-size-medium\">\n\t\t\t\t\t\t\t\t\t\t\t\t\t<\/div>\n\t\t\t\t\t\t<a href=\"https:\/\/vindr.eu\/lv\/kontakti\/\" id=\"\" class=\"stm-button--has-title stm-button stm-button--type-default stm-button-light\"  target=\"_self\" title=\"\"> <span class=\"text\">Kontakti<\/span>  <\/a>\t\t<\/div>\n\t<\/div>\n<\/section>\n\n\n\n<p><\/p>\n","protected":false},"excerpt":{"rendered":"","protected":false},"author":3,"featured_media":6714,"parent":0,"menu_order":5,"comment_status":"closed","ping_status":"closed","template":"","meta":{"_acf_changed":false,"inline_featured_image":false,"footnotes":""},"class_list":["post-8352","page","type-page","status-publish","has-post-thumbnail","hentry"],"acf":[],"_links":{"self":[{"href":"https:\/\/vindr.eu\/lv\/wp-json\/wp\/v2\/pages\/8352","targetHints":{"allow":["GET"]}}],"collection":[{"href":"https:\/\/vindr.eu\/lv\/wp-json\/wp\/v2\/pages"}],"about":[{"href":"https:\/\/vindr.eu\/lv\/wp-json\/wp\/v2\/types\/page"}],"author":[{"embeddable":true,"href":"https:\/\/vindr.eu\/lv\/wp-json\/wp\/v2\/users\/3"}],"replies":[{"embeddable":true,"href":"https:\/\/vindr.eu\/lv\/wp-json\/wp\/v2\/comments?post=8352"}],"version-history":[{"count":1,"href":"https:\/\/vindr.eu\/lv\/wp-json\/wp\/v2\/pages\/8352\/revisions"}],"predecessor-version":[{"id":8354,"href":"https:\/\/vindr.eu\/lv\/wp-json\/wp\/v2\/pages\/8352\/revisions\/8354"}],"wp:featuredmedia":[{"embeddable":true,"href":"https:\/\/vindr.eu\/lv\/wp-json\/wp\/v2\/media\/6714"}],"wp:attachment":[{"href":"https:\/\/vindr.eu\/lv\/wp-json\/wp\/v2\/media?parent=8352"}],"curies":[{"name":"wp","href":"https:\/\/api.w.org\/{rel}","templated":true}]}}