{"id":4434,"date":"2025-06-12T12:29:05","date_gmt":"2025-06-12T12:29:05","guid":{"rendered":"https:\/\/vindr.eu\/?page_id=4434"},"modified":"2025-11-20T10:57:18","modified_gmt":"2025-11-20T10:57:18","slug":"zinas","status":"publish","type":"page","link":"https:\/\/vindr.eu\/lv\/zinas\/","title":{"rendered":"Zi\u0146as"},"content":{"rendered":"\n<section id=\"acf-hero-text-block_eb22352795524051b9ec7e5267a539bd\"class=\"block-section hero-text show-top-bar-theme-dark wp-block-acf-hero-text\">\n    <div class=\"element-width--content\">\n\n    <div class=\"hero-text-wrapper\">\n        <h2 class=\"hero-title\"> Zi\u0146as <\/h2>\n        <h4 class=\"hero-subtitle\"> \u0160eit atrad\u012bsiet Vindr jaun\u0101k\u0101s zi\u0146as, pazi\u0146ojumus un inform\u0101ciju par m\u016bsu projektiem Latvij\u0101. <\/h4>\n    <\/div>\n\n    <\/div>\n<\/section>\n\n\n\n<section id=\"acf-image-block_70d3b5fe1bfc4ac61879843a19d4f83e\"class=\"block-section image  rounded-corners show-top-bar-theme-dark wp-block-acf-image\">\n            <div class=\"block-section-wrapper \">\n            <img decoding=\"async\" src=\"https:\/\/vindr.eu\/wp-content\/uploads\/2025\/11\/iStock-1462058136.jpg\" alt=\" \" class=\" rounded-corners\">\n        <\/div>\n    <\/section>\n\n\n\n<section id=\"dc-post-grid-filterable-block_dcpg-691ef40e1effe\" class=\"block-section dc-post-grid-filterable dc-post-grid-base  dpg-post   align-full \" data-aos=\"\">\n\t\n<div class=\"grid-container\">\n\t<div class=\"grid-x grid-margin-x\">\n\t\t<div class=\"cell small-12\">\n\t\t\t<div id=\"dc_post_grid_dcpg-691ef40e1effe\" class=\"dc-post-grid-component-wrapper dc-fallback-content\">\n\t\t\t\t<header class=\"dc-post-grid-header\">\n\t\t\t\t\t<div class=\"dc-post-top-left\">\n\t\t\t\t\t\t\t\t\t\t\t\t\t\t\t\t\t<\/div>\n\t\t\t\t\t<div class=\"dc-post-top-right\">\n\t\t\t\t\t\t\t\t\t\t\t\t\t\t\t\t\t<\/div>\n\t\t\t\t<\/header>\n\t\t\t\t\t\t\t\t\t\t\t\t\t\t<noscript>\n\t\t\t\t\t\t\t\t\t\t\t<div class=\"dc-post-grid-results has-3-columns uses-no-image-card-fallbacks\">\n\t\t\t\t\t\t\t<div class=\"dc-post-grid-results-inner\">\n\t\t\t\t\t\t\t\t\t\t\t\t\t\t\t\t\t<div class=\"grid-container full\">\n\t\t\t\t\t\t\t\t\t\t<div class=\"grid-x grid-margin-x\">\n\t\t\t\t\t\t\t\t\t\t\t\t\t\t\t\t\t\t\t\n<div class=\"cell\">\n\t<article id=\"post_7141\" class=\"dc-post-grid-card default-card post-summary uncategorized-lv\">\n\n\t\t<div class=\"dc-post-grid-card-inner post-summary-inner\">\n\t\t\t\t\t\t\t<div class=\"image-wrapper\">\n\t\t\t\t\t<img loading=\"lazy\" decoding=\"async\" width=\"1024\" height=\"683\" src=\"https:\/\/vindr.eu\/wp-content\/uploads\/2025\/12\/CISxVINDR_MoU_1.12_7-1024x683.jpg\" class=\"attachment-large size-large\" alt=\"\" \/>\t\t\t\t<\/div>\n\t\t\t\t\t\t<div class=\"content-wrapper\">\n\t\t\t\t<div class=\"content-hover-overlay\"><\/div>\n                                    <span class=\"post-date\">December 2, 2025<\/span>\n                \t\t\t\t\t\t\t\t\t\t\t\t\t\t\t<a href=\"https:\/\/vindr.eu\/lv\/category\/uncategorized-lv\/\" class=\"post-summary-category\">Uncategorized @lv<\/a>\n\t\t\t\t\t\t\t\t\t\t\t\t\t\t\t\t\t\t<h1 class=\"card-title\">Parakst\u012bts memorands ce\u013c\u0101 uz za\u013c\u0101 \u016bde\u0146ra\u017ea ra\u017eotnes izveidi Liep\u0101j\u0101<\/h1>\n\t\t\t\t\t\t\t\t\t\t\t\t\t\t\t\t\t<a href=\"https:\/\/vindr.eu\/lv\/parakstits-memorands-cela-uz-zala-udenraza-razotnes-izveidi-liepaja\/\" class=\"link read-more-link\">\n\t\t\t\t\t\t<span class=\"screen-reader-text\">Read more<\/span>\n\t\t\t\t\t<\/a>\n\t\t\t\t\t\t\t<\/div>\n\t\t<\/div>\n\t<\/article>\n<\/div>\n\n<div class=\"cell\">\n\t<article id=\"post_7008\" class=\"dc-post-grid-card default-card post-summary uncategorized-lv\">\n\n\t\t<div class=\"dc-post-grid-card-inner post-summary-inner\">\n\t\t\t\t\t\t\t<div class=\"image-wrapper\">\n\t\t\t\t\t<img loading=\"lazy\" decoding=\"async\" width=\"1024\" height=\"577\" src=\"https:\/\/vindr.eu\/wp-content\/uploads\/2025\/11\/Publicitates-attels-1-1024x577.jpg\" class=\"attachment-large size-large\" alt=\"\" \/>\t\t\t\t<\/div>\n\t\t\t\t\t\t<div class=\"content-wrapper\">\n\t\t\t\t<div class=\"content-hover-overlay\"><\/div>\n                                    <span class=\"post-date\">November 25, 2025<\/span>\n                \t\t\t\t\t\t\t\t\t\t\t\t\t\t\t<a href=\"https:\/\/vindr.eu\/lv\/category\/uncategorized-lv\/\" class=\"post-summary-category\">Uncategorized @lv<\/a>\n\t\t\t\t\t\t\t\t\t\t\t\t\t\t\t\t\t\t<h1 class=\"card-title\">Vindr inform\u0113 par ieceri att\u012bst\u012bt v\u0113ja parku \u201cVidzeme\u201d<\/h1>\n\t\t\t\t\t\t\t\t\t\t\t\t\t\t\t\t\t<a href=\"https:\/\/vindr.eu\/lv\/vindr-informe-par-ieceri-attistit-veja-parku-vidzeme\/\" class=\"link read-more-link\">\n\t\t\t\t\t\t<span class=\"screen-reader-text\">Read more<\/span>\n\t\t\t\t\t<\/a>\n\t\t\t\t\t\t\t<\/div>\n\t\t<\/div>\n\t<\/article>\n<\/div>\n\n<div class=\"cell\">\n\t<article id=\"post_6844\" class=\"dc-post-grid-card default-card post-summary uncategorized-lv\">\n\n\t\t<div class=\"dc-post-grid-card-inner post-summary-inner\">\n\t\t\t\t\t\t\t<div class=\"image-wrapper\">\n\t\t\t\t\t<img loading=\"lazy\" decoding=\"async\" width=\"1024\" height=\"683\" src=\"https:\/\/vindr.eu\/wp-content\/uploads\/2025\/11\/iStock-1264296727-1024x683.jpg\" class=\"attachment-large size-large\" alt=\"\" \/>\t\t\t\t<\/div>\n\t\t\t\t\t\t<div class=\"content-wrapper\">\n\t\t\t\t<div class=\"content-hover-overlay\"><\/div>\n                                    <span class=\"post-date\">November 20, 2025<\/span>\n                \t\t\t\t\t\t\t\t\t\t\t\t\t\t\t<a href=\"https:\/\/vindr.eu\/lv\/category\/uncategorized-lv\/\" class=\"post-summary-category\">Uncategorized @lv<\/a>\n\t\t\t\t\t\t\t\t\t\t\t\t\t\t\t\t\t\t<h1 class=\"card-title\">Kandid\u0101ta personas datu apstr\u0101des politika<\/h1>\n\t\t\t\t\t\t\t\t\t\t\t\t\t\t\t\t\t<a href=\"https:\/\/vindr.eu\/lv\/kandidata-personas-datu-apstrades-politika\/\" class=\"link read-more-link\">\n\t\t\t\t\t\t<span class=\"screen-reader-text\">Read more<\/span>\n\t\t\t\t\t<\/a>\n\t\t\t\t\t\t\t<\/div>\n\t\t<\/div>\n\t<\/article>\n<\/div>\n\n<div class=\"cell\">\n\t<article id=\"post_4738\" class=\"dc-post-grid-card default-card post-summary uncategorized-lv\">\n\n\t\t<div class=\"dc-post-grid-card-inner post-summary-inner\">\n\t\t\t\t\t\t\t<div class=\"image-wrapper no-image\">\n\t\t\t\t\t\t\t\t\t<\/div>\n\t\t\t\t\t\t<div class=\"content-wrapper\">\n\t\t\t\t<div class=\"content-hover-overlay\"><\/div>\n                                    <span class=\"post-date\">August 8, 2025<\/span>\n                \t\t\t\t\t\t\t\t\t\t\t\t\t\t\t<a href=\"https:\/\/vindr.eu\/lv\/category\/uncategorized-lv\/\" class=\"post-summary-category\">Uncategorized @lv<\/a>\n\t\t\t\t\t\t\t\t\t\t\t\t\t\t\t\t\t\t<h1 class=\"card-title\">Uzaicin\u0101jums uz s\u0101kotn\u0113jo sabiedrisko apsprie\u0161anu par topo\u0161o v\u0113ja parku \u201cK\u016bkas\u201d<\/h1>\n\t\t\t\t\t\t\t\t\t\t\t\t\t\t\t\t\t<a href=\"https:\/\/vindr.eu\/lv\/uzaicinajums-uz-sakotnejo-sabiedrisko-apspriesanu-par-toposo-veja-parku-kukas\/\" class=\"link read-more-link\">\n\t\t\t\t\t\t<span class=\"screen-reader-text\">Read more<\/span>\n\t\t\t\t\t<\/a>\n\t\t\t\t\t\t\t<\/div>\n\t\t<\/div>\n\t<\/article>\n<\/div>\n\n<div class=\"cell\">\n\t<article id=\"post_4706\" class=\"dc-post-grid-card default-card post-summary uncategorized-lv\">\n\n\t\t<div class=\"dc-post-grid-card-inner post-summary-inner\">\n\t\t\t\t\t\t\t<div class=\"image-wrapper no-image\">\n\t\t\t\t\t\t\t\t\t<\/div>\n\t\t\t\t\t\t<div class=\"content-wrapper\">\n\t\t\t\t<div class=\"content-hover-overlay\"><\/div>\n                                    <span class=\"post-date\">August 1, 2025<\/span>\n                \t\t\t\t\t\t\t\t\t\t\t\t\t\t\t<a href=\"https:\/\/vindr.eu\/lv\/category\/uncategorized-lv\/\" class=\"post-summary-category\">Uncategorized @lv<\/a>\n\t\t\t\t\t\t\t\t\t\t\t\t\t\t\t\t\t\t<h1 class=\"card-title\">Uzaicin\u0101jums uz s\u0101kotn\u0113jo sabiedrisko apsprie\u0161anu par topo\u0161o v\u0113ja parku \u201cL\u012bv\u0101ni\u201d<\/h1>\n\t\t\t\t\t\t\t\t\t\t\t\t\t\t\t\t\t<a href=\"https:\/\/vindr.eu\/lv\/uzaicinajums-uz-sakotnejo-sabiedrisko-apspriesanu-par-toposo-veja-parku-livani\/\" class=\"link read-more-link\">\n\t\t\t\t\t\t<span class=\"screen-reader-text\">Read more<\/span>\n\t\t\t\t\t<\/a>\n\t\t\t\t\t\t\t<\/div>\n\t\t<\/div>\n\t<\/article>\n<\/div>\n\n<div class=\"cell\">\n\t<article id=\"post_4628\" class=\"dc-post-grid-card default-card post-summary uncategorized-lv\">\n\n\t\t<div class=\"dc-post-grid-card-inner post-summary-inner\">\n\t\t\t\t\t\t\t<div class=\"image-wrapper no-image\">\n\t\t\t\t\t\t\t\t\t<\/div>\n\t\t\t\t\t\t<div class=\"content-wrapper\">\n\t\t\t\t<div class=\"content-hover-overlay\"><\/div>\n                                    <span class=\"post-date\">July 9, 2025<\/span>\n                \t\t\t\t\t\t\t\t\t\t\t\t\t\t\t<a href=\"https:\/\/vindr.eu\/lv\/category\/uncategorized-lv\/\" class=\"post-summary-category\">Uncategorized @lv<\/a>\n\t\t\t\t\t\t\t\t\t\t\t\t\t\t\t\t\t\t<h1 class=\"card-title\">Uzaicin\u0101jums uz s\u0101kotn\u0113j\u0101m sabiedriskaj\u0101m apsprie\u0161an\u0101m par topo\u0161o v\u0113ja parku \u201cO\u0161enieki\u201d<\/h1>\n\t\t\t\t\t\t\t\t\t\t\t\t\t\t\t\t\t<a href=\"https:\/\/vindr.eu\/lv\/uzaicinajums-uz-sakotnejam-sabiedriskajam-apspriesanam-par-toposo-veja-parku-osenieki\/\" class=\"link read-more-link\">\n\t\t\t\t\t\t<span class=\"screen-reader-text\">Read more<\/span>\n\t\t\t\t\t<\/a>\n\t\t\t\t\t\t\t<\/div>\n\t\t<\/div>\n\t<\/article>\n<\/div>\n\n<div class=\"cell\">\n\t<article id=\"post_4436\" class=\"dc-post-grid-card default-card post-summary uncategorized-lv\">\n\n\t\t<div class=\"dc-post-grid-card-inner post-summary-inner\">\n\t\t\t\t\t\t\t<div class=\"image-wrapper\">\n\t\t\t\t\t<img loading=\"lazy\" decoding=\"async\" width=\"1024\" height=\"683\" src=\"https:\/\/vindr.eu\/wp-content\/uploads\/2025\/05\/iStock-475689998-1024x683.jpg\" class=\"attachment-large size-large\" alt=\"\" \/>\t\t\t\t<\/div>\n\t\t\t\t\t\t<div class=\"content-wrapper\">\n\t\t\t\t<div class=\"content-hover-overlay\"><\/div>\n                                    <span class=\"post-date\">June 12, 2025<\/span>\n                \t\t\t\t\t\t\t\t\t\t\t\t\t\t\t<a href=\"https:\/\/vindr.eu\/lv\/category\/uncategorized-lv\/\" class=\"post-summary-category\">Uncategorized @lv<\/a>\n\t\t\t\t\t\t\t\t\t\t\t\t\t\t\t\t\t\t<h1 class=\"card-title\">Uzaicin\u0101jums uz s\u0101kotn\u0113j\u0101m sabiedriskaj\u0101m apsprie\u0161an\u0101m par topo\u0161o v\u0113ja parku \u201cN\u012bcgale\u201d<\/h1>\n\t\t\t\t\t\t\t\t\t\t\t\t\t\t\t\t\t<a href=\"https:\/\/vindr.eu\/lv\/uzaicinajums-uz-sakotnejam-sabiedriskajam-apspriesanam-par-toposo-veja-parku-nicgale\/\" class=\"link read-more-link\">\n\t\t\t\t\t\t<span class=\"screen-reader-text\">Read more<\/span>\n\t\t\t\t\t<\/a>\n\t\t\t\t\t\t\t<\/div>\n\t\t<\/div>\n\t<\/article>\n<\/div>\n\t\t\t\t\t\t\t\t\t\t\t\t\t\t\t\t\t\t<\/div>\n\t\t\t\t\t\t\t\t\t<\/div>\n\t\t\t\t\t\t\t\t\t\t\t\t\t\t\t<\/div>\n\t\t\t\t\t\t<\/div>\n\t\t\t\t\t\t\t\t\t\t<\/noscript>\n\t\t\t\t\t\t\t\t\t\t\t\t<\/div>\n\t\t<\/div>\n\t<\/div>\n<\/div>\n<\/section>\n","protected":false},"excerpt":{"rendered":"","protected":false},"author":3,"featured_media":0,"parent":0,"menu_order":0,"comment_status":"closed","ping_status":"closed","template":"","meta":{"_acf_changed":false,"inline_featured_image":false,"footnotes":""},"class_list":["post-4434","page","type-page","status-publish","hentry"],"acf":[],"_links":{"self":[{"href":"https:\/\/vindr.eu\/lv\/wp-json\/wp\/v2\/pages\/4434","targetHints":{"allow":["GET"]}}],"collection":[{"href":"https:\/\/vindr.eu\/lv\/wp-json\/wp\/v2\/pages"}],"about":[{"href":"https:\/\/vindr.eu\/lv\/wp-json\/wp\/v2\/types\/page"}],"author":[{"embeddable":true,"href":"https:\/\/vindr.eu\/lv\/wp-json\/wp\/v2\/users\/3"}],"replies":[{"embeddable":true,"href":"https:\/\/vindr.eu\/lv\/wp-json\/wp\/v2\/comments?post=4434"}],"version-history":[{"count":0,"href":"https:\/\/vindr.eu\/lv\/wp-json\/wp\/v2\/pages\/4434\/revisions"}],"wp:attachment":[{"href":"https:\/\/vindr.eu\/lv\/wp-json\/wp\/v2\/media?parent=4434"}],"curies":[{"name":"wp","href":"https:\/\/api.w.org\/{rel}","templated":true}]}}