{"id":2577,"date":"2024-12-02T14:00:48","date_gmt":"2024-12-02T14:00:43","guid":{"rendered":"https:\/\/vindr.eu\/?page_id=2577"},"modified":"2026-03-30T12:41:53","modified_gmt":"2026-03-30T12:41:53","slug":"musu-projekti","status":"publish","type":"page","link":"https:\/\/vindr.eu\/lv\/musu-projekti\/","title":{"rendered":"M\u016bsu projekti"},"content":{"rendered":"\n<section id=\"acf-hero-block_87580e40a1a8301bb9c266e9711b5b24\"class=\"block-section hero text-light has-background waiting-to-animate show-top-bar-theme-light wp-block-acf-hero\">\n\t<div id=\"hero__wrapper-fixed\">\n\t\t\t\t\t\t\t\t\t<figure class=\"hero__bg\">\n\t\t\t\t\t<img loading=\"lazy\" decoding=\"async\" width=\"2048\" height=\"1152\" src=\"https:\/\/vindr.eu\/wp-content\/uploads\/2025\/09\/iStock-1396266461-scaled.jpg\" class=\"attachment-full size-full\" alt=\"\" srcset=\"https:\/\/vindr.eu\/wp-content\/uploads\/2025\/09\/iStock-1396266461-scaled.jpg 2048w, https:\/\/vindr.eu\/wp-content\/uploads\/2025\/09\/iStock-1396266461-300x169.jpg 300w, https:\/\/vindr.eu\/wp-content\/uploads\/2025\/09\/iStock-1396266461-1024x576.jpg 1024w, https:\/\/vindr.eu\/wp-content\/uploads\/2025\/09\/iStock-1396266461-768x432.jpg 768w, https:\/\/vindr.eu\/wp-content\/uploads\/2025\/09\/iStock-1396266461-1536x864.jpg 1536w, https:\/\/vindr.eu\/wp-content\/uploads\/2025\/09\/iStock-1396266461-502x282.jpg 502w\" sizes=\"auto, (max-width: 2048px) 100vw, 2048px\" \/>\t\t\t\t<\/figure>\n\t\t\t\t\t\t\t\t\t<div class=\"block-section-wrapper\">\n\t\t\t<div class=\"hero__text element-width--wide\">\n\t\t\t\t\t\t\t\t\t<h1 class=\"hero__title heading-size-large\">M\u016bsu projekti\n<\/h1>\n\t\t\t\t\t\t\t\t\t\t\t<\/div>\n\t\t<\/div>\n\t\t<p class=\"scroll-indicator\"><span class=\"scroll-animation\"><\/span> Scroll<\/p>\n\t<\/div>\n<\/section>\n\n<div id=\"hero__spacer\"><\/div>\n\n\n<section id=\"acf-featured-text-block_f2373a567bf71f6efa495593674ec926\"class=\"block-section featured-text text-based-block show-top-bar-theme-dark wp-block-acf-featured-text\">\n\t<div class=\"block-section-wrapper element-width--content\">\n\t\t<div class=\"text\">\n\t\t\t<p><span data-teams=\"true\">Vindr att\u012bst\u0101m\u0101s v\u0113ja elektrostacijas pal\u012bdz\u0113s nodro\u0161in\u0101t Zieme\u013cvalstu un Baltijas valstu energoapg\u0101des dro\u0161\u012bbu. M\u016bsu atjaunojam\u0101s ener\u0123ijas portfel\u012b ir v\u0113ja parki, kas tiek att\u012bst\u012bti un pl\u0101noti Norv\u0113\u0123ij\u0101, Zviedrij\u0101, Latvij\u0101 un Igaunij\u0101, ar kop\u0113jo jaudu 2,1 GW. \u0160iem projektiem ir potenci\u0101ls ra\u017eot za\u013co ener\u0123iju.<\/span><\/p>\n\t\t\t\t\t<\/div>\n\t<\/div>\n<\/section>\n\n\n\n<section id=\"acf-projects-featured-slider-block_ec9fcd6add2a3c29e3a01de896be620b\"class=\"block-section projects-featured-slider projects-featured-slider show-top-bar-theme-dark wp-block-acf-projects-featured-slider\" data-pfs-id=\"pfs-block_ec9fcd6add2a3c29e3a01de896be620b\">\n    <div class=\"block-section-wrapper element-width--content\">\n\n        <div class=\"pfs-swiper swiper\" id=\"pfs-block_ec9fcd6add2a3c29e3a01de896be620b\">\n            <div class=\"swiper-wrapper\">\n                                    <div class=\"swiper-slide\">\n                        <article class=\"pfs-card\">\n                            <div class=\"image-wrapper\">\n                                <img loading=\"lazy\" decoding=\"async\" width=\"640\" height=\"427\" src=\"https:\/\/vindr.eu\/wp-content\/uploads\/2024\/11\/iStock-835097910-scaled.jpg\" class=\"attachment-project-slider size-project-slider\" alt=\"\" srcset=\"https:\/\/vindr.eu\/wp-content\/uploads\/2024\/11\/iStock-835097910-scaled.jpg 2048w, https:\/\/vindr.eu\/wp-content\/uploads\/2024\/11\/iStock-835097910-300x200.jpg 300w, https:\/\/vindr.eu\/wp-content\/uploads\/2024\/11\/iStock-835097910-1024x683.jpg 1024w, https:\/\/vindr.eu\/wp-content\/uploads\/2024\/11\/iStock-835097910-768x512.jpg 768w, https:\/\/vindr.eu\/wp-content\/uploads\/2024\/11\/iStock-835097910-1536x1024.jpg 1536w, https:\/\/vindr.eu\/wp-content\/uploads\/2024\/11\/iStock-835097910-502x335.jpg 502w\" sizes=\"auto, (max-width: 640px) 100vw, 640px\" \/>                            <\/div>\n\n                            <div class=\"content-wrapper\">\n                                                                    <h1 class=\"project-title\">N\u012bcgale<\/h1>\n                                \n                                <dl>\n                                                                            <div>\n                                            <dt>Status<\/dt>\n                                            <dd>Pl\u0101no\u0161ana<\/dd>\n                                        <\/div>\n                                    \n                                                                            <div>\n                                            <dt>Placement<\/dt>\n                                            <dd>Aug\u0161daugavas novads<\/dd>\n                                        <\/div>\n                                    \n                                                                            <div>\n                                            <dt>Ra\u017eo\u0161ana<\/dt>\n                                            <dd>Ca 1,302 GWh<\/dd>\n                                        <\/div>\n                                                                    <\/dl>\n\n                                <a href=\"https:\/\/vindr.eu\/lv\/projekts\/nicgale\/\" class=\"stm-button outlined white see-project-btn\">\n                                    See project                                <\/a>\n                            <\/div>\n                        <\/article>\n                    <\/div>\n                                    <div class=\"swiper-slide\">\n                        <article class=\"pfs-card\">\n                            <div class=\"image-wrapper\">\n                                <img loading=\"lazy\" decoding=\"async\" width=\"640\" height=\"427\" src=\"https:\/\/vindr.eu\/wp-content\/uploads\/2025\/09\/iStock-1401337448-scaled.jpg\" class=\"attachment-project-slider size-project-slider\" alt=\"\" srcset=\"https:\/\/vindr.eu\/wp-content\/uploads\/2025\/09\/iStock-1401337448-scaled.jpg 2048w, https:\/\/vindr.eu\/wp-content\/uploads\/2025\/09\/iStock-1401337448-300x200.jpg 300w, https:\/\/vindr.eu\/wp-content\/uploads\/2025\/09\/iStock-1401337448-1024x683.jpg 1024w, https:\/\/vindr.eu\/wp-content\/uploads\/2025\/09\/iStock-1401337448-768x512.jpg 768w, https:\/\/vindr.eu\/wp-content\/uploads\/2025\/09\/iStock-1401337448-1536x1024.jpg 1536w, https:\/\/vindr.eu\/wp-content\/uploads\/2025\/09\/iStock-1401337448-502x335.jpg 502w\" sizes=\"auto, (max-width: 640px) 100vw, 640px\" \/>                            <\/div>\n\n                            <div class=\"content-wrapper\">\n                                                                    <h1 class=\"project-title\">O\u0161enieki<\/h1>\n                                \n                                <dl>\n                                                                            <div>\n                                            <dt>Status<\/dt>\n                                            <dd>Pl\u0101no\u0161ana<\/dd>\n                                        <\/div>\n                                    \n                                                                            <div>\n                                            <dt>Placement<\/dt>\n                                            <dd>Kuld\u012bgas novada, Saldus novada<\/dd>\n                                        <\/div>\n                                    \n                                                                            <div>\n                                            <dt>Ra\u017eo\u0161ana<\/dt>\n                                            <dd>Ca 470 GWh<\/dd>\n                                        <\/div>\n                                                                    <\/dl>\n\n                                <a href=\"https:\/\/vindr.eu\/lv\/projekts\/osenieki\/\" class=\"stm-button outlined white see-project-btn\">\n                                    See project                                <\/a>\n                            <\/div>\n                        <\/article>\n                    <\/div>\n                                    <div class=\"swiper-slide\">\n                        <article class=\"pfs-card\">\n                            <div class=\"image-wrapper\">\n                                                            <\/div>\n\n                            <div class=\"content-wrapper\">\n                                                                    <h1 class=\"project-title\">L\u012bv\u0101ni<\/h1>\n                                \n                                <dl>\n                                                                            <div>\n                                            <dt>Status<\/dt>\n                                            <dd>Att\u012bst\u012bb\u0101<\/dd>\n                                        <\/div>\n                                    \n                                                                            <div>\n                                            <dt>Placement<\/dt>\n                                            <dd>L\u012bv\u0101nu novada<\/dd>\n                                        <\/div>\n                                    \n                                                                            <div>\n                                            <dt>Ra\u017eo\u0161ana<\/dt>\n                                            <dd>Ca 320 GWh<\/dd>\n                                        <\/div>\n                                                                    <\/dl>\n\n                                <a href=\"https:\/\/vindr.eu\/lv\/projekts\/livani\/\" class=\"stm-button outlined white see-project-btn\">\n                                    See project                                <\/a>\n                            <\/div>\n                        <\/article>\n                    <\/div>\n                            <\/div>\n\n            <div class=\"pfs-controls\">\n                <div class=\"swiper-pagination pfs-fraction\"><\/div>\n                <div class=\"pfs-nav\">\n                    <button class=\"pfs-prev\" aria-label=\"Previous slide\">\n                        <svg width=\"22\" height=\"22\" viewBox=\"0 0 24 24\" fill=\"none\" aria-hidden=\"true\"><path d=\"M15 18l-6-6 6-6\" stroke=\"currentColor\" stroke-width=\"2\" stroke-linecap=\"round\" stroke-linejoin=\"round\"\/><\/svg>\n                    <\/button>\n                    <button class=\"pfs-next\" aria-label=\"Next slide\">\n                        <svg width=\"22\" height=\"22\" viewBox=\"0 0 24 24\" fill=\"none\" aria-hidden=\"true\"><path d=\"M9 6l6 6-6 6\" stroke=\"currentColor\" stroke-width=\"2\" stroke-linecap=\"round\" stroke-linejoin=\"round\"\/><\/svg>\n                    <\/button>\n                <\/div>\n            <\/div>\n        <\/div>\n    <\/div>\n\n\n<\/section>\n\n\n\n<section id=\"dc-post-grid-filterable-block_dcpg-69ca6f9045f9d\" class=\"block-section dc-post-grid-filterable dc-post-grid-base  dpg-stm_project   align-full \" data-aos=\"\">\n\t\n<div class=\"grid-container\">\n\t<div class=\"grid-x grid-margin-x\">\n\t\t<div class=\"cell small-12\">\n\t\t\t<div id=\"dc_post_grid_dcpg-69ca6f9045f9d\" class=\"dc-post-grid-component-wrapper dc-fallback-content\">\n\t\t\t\t<header class=\"dc-post-grid-header\">\n\t\t\t\t\t<div class=\"dc-post-top-left\">\n\t\t\t\t\t\t\t\t\t\t\t\t\t\t\t\t\t<\/div>\n\t\t\t\t\t<div class=\"dc-post-top-right\">\n\t\t\t\t\t\t\t\t\t\t\t\t\t\t\t\t\t<\/div>\n\t\t\t\t<\/header>\n\t\t\t\t\t\t\t\t\t\t\t\t\t\t<noscript>\n\t\t\t\t\t\t\t\t\t\t\t<div class=\"dc-post-grid-results has-3-columns uses-no-image-card-fallbacks\">\n\t\t\t\t\t\t\t<div class=\"dc-post-grid-results-inner\">\n\t\t\t\t\t\t\t\t\t\t\t\t\t\t\t\t\t<div class=\"grid-container full\">\n\t\t\t\t\t\t\t\t\t\t<div class=\"grid-x grid-margin-x\">\n\t\t\t\t\t\t\t\t\t\t\t\t\t\t\t\t\t\t\t\n<div class=\"cell\">\n\t<article id=\"stm_project_2583\" class=\"dc-post-grid-card default-card post-summary\">\n\n\t\t<div class=\"dc-post-grid-card-inner post-summary-inner\">\n\t\t\t\t\t\t\t<div class=\"image-wrapper\">\n\t\t\t\t\t<img loading=\"lazy\" decoding=\"async\" width=\"1024\" height=\"683\" src=\"https:\/\/vindr.eu\/wp-content\/uploads\/2024\/11\/iStock-835097910-1024x683.jpg\" class=\"attachment-large size-large\" alt=\"\" \/>\t\t\t\t<\/div>\n\t\t\t\t\t\t<div class=\"content-wrapper\">\n\t\t\t\t<div class=\"content-hover-overlay\"><\/div>\n                                    <span class=\"post-date\">December 2, 2024<\/span>\n                \t\t\t\t\t\t\t\t\t\t\t\t\t<h1 class=\"card-title\">N\u012bcgale<\/h1>\n\t\t\t\t\t\t\t\t\t\t\t\t\t\t\t\t\t<a href=\"https:\/\/vindr.eu\/lv\/projekts\/nicgale\/\" class=\"link read-more-link\">\n\t\t\t\t\t\t<span class=\"screen-reader-text\">Read more<\/span>\n\t\t\t\t\t<\/a>\n\t\t\t\t\t\t\t<\/div>\n\t\t<\/div>\n\t<\/article>\n<\/div>\n\n<div class=\"cell\">\n\t<article id=\"stm_project_4656\" class=\"dc-post-grid-card default-card post-summary\">\n\n\t\t<div class=\"dc-post-grid-card-inner post-summary-inner\">\n\t\t\t\t\t\t\t<div class=\"image-wrapper\">\n\t\t\t\t\t<img loading=\"lazy\" decoding=\"async\" width=\"1024\" height=\"683\" src=\"https:\/\/vindr.eu\/wp-content\/uploads\/2025\/09\/iStock-1401337448-1024x683.jpg\" class=\"attachment-large size-large\" alt=\"\" \/>\t\t\t\t<\/div>\n\t\t\t\t\t\t<div class=\"content-wrapper\">\n\t\t\t\t<div class=\"content-hover-overlay\"><\/div>\n                                    <span class=\"post-date\">July 10, 2025<\/span>\n                \t\t\t\t\t\t\t\t\t\t\t\t\t<h1 class=\"card-title\">O\u0161enieki<\/h1>\n\t\t\t\t\t\t\t\t\t\t\t\t\t\t\t\t\t<a href=\"https:\/\/vindr.eu\/lv\/projekts\/osenieki\/\" class=\"link read-more-link\">\n\t\t\t\t\t\t<span class=\"screen-reader-text\">Read more<\/span>\n\t\t\t\t\t<\/a>\n\t\t\t\t\t\t\t<\/div>\n\t\t<\/div>\n\t<\/article>\n<\/div>\n\n<div class=\"cell\">\n\t<article id=\"stm_project_4680\" class=\"dc-post-grid-card default-card post-summary\">\n\n\t\t<div class=\"dc-post-grid-card-inner post-summary-inner\">\n\t\t\t\t\t\t\t<div class=\"image-wrapper no-image\">\n\t\t\t\t\t\t\t\t\t<\/div>\n\t\t\t\t\t\t<div class=\"content-wrapper\">\n\t\t\t\t<div class=\"content-hover-overlay\"><\/div>\n                                    <span class=\"post-date\">July 31, 2025<\/span>\n                \t\t\t\t\t\t\t\t\t\t\t\t\t<h1 class=\"card-title\">L\u012bv\u0101ni<\/h1>\n\t\t\t\t\t\t\t\t\t\t\t\t\t\t\t\t\t<a href=\"https:\/\/vindr.eu\/lv\/projekts\/livani\/\" class=\"link read-more-link\">\n\t\t\t\t\t\t<span class=\"screen-reader-text\">Read more<\/span>\n\t\t\t\t\t<\/a>\n\t\t\t\t\t\t\t<\/div>\n\t\t<\/div>\n\t<\/article>\n<\/div>\n\n<div class=\"cell\">\n\t<article id=\"stm_project_4722\" class=\"dc-post-grid-card default-card post-summary\">\n\n\t\t<div class=\"dc-post-grid-card-inner post-summary-inner\">\n\t\t\t\t\t\t\t<div class=\"image-wrapper\">\n\t\t\t\t\t<img loading=\"lazy\" decoding=\"async\" width=\"1024\" height=\"684\" src=\"https:\/\/vindr.eu\/wp-content\/uploads\/2025\/09\/iStock-1322931000-1024x684.jpg\" class=\"attachment-large size-large\" alt=\"\" \/>\t\t\t\t<\/div>\n\t\t\t\t\t\t<div class=\"content-wrapper\">\n\t\t\t\t<div class=\"content-hover-overlay\"><\/div>\n                                    <span class=\"post-date\">August 7, 2025<\/span>\n                \t\t\t\t\t\t\t\t\t\t\t\t\t<h1 class=\"card-title\">K\u016bkas<\/h1>\n\t\t\t\t\t\t\t\t\t\t\t\t\t\t\t\t\t<a href=\"https:\/\/vindr.eu\/lv\/projekts\/kukas\/\" class=\"link read-more-link\">\n\t\t\t\t\t\t<span class=\"screen-reader-text\">Read more<\/span>\n\t\t\t\t\t<\/a>\n\t\t\t\t\t\t\t<\/div>\n\t\t<\/div>\n\t<\/article>\n<\/div>\n\n<div class=\"cell\">\n\t<article id=\"stm_project_6937\" class=\"dc-post-grid-card default-card post-summary\">\n\n\t\t<div class=\"dc-post-grid-card-inner post-summary-inner\">\n\t\t\t\t\t\t\t<div class=\"image-wrapper\">\n\t\t\t\t\t<img loading=\"lazy\" decoding=\"async\" width=\"1024\" height=\"683\" src=\"https:\/\/vindr.eu\/wp-content\/uploads\/2025\/11\/S5A2465-1024x683.jpg\" class=\"attachment-large size-large\" alt=\"\" \/>\t\t\t\t<\/div>\n\t\t\t\t\t\t<div class=\"content-wrapper\">\n\t\t\t\t<div class=\"content-hover-overlay\"><\/div>\n                                    <span class=\"post-date\">November 22, 2025<\/span>\n                \t\t\t\t\t\t\t\t\t\t\t\t\t<h1 class=\"card-title\">Vidzeme<\/h1>\n\t\t\t\t\t\t\t\t\t\t\t\t\t\t\t\t\t<a href=\"https:\/\/vindr.eu\/lv\/projekts\/vidzeme\/\" class=\"link read-more-link\">\n\t\t\t\t\t\t<span class=\"screen-reader-text\">Read more<\/span>\n\t\t\t\t\t<\/a>\n\t\t\t\t\t\t\t<\/div>\n\t\t<\/div>\n\t<\/article>\n<\/div>\n\n<div class=\"cell\">\n\t<article id=\"stm_project_7842\" class=\"dc-post-grid-card default-card post-summary\">\n\n\t\t<div class=\"dc-post-grid-card-inner post-summary-inner\">\n\t\t\t\t\t\t\t<div class=\"image-wrapper\">\n\t\t\t\t\t<img loading=\"lazy\" decoding=\"async\" width=\"1024\" height=\"767\" src=\"https:\/\/vindr.eu\/wp-content\/uploads\/2026\/01\/DJI_0123-1024x767.jpg\" class=\"attachment-large size-large\" alt=\"\" \/>\t\t\t\t<\/div>\n\t\t\t\t\t\t<div class=\"content-wrapper\">\n\t\t\t\t<div class=\"content-hover-overlay\"><\/div>\n                                    <span class=\"post-date\">January 30, 2026<\/span>\n                \t\t\t\t\t\t\t\t\t\t\t\t\t<h1 class=\"card-title\">L\u012bv\u0101ni SES<\/h1>\n\t\t\t\t\t\t\t\t\t\t\t\t\t\t\t\t\t<a href=\"https:\/\/vindr.eu\/lv\/projekts\/livani-ses\/\" class=\"link read-more-link\">\n\t\t\t\t\t\t<span class=\"screen-reader-text\">Read more<\/span>\n\t\t\t\t\t<\/a>\n\t\t\t\t\t\t\t<\/div>\n\t\t<\/div>\n\t<\/article>\n<\/div>\n\n<div class=\"cell\">\n\t<article id=\"stm_project_7835\" class=\"dc-post-grid-card default-card post-summary\">\n\n\t\t<div class=\"dc-post-grid-card-inner post-summary-inner\">\n\t\t\t\t\t\t\t<div class=\"image-wrapper\">\n\t\t\t\t\t<img loading=\"lazy\" decoding=\"async\" width=\"1024\" height=\"678\" src=\"https:\/\/vindr.eu\/wp-content\/uploads\/2026\/02\/iStock-1306396121-1024x678.jpg\" class=\"attachment-large size-large\" alt=\"\" \/>\t\t\t\t<\/div>\n\t\t\t\t\t\t<div class=\"content-wrapper\">\n\t\t\t\t<div class=\"content-hover-overlay\"><\/div>\n                                    <span class=\"post-date\">February 2, 2026<\/span>\n                \t\t\t\t\t\t\t\t\t\t\t\t\t<h1 class=\"card-title\">Pravi\u0146as SES<\/h1>\n\t\t\t\t\t\t\t\t\t\t\t\t\t\t\t\t\t<a href=\"https:\/\/vindr.eu\/lv\/projekts\/pravinas-ses\/\" class=\"link read-more-link\">\n\t\t\t\t\t\t<span class=\"screen-reader-text\">Read more<\/span>\n\t\t\t\t\t<\/a>\n\t\t\t\t\t\t\t<\/div>\n\t\t<\/div>\n\t<\/article>\n<\/div>\n\t\t\t\t\t\t\t\t\t\t\t\t\t\t\t\t\t\t<\/div>\n\t\t\t\t\t\t\t\t\t<\/div>\n\t\t\t\t\t\t\t\t\t\t\t\t\t\t\t<\/div>\n\t\t\t\t\t\t<\/div>\n\t\t\t\t\t\t\t\t\t\t<\/noscript>\n\t\t\t\t\t\t\t\t\t\t\t\t<\/div>\n\t\t<\/div>\n\t<\/div>\n<\/div>\n<\/section>\n\n\n\n<section id=\"acf-featured-text-block_39533f46c50d1d538cf04e1120d5fe92\"class=\"block-section featured-text text-based-block show-top-bar-theme-dark wp-block-acf-featured-text\">\n\t<div class=\"block-section-wrapper element-width--content\">\n\t\t<div class=\"text\">\n\t\t\t\t\t\t\t\t<\/div>\n\t<\/div>\n<\/section>\n","protected":false},"excerpt":{"rendered":"","protected":false},"author":3,"featured_media":4870,"parent":0,"menu_order":6,"comment_status":"closed","ping_status":"closed","template":"","meta":{"_acf_changed":false,"inline_featured_image":false,"footnotes":""},"class_list":["post-2577","page","type-page","status-publish","has-post-thumbnail","hentry"],"acf":[],"_links":{"self":[{"href":"https:\/\/vindr.eu\/lv\/wp-json\/wp\/v2\/pages\/2577","targetHints":{"allow":["GET"]}}],"collection":[{"href":"https:\/\/vindr.eu\/lv\/wp-json\/wp\/v2\/pages"}],"about":[{"href":"https:\/\/vindr.eu\/lv\/wp-json\/wp\/v2\/types\/page"}],"author":[{"embeddable":true,"href":"https:\/\/vindr.eu\/lv\/wp-json\/wp\/v2\/users\/3"}],"replies":[{"embeddable":true,"href":"https:\/\/vindr.eu\/lv\/wp-json\/wp\/v2\/comments?post=2577"}],"version-history":[{"count":3,"href":"https:\/\/vindr.eu\/lv\/wp-json\/wp\/v2\/pages\/2577\/revisions"}],"predecessor-version":[{"id":8362,"href":"https:\/\/vindr.eu\/lv\/wp-json\/wp\/v2\/pages\/2577\/revisions\/8362"}],"wp:featuredmedia":[{"embeddable":true,"href":"https:\/\/vindr.eu\/lv\/wp-json\/wp\/v2\/media\/4870"}],"wp:attachment":[{"href":"https:\/\/vindr.eu\/lv\/wp-json\/wp\/v2\/media?parent=2577"}],"curies":[{"name":"wp","href":"https:\/\/api.w.org\/{rel}","templated":true}]}}