{"id":897,"date":"2023-10-24T17:15:09","date_gmt":"2023-10-24T17:15:09","guid":{"rendered":"https:\/\/vindr.wpenginepowered.com\/?page_id=897"},"modified":"2025-02-26T08:47:24","modified_gmt":"2025-02-26T08:47:24","slug":"omanikud","status":"publish","type":"page","link":"https:\/\/vindr.eu\/et\/meist\/omanikud\/","title":{"rendered":"Omanikud"},"content":{"rendered":"\n<section id=\"acf-hero-subpage-block_7c667dd71091ce98daec157fe679cda1\"class=\"block-section hero-subpage has-background waiting-to-animate show-top-bar-theme-light-dark wp-block-acf-hero-subpage\">\n\t<figure class=\"hero-subpage__bg\">\n\t\t<img loading=\"lazy\" decoding=\"async\" width=\"1920\" height=\"1280\" src=\"https:\/\/vindr.eu\/wp-content\/uploads\/2023\/11\/sam-cumming-vD_8vGGvwoY-unsplash.jpg\" class=\"attachment-full size-full\" alt=\"\" sizes=\"auto, (max-width: 999px) 100vw, 60vw\" srcset=\"https:\/\/vindr.eu\/wp-content\/uploads\/2023\/11\/sam-cumming-vD_8vGGvwoY-unsplash.jpg 1920w, https:\/\/vindr.eu\/wp-content\/uploads\/2023\/11\/sam-cumming-vD_8vGGvwoY-unsplash-300x200.jpg 300w, https:\/\/vindr.eu\/wp-content\/uploads\/2023\/11\/sam-cumming-vD_8vGGvwoY-unsplash-768x512.jpg 768w, https:\/\/vindr.eu\/wp-content\/uploads\/2023\/11\/sam-cumming-vD_8vGGvwoY-unsplash-1024x683.jpg 1024w, https:\/\/vindr.eu\/wp-content\/uploads\/2023\/11\/sam-cumming-vD_8vGGvwoY-unsplash-1536x1024.jpg 1536w, https:\/\/vindr.eu\/wp-content\/uploads\/2023\/11\/sam-cumming-vD_8vGGvwoY-unsplash-502x335.jpg 502w, https:\/\/vindr.eu\/wp-content\/uploads\/2023\/11\/sam-cumming-vD_8vGGvwoY-unsplash-1200x800.jpg 1200w\" \/>\t<\/figure>\n\t<div class=\"block-section-wrapper element-width--full\">\n\t\t<div class=\"hero-subpage__content\">\n\t\t\t\t\t\t\t<h1 class=\"hero-subpage__title heading-size-large\">Omanikud<\/h1>\n\t\t\t\t\t\t\t\t\t\t<div class=\"text-size-medium\">\n\t\t\t\t\t<p>InfraVia on olnud Vindri teekonna oluline osa, kusjuures oluliste panustajate hulgas on <strong>Charlotte Marchand,<\/strong> <strong>InfraVia<\/strong> investeeringute juht.<\/p>\n\t\t\t\t<\/div>\n\t\t\t\t\t<\/div>\n\t<\/div>\n<\/section>\n\n\n<section id=\"acf-wysiwyg-block_bdcba9adc7990510974f6f21c460edde\"class=\"block-section wysiwyg show-top-bar-theme-dark wp-block-acf-wysiwyg\">\n\t<div class=\"block-section-wrapper element-width--wide\">\n\t\t\t<\/div>\n<\/section>\n\n\n\n<section  id=\"acf-video-block_4976de6b46e8893efa34e998511cceb9\"class=\"block-section video has-plyr-video-player  full-width-video has-background no-padding show-top-bar-theme-light wp-block-acf-video\">\n\t<img loading=\"lazy\" decoding=\"async\" width=\"1920\" height=\"1080\" src=\"https:\/\/vindr.eu\/wp-content\/uploads\/2023\/11\/video-still-owners-compressed.jpg\" class=\"attachment-full size-full\" alt=\"\" srcset=\"https:\/\/vindr.eu\/wp-content\/uploads\/2023\/11\/video-still-owners-compressed.jpg 1920w, https:\/\/vindr.eu\/wp-content\/uploads\/2023\/11\/video-still-owners-compressed-300x169.jpg 300w, https:\/\/vindr.eu\/wp-content\/uploads\/2023\/11\/video-still-owners-compressed-768x432.jpg 768w, https:\/\/vindr.eu\/wp-content\/uploads\/2023\/11\/video-still-owners-compressed-1024x576.jpg 1024w, https:\/\/vindr.eu\/wp-content\/uploads\/2023\/11\/video-still-owners-compressed-1536x864.jpg 1536w, https:\/\/vindr.eu\/wp-content\/uploads\/2023\/11\/video-still-owners-compressed-502x282.jpg 502w, https:\/\/vindr.eu\/wp-content\/uploads\/2023\/11\/video-still-owners-compressed-1422x800.jpg 1422w\" sizes=\"auto, (max-width: 1920px) 100vw, 1920px\" \/>\t<button id=\"video-play-block_4976de6b46e8893efa34e998511cceb9\" class=\"play\" aria-controls=\"video-overlay-block_4976de6b46e8893efa34e998511cceb9\" data-target-overlay=\"video-overlay-block_4976de6b46e8893efa34e998511cceb9\" aria-expanded=\"false\">\n\t\t<span class=\"screen-reader-text\">Play<\/span>\n\t<\/button>\n\t<div id=\"video-overlay-block_4976de6b46e8893efa34e998511cceb9\" class=\"plyr-video-overlay\" aria-hidden=\"true\" aria-controlledby=\"video-play-block_4976de6b46e8893efa34e998511cceb9\">\n\t\t<div class=\"plyr-video-wrapper\">\n\t\t\t<button class=\"close\" data-play-button-id=\"video-play-block_4976de6b46e8893efa34e998511cceb9\">\n\t\t\t\t<span class=\"screen-reader-text\">Play<\/span>\n\t\t\t\t<i class=\"icon-close\"><\/i>\n\t\t\t<\/button>\n\n\t\t\t<video class=\"plyr-player\" id=\"69e52fcf3e6b8\"><\/video>\t\t\t\n<div class=\"cookieconsent-optout-text\">\n\t<p>A video was hidden because it requires all cookie categories to be accepted to view. Please <a href=\"javascript:Cookiebot.renew()\">click here<\/a> to update your cookie preferences to watch this video.<\/p>\n<\/div>\t\t<\/div>\n\t<\/div>\n<\/section>\n\n\n\n<section id=\"acf-featured-text-block_f112fd665cb5b089d186c677f6eb8702\"class=\"block-section featured-text text-based-block show-top-bar-theme-dark wp-block-acf-featured-text\">\n\t<div class=\"block-section-wrapper element-width--content\">\n\t\t<div class=\"text\">\n\t\t\t<div><span lang=\"ET\">InfraVia on Vindri suurima aktsion\u00e4rina ettev\u00f5tte partneriks teekonnal saamaks P\u00f5hjala suunan\u00e4itavaks taastuvenergia tootjaks. Alates 2008. aastast on InfraVia kaasanud kapitali mahus 10 miljardit eurot ning investeerinud 13 Euroopa riigis enam kui 50 ettev\u00f5ttesse.<\/span><\/div>\n\t\t\t\t\t<\/div>\n\t<\/div>\n<\/section>\n\n\n<section id=\"acf-wysiwyg-block_bee01c8b9ff1812974cf80eebfcc5a35\"class=\"block-section wysiwyg show-top-bar-theme-dark wp-block-acf-wysiwyg\">\n\t<div class=\"block-section-wrapper element-width--wide\">\n\t\t<p style=\"font-weight: 400\">Loe Vindri n\u00f5ukogust l\u00e4hemalt siit:<\/p>\n<a href=\"https:\/\/vindr.eu\/et\/meist\/noukogu\/\" id=\"\" class=\"stm-button--has-title stm-button stm-button--type-default\" data-test=\"test\" target=\"_self\" title=\"\"> <span class=\"text\">N\u00f5ukogu<\/span>  <\/a>\t<\/div>\n<\/section>\n\n\n\n<section id=\"acf-banner-block_e8f919547d509582db74e5864197e0e6\"class=\"block-section banner has-background has-title show-top-bar-theme-light wp-block-acf-banner\" data-scroll-container>\n\t\t\t<figure class=\"banner__bg\">\n\t\t\t<img loading=\"lazy\" decoding=\"async\" width=\"2048\" height=\"956\" src=\"https:\/\/vindr.eu\/wp-content\/uploads\/2023\/11\/2020-11-27-10-10-56-scaled.jpg\" class=\"attachment-full size-full\" alt=\"\" srcset=\"https:\/\/vindr.eu\/wp-content\/uploads\/2023\/11\/2020-11-27-10-10-56-scaled.jpg 2048w, https:\/\/vindr.eu\/wp-content\/uploads\/2023\/11\/2020-11-27-10-10-56-300x140.jpg 300w, https:\/\/vindr.eu\/wp-content\/uploads\/2023\/11\/2020-11-27-10-10-56-768x359.jpg 768w, https:\/\/vindr.eu\/wp-content\/uploads\/2023\/11\/2020-11-27-10-10-56-1024x478.jpg 1024w, https:\/\/vindr.eu\/wp-content\/uploads\/2023\/11\/2020-11-27-10-10-56-1536x717.jpg 1536w, https:\/\/vindr.eu\/wp-content\/uploads\/2023\/11\/2020-11-27-10-10-56-502x234.jpg 502w, https:\/\/vindr.eu\/wp-content\/uploads\/2023\/11\/2020-11-27-10-10-56-1600x747.jpg 1600w\" sizes=\"auto, (max-width: 2048px) 100vw, 2048px\" \/>\t\t<\/figure>\n\t\t<div class=\"block-section-wrapper element-width--content\" data-scroll data-scroll-call=\"vindrOnBannerScroll\">\n\t\t<div class=\"banner__content\">\n\t\t\t\t\t\t\t<h2 class=\"heading-size-large\">V\u00f5ta meiega \u00fchendust!<\/h2>\n\t\t\t\t<div class=\"text-size-medium\">\n\t\t\t\t\t\t\t\t\t\t\t\t\t<\/div>\n\t\t\t\t\t\t<a href=\"https:\/\/vindr.eu\/et\/kontakt\/\" id=\"\" class=\"stm-button--has-title stm-button stm-button--type-default stm-button-light\"  target=\"_self\" title=\"\"> <span class=\"text\">Loe lisa<\/span>  <\/a>\t\t<\/div>\n\t<\/div>\n<\/section>\n","protected":false},"excerpt":{"rendered":"","protected":false},"author":1,"featured_media":0,"parent":887,"menu_order":0,"comment_status":"closed","ping_status":"closed","template":"","meta":{"_acf_changed":false,"inline_featured_image":false,"footnotes":""},"class_list":["post-897","page","type-page","status-publish","hentry"],"acf":[],"_links":{"self":[{"href":"https:\/\/vindr.eu\/et\/wp-json\/wp\/v2\/pages\/897","targetHints":{"allow":["GET"]}}],"collection":[{"href":"https:\/\/vindr.eu\/et\/wp-json\/wp\/v2\/pages"}],"about":[{"href":"https:\/\/vindr.eu\/et\/wp-json\/wp\/v2\/types\/page"}],"author":[{"embeddable":true,"href":"https:\/\/vindr.eu\/et\/wp-json\/wp\/v2\/users\/1"}],"replies":[{"embeddable":true,"href":"https:\/\/vindr.eu\/et\/wp-json\/wp\/v2\/comments?post=897"}],"version-history":[{"count":0,"href":"https:\/\/vindr.eu\/et\/wp-json\/wp\/v2\/pages\/897\/revisions"}],"up":[{"embeddable":true,"href":"https:\/\/vindr.eu\/et\/wp-json\/wp\/v2\/pages\/887"}],"wp:attachment":[{"href":"https:\/\/vindr.eu\/et\/wp-json\/wp\/v2\/media?parent=897"}],"curies":[{"name":"wp","href":"https:\/\/api.w.org\/{rel}","templated":true}]}}