{"id":887,"date":"2023-10-05T14:47:07","date_gmt":"2023-10-05T14:47:07","guid":{"rendered":"https:\/\/vindr.wpenginepowered.com\/?page_id=887"},"modified":"2026-03-30T13:00:18","modified_gmt":"2026-03-30T13:00:18","slug":"meist","status":"publish","type":"page","link":"https:\/\/vindr.eu\/et\/meist\/","title":{"rendered":"Meist"},"content":{"rendered":"\n<section id=\"acf-hero-subpage-block_c9e15213734038a08edf43b50d64ec03\"class=\"block-section hero-subpage has-background waiting-to-animate show-top-bar-theme-light-dark wp-block-acf-hero-subpage\">\n\t<figure class=\"hero-subpage__bg\">\n\t\t<img loading=\"lazy\" decoding=\"async\" width=\"2048\" height=\"1151\" src=\"https:\/\/vindr.eu\/wp-content\/uploads\/2023\/11\/Bjorkvattnet-BG-1-1-scaled.jpg\" class=\"attachment-full size-full\" alt=\"\" sizes=\"auto, (max-width: 999px) 100vw, 60vw\" srcset=\"https:\/\/vindr.eu\/wp-content\/uploads\/2023\/11\/Bjorkvattnet-BG-1-1-scaled.jpg 2048w, https:\/\/vindr.eu\/wp-content\/uploads\/2023\/11\/Bjorkvattnet-BG-1-1-300x169.jpg 300w, https:\/\/vindr.eu\/wp-content\/uploads\/2023\/11\/Bjorkvattnet-BG-1-1-768x432.jpg 768w, https:\/\/vindr.eu\/wp-content\/uploads\/2023\/11\/Bjorkvattnet-BG-1-1-1024x576.jpg 1024w, https:\/\/vindr.eu\/wp-content\/uploads\/2023\/11\/Bjorkvattnet-BG-1-1-1536x863.jpg 1536w, https:\/\/vindr.eu\/wp-content\/uploads\/2023\/11\/Bjorkvattnet-BG-1-1-502x282.jpg 502w, https:\/\/vindr.eu\/wp-content\/uploads\/2023\/11\/Bjorkvattnet-BG-1-1-1423x800.jpg 1423w\" \/>\t<\/figure>\n\t<div class=\"block-section-wrapper element-width--full\">\n\t\t<div class=\"hero-subpage__content\">\n\t\t\t\t\t\t\t<h1 class=\"hero-subpage__title heading-size-large\">Meist<\/h1>\n\t\t\t\t\t\t\t\t\t\t<div class=\"text-size-medium\">\n\t\t\t\t\t<p>Vindr on pikaajalise visiooniga ettev\u00f5te, mis investeerib kogu taastuvenergialahenduste v\u00e4\u00e4rtusahelasse, h\u00f5lmates elektritootmise arendamist, ehitamist ja opereerimist.<\/p>\n\t\t\t\t<\/div>\n\t\t\t\t\t<\/div>\n\t<\/div>\n<\/section>\n\n\n\n<section id=\"acf-text-column-single-block_e6271868c0715b8ebb2e5466cc4d00ef\"class=\"block-section text-column-single text-based-block show-top-bar-theme-dark wp-block-acf-text-column-single\">\n\t<div class=\"block-section-wrapper element-width--wide\">\n\t\t<div class=\"text-column-single__content use-copy-text-styles\">\n\t\t\t\t\t\t\t<h1 class=\"heading-size-normal\">Vindr<\/h1>\n\t\t\t\t\t\t<p>Meie eesm\u00e4rk on kindlustada oma positsioon P\u00f5hjamaade juhtiva taastuvenergiatootjana, rakendades uusimat tehnoloogiat energia varustuskindluse tagamiseks. Oleme p\u00fchendunud kogu arendusprojekti eluts\u00fcklile \u2013 alates ehitusest ja arendamisest kuni opereerimiseni. Meie strateegia keskendub kohalikele sidusr\u00fchmadele ja positiivse m\u00f5ju loomisele kogukondades. Arendusprojektid asuvad tarbijatele l\u00e4hemal, v\u00e4hendades keskkonnam\u00f5ju ja aidates kaitsta loodust.<\/p>\n\t\t<\/div>\n\t<\/div>\n<\/section>\n\n\n\n<section  id=\"acf-video-block_6309c44fd974ff200915e6b8caaef3c1\"class=\"block-section video has-plyr-video-player  full-width-video has-background no-padding show-top-bar-theme-dark wp-block-acf-video\">\n\t<img loading=\"lazy\" decoding=\"async\" width=\"2048\" height=\"1365\" src=\"https:\/\/vindr.eu\/wp-content\/uploads\/2024\/01\/Winter_turbines_bigfile-scaled.jpg\" class=\"attachment-full size-full\" alt=\"\" srcset=\"https:\/\/vindr.eu\/wp-content\/uploads\/2024\/01\/Winter_turbines_bigfile-scaled.jpg 2048w, https:\/\/vindr.eu\/wp-content\/uploads\/2024\/01\/Winter_turbines_bigfile-300x200.jpg 300w, https:\/\/vindr.eu\/wp-content\/uploads\/2024\/01\/Winter_turbines_bigfile-1024x683.jpg 1024w, https:\/\/vindr.eu\/wp-content\/uploads\/2024\/01\/Winter_turbines_bigfile-768x512.jpg 768w, https:\/\/vindr.eu\/wp-content\/uploads\/2024\/01\/Winter_turbines_bigfile-1536x1024.jpg 1536w, https:\/\/vindr.eu\/wp-content\/uploads\/2024\/01\/Winter_turbines_bigfile-502x335.jpg 502w\" sizes=\"auto, (max-width: 2048px) 100vw, 2048px\" \/>\t<button id=\"video-play-block_6309c44fd974ff200915e6b8caaef3c1\" class=\"play\" aria-controls=\"video-overlay-block_6309c44fd974ff200915e6b8caaef3c1\" data-target-overlay=\"video-overlay-block_6309c44fd974ff200915e6b8caaef3c1\" aria-expanded=\"false\">\n\t\t<span class=\"screen-reader-text\">Play<\/span>\n\t<\/button>\n\t<div id=\"video-overlay-block_6309c44fd974ff200915e6b8caaef3c1\" class=\"plyr-video-overlay\" aria-hidden=\"true\" aria-controlledby=\"video-play-block_6309c44fd974ff200915e6b8caaef3c1\">\n\t\t<div class=\"plyr-video-wrapper\">\n\t\t\t<button class=\"close\" data-play-button-id=\"video-play-block_6309c44fd974ff200915e6b8caaef3c1\">\n\t\t\t\t<span class=\"screen-reader-text\">Play<\/span>\n\t\t\t\t<i class=\"icon-close\"><\/i>\n\t\t\t<\/button>\n\n\t\t\t<video class=\"plyr-player\" id=\"69e626325f573\"><\/video>\t\t\t\n<div class=\"cookieconsent-optout-text\">\n\t<p>A video was hidden because it requires all cookie categories to be accepted to view. Please <a href=\"javascript:Cookiebot.renew()\">click here<\/a> to update your cookie preferences to watch this video.<\/p>\n<\/div>\t\t<\/div>\n\t<\/div>\n<\/section>\n\n\n\n<section id=\"acf-featured-text-block_ee56857f27544f2a54267c4733db0290\"class=\"block-section featured-text text-based-block show-top-bar-theme-dark wp-block-acf-featured-text\">\n\t<div class=\"block-section-wrapper element-width--content\">\n\t\t<div class=\"text\">\n\t\t\t<p>Vindri ambitsioon on <strong>saada P\u00f5hja-Euroopa taastuvenergeetika teerajajaks,<\/strong> pakkudes piirkonnale vajaliku energia varustuskindluse t\u00e4nu moodsaimale tehnoloogiale ja positiivsetele algatustele kohalikes kogukondades<\/p>\n\t\t\t\t\t<\/div>\n\t<\/div>\n<\/section>\n\n\n\n<section id=\"acf-text-media-block_11e0e6fefdb236edc4b6fc5f0bfa3ca5\"class=\"block-section text-media image-align-left show-top-bar-theme-dark wp-block-acf-text-media has-background has-light-blue-background-color\">\n\t<div class=\"block-section-wrapper element-width--wide\">\n\t\t<div class=\"text-media__image\">\n\t\t\t<figure class=\"text-media__image-inner\">\n\t\t\t\t<img loading=\"lazy\" decoding=\"async\" width=\"2048\" height=\"1365\" src=\"https:\/\/vindr.eu\/wp-content\/uploads\/2023\/11\/Board_landscape-scaled.jpg\" class=\"attachment-full size-full\" alt=\"\" srcset=\"https:\/\/vindr.eu\/wp-content\/uploads\/2023\/11\/Board_landscape-scaled.jpg 2048w, https:\/\/vindr.eu\/wp-content\/uploads\/2023\/11\/Board_landscape-300x200.jpg 300w, https:\/\/vindr.eu\/wp-content\/uploads\/2023\/11\/Board_landscape-1024x683.jpg 1024w, https:\/\/vindr.eu\/wp-content\/uploads\/2023\/11\/Board_landscape-768x512.jpg 768w, https:\/\/vindr.eu\/wp-content\/uploads\/2023\/11\/Board_landscape-1536x1024.jpg 1536w, https:\/\/vindr.eu\/wp-content\/uploads\/2023\/11\/Board_landscape-502x335.jpg 502w\" sizes=\"auto, (max-width: 2048px) 100vw, 2048px\" \/>\t\t\t<\/figure>\n\t\t<\/div>\n\t\t<div class=\"text-media__content use-copy-text-styles\">\n\t\t\t\t\t\t\t<h1 class=\"title\">Tuulepargid<\/h1>\n\t\t\t\t\t\t<p>Vindri arendatavad tuulepargid aitavad kindlustada P\u00f5hjamaade ja Balti riikide energiajulgeolekut. Meie taastuvenergia portfellis on Norras, Rootsis, L\u00e4tis ja Eestis arendamisel ja kavandamisel tuulepargid, mille koguv\u00f5imsus ulatub 2.1GW-ni. Need projektid v\u00f5imaldavad toota rohelist energiat.<\/p>\n\t\t\t<a href=\"https:\/\/vindr.eu\/et\/meist\/tuulepargid\/\" id=\"\" class=\"stm-button--has-title stm-button stm-button--type-default\"  target=\"_self\" title=\"\"> <span class=\"text\">Tuulepargid<\/span>  <\/a>\t\t<\/div>\n\t<\/div>\n<\/section>\n\n\n\n<section id=\"acf-text-media-block_2cc7fa0e9bb0e21078d6ed887a3c400e\"class=\"block-section text-media image-align-right show-top-bar-theme-dark wp-block-acf-text-media has-background has-light-blue-background-color\">\n\t<div class=\"block-section-wrapper element-width--wide\">\n\t\t<div class=\"text-media__image\">\n\t\t\t<figure class=\"text-media__image-inner\">\n\t\t\t\t<img loading=\"lazy\" decoding=\"async\" width=\"1638\" height=\"2048\" src=\"https:\/\/vindr.eu\/wp-content\/uploads\/2023\/11\/Jan-Olav-Oderud-portrait-scaled.jpg\" class=\"attachment-full size-full\" alt=\"\" srcset=\"https:\/\/vindr.eu\/wp-content\/uploads\/2023\/11\/Jan-Olav-Oderud-portrait-scaled.jpg 1638w, https:\/\/vindr.eu\/wp-content\/uploads\/2023\/11\/Jan-Olav-Oderud-portrait-240x300.jpg 240w, https:\/\/vindr.eu\/wp-content\/uploads\/2023\/11\/Jan-Olav-Oderud-portrait-768x960.jpg 768w, https:\/\/vindr.eu\/wp-content\/uploads\/2023\/11\/Jan-Olav-Oderud-portrait-819x1024.jpg 819w, https:\/\/vindr.eu\/wp-content\/uploads\/2023\/11\/Jan-Olav-Oderud-portrait-1229x1536.jpg 1229w, https:\/\/vindr.eu\/wp-content\/uploads\/2023\/11\/Jan-Olav-Oderud-portrait-301x376.jpg 301w, https:\/\/vindr.eu\/wp-content\/uploads\/2023\/11\/Jan-Olav-Oderud-portrait-640x800.jpg 640w, https:\/\/vindr.eu\/wp-content\/uploads\/2023\/11\/Jan-Olav-Oderud-portrait-1152x1440.jpg 1152w\" sizes=\"auto, (max-width: 1638px) 100vw, 1638px\" \/>\t\t\t<\/figure>\n\t\t<\/div>\n\t\t<div class=\"text-media__content use-copy-text-styles\">\n\t\t\t\t\t\t\t<h1 class=\"title\">Asutajad<\/h1>\n\t\t\t\t\t\t<p>Vindr asutati 2019. aastal eesm\u00e4rgiga arendada tuuleenergiaprojekte Norras ja Rootsis, hiljem laienedes teistesse P\u00f5hjala ja Balti riikidesse. Meie teekonna aluseks on pikaaegse taastuvenergeetika kogemusega asutajate visioon saada P\u00f5hja-Euroopa taastuvenergeetika teerajajaks.<\/p>\n\t\t\t<a href=\"https:\/\/vindr.eu\/et\/meist\/asutajad\/\" id=\"\" class=\"stm-button--has-title stm-button stm-button--type-default\"  target=\"_self\" title=\"\"> <span class=\"text\">Asutajad<\/span>  <\/a>\t\t<\/div>\n\t<\/div>\n<\/section>\n\n\n\n<section id=\"acf-text-media-block_afb4b96bc029c393c65ac5f4d0f00230\"class=\"block-section text-media image-align-left show-top-bar-theme-dark wp-block-acf-text-media has-background has-white-background-color\">\n\t<div class=\"block-section-wrapper element-width--wide\">\n\t\t<div class=\"text-media__image\">\n\t\t\t<figure class=\"text-media__image-inner\">\n\t\t\t\t<img loading=\"lazy\" decoding=\"async\" width=\"1920\" height=\"1080\" src=\"https:\/\/vindr.eu\/wp-content\/uploads\/2023\/11\/video-still-owners-compressed.jpg\" class=\"attachment-full size-full\" alt=\"\" srcset=\"https:\/\/vindr.eu\/wp-content\/uploads\/2023\/11\/video-still-owners-compressed.jpg 1920w, https:\/\/vindr.eu\/wp-content\/uploads\/2023\/11\/video-still-owners-compressed-300x169.jpg 300w, https:\/\/vindr.eu\/wp-content\/uploads\/2023\/11\/video-still-owners-compressed-1024x576.jpg 1024w, https:\/\/vindr.eu\/wp-content\/uploads\/2023\/11\/video-still-owners-compressed-768x432.jpg 768w, https:\/\/vindr.eu\/wp-content\/uploads\/2023\/11\/video-still-owners-compressed-1536x864.jpg 1536w, https:\/\/vindr.eu\/wp-content\/uploads\/2023\/11\/video-still-owners-compressed-502x282.jpg 502w\" sizes=\"auto, (max-width: 1920px) 100vw, 1920px\" \/>\t\t\t<\/figure>\n\t\t<\/div>\n\t\t<div class=\"text-media__content use-copy-text-styles\">\n\t\t\t\t\t\t\t<h1 class=\"title\">Omanikud<\/h1>\n\t\t\t\t\t\t<p>Oma eesm\u00e4rkide saavutamiseks otsisime enda k\u00f5rvale investoreid, keda saadaks nii tehnoloogiline kompetents, s\u00fcgavad teadmised piirkonna kultuurilistest erip\u00e4radest. Nende ootuste pinnalt s\u00fcndis koost\u00f6\u00f6 Euroopa taristuinvestori <strong>InfraVia fondiga,<\/strong> kelle v\u00e4\u00e4rtused kattuvad meie omadega, et \u00fchiselt edasi liikuda ja toetada P\u00f5hjala energiaalase \u00fclemineku saavutamist.<\/p>\n\t\t\t<a href=\"https:\/\/vindr.eu\/et\/meist\/omanikud\/\" id=\"\" class=\"stm-button--has-title stm-button stm-button--type-default\"  target=\"_self\" title=\"\"> <span class=\"text\">Omanikud<\/span>  <\/a>\t\t<\/div>\n\t<\/div>\n<\/section>\n\n\n\n<section id=\"acf-text-media-block_91406c41b7a74b7ed9d646c01c64a509\"class=\"block-section text-media image-align-right show-top-bar-theme-dark wp-block-acf-text-media has-background has-white-background-color\">\n\t<div class=\"block-section-wrapper element-width--wide\">\n\t\t<div class=\"text-media__image\">\n\t\t\t<figure class=\"text-media__image-inner\">\n\t\t\t\t<img loading=\"lazy\" decoding=\"async\" width=\"2048\" height=\"1422\" src=\"https:\/\/vindr.eu\/wp-content\/uploads\/2024\/10\/board-group_color-2-scaled.jpg\" class=\"attachment-full size-full\" alt=\"\" srcset=\"https:\/\/vindr.eu\/wp-content\/uploads\/2024\/10\/board-group_color-2-scaled.jpg 2048w, https:\/\/vindr.eu\/wp-content\/uploads\/2024\/10\/board-group_color-2-300x208.jpg 300w, https:\/\/vindr.eu\/wp-content\/uploads\/2024\/10\/board-group_color-2-1024x711.jpg 1024w, https:\/\/vindr.eu\/wp-content\/uploads\/2024\/10\/board-group_color-2-768x533.jpg 768w, https:\/\/vindr.eu\/wp-content\/uploads\/2024\/10\/board-group_color-2-1536x1067.jpg 1536w, https:\/\/vindr.eu\/wp-content\/uploads\/2024\/10\/board-group_color-2-502x349.jpg 502w\" sizes=\"auto, (max-width: 2048px) 100vw, 2048px\" \/>\t\t\t<\/figure>\n\t\t<\/div>\n\t\t<div class=\"text-media__content use-copy-text-styles\">\n\t\t\t\t\t\t\t<h1 class=\"title\">N\u00f5ukogu<\/h1>\n\t\t\t\t\t\t<p>Meie juhatus koosneb kogenud juhtidest, kellel on palju kogemusi taastuvenergia, infrastruktuuri ja \u00e4riarenduse valdkonnas. Oma strateegilise visiooni ja p\u00fchendumusega juhivad nad Vindr&#8217;i missiooni, <span data-teams=\"true\">et edendada taastuvenergiale \u00fcleminekut ja tagada stabiilne energiamajandus tulevastele p\u00f5lvkondadele.<\/span><\/p>\n\t\t\t<a href=\"https:\/\/vindr.eu\/et\/meist\/noukogu\/\" id=\"\" class=\"stm-button--has-title stm-button stm-button--type-default\"  target=\"_self\" title=\"\"> <span class=\"text\">N\u00f5ukogu<\/span>  <\/a>\t\t<\/div>\n\t<\/div>\n<\/section>\n\n\n\n<section id=\"acf-banner-block_66992cd651cfc390cf1b057878afabdc\"class=\"block-section banner has-background has-title show-top-bar-theme-light wp-block-acf-banner\" data-scroll-container>\n\t\t\t<figure class=\"banner__bg\">\n\t\t\t<img loading=\"lazy\" decoding=\"async\" width=\"2048\" height=\"770\" src=\"https:\/\/vindr.eu\/wp-content\/uploads\/2025\/01\/Group-photo-inside-scaled-e1774875564296.jpg\" class=\"attachment-full size-full\" alt=\"\" srcset=\"https:\/\/vindr.eu\/wp-content\/uploads\/2025\/01\/Group-photo-inside-scaled-e1774875564296.jpg 2048w, https:\/\/vindr.eu\/wp-content\/uploads\/2025\/01\/Group-photo-inside-scaled-e1774875564296-300x113.jpg 300w, https:\/\/vindr.eu\/wp-content\/uploads\/2025\/01\/Group-photo-inside-scaled-e1774875564296-1024x385.jpg 1024w, https:\/\/vindr.eu\/wp-content\/uploads\/2025\/01\/Group-photo-inside-scaled-e1774875564296-768x289.jpg 768w, https:\/\/vindr.eu\/wp-content\/uploads\/2025\/01\/Group-photo-inside-scaled-e1774875564296-1536x578.jpg 1536w, https:\/\/vindr.eu\/wp-content\/uploads\/2025\/01\/Group-photo-inside-scaled-e1774875564296-502x189.jpg 502w, https:\/\/vindr.eu\/wp-content\/uploads\/2025\/01\/Group-photo-inside-scaled-e1774875564296-1600x602.jpg 1600w\" sizes=\"auto, (max-width: 2048px) 100vw, 2048px\" \/>\t\t<\/figure>\n\t\t<div class=\"block-section-wrapper element-width--content\" data-scroll data-scroll-call=\"vindrOnBannerScroll\">\n\t\t<div class=\"banner__content\">\n\t\t\t\t\t\t\t<h2 class=\"heading-size-large\">T\u00f6\u00f6tajad<\/h2>\n\t\t\t\t<div class=\"text-size-medium\">\n\t\t\t\t\t\t<p>Meie <strong>ambitsioonikas ja kogenud meeskond<\/strong> arendab projekte, mille keskkonnam\u00f5ju on minimaalne, mis panustavad kohalike kogukondade heaolusse ning kaasavad sidusr\u00fchmi avatult ning heade tavade kohaselt.<\/p>\n\t\t\t\t\t\t\t<\/div>\n\t\t\t\t\t\t<a href=\"https:\/\/vindr.eu\/et\/meeskond\/\" id=\"\" class=\"stm-button--has-title stm-button stm-button--type-default stm-button-light\"  target=\"_self\" title=\"\"> <span class=\"text\">Loe lisa<\/span>  <\/a>\t\t<\/div>\n\t<\/div>\n<\/section>\n\n\n\n<section id=\"acf-text-media-block_5226e17bebb923d375b460e22f2507dd\"class=\"block-section text-media image-align-right show-top-bar-theme-dark wp-block-acf-text-media\">\n\t<div class=\"block-section-wrapper element-width--wide\">\n\t\t<div class=\"text-media__image\">\n\t\t\t<figure class=\"text-media__image-inner\">\n\t\t\t\t<img loading=\"lazy\" decoding=\"async\" width=\"2048\" height=\"1365\" src=\"https:\/\/vindr.eu\/wp-content\/uploads\/2024\/10\/iStock-978590722-scaled.jpg\" class=\"attachment-full size-full\" alt=\"\" srcset=\"https:\/\/vindr.eu\/wp-content\/uploads\/2024\/10\/iStock-978590722-scaled.jpg 2048w, https:\/\/vindr.eu\/wp-content\/uploads\/2024\/10\/iStock-978590722-300x200.jpg 300w, https:\/\/vindr.eu\/wp-content\/uploads\/2024\/10\/iStock-978590722-1024x683.jpg 1024w, https:\/\/vindr.eu\/wp-content\/uploads\/2024\/10\/iStock-978590722-768x512.jpg 768w, https:\/\/vindr.eu\/wp-content\/uploads\/2024\/10\/iStock-978590722-1536x1024.jpg 1536w, https:\/\/vindr.eu\/wp-content\/uploads\/2024\/10\/iStock-978590722-502x335.jpg 502w\" sizes=\"auto, (max-width: 2048px) 100vw, 2048px\" \/>\t\t\t<\/figure>\n\t\t<\/div>\n\t\t<div class=\"text-media__content use-copy-text-styles\">\n\t\t\t\t\t\t\t<h1 class=\"title\">KKK<\/h1>\n\t\t\t\t\t\t<p>Siit leiate vastused sageli esitatud k\u00fcsimustele Vindri, projekti t\u00e4htaegade, kohaliku kasu, tuule- ja p\u00e4ikeseenergia, bioloogilise mitmekesisuse ja looduskeskkonna kohta meie projektipiirkondades.<\/p>\n\t\t\t<a href=\"https:\/\/vindr.eu\/et\/meist\/kkk\/\" id=\"\" class=\"stm-button--has-title stm-button stm-button--type-default\"  target=\"_self\" title=\"\"> <span class=\"text\">KKK<\/span>  <\/a>\t\t<\/div>\n\t<\/div>\n<\/section>\n\n\n\n<section id=\"acf-text-media-block_a2ef07e9754f50ceaa0a747d5a8e8d2c\"class=\"block-section text-media image-align-left show-top-bar-theme-dark wp-block-acf-text-media has-background has-light-blue-background-color\">\n\t<div class=\"block-section-wrapper element-width--wide\">\n\t\t<div class=\"text-media__image\">\n\t\t\t<figure class=\"text-media__image-inner\">\n\t\t\t\t<img loading=\"lazy\" decoding=\"async\" width=\"2048\" height=\"1365\" src=\"https:\/\/vindr.eu\/wp-content\/uploads\/2023\/11\/DJI_0040-scaled.jpg\" class=\"attachment-full size-full\" alt=\"\" srcset=\"https:\/\/vindr.eu\/wp-content\/uploads\/2023\/11\/DJI_0040-scaled.jpg 2048w, https:\/\/vindr.eu\/wp-content\/uploads\/2023\/11\/DJI_0040-300x200.jpg 300w, https:\/\/vindr.eu\/wp-content\/uploads\/2023\/11\/DJI_0040-768x512.jpg 768w, https:\/\/vindr.eu\/wp-content\/uploads\/2023\/11\/DJI_0040-1024x683.jpg 1024w, https:\/\/vindr.eu\/wp-content\/uploads\/2023\/11\/DJI_0040-1536x1024.jpg 1536w, https:\/\/vindr.eu\/wp-content\/uploads\/2023\/11\/DJI_0040-502x335.jpg 502w, https:\/\/vindr.eu\/wp-content\/uploads\/2023\/11\/DJI_0040-1200x800.jpg 1200w\" sizes=\"auto, (max-width: 2048px) 100vw, 2048px\" \/>\t\t\t<\/figure>\n\t\t<\/div>\n\t\t<div class=\"text-media__content use-copy-text-styles\">\n\t\t\t\t\t\t\t<h1 class=\"title\">Bj\u00f6rkvattnet tuulepark<\/h1>\n\t\t\t\t\t\t<p>Bjorkvattneti tuulepark on InfraVia omanduses olev 175 MW v\u00f5imsusega elektrijaam. See asub J\u00e4mtlandis, Rootsis. Jaam koosneb 33 tuuleturbiinist ja valmis 2023. aastal. Jaama toodanguga saab varustada puhta energiaga 175 000 majapidamist ning see aitab igal aastal v\u00e4hendada kasvuhoonegaaside heitkoguseid 215 000 tonni v\u00f5rra.<\/p>\n\t\t\t<a href=\"https:\/\/vindr.eu\/et\/bjorkvattneti-tuulepark\/\" id=\"\" class=\"stm-button--has-title stm-button stm-button--type-default\"  target=\"_self\" title=\"\"> <span class=\"text\">Bj\u00f6r\u00ad\u00adkva\u00adt\u00adtn\u00adeti tuulepark<\/span>  <\/a>\t\t<\/div>\n\t<\/div>\n<\/section>\n\n\n\n<section id=\"acf-banner-block_3f198c1e748d004b1ffafef91c8fec56\"class=\"block-section banner has-background show-top-bar-theme-light wp-block-acf-banner\" data-scroll-container>\n\t\t\t<figure class=\"banner__bg\">\n\t\t\t<img loading=\"lazy\" decoding=\"async\" width=\"2048\" height=\"1021\" src=\"https:\/\/vindr.eu\/wp-content\/uploads\/2023\/11\/darya-tryfanava-Ex0-3iL_-t0-unsplash-scaled.jpg\" class=\"attachment-full size-full\" alt=\"\" srcset=\"https:\/\/vindr.eu\/wp-content\/uploads\/2023\/11\/darya-tryfanava-Ex0-3iL_-t0-unsplash-scaled.jpg 2048w, https:\/\/vindr.eu\/wp-content\/uploads\/2023\/11\/darya-tryfanava-Ex0-3iL_-t0-unsplash-1024x510.jpg 1024w, https:\/\/vindr.eu\/wp-content\/uploads\/2023\/11\/darya-tryfanava-Ex0-3iL_-t0-unsplash-1536x765.jpg 1536w, https:\/\/vindr.eu\/wp-content\/uploads\/2023\/11\/darya-tryfanava-Ex0-3iL_-t0-unsplash-1600x797.jpg 1600w, https:\/\/vindr.eu\/wp-content\/uploads\/2023\/11\/darya-tryfanava-Ex0-3iL_-t0-unsplash-300x150.jpg 300w, https:\/\/vindr.eu\/wp-content\/uploads\/2023\/11\/darya-tryfanava-Ex0-3iL_-t0-unsplash-768x383.jpg 768w, https:\/\/vindr.eu\/wp-content\/uploads\/2023\/11\/darya-tryfanava-Ex0-3iL_-t0-unsplash-502x250.jpg 502w\" sizes=\"auto, (max-width: 2048px) 100vw, 2048px\" \/>\t\t<\/figure>\n\t\t<div class=\"block-section-wrapper element-width--content\" data-scroll data-scroll-call=\"vindrOnBannerScroll\">\n\t\t<div class=\"banner__content\">\n\t\t\t\t\t\t<p class=\"heading-size-large\">\u00c4ra oota, v\u00f5ta meiega \u00fchendust!<\/p>\n\t\t\t\t\t\t<a href=\"https:\/\/vindr.eu\/et\/kontakt\/\" id=\"\" class=\"stm-button--has-title stm-button stm-button--type-default stm-button-light\"  target=\"_self\" title=\"\"> <span class=\"text\">V\u00f5ta \u00fchendust<\/span>  <\/a>\t\t<\/div>\n\t<\/div>\n<\/section>\n","protected":false},"excerpt":{"rendered":"","protected":false},"author":1,"featured_media":0,"parent":0,"menu_order":4,"comment_status":"closed","ping_status":"closed","template":"","meta":{"_acf_changed":false,"inline_featured_image":false,"footnotes":""},"class_list":["post-887","page","type-page","status-publish","hentry"],"acf":[],"_links":{"self":[{"href":"https:\/\/vindr.eu\/et\/wp-json\/wp\/v2\/pages\/887","targetHints":{"allow":["GET"]}}],"collection":[{"href":"https:\/\/vindr.eu\/et\/wp-json\/wp\/v2\/pages"}],"about":[{"href":"https:\/\/vindr.eu\/et\/wp-json\/wp\/v2\/types\/page"}],"author":[{"embeddable":true,"href":"https:\/\/vindr.eu\/et\/wp-json\/wp\/v2\/users\/1"}],"replies":[{"embeddable":true,"href":"https:\/\/vindr.eu\/et\/wp-json\/wp\/v2\/comments?post=887"}],"version-history":[{"count":3,"href":"https:\/\/vindr.eu\/et\/wp-json\/wp\/v2\/pages\/887\/revisions"}],"predecessor-version":[{"id":8371,"href":"https:\/\/vindr.eu\/et\/wp-json\/wp\/v2\/pages\/887\/revisions\/8371"}],"wp:attachment":[{"href":"https:\/\/vindr.eu\/et\/wp-json\/wp\/v2\/media?parent=887"}],"curies":[{"name":"wp","href":"https:\/\/api.w.org\/{rel}","templated":true}]}}