{"id":879,"date":"2023-10-24T17:14:48","date_gmt":"2023-10-24T17:14:48","guid":{"rendered":"https:\/\/vindr.wpenginepowered.com\/?page_id=879"},"modified":"2026-03-30T13:12:40","modified_gmt":"2026-03-30T13:12:40","slug":"esg","status":"publish","type":"page","link":"https:\/\/vindr.eu\/et\/meie-tegutsemispohimotted\/esg\/","title":{"rendered":"Kestlikkus"},"content":{"rendered":"\n<section id=\"acf-hero-text-block_f14ba5fa7e1eb6946d30ab2dea15f333\"class=\"block-section hero-text show-top-bar-theme-dark wp-block-acf-hero-text\">\n    <div class=\"element-width--content\">\n\n    <div class=\"hero-text-wrapper\">\n        <h2 class=\"hero-title\"> Kestlikkus <\/h2>\n        <h4 class=\"hero-subtitle\"> Panustame taastuvenergiasse ja v\u00f5tame k\u00f5iges, mida teeme, vastutuse inimeste, looduse ja kohalike kogukondade eest. <\/h4>\n    <\/div>\n\n    <\/div>\n<\/section>\n\n\n\n<section id=\"acf-image-block_325e6367e000a01a3091769872eecd83\"class=\"block-section image  rounded-corners show-top-bar-theme-dark wp-block-acf-image\">\n            <div class=\"block-section-wrapper \">\n            <img decoding=\"async\" src=\"https:\/\/vindr.eu\/wp-content\/uploads\/2025\/12\/iStock-1299887977.jpg\" alt=\" A female hand touching the ocean water in front of a beautful sunset during summer time.\" class=\" rounded-corners\">\n        <\/div>\n    <\/section>\n\n\n\n<section id=\"acf-text-media-block_4e7cd73e74fc024323775067f0a00e15\"class=\"block-section text-media image-align-left show-top-bar-theme-dark wp-block-acf-text-media has-background has-light-blue-background-color\">\n\t<div class=\"block-section-wrapper element-width--wide\">\n\t\t<div class=\"text-media__image\">\n\t\t\t<figure class=\"text-media__image-inner\">\n\t\t\t\t<img loading=\"lazy\" decoding=\"async\" width=\"1365\" height=\"2048\" src=\"https:\/\/vindr.eu\/wp-content\/uploads\/2023\/11\/y-kvam-MArYnJIBAcg-unsplash-scaled.jpg\" class=\"attachment-full size-full\" alt=\"\" srcset=\"https:\/\/vindr.eu\/wp-content\/uploads\/2023\/11\/y-kvam-MArYnJIBAcg-unsplash-scaled.jpg 1365w, https:\/\/vindr.eu\/wp-content\/uploads\/2023\/11\/y-kvam-MArYnJIBAcg-unsplash-200x300.jpg 200w, https:\/\/vindr.eu\/wp-content\/uploads\/2023\/11\/y-kvam-MArYnJIBAcg-unsplash-768x1152.jpg 768w, https:\/\/vindr.eu\/wp-content\/uploads\/2023\/11\/y-kvam-MArYnJIBAcg-unsplash-683x1024.jpg 683w, https:\/\/vindr.eu\/wp-content\/uploads\/2023\/11\/y-kvam-MArYnJIBAcg-unsplash-1024x1536.jpg 1024w, https:\/\/vindr.eu\/wp-content\/uploads\/2023\/11\/y-kvam-MArYnJIBAcg-unsplash-251x376.jpg 251w, https:\/\/vindr.eu\/wp-content\/uploads\/2023\/11\/y-kvam-MArYnJIBAcg-unsplash-533x800.jpg 533w, https:\/\/vindr.eu\/wp-content\/uploads\/2023\/11\/y-kvam-MArYnJIBAcg-unsplash-960x1440.jpg 960w\" sizes=\"auto, (max-width: 1365px) 100vw, 1365px\" \/>\t\t\t<\/figure>\n\t\t<\/div>\n\t\t<div class=\"text-media__content use-copy-text-styles\">\n\t\t\t\t\t\t\t<h1 class=\"title\">Kestlik v\u00e4\u00e4rtusmaailm<\/h1>\n\t\t\t\t\t\t<div class=\"ewa-rteLine\">Vindr on taastuvenergeetika sektori suunan\u00e4itaja, panustades tulevikku suunatud positiivsetesse muutustesse puhta ja tarnekindla elektritootmise arendamise, ehitamise, omamise, opereerimise ja haldamise kaudu.<\/div>\n<div class=\"ewa-rteLine\"><\/div>\n<div class=\"ewa-rteLine\">Energia k\u00e4ttesaadavus on v\u00f5tmet\u00e4htsusega kogukondades, kus tegutseme. Meie visioon on laiendada ligip\u00e4\u00e4su taskukohasele ja taastuvatest allikatest toodetud energiale kogu P\u00f5hjalas, pakkudes puhtaid ja kestlikke lahendusi, mis toetavad nii kohalikku majandust kui ka keskkonda.<\/div>\n<div class=\"ewa-rteLine\"><\/div>\n\t\t\t<a href=\"https:\/\/vindr.eu\/et\/meist\/asutajad\/\" id=\"\" class=\"stm-button--has-title stm-button stm-button--type-default\"  target=\"_self\" title=\"\"> <span class=\"text\">Asutajad<\/span>  <\/a>\t\t<\/div>\n\t<\/div>\n<\/section>\n\n\n\n<section id=\"acf-quote-block_05479556d8c9b32ed92edd0f435b5409\"class=\"block-section quote has-plyr-video-player show-top-bar-theme-dark wp-block-acf-quote\">\n\t<div class=\"block-section-wrapper element-width--content\">\n\t\t<div class=\"blockquotes-wrapper\">\n\t\t\t\t\t\t\t<blockquote id=\"swiper-block_05479556d8c9b32ed92edd0f435b5409-quote-0\" class=\"active\">\n\t\t\t\t\t<p style=\"font-weight: 400\" class=\"text-size-large\">L\u00e4bipaistvus ja vastutus on Vindri jaoks A&amp;O. T\u00e4idame k\u00f5iki sellekohaseid regulatsioone punktuaalse t\u00e4psusega.<\/p>\n<p style=\"font-weight: 400\">Meie ESG-raport ei ole pelgalt sahtlisse kirjutatud dokument. See kajastab meie tegevusi \u00dcRO \u00fclemaailmse kokkuleppe \u2013 millega oleme liitunud \u2013 eesm\u00e4rkide suunas liikudes. Peame oluliseks, et j\u00e4rgime oma \u00e4ritavades \u00fcleilmselt kokku lepitud standardeid fookusvaldkondades: inim\u00f5igused, \u00f5iglane t\u00f6\u00f6j\u00f5upoliitika, keskkonnakaitse, korruptsioonivastane v\u00f5itlus.<\/p>\n<p style=\"font-weight: 400\">Vindri vaatest ei ole j\u00e4tkusuutlikkus pelgalt eesm\u00e4rk, vaid see on meie DNA-sse integreeritud m\u00f5tteviis. Roheline ja j\u00e4tkusuutlik elektritootmine ei pane pelgalt tulesid p\u00f5lema kodudes\/kontorites v\u00f5i masinaid t\u00f6\u00f6le t\u00f6\u00f6stustes, vaid see t\u00f5ukab takka majandusarengut ja positiivseid keskkonnamuutuseid P\u00f5hjalas.<\/p>\n\t\t\t\t\t\t\t\t\t\t\t<cite>\n\t\t\t\t\t\t\t\t\t\t\t\t\t\tElisabeth Falck-Ytter, finantsjuht\t\t\t\t\t\t\t\t\t\t\t\t\t<\/cite>\n\t\t\t\t\t\t\t\t\t<\/blockquote>\n\t\t\t\t\t<\/div>\n\t\t<div id=\"swiper-block_05479556d8c9b32ed92edd0f435b5409\" class=\"quote-media-wrapper swiper-container\">\n\t\t\t<div class=\"swiper-wrapper\">\n\t\t\t\t\t\t\t\t\t<div data-target-quote-id=\"swiper-block_05479556d8c9b32ed92edd0f435b5409-quote-0\" class=\"quote-media swiper-slide swiper-slide-active\">\n\t\t\t\t\t\t\t\t\t\t\t\t\t<img loading=\"lazy\" decoding=\"async\" width=\"1365\" height=\"2048\" src=\"https:\/\/vindr.eu\/wp-content\/uploads\/2025\/01\/Elisabeth-Falck-Ytter-figure-scaled.jpg\" class=\"attachment-full size-full\" alt=\"\" srcset=\"https:\/\/vindr.eu\/wp-content\/uploads\/2025\/01\/Elisabeth-Falck-Ytter-figure-scaled.jpg 1365w, https:\/\/vindr.eu\/wp-content\/uploads\/2025\/01\/Elisabeth-Falck-Ytter-figure-200x300.jpg 200w, https:\/\/vindr.eu\/wp-content\/uploads\/2025\/01\/Elisabeth-Falck-Ytter-figure-682x1024.jpg 682w, https:\/\/vindr.eu\/wp-content\/uploads\/2025\/01\/Elisabeth-Falck-Ytter-figure-768x1152.jpg 768w, https:\/\/vindr.eu\/wp-content\/uploads\/2025\/01\/Elisabeth-Falck-Ytter-figure-1024x1536.jpg 1024w, https:\/\/vindr.eu\/wp-content\/uploads\/2025\/01\/Elisabeth-Falck-Ytter-figure-251x376.jpg 251w\" sizes=\"auto, (max-width: 1365px) 100vw, 1365px\" \/>\t\t\t\t\t\t\t\t\t\t\t<\/div>\n\t\t\t\t\t\t\t<\/div>\n\n\t\t\t\t\t<\/div>\n\t<\/div>\n<\/section>\n\n\n\n<section id=\"acf-text-media-block_f38155e2a741b787d3a34f48805ebf8a\"class=\"block-section text-media image-align-left show-top-bar-theme-dark wp-block-acf-text-media has-background has-light-blue-background-color\">\n\t<div class=\"block-section-wrapper element-width--wide\">\n\t\t<div class=\"text-media__image\">\n\t\t\t<figure class=\"text-media__image-inner\">\n\t\t\t\t<img loading=\"lazy\" decoding=\"async\" width=\"1365\" height=\"2048\" src=\"https:\/\/vindr.eu\/wp-content\/uploads\/2023\/11\/ESG_straw-scaled.jpg\" class=\"attachment-full size-full\" alt=\"\" srcset=\"https:\/\/vindr.eu\/wp-content\/uploads\/2023\/11\/ESG_straw-scaled.jpg 1365w, https:\/\/vindr.eu\/wp-content\/uploads\/2023\/11\/ESG_straw-200x300.jpg 200w, https:\/\/vindr.eu\/wp-content\/uploads\/2023\/11\/ESG_straw-768x1152.jpg 768w, https:\/\/vindr.eu\/wp-content\/uploads\/2023\/11\/ESG_straw-683x1024.jpg 683w, https:\/\/vindr.eu\/wp-content\/uploads\/2023\/11\/ESG_straw-1024x1536.jpg 1024w, https:\/\/vindr.eu\/wp-content\/uploads\/2023\/11\/ESG_straw-251x376.jpg 251w, https:\/\/vindr.eu\/wp-content\/uploads\/2023\/11\/ESG_straw-533x800.jpg 533w, https:\/\/vindr.eu\/wp-content\/uploads\/2023\/11\/ESG_straw-960x1440.jpg 960w\" sizes=\"auto, (max-width: 1365px) 100vw, 1365px\" \/>\t\t\t<\/figure>\n\t\t<\/div>\n\t\t<div class=\"text-media__content use-copy-text-styles\">\n\t\t\t\t\t\t\t<h1 class=\"title\">Keskkond: Valdkonna suunan\u00e4itaja<\/h1>\n\t\t\t\t\t\t<p style=\"font-weight: 400\">Meie taastuvenergeetika projektide keskmes on puhas ja j\u00e4tkusuutlik energiatootmine:<\/p>\n<h2 style=\"font-weight: 400\"><strong>Puhas ja usaldusv\u00e4\u00e4rne elekter kogukondadele:\u00a0<\/strong><\/h2>\n<p style=\"font-weight: 400\">Vindr toodab puhast elektrit, mis toetab kohalikke kogukondi ja aitab v\u00e4hendada CO2 emissioone, edendades \u00fcleminekut taastuvatele energiaallikatele.<\/p>\n<h2 style=\"font-weight: 400\"><strong>Tehnoloogiline kestlikkus:<\/strong><\/h2>\n<p>Kasutame kaasaegset tehnoloogiat, et valida tootmisjaamadele parimad asukohad ja tagada kvaliteetne arendus ning t\u00f5hus toimimine.<\/p>\n\t\t\t\t\t<\/div>\n\t<\/div>\n<\/section>\n\n\n\n<section id=\"acf-text-media-block_fd93d621fd547a99f830f750ae24b8cc\"class=\"block-section text-media image-align-right show-top-bar-theme-dark wp-block-acf-text-media has-background has-white-background-color\">\n\t<div class=\"block-section-wrapper element-width--wide\">\n\t\t<div class=\"text-media__image\">\n\t\t\t<figure class=\"text-media__image-inner\">\n\t\t\t\t<img loading=\"lazy\" decoding=\"async\" width=\"1365\" height=\"2048\" src=\"https:\/\/vindr.eu\/wp-content\/uploads\/2023\/11\/ESG_governance-scaled.jpg\" class=\"attachment-full size-full\" alt=\"\" srcset=\"https:\/\/vindr.eu\/wp-content\/uploads\/2023\/11\/ESG_governance-scaled.jpg 1365w, https:\/\/vindr.eu\/wp-content\/uploads\/2023\/11\/ESG_governance-200x300.jpg 200w, https:\/\/vindr.eu\/wp-content\/uploads\/2023\/11\/ESG_governance-768x1152.jpg 768w, https:\/\/vindr.eu\/wp-content\/uploads\/2023\/11\/ESG_governance-683x1024.jpg 683w, https:\/\/vindr.eu\/wp-content\/uploads\/2023\/11\/ESG_governance-1024x1536.jpg 1024w, https:\/\/vindr.eu\/wp-content\/uploads\/2023\/11\/ESG_governance-251x376.jpg 251w, https:\/\/vindr.eu\/wp-content\/uploads\/2023\/11\/ESG_governance-533x800.jpg 533w, https:\/\/vindr.eu\/wp-content\/uploads\/2023\/11\/ESG_governance-960x1440.jpg 960w\" sizes=\"auto, (max-width: 1365px) 100vw, 1365px\" \/>\t\t\t<\/figure>\n\t\t<\/div>\n\t\t<div class=\"text-media__content use-copy-text-styles\">\n\t\t\t\t\t\t\t<h1 class=\"title\">Sotsiaalne vastutus <\/h1>\n\t\t\t\t\t\t<p style=\"font-weight: 400\">Meie eesm\u00e4rk on olla sektoris esirinnas ja panustada kohalike kogukondade arengusse:<\/p>\n<h2 style=\"font-weight: 400\"><strong>Kohalik kasu:<\/strong><\/h2>\n<p style=\"font-weight: 400\">Toetame kogukondi koolituste, t\u00f6\u00f6tubade ja kohalike ressursside kasutamise kaudu, et meie tegevus tooks t\u00f5elist kasu igale piirkonnale, kus tegutseme.<\/p>\n<h2 style=\"font-weight: 400\"><strong>Puhas elekter kodukohta:<\/strong><\/h2>\n<p style=\"font-weight: 400\">Tahame pakkuda kogukondadele P\u00f5hjalas taskukohast ja taastuvat energiat, mis on toodetud nende oma kodukohas ja k\u00e4ttesaadav neile endile.<\/p>\n\t\t\t\t\t<\/div>\n\t<\/div>\n<\/section>\n\n\n\n<section id=\"acf-text-media-block_966c20314ab79a7b047a1bfd31d5533b\"class=\"block-section text-media image-align-left show-top-bar-theme-dark wp-block-acf-text-media has-background has-light-yellow-background-color\">\n\t<div class=\"block-section-wrapper element-width--wide\">\n\t\t<div class=\"text-media__image\">\n\t\t\t<figure class=\"text-media__image-inner\">\n\t\t\t\t<img loading=\"lazy\" decoding=\"async\" width=\"1638\" height=\"2048\" src=\"https:\/\/vindr.eu\/wp-content\/uploads\/2023\/11\/ESG_turbine-scaled.jpg\" class=\"attachment-full size-full\" alt=\"\" srcset=\"https:\/\/vindr.eu\/wp-content\/uploads\/2023\/11\/ESG_turbine-scaled.jpg 1638w, https:\/\/vindr.eu\/wp-content\/uploads\/2023\/11\/ESG_turbine-240x300.jpg 240w, https:\/\/vindr.eu\/wp-content\/uploads\/2023\/11\/ESG_turbine-768x960.jpg 768w, https:\/\/vindr.eu\/wp-content\/uploads\/2023\/11\/ESG_turbine-819x1024.jpg 819w, https:\/\/vindr.eu\/wp-content\/uploads\/2023\/11\/ESG_turbine-1229x1536.jpg 1229w, https:\/\/vindr.eu\/wp-content\/uploads\/2023\/11\/ESG_turbine-301x376.jpg 301w, https:\/\/vindr.eu\/wp-content\/uploads\/2023\/11\/ESG_turbine-640x800.jpg 640w, https:\/\/vindr.eu\/wp-content\/uploads\/2023\/11\/ESG_turbine-1152x1440.jpg 1152w\" sizes=\"auto, (max-width: 1638px) 100vw, 1638px\" \/>\t\t\t<\/figure>\n\t\t<\/div>\n\t\t<div class=\"text-media__content use-copy-text-styles\">\n\t\t\t\t\t\t\t<h1 class=\"title\">Juhtimine<\/h1>\n\t\t\t\t\t\t<p style=\"font-weight: 400\">Kestlik ja vastutustundlik juhtimine on meie t\u00f6\u00f6 aluseks:<\/p>\n<h2 style=\"font-weight: 400\"><strong>Esimese p\u00e4eva printsiip:<\/strong><\/h2>\n<p style=\"font-weight: 400\">Meie arendusprojektides on olulised kehtivad regulatsioonid, keskkonnan\u00f5uded ja kohalike ootused. Seep\u00e4rast oleme aktiivses kontaktis k\u00f5igi huvitatud osapooltega, et tagada pikaajaline edu.<\/p>\n<h2 style=\"font-weight: 400\"><strong>Eetika ja usaldusv\u00e4\u00e4rsed energialahendused: <\/strong><\/h2>\n<p style=\"font-weight: 400\">J\u00e4rgime parimaid \u00e4rieetika tavasid ja oleme oma tegevuses l\u00e4bipaistvad, et tagada usaldus k\u00f5igi partnerite ja kogukondade seas.<\/p>\n<h2 style=\"font-weight: 400\"><strong>Pidev koost\u00f6\u00f6:<\/strong><\/h2>\n<p style=\"font-weight: 400\">Oleme kogukondade jaoks olemas igal ajal, mitte ainult regulatiivsete n\u00f5uete t\u00e4itmiseks \u2013 meid saab usaldada ka siis, kui meid on p\u00e4riselt vaja.<\/p>\n\t\t\t\t\t<\/div>\n\t<\/div>\n<\/section>\n\n\n\n<section id=\"acf-documents-block_977811c6b0cd9f27931e15e76d4b5b3d\" class=\"block-section documents-block\">\n    <div class=\"block-section-wrapper element-width--wide two-columns\">\n        <div class=\"text-content fullsize\">\n                            <h1>ESG-aruandlus (ENG)<\/h1>\n            \n            \n\n\n                                            \n                <div class=\"doc-list-container\">\n                                    <ul class=\"documents-list\">\n                                                    <li class=\"\">\n                                                                                                    <a href=\"https:\/\/vindr.eu\/wp-content\/uploads\/2025\/12\/VINDR-Sustainability-Statement-2024.pdf\">\n                                        <span class=\"label\">VINDR Sustainability Statement 2024<\/span>\n                                        <i class=\"icon-download\"><\/i>\n                                    <\/a>\n                                                            <\/li>\n                                            <\/ul>\n                                <\/div>\n            \n\n\n\n            \n        <\/div>\n\n            <\/div>\n<\/section>\n\n\n\n<section id=\"acf-quote-block_1b50aeeaf803812566ac88b30960ec6f\"class=\"block-section quote has-plyr-video-player show-top-bar-theme-dark wp-block-acf-quote\">\n\t<div class=\"block-section-wrapper element-width--content\">\n\t\t<div class=\"blockquotes-wrapper\">\n\t\t\t\t\t\t\t<blockquote id=\"swiper-block_1b50aeeaf803812566ac88b30960ec6f-quote-0\" class=\"active\">\n\t\t\t\t\t<p class=\"text-size-large\">Meie projektide edu seisneb selles, kuiv\u00f5rd meid toetavad kohalikud kogukonnad ja omavalitsused.<\/p>\n<p>Taristuprojekte iseloomustab sageli \u00fclevalt alla l\u00e4henemine, kus ei arvestata kohalikku konteksti, ning pole harvad juhud, kui kohalike huvid j\u00e4etakse \u00fcldiste eesm\u00e4rkide varju. Meie l\u00e4henemine on teistsugune.<\/p>\n<p>Vindri eesm\u00e4rk on teha koost\u00f6\u00f6d nii kohalike elanike kui ka omavalitsusega alates esimesest p\u00e4evast. Oleme nende projektide juures algusest l\u00f5puni, ja seet\u00f5ttu saame edukad olla vaid juhul, kui kogukondade kaasamine toimub juba stardijoonel.<\/p>\n\t\t\t\t\t\t\t\t\t\t\t<cite>\n\t\t\t\t\t\t\t\t\t\t\t\t\t\tStian Tvede Karlsen, avalike suhete juht\t\t\t\t\t\t\t\t\t\t\t\t\t<\/cite>\n\t\t\t\t\t\t\t\t\t<\/blockquote>\n\t\t\t\t\t<\/div>\n\t\t<div id=\"swiper-block_1b50aeeaf803812566ac88b30960ec6f\" class=\"quote-media-wrapper swiper-container\">\n\t\t\t<div class=\"swiper-wrapper\">\n\t\t\t\t\t\t\t\t\t<div data-target-quote-id=\"swiper-block_1b50aeeaf803812566ac88b30960ec6f-quote-0\" class=\"quote-media swiper-slide swiper-slide-active\">\n\t\t\t\t\t\t\t\t\t\t\t\t\t<img loading=\"lazy\" decoding=\"async\" width=\"1365\" height=\"2048\" src=\"https:\/\/vindr.eu\/wp-content\/uploads\/2023\/11\/Stian-Tvede-Karlsen-figure-scaled.jpg\" class=\"attachment-full size-full\" alt=\"\" srcset=\"https:\/\/vindr.eu\/wp-content\/uploads\/2023\/11\/Stian-Tvede-Karlsen-figure-scaled.jpg 1365w, https:\/\/vindr.eu\/wp-content\/uploads\/2023\/11\/Stian-Tvede-Karlsen-figure-200x300.jpg 200w, https:\/\/vindr.eu\/wp-content\/uploads\/2023\/11\/Stian-Tvede-Karlsen-figure-768x1152.jpg 768w, https:\/\/vindr.eu\/wp-content\/uploads\/2023\/11\/Stian-Tvede-Karlsen-figure-683x1024.jpg 683w, https:\/\/vindr.eu\/wp-content\/uploads\/2023\/11\/Stian-Tvede-Karlsen-figure-1024x1536.jpg 1024w, https:\/\/vindr.eu\/wp-content\/uploads\/2023\/11\/Stian-Tvede-Karlsen-figure-251x376.jpg 251w, https:\/\/vindr.eu\/wp-content\/uploads\/2023\/11\/Stian-Tvede-Karlsen-figure-533x800.jpg 533w, https:\/\/vindr.eu\/wp-content\/uploads\/2023\/11\/Stian-Tvede-Karlsen-figure-960x1440.jpg 960w\" sizes=\"auto, (max-width: 1365px) 100vw, 1365px\" \/>\t\t\t\t\t\t\t\t\t\t\t<\/div>\n\t\t\t\t\t\t\t<\/div>\n\n\t\t\t\t\t<\/div>\n\t<\/div>\n<\/section>\n\n\n\n<section id=\"acf-banner-block_2acd0f4acbc67c576c6d1744fd28a410\"class=\"block-section banner has-background has-title show-top-bar-theme-light wp-block-acf-banner\" data-scroll-container>\n\t\t\t<figure class=\"banner__bg\">\n\t\t\t<img loading=\"lazy\" decoding=\"async\" width=\"2048\" height=\"1365\" src=\"https:\/\/vindr.eu\/wp-content\/uploads\/2023\/11\/ESG_landscape_contact-scaled.jpg\" class=\"attachment-full size-full\" alt=\"\" srcset=\"https:\/\/vindr.eu\/wp-content\/uploads\/2023\/11\/ESG_landscape_contact-scaled.jpg 2048w, https:\/\/vindr.eu\/wp-content\/uploads\/2023\/11\/ESG_landscape_contact-300x200.jpg 300w, https:\/\/vindr.eu\/wp-content\/uploads\/2023\/11\/ESG_landscape_contact-768x512.jpg 768w, https:\/\/vindr.eu\/wp-content\/uploads\/2023\/11\/ESG_landscape_contact-1024x683.jpg 1024w, https:\/\/vindr.eu\/wp-content\/uploads\/2023\/11\/ESG_landscape_contact-1536x1024.jpg 1536w, https:\/\/vindr.eu\/wp-content\/uploads\/2023\/11\/ESG_landscape_contact-502x335.jpg 502w, https:\/\/vindr.eu\/wp-content\/uploads\/2023\/11\/ESG_landscape_contact-1200x800.jpg 1200w\" sizes=\"auto, (max-width: 2048px) 100vw, 2048px\" \/>\t\t<\/figure>\n\t\t<div class=\"block-section-wrapper element-width--content\" data-scroll data-scroll-call=\"vindrOnBannerScroll\">\n\t\t<div class=\"banner__content\">\n\t\t\t\t\t\t\t<h2 class=\"heading-size-large\">V\u00f5ta meiega \u00fchendust!<\/h2>\n\t\t\t\t<div class=\"text-size-medium\">\n\t\t\t\t\t\t\t\t\t\t\t\t\t<\/div>\n\t\t\t\t\t\t<a href=\"https:\/\/vindr.eu\/et\/kontakt\/\" id=\"\" class=\"stm-button--has-title stm-button stm-button--type-default stm-button-light\"  target=\"_self\" title=\"\"> <span class=\"text\">Loe lisaks<\/span>  <\/a>\t\t<\/div>\n\t<\/div>\n<\/section>\n","protected":false},"excerpt":{"rendered":"","protected":false},"author":1,"featured_media":7271,"parent":861,"menu_order":2,"comment_status":"closed","ping_status":"closed","template":"","meta":{"_acf_changed":false,"inline_featured_image":false,"footnotes":""},"class_list":["post-879","page","type-page","status-publish","has-post-thumbnail","hentry"],"acf":[],"_links":{"self":[{"href":"https:\/\/vindr.eu\/et\/wp-json\/wp\/v2\/pages\/879","targetHints":{"allow":["GET"]}}],"collection":[{"href":"https:\/\/vindr.eu\/et\/wp-json\/wp\/v2\/pages"}],"about":[{"href":"https:\/\/vindr.eu\/et\/wp-json\/wp\/v2\/types\/page"}],"author":[{"embeddable":true,"href":"https:\/\/vindr.eu\/et\/wp-json\/wp\/v2\/users\/1"}],"replies":[{"embeddable":true,"href":"https:\/\/vindr.eu\/et\/wp-json\/wp\/v2\/comments?post=879"}],"version-history":[{"count":2,"href":"https:\/\/vindr.eu\/et\/wp-json\/wp\/v2\/pages\/879\/revisions"}],"predecessor-version":[{"id":8380,"href":"https:\/\/vindr.eu\/et\/wp-json\/wp\/v2\/pages\/879\/revisions\/8380"}],"up":[{"embeddable":true,"href":"https:\/\/vindr.eu\/et\/wp-json\/wp\/v2\/pages\/861"}],"wp:featuredmedia":[{"embeddable":true,"href":"https:\/\/vindr.eu\/et\/wp-json\/wp\/v2\/media\/7271"}],"wp:attachment":[{"href":"https:\/\/vindr.eu\/et\/wp-json\/wp\/v2\/media?parent=879"}],"curies":[{"name":"wp","href":"https:\/\/api.w.org\/{rel}","templated":true}]}}