{"id":875,"date":"2023-10-24T17:14:23","date_gmt":"2023-10-24T17:14:23","guid":{"rendered":"https:\/\/vindr.wpenginepowered.com\/?page_id=875"},"modified":"2025-02-13T17:38:37","modified_gmt":"2025-02-13T17:38:37","slug":"kogukonnad","status":"publish","type":"page","link":"https:\/\/vindr.eu\/et\/meie-tegutsemispohimotted\/kogukonnad\/","title":{"rendered":"Kogukonnad"},"content":{"rendered":"\n<section id=\"acf-hero-subpage-block_e359266ca7428a61298a2c1be002fbb4\"class=\"block-section hero-subpage has-background waiting-to-animate show-top-bar-theme-light-dark wp-block-acf-hero-subpage\">\n\t<figure class=\"hero-subpage__bg\">\n\t\t<img loading=\"lazy\" decoding=\"async\" width=\"2048\" height=\"1364\" src=\"https:\/\/vindr.eu\/wp-content\/uploads\/2023\/11\/jaanus-jagomagi-tA5Ipxl-V4s-unsplash-scaled.jpg\" class=\"attachment-full size-full\" alt=\"\" sizes=\"auto, (max-width: 999px) 100vw, 60vw\" srcset=\"https:\/\/vindr.eu\/wp-content\/uploads\/2023\/11\/jaanus-jagomagi-tA5Ipxl-V4s-unsplash-scaled.jpg 2048w, https:\/\/vindr.eu\/wp-content\/uploads\/2023\/11\/jaanus-jagomagi-tA5Ipxl-V4s-unsplash-300x200.jpg 300w, https:\/\/vindr.eu\/wp-content\/uploads\/2023\/11\/jaanus-jagomagi-tA5Ipxl-V4s-unsplash-768x512.jpg 768w, https:\/\/vindr.eu\/wp-content\/uploads\/2023\/11\/jaanus-jagomagi-tA5Ipxl-V4s-unsplash-1024x682.jpg 1024w, https:\/\/vindr.eu\/wp-content\/uploads\/2023\/11\/jaanus-jagomagi-tA5Ipxl-V4s-unsplash-1536x1023.jpg 1536w, https:\/\/vindr.eu\/wp-content\/uploads\/2023\/11\/jaanus-jagomagi-tA5Ipxl-V4s-unsplash-502x334.jpg 502w, https:\/\/vindr.eu\/wp-content\/uploads\/2023\/11\/jaanus-jagomagi-tA5Ipxl-V4s-unsplash-1201x800.jpg 1201w\" \/>\t<\/figure>\n\t<div class=\"block-section-wrapper element-width--full\">\n\t\t<div class=\"hero-subpage__content\">\n\t\t\t\t\t\t\t<h1 class=\"hero-subpage__title heading-size-large\">Kogukonnad<\/h1>\n\t\t\t\t\t\t\t\t\t\t<div class=\"text-size-medium\">\n\t\t\t\t\t<p>Meie edu ja heaolu s\u00f5ltub sellest kui usaldusv\u00e4\u00e4rne ja hea partner oleme kohalikele kogukondadele<\/p>\n\t\t\t\t<\/div>\n\t\t\t\t\t<\/div>\n\t<\/div>\n<\/section>\n\n\n\n<section id=\"acf-text-column-double-block_e1f2f0d65f7baa47e8501480fc9f12cc\"class=\"block-section text-column-double show-top-bar-theme-dark wp-block-acf-text-column-double\">\n\t<div class=\"block-section-wrapper element-width--wide\">\n\t\t<div class=\"text-column-double__content\">\n\t\t\t\t\t\t\t<div class=\"text-column-double__left use-copy-text-styles\">\n\t\t\t\t\t\t\t\t\t\t<p>Meil on tugevad ja l\u00e4bim\u00f5eldud protseduurid, et olla usaldusv\u00e4\u00e4rne partner nii koost\u00f6\u00f6partneritele, kohalikele kogukondadele kui ka avaliku sektori esindajatele.<\/p>\n<p>See pole meie jaoks pelk formaalsus \u2013 v\u00e4\u00e4rtustame kohalike kogukondade kaasamist ja arvestame nende tagasisidet, et arendada projekte, mis on t\u00f5eliselt kohaliku kogukonna huvides ja toovad neile kasu.<\/p>\n\t\t\t\t<\/div>\n\t\t\t\t\t\t\t<div class=\"text-column-double__right use-copy-text-styles\">\n\t\t\t\t\t\t\t\t\t\t<p>Kohaliku elektrivajaduse rahuldamiseks paiknevad meie arendused strateegiliselt k\u00f5ige sobivamates asukohtades, et vastata kohalikele vajadustele.<\/p>\n<p>Me ei soovi olla muutuste pealesurujad, vaid edendada j\u00e4tkusuutlikku energiatootmist, mis on loomulik osa kohalikust elust ning vastab elanike huvidele.<\/p>\n\t\t\t\t<\/div>\n\t\t\t\t\t<\/div>\n\t<\/div>\n<\/section>\n\n\n\n<section id=\"acf-text-media-block_43c63e9a89cbddc4830c8d3114aa36f3\"class=\"block-section text-media image-align-right show-top-bar-theme-dark wp-block-acf-text-media has-background has-white-background-color\">\n\t<div class=\"block-section-wrapper element-width--wide\">\n\t\t<div class=\"text-media__image\">\n\t\t\t<figure class=\"text-media__image-inner\">\n\t\t\t\t<img loading=\"lazy\" decoding=\"async\" width=\"1365\" height=\"2048\" src=\"https:\/\/vindr.eu\/wp-content\/uploads\/2023\/12\/Marko_local-communities-scaled.jpg\" class=\"attachment-full size-full\" alt=\"\" srcset=\"https:\/\/vindr.eu\/wp-content\/uploads\/2023\/12\/Marko_local-communities-scaled.jpg 1365w, https:\/\/vindr.eu\/wp-content\/uploads\/2023\/12\/Marko_local-communities-200x300.jpg 200w, https:\/\/vindr.eu\/wp-content\/uploads\/2023\/12\/Marko_local-communities-683x1024.jpg 683w, https:\/\/vindr.eu\/wp-content\/uploads\/2023\/12\/Marko_local-communities-768x1152.jpg 768w, https:\/\/vindr.eu\/wp-content\/uploads\/2023\/12\/Marko_local-communities-1024x1536.jpg 1024w, https:\/\/vindr.eu\/wp-content\/uploads\/2023\/12\/Marko_local-communities-251x376.jpg 251w\" sizes=\"auto, (max-width: 1365px) 100vw, 1365px\" \/>\t\t\t<\/figure>\n\t\t<\/div>\n\t\t<div class=\"text-media__content use-copy-text-styles\">\n\t\t\t\t\t\t\t<h1 class=\"title\">Marko Viiding<\/h1>\n\t\t\t\t\t\t<p style=\"font-weight: 400\">Marko juhib <strong>Vindri arendusi Balti riikides. <\/strong>Marko visioon pikaajalise sellealase taustaga on saavutada need eesm\u00e4rgid, mida oleme endale seadnud kohaliku energiatootmisega. Arvestades m\u00f6\u00f6dap\u00e4\u00e4smatut vajadust asendada imporditud fossiilk\u00fctused taastuvenergiaga, on tema fookuses tuua Baltimaades turule kiiresti elluviidavad j\u00e4tkusuutlikud lahendused, mis ei anna mitte pelgalt puhast energiat, vaid loovad ka kohapealset ja pikaajalist positiivset piirkondlikku lisandv\u00e4\u00e4rtust.<\/p>\n<p style=\"font-weight: 400\">V\u00e4ljakutsed, millega Marko ja tema meeskond on silmitsi, on seda enam kriitilise t\u00e4htsusega, kuna k\u00f5ik need riigid on silmitsi vajadusega tagada oma energiajulgeolek, v\u00e4hendades s\u00f5ltuvust v\u00e4listest fossiilk\u00fctustest. Tema eesm\u00e4rgiks on koos kohalike partneritega kiirendada nii t\u00f6\u00f6kohtade loomist kui ettev\u00f5tluse arendamise v\u00f5imalusi laiemalt, pakkudes selleks Vindri poolset tuge. Marko eesm\u00e4rgiks on astuda Vindriga iga kohaliku kogukonna liikmeks, et saaksime aidata omalt poolt kaasa erinevate tulevikku suunatud v\u00f5imaluste loomisele omavalitsustes, kus tegutseme.<\/p>\n<p><span style=\"font-weight: 400\">Marko on veendunud, et siinse regiooni energeetikaalaste v\u00e4ljakutsete ja ohtude maandamise v\u00f5ti on taastuvenergias. Kuidas nende lahendusteni k\u00f5ige kiiremini j\u00f5uda \u2013 taastuva elektri tootmine, mis toovad nii otsest kasu \u00fcmberkaudsetele inimestele kui ka adresseerivad siinsete riikide julgeolekukriitilist vajadust kohalikult toodetud taastuvenergia j\u00e4rele. <\/span><\/p>\n\t\t\t<a href=\"https:\/\/vindr.eu\/et\/meist\/asutajad\/\" id=\"\" class=\"stm-button--has-title stm-button stm-button--type-default\"  target=\"_self\" title=\"\"> <span class=\"text\">Asutajad<\/span>  <\/a>\t\t<\/div>\n\t<\/div>\n<\/section>\n\n\n\n<section id=\"acf-text-media-block_8aebfcfef7841a23b5344cb456ca14fa\"class=\"block-section text-media image-align-left show-top-bar-theme-dark wp-block-acf-text-media has-background has-light-blue-background-color\">\n\t<div class=\"block-section-wrapper element-width--wide\">\n\t\t<div class=\"text-media__image\">\n\t\t\t<figure class=\"text-media__image-inner\">\n\t\t\t\t<img loading=\"lazy\" decoding=\"async\" width=\"1333\" height=\"2000\" src=\"https:\/\/vindr.eu\/wp-content\/uploads\/2023\/12\/Camilla-figure-2.jpg\" class=\"attachment-full size-full\" alt=\"\" srcset=\"https:\/\/vindr.eu\/wp-content\/uploads\/2023\/12\/Camilla-figure-2.jpg 1333w, https:\/\/vindr.eu\/wp-content\/uploads\/2023\/12\/Camilla-figure-2-200x300.jpg 200w, https:\/\/vindr.eu\/wp-content\/uploads\/2023\/12\/Camilla-figure-2-682x1024.jpg 682w, https:\/\/vindr.eu\/wp-content\/uploads\/2023\/12\/Camilla-figure-2-768x1152.jpg 768w, https:\/\/vindr.eu\/wp-content\/uploads\/2023\/12\/Camilla-figure-2-1024x1536.jpg 1024w, https:\/\/vindr.eu\/wp-content\/uploads\/2023\/12\/Camilla-figure-2-251x376.jpg 251w\" sizes=\"auto, (max-width: 1333px) 100vw, 1333px\" \/>\t\t\t<\/figure>\n\t\t<\/div>\n\t\t<div class=\"text-media__content use-copy-text-styles\">\n\t\t\t\t\t\t\t<h1 class=\"title\">Camilla Anderson<\/h1>\n\t\t\t\t\t\t<p style=\"font-weight: 400\">Rootsis Vindrit juhtiva Camilla Andersoni s\u00fcdameasjaks on kogukondlik m\u00f5ju. Tema esmane fookus on <strong>kogukondade aktiivne kaasamine ja neisse panustamine<\/strong>, tagamaks, et meie taastuvenergia tootmis\u00fcksused poleks mitte pelgalt puhta energia allikad, vaid looksid pikaajalist positiivset kohapealset m\u00f5ju.<\/p>\n<p style=\"font-weight: 400\">Camilla ei panusta pelgalt energeetikasektorisse, ta suhtleb aktiivselt ka erinevate Rootsi kohalike t\u00f6\u00f6stustega eesm\u00e4rgiga aidata kaasa t\u00f6\u00f6kohtade ja uute \u00e4riv\u00f5imaluste loomisele. \u00dchendades suhtluse nii kogukondade kui kohaliku ettev\u00f5tluse edendajatega, on tema missiooniks teha Vindrist osa kohalikust igap\u00e4evaelust, mis panustab nii \u00fchiskondlikku kui majanduslikku arengusse.<\/p>\n<p style=\"font-weight: 400\">Camilla on veendunud selles, et iga\u00fcks peab oma kodukohas ka ise tundma seda kasu, mida taastuvenergia meile k\u00f5igile annab. Seet\u00f5ttu on ka v\u00f5tmet\u00e4htsusega, et kohalikud inimesed oleksid meie taastuvenergia tootmise protsessis aktiivselt kaasatud ja tunnetaksid sellest isiklikku kasu.<\/p>\n\t\t\t<a href=\"https:\/\/vindr.eu\/et\/meist\/asutajad\/\" id=\"\" class=\"stm-button--has-title stm-button stm-button--type-default\"  target=\"_self\" title=\"\"> <span class=\"text\">Asutajad<\/span>  <\/a>\t\t<\/div>\n\t<\/div>\n<\/section>\n\n\n\n<section id=\"acf-text-media-block_e2c4e5004dfd9b9b89f1651288a349a9\"class=\"block-section text-media image-align-right show-top-bar-theme-dark wp-block-acf-text-media has-background has-light-yellow-background-color\">\n\t<div class=\"block-section-wrapper element-width--wide\">\n\t\t<div class=\"text-media__image\">\n\t\t\t<figure class=\"text-media__image-inner\">\n\t\t\t\t<img loading=\"lazy\" decoding=\"async\" width=\"1638\" height=\"2048\" src=\"https:\/\/vindr.eu\/wp-content\/uploads\/2023\/11\/Jan-Olav-Oderud-portrait-scaled.jpg\" class=\"attachment-full size-full\" alt=\"\" srcset=\"https:\/\/vindr.eu\/wp-content\/uploads\/2023\/11\/Jan-Olav-Oderud-portrait-scaled.jpg 1638w, https:\/\/vindr.eu\/wp-content\/uploads\/2023\/11\/Jan-Olav-Oderud-portrait-240x300.jpg 240w, https:\/\/vindr.eu\/wp-content\/uploads\/2023\/11\/Jan-Olav-Oderud-portrait-768x960.jpg 768w, https:\/\/vindr.eu\/wp-content\/uploads\/2023\/11\/Jan-Olav-Oderud-portrait-819x1024.jpg 819w, https:\/\/vindr.eu\/wp-content\/uploads\/2023\/11\/Jan-Olav-Oderud-portrait-1229x1536.jpg 1229w, https:\/\/vindr.eu\/wp-content\/uploads\/2023\/11\/Jan-Olav-Oderud-portrait-301x376.jpg 301w, https:\/\/vindr.eu\/wp-content\/uploads\/2023\/11\/Jan-Olav-Oderud-portrait-640x800.jpg 640w, https:\/\/vindr.eu\/wp-content\/uploads\/2023\/11\/Jan-Olav-Oderud-portrait-1152x1440.jpg 1152w\" sizes=\"auto, (max-width: 1638px) 100vw, 1638px\" \/>\t\t\t<\/figure>\n\t\t<\/div>\n\t\t<div class=\"text-media__content use-copy-text-styles\">\n\t\t\t\t\t\t\t<h1 class=\"title\">Jan-Olav \u00d8derud<\/h1>\n\t\t\t\t\t\t<p style=\"font-weight: 400\">Jan-Olav \u00d8derud juhib uuenduslike energialahenduste arendamist Norra turul. Jan-Olavi veendumuse kohaselt peitub taastuvenergeetika arendamise v\u00f5ti selles, <strong>kuidas viia kokku kasvav n\u00f5udlus ja tarbimiskohtade l\u00e4hedal paiknev tootmine<\/strong>. Norras on tema peamine fookus uute ja kestlikel lahendustel, mis aitavad k\u00f5rvuti energiahindade allatoomisega edendada ka kohalikku arengut.<\/p>\n<p style=\"font-weight: 400\">Jan-Olav on veendunud, et energiatootmine peab olema \u00fchtlasi t\u00f5hus ja ka keskkonda arvestav. Selles vallas n\u00e4eb ta suurt rolli kohalikel inimestel, kes saaksid ise tunda kasu v\u00e4ikese keskkonnajalaj\u00e4ljega toodetud taskukohasest energiast, mis kasutab juba olemasoleva haritud maa pakutavaid v\u00f5imalusi.<\/p>\n\t\t\t<a href=\"https:\/\/vindr.eu\/et\/meist\/asutajad\/\" id=\"\" class=\"stm-button--has-title stm-button stm-button--type-default\"  target=\"_self\" title=\"\"> <span class=\"text\">Asutajad<\/span>  <\/a>\t\t<\/div>\n\t<\/div>\n<\/section>\n","protected":false},"excerpt":{"rendered":"","protected":false},"author":1,"featured_media":0,"parent":861,"menu_order":1,"comment_status":"closed","ping_status":"closed","template":"","meta":{"_acf_changed":false,"inline_featured_image":false,"footnotes":""},"class_list":["post-875","page","type-page","status-publish","hentry"],"acf":[],"_links":{"self":[{"href":"https:\/\/vindr.eu\/et\/wp-json\/wp\/v2\/pages\/875","targetHints":{"allow":["GET"]}}],"collection":[{"href":"https:\/\/vindr.eu\/et\/wp-json\/wp\/v2\/pages"}],"about":[{"href":"https:\/\/vindr.eu\/et\/wp-json\/wp\/v2\/types\/page"}],"author":[{"embeddable":true,"href":"https:\/\/vindr.eu\/et\/wp-json\/wp\/v2\/users\/1"}],"replies":[{"embeddable":true,"href":"https:\/\/vindr.eu\/et\/wp-json\/wp\/v2\/comments?post=875"}],"version-history":[{"count":0,"href":"https:\/\/vindr.eu\/et\/wp-json\/wp\/v2\/pages\/875\/revisions"}],"up":[{"embeddable":true,"href":"https:\/\/vindr.eu\/et\/wp-json\/wp\/v2\/pages\/861"}],"wp:attachment":[{"href":"https:\/\/vindr.eu\/et\/wp-json\/wp\/v2\/media?parent=875"}],"curies":[{"name":"wp","href":"https:\/\/api.w.org\/{rel}","templated":true}]}}