{"id":871,"date":"2023-10-24T17:13:51","date_gmt":"2023-10-24T17:13:51","guid":{"rendered":"https:\/\/vindr.wpenginepowered.com\/how-we-work\/technology\/"},"modified":"2026-03-30T07:49:11","modified_gmt":"2026-03-30T07:49:11","slug":"tehnoloogia","status":"publish","type":"page","link":"https:\/\/vindr.eu\/et\/meie-tegutsemispohimotted\/tehnoloogia\/","title":{"rendered":"Tehnoloogia"},"content":{"rendered":"\n<section id=\"acf-hero-subpage-block_1738d9c145f7a2eeb7b73a0c636f2927\"class=\"block-section hero-subpage has-background waiting-to-animate show-top-bar-theme-light-dark wp-block-acf-hero-subpage\">\n\t<figure class=\"hero-subpage__bg\">\n\t\t<img loading=\"lazy\" decoding=\"async\" width=\"2048\" height=\"1151\" src=\"https:\/\/vindr.eu\/wp-content\/uploads\/2023\/11\/Energy-storage-website-scaled.jpg\" class=\"attachment-full size-full\" alt=\"\" sizes=\"auto, (max-width: 999px) 100vw, 60vw\" srcset=\"https:\/\/vindr.eu\/wp-content\/uploads\/2023\/11\/Energy-storage-website-scaled.jpg 2048w, https:\/\/vindr.eu\/wp-content\/uploads\/2023\/11\/Energy-storage-website-300x169.jpg 300w, https:\/\/vindr.eu\/wp-content\/uploads\/2023\/11\/Energy-storage-website-1024x575.jpg 1024w, https:\/\/vindr.eu\/wp-content\/uploads\/2023\/11\/Energy-storage-website-768x432.jpg 768w, https:\/\/vindr.eu\/wp-content\/uploads\/2023\/11\/Energy-storage-website-1536x863.jpg 1536w, https:\/\/vindr.eu\/wp-content\/uploads\/2023\/11\/Energy-storage-website-502x282.jpg 502w, https:\/\/vindr.eu\/wp-content\/uploads\/2023\/11\/Energy-storage-website-1424x800.jpg 1424w\" \/>\t<\/figure>\n\t<div class=\"block-section-wrapper element-width--full\">\n\t\t<div class=\"hero-subpage__content\">\n\t\t\t\t\t\t\t<h1 class=\"hero-subpage__title heading-size-large\">Tehnoloogia<\/h1>\n\t\t\t\t\t\t\t\t\t\t<div class=\"text-size-medium\">\n\t\t\t\t\t<p style=\"font-weight: 400\">Soovime Vindris kasutada k\u00f5iki tehnoloogilisi lahendusi, mis aitavad luua parimaid arendusi kohalikke kogukondi silmas pidades, soodustavad kohaliku ettev\u00f5tluse arengut ning seavad esiplaanile madalaima v\u00f5imaliku keskkonnam\u00f5ju.<\/p>\n\t\t\t\t<\/div>\n\t\t\t\t\t<\/div>\n\t<\/div>\n<\/section>\n\n\n\n<section id=\"acf-text-column-single-block_3ba0705adbf4de5c7f4de1c67412cb19\"class=\"block-section text-column-single text-based-block show-top-bar-theme-dark wp-block-acf-text-column-single\">\n\t<div class=\"block-section-wrapper element-width--wide\">\n\t\t<div class=\"text-column-single__content use-copy-text-styles\">\n\t\t\t\t\t\t\t<h1 class=\"heading-size-normal\">Tehnoloogiakasutuse esirinnas<\/h1>\n\t\t\t\t\t\t<div class=\"ewa-rteLine\">\n<p>Meie eesm\u00e4rk on kasutada uusimaid tehnoloogilisi lahendusi. Oma ala tippudest koosnev Vindr meeskond eelistab k\u00f5ige innovaatilisemat tehnoloogiat, et tagada meie arenduste t\u00f5husus ja j\u00e4tkusuutlikkus.<\/p><\/div>\n<div class=\"ewa-rteLine\"><\/div>\n<div class=\"ewa-rteLine\">Peame oluliseks keskenduda konkurentsiv\u00f5ime t\u00f5stmisele, millel oleks otsene m\u00f5ju keskkonnale ning kohalikele kogukondadele. See kindlustab, et oleme tehnoloogiliselt eestvedaja rollis. L\u00e4htume iga projekti puhul konkreetse kogukonna erip\u00e4radest ja vajadustest, tagades, et meie lahendused on kohandatud nende n\u00f5udmistele.<\/div>\n<div class=\"ewa-rteLine\"><\/div>\n<div class=\"ewa-rteLine\">Andmeanal\u00fc\u00fcsi ja IT-lahendused aitavad panustada arendustesse, mis t\u00f6\u00f6tavad reaalselt kohalike kogukondade huvides.<\/div>\n<div class=\"ewa-rteLine\"><\/div>\n<div class=\"ewa-rteLine\">Oleme teadlikud oma keskkonnajalaj\u00e4lje v\u00e4hendamise olulisusest ja l\u00e4heneme igale projektile kui r\u00e4tsepat\u00f6\u00f6le, eesm\u00e4rgiga saavutada minimaalne m\u00f5ju kohalikule keskkonnale. Kasutame tarkvara ja algoritme, mis meie eesm\u00e4rke toetavad.<\/div>\n\t\t<\/div>\n\t<\/div>\n<\/section>\n\n\n\n<section id=\"acf-quote-block_81fb889530eefdecb575c368bb0fb6bb\"class=\"block-section quote has-plyr-video-player show-top-bar-theme-dark wp-block-acf-quote\">\n\t<div class=\"block-section-wrapper element-width--content\">\n\t\t<div class=\"blockquotes-wrapper\">\n\t\t\t\t\t\t\t<blockquote id=\"swiper-block_81fb889530eefdecb575c368bb0fb6bb-quote-0\" class=\"active\">\n\t\t\t\t\t<div class=\"ewa-rteLine\">Meie p\u00f5him\u00f5te on lihtne \u2013 kasutada parimat v\u00f5imalikku tehnoloogiat, et anda oma panus kogukondadele, kelle heaks tegutseme. Tehnoloogia, millesse oleme investeerinud toetab kestlikku ning uuendusmeelset \u00e4ritegevust. See t\u00e4hendab, et meie taastuvenergeetika lahenduste keskmes on k\u00f5ige kaasaegsemate ning t\u00f5husamate lahenduste juurutamine.<\/div>\n\t\t\t\t\t\t\t\t\t\t\t<cite>\n\t\t\t\t\t\t\t\t\t\t\t\t\t\tEspen Oldeman Lund, tehniline juht\t\t\t\t\t\t\t\t\t\t\t\t\t<\/cite>\n\t\t\t\t\t\t\t\t\t<\/blockquote>\n\t\t\t\t\t\t\t<blockquote id=\"swiper-block_81fb889530eefdecb575c368bb0fb6bb-quote-1\" class=\"\">\n\t\t\t\t\t<p style=\"font-weight: 400\" class=\"text-size-large\">T\u00f6\u00f6tan uhkusega ettev\u00f5ttes, kes on valmis investeerima tehnoloogilistesse lahendustesse, et arendada oma projekte p\u00f5hjalikult l\u00e4bim\u00f5eldult juba alates esimestest sammudest. Ilma kahtluseta eristab see Vindrit teistest \u2013 oma pika t\u00f6\u00f6kogemuse jooksul sektoris, pole ma n\u00e4inud ettev\u00f5tet, kes oleks selles vallas sedav\u00f5rd p\u00fchendunud.<\/p>\n\t\t\t\t\t\t\t\t\t\t\t<cite>\n\t\t\t\t\t\t\t\t\t\t\t\t\t\tMartin de Mar\u00e9, tuuleanal\u00fc\u00fctik\t\t\t\t\t\t\t\t\t\t\t\t\t<\/cite>\n\t\t\t\t\t\t\t\t\t<\/blockquote>\n\t\t\t\t\t<\/div>\n\t\t<div id=\"swiper-block_81fb889530eefdecb575c368bb0fb6bb\" class=\"quote-media-wrapper swiper-container\">\n\t\t\t<div class=\"swiper-wrapper\">\n\t\t\t\t\t\t\t\t\t<div data-target-quote-id=\"swiper-block_81fb889530eefdecb575c368bb0fb6bb-quote-0\" class=\"quote-media swiper-slide swiper-slide-active\">\n\t\t\t\t\t\t\t\t\t\t\t\t\t<img loading=\"lazy\" decoding=\"async\" width=\"1638\" height=\"2048\" src=\"https:\/\/vindr.eu\/wp-content\/uploads\/2023\/11\/Espen-Oldeman-Lund-portrait-scaled.jpg\" class=\"attachment-full size-full\" alt=\"\" srcset=\"https:\/\/vindr.eu\/wp-content\/uploads\/2023\/11\/Espen-Oldeman-Lund-portrait-scaled.jpg 1638w, https:\/\/vindr.eu\/wp-content\/uploads\/2023\/11\/Espen-Oldeman-Lund-portrait-240x300.jpg 240w, https:\/\/vindr.eu\/wp-content\/uploads\/2023\/11\/Espen-Oldeman-Lund-portrait-768x960.jpg 768w, https:\/\/vindr.eu\/wp-content\/uploads\/2023\/11\/Espen-Oldeman-Lund-portrait-819x1024.jpg 819w, https:\/\/vindr.eu\/wp-content\/uploads\/2023\/11\/Espen-Oldeman-Lund-portrait-1229x1536.jpg 1229w, https:\/\/vindr.eu\/wp-content\/uploads\/2023\/11\/Espen-Oldeman-Lund-portrait-301x376.jpg 301w, https:\/\/vindr.eu\/wp-content\/uploads\/2023\/11\/Espen-Oldeman-Lund-portrait-640x800.jpg 640w, https:\/\/vindr.eu\/wp-content\/uploads\/2023\/11\/Espen-Oldeman-Lund-portrait-1152x1440.jpg 1152w\" sizes=\"auto, (max-width: 1638px) 100vw, 1638px\" \/>\t\t\t\t\t\t\t\t\t\t\t<\/div>\n\t\t\t\t\t\t\t\t\t<div data-target-quote-id=\"swiper-block_81fb889530eefdecb575c368bb0fb6bb-quote-1\" class=\"quote-media swiper-slide \">\n\t\t\t\t\t\t\t\t\t\t\t\t\t<img loading=\"lazy\" decoding=\"async\" width=\"1333\" height=\"2000\" src=\"https:\/\/vindr.eu\/wp-content\/uploads\/2023\/12\/Martin-figure-2.jpg\" class=\"attachment-full size-full\" alt=\"\" srcset=\"https:\/\/vindr.eu\/wp-content\/uploads\/2023\/12\/Martin-figure-2.jpg 1333w, https:\/\/vindr.eu\/wp-content\/uploads\/2023\/12\/Martin-figure-2-200x300.jpg 200w, https:\/\/vindr.eu\/wp-content\/uploads\/2023\/12\/Martin-figure-2-682x1024.jpg 682w, https:\/\/vindr.eu\/wp-content\/uploads\/2023\/12\/Martin-figure-2-768x1152.jpg 768w, https:\/\/vindr.eu\/wp-content\/uploads\/2023\/12\/Martin-figure-2-1024x1536.jpg 1024w, https:\/\/vindr.eu\/wp-content\/uploads\/2023\/12\/Martin-figure-2-251x376.jpg 251w\" sizes=\"auto, (max-width: 1333px) 100vw, 1333px\" \/>\t\t\t\t\t\t\t\t\t\t\t<\/div>\n\t\t\t\t\t\t\t<\/div>\n\n\t\t\t\t\t\t\t<div class=\"swiper-pagination\"><\/div>\n\t\t\t\t<div class=\"swiper-button-prev\"><\/div>\n\t\t\t\t<div class=\"swiper-button-next\"><\/div>\n\t\t\t\t\t<\/div>\n\t<\/div>\n<\/section>\n\n\n\n<section id=\"acf-text-media-block_f535d061b904dff92e725983009ce12f\"class=\"block-section text-media image-align-left show-top-bar-theme-dark wp-block-acf-text-media\">\n\t<div class=\"block-section-wrapper element-width--wide\">\n\t\t<div class=\"text-media__image\">\n\t\t\t<figure class=\"text-media__image-inner\">\n\t\t\t\t<img loading=\"lazy\" decoding=\"async\" width=\"1638\" height=\"2048\" src=\"https:\/\/vindr.eu\/wp-content\/uploads\/2023\/11\/nubelson-fernandes-UcYBL5V0xWQ-unsplash-scaled.jpg\" class=\"attachment-full size-full\" alt=\"\" srcset=\"https:\/\/vindr.eu\/wp-content\/uploads\/2023\/11\/nubelson-fernandes-UcYBL5V0xWQ-unsplash-scaled.jpg 1638w, https:\/\/vindr.eu\/wp-content\/uploads\/2023\/11\/nubelson-fernandes-UcYBL5V0xWQ-unsplash-240x300.jpg 240w, https:\/\/vindr.eu\/wp-content\/uploads\/2023\/11\/nubelson-fernandes-UcYBL5V0xWQ-unsplash-819x1024.jpg 819w, https:\/\/vindr.eu\/wp-content\/uploads\/2023\/11\/nubelson-fernandes-UcYBL5V0xWQ-unsplash-768x960.jpg 768w, https:\/\/vindr.eu\/wp-content\/uploads\/2023\/11\/nubelson-fernandes-UcYBL5V0xWQ-unsplash-1229x1536.jpg 1229w, https:\/\/vindr.eu\/wp-content\/uploads\/2023\/11\/nubelson-fernandes-UcYBL5V0xWQ-unsplash-301x376.jpg 301w\" sizes=\"auto, (max-width: 1638px) 100vw, 1638px\" \/>\t\t\t<\/figure>\n\t\t<\/div>\n\t\t<div class=\"text-media__content use-copy-text-styles\">\n\t\t\t\t\t\t\t<h1 class=\"title\">Tarkvara omanik<\/h1>\n\t\t\t\t\t\t<p style=\"font-weight: 400\">Oleme v\u00e4lja t\u00f6\u00f6tanud oma tarkvara ja algoritmid, et arvutada oma arenduste k\u00f5ige efektiivseim toimimisviis.<\/p>\n<p style=\"font-weight: 400\">Kasutame lisaks ka antud valdkonna juhtivaid tarkvaralahendusi:<\/p>\n<ul>\n<li>Nocode<\/li>\n<li>Windsim<\/li>\n<li>API\/Webhook\/Flows<\/li>\n<li>Site Planner<\/li>\n<li>Screening<\/li>\n<li>GIS<\/li>\n<li>Postgres<\/li>\n<li>Azure<\/li>\n<\/ul>\n\t\t\t\t\t<\/div>\n\t<\/div>\n<\/section>\n\n\n\n<section id=\"acf-banner-block_8a16e96bf57f0bfab4934da75c2edc7d\"class=\"block-section banner has-background has-title show-top-bar-theme-light wp-block-acf-banner\" data-scroll-container>\n\t\t\t<figure class=\"banner__bg\">\n\t\t\t<img loading=\"lazy\" decoding=\"async\" width=\"2048\" height=\"1176\" src=\"https:\/\/vindr.eu\/wp-content\/uploads\/2023\/11\/Tecnology-header-website-scaled.jpg\" class=\"attachment-full size-full\" alt=\"\" srcset=\"https:\/\/vindr.eu\/wp-content\/uploads\/2023\/11\/Tecnology-header-website-scaled.jpg 2048w, https:\/\/vindr.eu\/wp-content\/uploads\/2023\/11\/Tecnology-header-website-300x172.jpg 300w, https:\/\/vindr.eu\/wp-content\/uploads\/2023\/11\/Tecnology-header-website-1024x588.jpg 1024w, https:\/\/vindr.eu\/wp-content\/uploads\/2023\/11\/Tecnology-header-website-768x441.jpg 768w, https:\/\/vindr.eu\/wp-content\/uploads\/2023\/11\/Tecnology-header-website-1536x882.jpg 1536w, https:\/\/vindr.eu\/wp-content\/uploads\/2023\/11\/Tecnology-header-website-502x288.jpg 502w\" sizes=\"auto, (max-width: 2048px) 100vw, 2048px\" \/>\t\t<\/figure>\n\t\t<div class=\"block-section-wrapper element-width--content\" data-scroll data-scroll-call=\"vindrOnBannerScroll\">\n\t\t<div class=\"banner__content\">\n\t\t\t\t\t\t\t<h2 class=\"heading-size-large\">V\u00f5ta meiega \u00fchendust!<\/h2>\n\t\t\t\t<div class=\"text-size-medium\">\n\t\t\t\t\t\t\t\t\t\t\t\t\t<\/div>\n\t\t\t\t\t\t<a href=\"https:\/\/vindr.eu\/et\/kontakt\/\" id=\"\" class=\"stm-button--has-title stm-button stm-button--type-default stm-button-light\"  target=\"_self\" title=\"\"> <span class=\"text\">V\u00f5ta \u00fchendust<\/span>  <\/a>\t\t<\/div>\n\t<\/div>\n<\/section>\n","protected":false},"excerpt":{"rendered":"","protected":false},"author":1,"featured_media":0,"parent":861,"menu_order":0,"comment_status":"closed","ping_status":"closed","template":"","meta":{"_acf_changed":false,"inline_featured_image":false,"footnotes":""},"class_list":["post-871","page","type-page","status-publish","hentry"],"acf":[],"_links":{"self":[{"href":"https:\/\/vindr.eu\/et\/wp-json\/wp\/v2\/pages\/871","targetHints":{"allow":["GET"]}}],"collection":[{"href":"https:\/\/vindr.eu\/et\/wp-json\/wp\/v2\/pages"}],"about":[{"href":"https:\/\/vindr.eu\/et\/wp-json\/wp\/v2\/types\/page"}],"author":[{"embeddable":true,"href":"https:\/\/vindr.eu\/et\/wp-json\/wp\/v2\/users\/1"}],"replies":[{"embeddable":true,"href":"https:\/\/vindr.eu\/et\/wp-json\/wp\/v2\/comments?post=871"}],"version-history":[{"count":1,"href":"https:\/\/vindr.eu\/et\/wp-json\/wp\/v2\/pages\/871\/revisions"}],"predecessor-version":[{"id":8171,"href":"https:\/\/vindr.eu\/et\/wp-json\/wp\/v2\/pages\/871\/revisions\/8171"}],"up":[{"embeddable":true,"href":"https:\/\/vindr.eu\/et\/wp-json\/wp\/v2\/pages\/861"}],"wp:attachment":[{"href":"https:\/\/vindr.eu\/et\/wp-json\/wp\/v2\/media?parent=871"}],"curies":[{"name":"wp","href":"https:\/\/api.w.org\/{rel}","templated":true}]}}