{"id":861,"date":"2023-10-05T14:46:06","date_gmt":"2023-10-05T14:46:06","guid":{"rendered":"https:\/\/vindr.wpenginepowered.com\/how-we-work\/"},"modified":"2026-03-30T12:24:44","modified_gmt":"2026-03-30T12:24:44","slug":"meie-tegutsemispohimotted","status":"publish","type":"page","link":"https:\/\/vindr.eu\/et\/meie-tegutsemispohimotted\/","title":{"rendered":"Meie tegutsemisp\u00f5him\u00f5tted"},"content":{"rendered":"\n<section id=\"acf-hero-subpage-block_975e7763331ccc24161c493ceb07b4b6\"class=\"block-section hero-subpage has-background waiting-to-animate show-top-bar-theme-dark wp-block-acf-hero-subpage\">\n\t<figure class=\"hero-subpage__bg\">\n\t\t<img loading=\"lazy\" decoding=\"async\" width=\"2560\" height=\"1440\" src=\"https:\/\/vindr.eu\/wp-content\/uploads\/2026\/03\/iStock-2267349239-scaled.jpg\" class=\"attachment-full size-full\" alt=\"\" sizes=\"auto, (max-width: 999px) 100vw, 60vw\" srcset=\"https:\/\/vindr.eu\/wp-content\/uploads\/2026\/03\/iStock-2267349239-scaled.jpg 2560w, https:\/\/vindr.eu\/wp-content\/uploads\/2026\/03\/iStock-2267349239-300x169.jpg 300w, https:\/\/vindr.eu\/wp-content\/uploads\/2026\/03\/iStock-2267349239-1024x576.jpg 1024w, https:\/\/vindr.eu\/wp-content\/uploads\/2026\/03\/iStock-2267349239-768x432.jpg 768w, https:\/\/vindr.eu\/wp-content\/uploads\/2026\/03\/iStock-2267349239-1536x864.jpg 1536w, https:\/\/vindr.eu\/wp-content\/uploads\/2026\/03\/iStock-2267349239-2048x1152.jpg 2048w, https:\/\/vindr.eu\/wp-content\/uploads\/2026\/03\/iStock-2267349239-502x282.jpg 502w, https:\/\/vindr.eu\/wp-content\/uploads\/2026\/03\/iStock-2267349239-1422x800.jpg 1422w\" \/>\t<\/figure>\n\t<div class=\"block-section-wrapper element-width--full\">\n\t\t<div class=\"hero-subpage__content\">\n\t\t\t\t\t\t\t<h1 class=\"hero-subpage__title heading-size-large\">Meie tegutsemisp\u00f5him\u00f5tted<\/h1>\n\t\t\t\t\t\t\t\t\t\t<div class=\"text-size-medium\">\n\t\t\t\t\t<p style=\"font-weight: 400\">See, kuidas me toimime, m\u00e4\u00e4rab meie olemuse. Vindr haarab rohep\u00f6\u00f6rdes juhtrolli, arendades projekte, mis loovad positiivset v\u00e4\u00e4rtust nii kogukondades, kus tegutseme, kui ka keskkonnale laiemalt.<\/p>\n\t\t\t\t<\/div>\n\t\t\t\t\t<\/div>\n\t<\/div>\n<\/section>\n\n\n\n<section id=\"acf-text-media-block_8a33f5295362c252ed1d72cafdb8f0cc\"class=\"block-section text-media image-align-left show-top-bar-theme-dark wp-block-acf-text-media has-background has-light-blue-background-color\">\n\t<div class=\"block-section-wrapper element-width--wide\">\n\t\t<div class=\"text-media__image\">\n\t\t\t<figure class=\"text-media__image-inner\">\n\t\t\t\t<img loading=\"lazy\" decoding=\"async\" width=\"2048\" height=\"1365\" src=\"https:\/\/vindr.eu\/wp-content\/uploads\/2024\/09\/Foto-Ingar-Sorensen-79-scaled.jpg\" class=\"attachment-full size-full\" alt=\"\" srcset=\"https:\/\/vindr.eu\/wp-content\/uploads\/2024\/09\/Foto-Ingar-Sorensen-79-scaled.jpg 2048w, https:\/\/vindr.eu\/wp-content\/uploads\/2024\/09\/Foto-Ingar-Sorensen-79-300x200.jpg 300w, https:\/\/vindr.eu\/wp-content\/uploads\/2024\/09\/Foto-Ingar-Sorensen-79-1024x683.jpg 1024w, https:\/\/vindr.eu\/wp-content\/uploads\/2024\/09\/Foto-Ingar-Sorensen-79-768x512.jpg 768w, https:\/\/vindr.eu\/wp-content\/uploads\/2024\/09\/Foto-Ingar-Sorensen-79-1536x1024.jpg 1536w, https:\/\/vindr.eu\/wp-content\/uploads\/2024\/09\/Foto-Ingar-Sorensen-79-502x335.jpg 502w\" sizes=\"auto, (max-width: 2048px) 100vw, 2048px\" \/>\t\t\t<\/figure>\n\t\t<\/div>\n\t\t<div class=\"text-media__content use-copy-text-styles\">\n\t\t\t\t\t\t\t<h1 class=\"title\">Ambitsioonikas<\/h1>\n\t\t\t\t\t\t<p style=\"font-weight: 400\">Meie ambitsiooniks on saada kiirelt kasvavaks taastuvenergeetika suunan\u00e4itajaks, kes suudab luua pikaajalist v\u00e4\u00e4rtust igas meie tegevuse etapis. Selle saavutamiseks investeerime tehnoloogilistesse uuendustesse ning meie p\u00fchendumus on pikaajaline. Teeme seda k\u00f5ike auahne ja kogenud meeskonnaga, kellel on pikaajaline kogemus nii tehnoloogia- kui taastuvenergeetika sektoritest.<\/p>\n\t\t\t<a href=\"https:\/\/vindr.eu\/et\/meie-tegutsemispohimotted\/tehnoloogia\/\" id=\"\" class=\"stm-button--has-title stm-button stm-button--type-default\"  target=\"_self\" title=\"\"> <span class=\"text\">Tehnoloogia<\/span>  <\/a>\t\t<\/div>\n\t<\/div>\n<\/section>\n\n\n\n<section id=\"acf-banner-block_54766847d62bd70079f32ff97679df39\"class=\"block-section banner has-background has-title show-top-bar-theme-light wp-block-acf-banner\" data-scroll-container>\n\t\t\t<figure class=\"banner__bg\">\n\t\t\t<img loading=\"lazy\" decoding=\"async\" width=\"2048\" height=\"1235\" src=\"https:\/\/vindr.eu\/wp-content\/uploads\/2023\/11\/lucas-marcomini-b9RmLocRgOw-unsplash-1-scaled.jpg\" class=\"attachment-full size-full\" alt=\"\" srcset=\"https:\/\/vindr.eu\/wp-content\/uploads\/2023\/11\/lucas-marcomini-b9RmLocRgOw-unsplash-1-scaled.jpg 2048w, https:\/\/vindr.eu\/wp-content\/uploads\/2023\/11\/lucas-marcomini-b9RmLocRgOw-unsplash-1-1024x617.jpg 1024w, https:\/\/vindr.eu\/wp-content\/uploads\/2023\/11\/lucas-marcomini-b9RmLocRgOw-unsplash-1-300x181.jpg 300w, https:\/\/vindr.eu\/wp-content\/uploads\/2023\/11\/lucas-marcomini-b9RmLocRgOw-unsplash-1-768x463.jpg 768w, https:\/\/vindr.eu\/wp-content\/uploads\/2023\/11\/lucas-marcomini-b9RmLocRgOw-unsplash-1-1536x926.jpg 1536w, https:\/\/vindr.eu\/wp-content\/uploads\/2023\/11\/lucas-marcomini-b9RmLocRgOw-unsplash-1-502x303.jpg 502w, https:\/\/vindr.eu\/wp-content\/uploads\/2023\/11\/lucas-marcomini-b9RmLocRgOw-unsplash-1-1327x800.jpg 1327w\" sizes=\"auto, (max-width: 2048px) 100vw, 2048px\" \/>\t\t<\/figure>\n\t\t<div class=\"block-section-wrapper element-width--content\" data-scroll data-scroll-call=\"vindrOnBannerScroll\">\n\t\t<div class=\"banner__content\">\n\t\t\t\t\t\t\t<h2 class=\"heading-size-large\">Usaldusv\u00e4\u00e4rne<\/h2>\n\t\t\t\t<div class=\"text-size-medium\">\n\t\t\t\t\t\t<p style=\"font-weight: 400\">Meie ambitsiooniks on saada kiirelt kasvavaks taastuvenergeetika suunan\u00e4itajaks, kes suudab luua pikaajalist v\u00e4\u00e4rtust igas meie tegevuse etapis. Selle saavutamiseks investeerime tehnoloogilistesse uuendustesse ning meie p\u00fchendumus on pikaajaline. Teeme seda k\u00f5ike auahne ja kogenud meeskonnaga, kellel on pikaajaline kogemus nii tehnoloogia- kui taastuvenergeetika sektoritest.<\/p>\n\t\t\t\t\t\t\t<\/div>\n\t\t\t\t\t\t<a href=\"https:\/\/vindr.eu\/et\/meie-tegutsemispohimotted\/kogukonnad\/\" id=\"\" class=\"stm-button--has-title stm-button stm-button--type-default stm-button-light\"  target=\"_self\" title=\"\"> <span class=\"text\">Kohalikud kogukonnad<\/span>  <\/a>\t\t<\/div>\n\t<\/div>\n<\/section>\n\n\n\n<section id=\"acf-text-media-block_c138e71e336efa556a61c81121ebf16d\"class=\"block-section text-media image-align-right show-top-bar-theme-dark wp-block-acf-text-media has-background has-light-blue-background-color\">\n\t<div class=\"block-section-wrapper element-width--wide\">\n\t\t<div class=\"text-media__image\">\n\t\t\t<figure class=\"text-media__image-inner\">\n\t\t\t\t<img loading=\"lazy\" decoding=\"async\" width=\"2048\" height=\"703\" src=\"https:\/\/vindr.eu\/wp-content\/uploads\/2024\/09\/Foto-Ingar-Sorensen-173-scaled.jpg\" class=\"attachment-full size-full\" alt=\"\" srcset=\"https:\/\/vindr.eu\/wp-content\/uploads\/2024\/09\/Foto-Ingar-Sorensen-173-scaled.jpg 2048w, https:\/\/vindr.eu\/wp-content\/uploads\/2024\/09\/Foto-Ingar-Sorensen-173-300x103.jpg 300w, https:\/\/vindr.eu\/wp-content\/uploads\/2024\/09\/Foto-Ingar-Sorensen-173-1024x352.jpg 1024w, https:\/\/vindr.eu\/wp-content\/uploads\/2024\/09\/Foto-Ingar-Sorensen-173-768x264.jpg 768w, https:\/\/vindr.eu\/wp-content\/uploads\/2024\/09\/Foto-Ingar-Sorensen-173-1536x528.jpg 1536w, https:\/\/vindr.eu\/wp-content\/uploads\/2024\/09\/Foto-Ingar-Sorensen-173-502x172.jpg 502w\" sizes=\"auto, (max-width: 2048px) 100vw, 2048px\" \/>\t\t\t<\/figure>\n\t\t<\/div>\n\t\t<div class=\"text-media__content use-copy-text-styles\">\n\t\t\t\t\t\t\t<h1 class=\"title\">Nutikad<\/h1>\n\t\t\t\t\t\t<p>Peame olema kiired ja kohandumisv\u00f5imelised. InfraVia ja Vindri partnerlus toob kokku d\u00fcnaamilise ja kogenud taastuvenergeetika meeskonna tugeva taristuinvestoriga, luues aluse tulevase kiire kasvu jaoks.<\/p>\n\t\t\t<a href=\"https:\/\/vindr.eu\/et\/meist\/omanikud\/\" id=\"\" class=\"stm-button--has-title stm-button stm-button--type-default\"  target=\"_self\" title=\"\"> <span class=\"text\">Omanikud<\/span>  <\/a>\t\t<\/div>\n\t<\/div>\n<\/section>\n\n\n\n<section id=\"acf-text-media-block_de44ad5d64d3aa5b3482e7e8bf713baa\"class=\"block-section text-media image-align-left show-top-bar-theme-dark wp-block-acf-text-media\">\n\t<div class=\"block-section-wrapper element-width--wide\">\n\t\t<div class=\"text-media__image\">\n\t\t\t<figure class=\"text-media__image-inner\">\n\t\t\t\t<img loading=\"lazy\" decoding=\"async\" width=\"1414\" height=\"2120\" src=\"https:\/\/vindr.eu\/wp-content\/uploads\/2026\/03\/iStock-2218072982.jpg\" class=\"attachment-full size-full\" alt=\"\" srcset=\"https:\/\/vindr.eu\/wp-content\/uploads\/2026\/03\/iStock-2218072982.jpg 1414w, https:\/\/vindr.eu\/wp-content\/uploads\/2026\/03\/iStock-2218072982-200x300.jpg 200w, https:\/\/vindr.eu\/wp-content\/uploads\/2026\/03\/iStock-2218072982-683x1024.jpg 683w, https:\/\/vindr.eu\/wp-content\/uploads\/2026\/03\/iStock-2218072982-768x1151.jpg 768w, https:\/\/vindr.eu\/wp-content\/uploads\/2026\/03\/iStock-2218072982-1024x1536.jpg 1024w, https:\/\/vindr.eu\/wp-content\/uploads\/2026\/03\/iStock-2218072982-1366x2048.jpg 1366w, https:\/\/vindr.eu\/wp-content\/uploads\/2026\/03\/iStock-2218072982-251x376.jpg 251w, https:\/\/vindr.eu\/wp-content\/uploads\/2026\/03\/iStock-2218072982-534x800.jpg 534w, https:\/\/vindr.eu\/wp-content\/uploads\/2026\/03\/iStock-2218072982-960x1440.jpg 960w\" sizes=\"auto, (max-width: 1414px) 100vw, 1414px\" \/>\t\t\t<\/figure>\n\t\t<\/div>\n\t\t<div class=\"text-media__content use-copy-text-styles\">\n\t\t\t\t\t\t\t<h1 class=\"title\">J\u00e4tkusuutlik<\/h1>\n\t\t\t\t\t\t<p>J\u00e4tkusuutlikkus on meie tegevuse keskmes. Meie eesm\u00e4rk on igas oma ettev\u00f5tmises panustada positiivselt nii \u00fcmbritsevasse keskkonda kui ka kohalikesse kogukondadesse.<\/p>\n\t\t\t<a href=\"https:\/\/vindr.eu\/et\/meie-tegutsemispohimotted\/esg\/\" id=\"\" class=\"stm-button--has-title stm-button stm-button--type-default\"  target=\"_self\" title=\"\"> <span class=\"text\">ESG<\/span>  <\/a>\t\t<\/div>\n\t<\/div>\n<\/section>\n\n\n\n<section id=\"acf-banner-block_3e791502d6c5f8e85dadcad7967b7d15\"class=\"block-section banner has-background has-title show-top-bar-theme-dark wp-block-acf-banner\" data-scroll-container>\n\t\t\t<figure class=\"banner__bg\">\n\t\t\t<img loading=\"lazy\" decoding=\"async\" width=\"2048\" height=\"1367\" src=\"https:\/\/vindr.eu\/wp-content\/uploads\/2025\/09\/iStock-1513529140-1-scaled.jpg\" class=\"attachment-full size-full\" alt=\"\" srcset=\"https:\/\/vindr.eu\/wp-content\/uploads\/2025\/09\/iStock-1513529140-1-scaled.jpg 2048w, https:\/\/vindr.eu\/wp-content\/uploads\/2025\/09\/iStock-1513529140-1-1024x683.jpg 1024w, https:\/\/vindr.eu\/wp-content\/uploads\/2025\/09\/iStock-1513529140-1-768x512.jpg 768w, https:\/\/vindr.eu\/wp-content\/uploads\/2025\/09\/iStock-1513529140-1-1199x800.jpg 1199w, https:\/\/vindr.eu\/wp-content\/uploads\/2025\/09\/iStock-1513529140-1-300x200.jpg 300w, https:\/\/vindr.eu\/wp-content\/uploads\/2025\/09\/iStock-1513529140-1-1536x1025.jpg 1536w, https:\/\/vindr.eu\/wp-content\/uploads\/2025\/09\/iStock-1513529140-1-502x335.jpg 502w\" sizes=\"auto, (max-width: 2048px) 100vw, 2048px\" \/>\t\t<\/figure>\n\t\t<div class=\"block-section-wrapper element-width--content\" data-scroll data-scroll-call=\"vindrOnBannerScroll\">\n\t\t<div class=\"banner__content\">\n\t\t\t\t\t\t\t<h2 class=\"heading-size-large\">Kas sul on mingeid k\u00fcsimusi?<\/h2>\n\t\t\t\t<div class=\"text-size-medium\">\n\t\t\t\t\t\t<p>\u00c4ra oota, v\u00f5ta meiega \u00fchendust!<\/p>\n\t\t\t\t\t\t\t<\/div>\n\t\t\t\t\t\t<a href=\"https:\/\/vindr.eu\/et\/kontakt\/\" id=\"\" class=\"stm-button--has-title stm-button stm-button--type-default stm-button-light\"  target=\"_self\" title=\"\"> <span class=\"text\">Kontakt<\/span>  <\/a>\t\t<\/div>\n\t<\/div>\n<\/section>\n","protected":false},"excerpt":{"rendered":"","protected":false},"author":1,"featured_media":0,"parent":0,"menu_order":3,"comment_status":"closed","ping_status":"closed","template":"","meta":{"_acf_changed":false,"inline_featured_image":false,"footnotes":""},"class_list":["post-861","page","type-page","status-publish","hentry"],"acf":[],"_links":{"self":[{"href":"https:\/\/vindr.eu\/et\/wp-json\/wp\/v2\/pages\/861","targetHints":{"allow":["GET"]}}],"collection":[{"href":"https:\/\/vindr.eu\/et\/wp-json\/wp\/v2\/pages"}],"about":[{"href":"https:\/\/vindr.eu\/et\/wp-json\/wp\/v2\/types\/page"}],"author":[{"embeddable":true,"href":"https:\/\/vindr.eu\/et\/wp-json\/wp\/v2\/users\/1"}],"replies":[{"embeddable":true,"href":"https:\/\/vindr.eu\/et\/wp-json\/wp\/v2\/comments?post=861"}],"version-history":[{"count":2,"href":"https:\/\/vindr.eu\/et\/wp-json\/wp\/v2\/pages\/861\/revisions"}],"predecessor-version":[{"id":8346,"href":"https:\/\/vindr.eu\/et\/wp-json\/wp\/v2\/pages\/861\/revisions\/8346"}],"wp:attachment":[{"href":"https:\/\/vindr.eu\/et\/wp-json\/wp\/v2\/media?parent=861"}],"curies":[{"name":"wp","href":"https:\/\/api.w.org\/{rel}","templated":true}]}}