{"id":213,"date":"2023-10-05T11:33:37","date_gmt":"2023-10-05T11:33:37","guid":{"rendered":"https:\/\/vindr.wpenginepowered.com\/home\/"},"modified":"2026-03-30T13:53:12","modified_gmt":"2026-03-30T13:53:12","slug":"avaleht","status":"publish","type":"page","link":"https:\/\/vindr.eu\/et\/","title":{"rendered":"Avaleht"},"content":{"rendered":"\n<section id=\"acf-hero-block_f2da67e1cd65cc7a360801340d9f8095\"class=\"block-section hero text-light has-background waiting-to-animate show-top-bar-theme-light wp-block-acf-hero\">\n\t<div id=\"hero__wrapper-fixed\">\n\t\t\t\t\t<video id=\"heroVideo\" poster=\"https:\/\/vindr.eu\/wp-content\/uploads\/2023\/11\/vindr-homepage-video-placeholder-compressed.jpg\" autoplay loop muted playsinline>\n\t\t\t\t\t\t\t\t\t<source src=\"https:\/\/vindr.eu\/wp-content\/uploads\/2024\/01\/vindr_header_website720p.mp4\" type=\"video\/mp4\">\n\t\t\t\t\t\t\t<\/video>\n\t\t\t\t\t\t<div class=\"block-section-wrapper\">\n\t\t\t<div class=\"hero__text element-width--wide\">\n\t\t\t\t\t\t\t\t\t<h1 class=\"hero__title heading-size-large\"><span class=\"TextRun SCXW152751088 BCX0\" lang=\"ET-EE\" xml:lang=\"ET-EE\" data-contrast=\"none\"><span class=\"NormalTextRun SCXW152751088 BCX0\">P\u00f5hjamaade teerajaja taastuvenergeetikas<\/span><\/span>\n<\/h1>\n\t\t\t\t\t\t\t\t<a href=\"https:\/\/vindr.eu\/et\/meist\/\" id=\"\" class=\"stm-arrow-link stm-text-link text-size-normal stm-button--has-icon stm-text-link-light\"  target=\"_self\" title=\"\"> <span class=\"text\">Meist<\/span> <div class=\"btn-icon\"><span class=\"icon icon-arrow-right\"><\/span><\/div> <\/a>\t\t\t<\/div>\n\t\t<\/div>\n\t\t<p class=\"scroll-indicator\"><span class=\"scroll-animation\"><\/span> Scroll<\/p>\n\t<\/div>\n<\/section>\n\n<div id=\"hero__spacer\"><\/div>\n\n\n<section id=\"acf-featured-text-block_c3f0c0449a0c839d7b0e6f557304c364\"class=\"block-section featured-text text-based-block show-top-bar-theme-dark wp-block-acf-featured-text\">\n\t<div class=\"block-section-wrapper element-width--content\">\n\t\t<div class=\"text\">\n\t\t\t<p>Vindr aitab tagada kindluse energiatootmises. Oleme p\u00fchendunud kogu tuulepargi eluts\u00fcklile \u2013 arendaja, ehitaja ja operaatorina oleme osa kogukonnast ning panustame j\u00e4tkusuutlikkusse seal, kus tegutseme.<\/p>\n\t\t\t\t\t<\/div>\n\t<\/div>\n<\/section>\n\n\n\n<section id=\"acf-text-media-block_efe7dedfdd0d36b8adea50c512e0db63\"class=\"block-section text-media image-align-left show-top-bar-theme-dark wp-block-acf-text-media has-background has-light-blue-background-color\">\n\t<div class=\"block-section-wrapper element-width--wide\">\n\t\t<div class=\"text-media__image\">\n\t\t\t<figure class=\"text-media__image-inner\">\n\t\t\t\t<img loading=\"lazy\" decoding=\"async\" width=\"1731\" height=\"1689\" src=\"https:\/\/vindr.eu\/wp-content\/uploads\/2023\/11\/How-we-work-2-e1700062043924.jpg\" class=\"attachment-full size-full\" alt=\"\" srcset=\"https:\/\/vindr.eu\/wp-content\/uploads\/2023\/11\/How-we-work-2-e1700062043924.jpg 1731w, https:\/\/vindr.eu\/wp-content\/uploads\/2023\/11\/How-we-work-2-e1700062043924-300x293.jpg 300w, https:\/\/vindr.eu\/wp-content\/uploads\/2023\/11\/How-we-work-2-e1700062043924-768x749.jpg 768w, https:\/\/vindr.eu\/wp-content\/uploads\/2023\/11\/How-we-work-2-e1700062043924-1024x999.jpg 1024w, https:\/\/vindr.eu\/wp-content\/uploads\/2023\/11\/How-we-work-2-e1700062043924-1536x1499.jpg 1536w, https:\/\/vindr.eu\/wp-content\/uploads\/2023\/11\/How-we-work-2-e1700062043924-385x376.jpg 385w, https:\/\/vindr.eu\/wp-content\/uploads\/2023\/11\/How-we-work-2-e1700062043924-820x800.jpg 820w, https:\/\/vindr.eu\/wp-content\/uploads\/2023\/11\/How-we-work-2-e1700062043924-1476x1440.jpg 1476w\" sizes=\"auto, (max-width: 1731px) 100vw, 1731px\" \/>\t\t\t<\/figure>\n\t\t<\/div>\n\t\t<div class=\"text-media__content use-copy-text-styles\">\n\t\t\t\t\t\t\t<h1 class=\"title\">Meie tegutsemisp\u00f5him\u00f5tted<\/h1>\n\t\t\t\t\t\t<p>Vindr tegeleb enama kui ainult tuuleenergia arendamisega \u2013 n\u00e4eme end olulise osalisena tuleviku energeetika kujundamises, luues pikaajalist m\u00f5ju igas arenduse etapis. Arendaja, ehitaja, operaatori ja omanikuna on meie fookuses j\u00e4tkusuutlik tulevik. Iga investeering ja tehnoloogiline uuendus peegeldab meie vastutust vastutustundliku energiatootmise suunas, mis arvestab kohalike kogukondade vajadustega.<\/p>\n\t\t\t<a href=\"https:\/\/vindr.eu\/et\/meie-tegutsemispohimotted\/\" id=\"\" class=\"stm-button--has-title stm-button stm-button--type-default\"  target=\"_self\" title=\"\"> <span class=\"text\">Loe lisa<\/span>  <\/a>\t\t<\/div>\n\t<\/div>\n<\/section>\n\n\n\n<section id=\"acf-text-media-block_0b88ab7970cc237836fe7113fc478ac5\"class=\"block-section text-media image-align-right show-top-bar-theme-dark wp-block-acf-text-media\">\n\t<div class=\"block-section-wrapper element-width--wide\">\n\t\t<div class=\"text-media__image\">\n\t\t\t<figure class=\"text-media__image-inner\">\n\t\t\t\t<img loading=\"lazy\" decoding=\"async\" width=\"1920\" height=\"2560\" src=\"https:\/\/vindr.eu\/wp-content\/uploads\/2025\/10\/Image-8-scaled.jpeg\" class=\"attachment-full size-full\" alt=\"\" srcset=\"https:\/\/vindr.eu\/wp-content\/uploads\/2025\/10\/Image-8-scaled.jpeg 1920w, https:\/\/vindr.eu\/wp-content\/uploads\/2025\/10\/Image-8-225x300.jpeg 225w, https:\/\/vindr.eu\/wp-content\/uploads\/2025\/10\/Image-8-768x1024.jpeg 768w, https:\/\/vindr.eu\/wp-content\/uploads\/2025\/10\/Image-8-1152x1536.jpeg 1152w, https:\/\/vindr.eu\/wp-content\/uploads\/2025\/10\/Image-8-1536x2048.jpeg 1536w, https:\/\/vindr.eu\/wp-content\/uploads\/2025\/10\/Image-8-282x376.jpeg 282w, https:\/\/vindr.eu\/wp-content\/uploads\/2025\/10\/Image-8-600x800.jpeg 600w, https:\/\/vindr.eu\/wp-content\/uploads\/2025\/10\/Image-8-1080x1440.jpeg 1080w\" sizes=\"auto, (max-width: 1920px) 100vw, 1920px\" \/>\t\t\t<\/figure>\n\t\t<\/div>\n\t\t<div class=\"text-media__content use-copy-text-styles\">\n\t\t\t\t\t\t\t<h1 class=\"title\">Meie projektid<\/h1>\n\t\t\t\t\t\t<p>Ideest rohelise energiani. Vaadake, kuidas me kavandame ja ehitame j\u00e4tkusuutlikke lahendusi tihedas koost\u00f6\u00f6s kohalike kogukondadega.<\/p>\n\t\t\t<a href=\"https:\/\/vindr.eu\/et\/meist\/tuulepargid\/\" id=\"\" class=\"stm-button--has-title stm-button stm-button--type-default\"  target=\"_self\" title=\"\"> <span class=\"text\">Loe edasi<\/span>  <\/a>\t\t<\/div>\n\t<\/div>\n<\/section>\n\n\n\n<section id=\"acf-key-figures-block_fb031f7877369add9f417102de43318c\"class=\"block-section key-figures show-top-bar-theme-dark wp-block-acf-key-figures\">\n\t<div class=\"block-section-wrapper\">\n\t\t<div class=\"key-figures__header \">\n\t\t\t\t\t\t\t<h1 class=\"heading-size-normal\">Vindri projektid<\/h1>\n\t\t\t\t\t\t\t\t\t\t<p>Vindril on kiiresti kasvav taastuvenergia projektide portfell, mis avaldab positiivset m\u00f5ju nii kohalikele kogukondadele kui ka keskkonnale.<\/p>\n\t\t\t\t\t<\/div>\n\t\t<ul>\n\t\t\t\t\t\t\t<li>\n\t\t\t\t\t<strong class=\"key-figures__number\"><span class=\"number\">3.4<\/span><\/strong>\n\t\t\t\t\t<div class=\"key-figures__body\">\n\t\t\t\t\t\tgigavatti\t\t\t\t\t<\/div>\n\t\t\t\t<\/li>\n\t\t\t\t\t\t\t<li>\n\t\t\t\t\t<strong class=\"key-figures__number\"><span class=\"number\">58<\/span><\/strong>\n\t\t\t\t\t<div class=\"key-figures__body\">\n\t\t\t\t\t\tprojekti\t\t\t\t\t<\/div>\n\t\t\t\t<\/li>\n\t\t\t\t\t\t\t<li>\n\t\t\t\t\t<strong class=\"key-figures__number\"><span class=\"number\">4<\/span><\/strong>\n\t\t\t\t\t<div class=\"key-figures__body\">\n\t\t\t\t\t\triiki\t\t\t\t\t<\/div>\n\t\t\t\t<\/li>\n\t\t\t\t\t<\/ul>\n\t<\/div>\n<\/section>\n\n\n\n<section id=\"acf-quote-block_52ffb6827f9460d9f5b23c16ee338dbc\"class=\"block-section quote has-plyr-video-player show-top-bar-theme-dark wp-block-acf-quote\">\n\t<div class=\"block-section-wrapper element-width--content\">\n\t\t<div class=\"blockquotes-wrapper\">\n\t\t\t\t\t\t\t<blockquote id=\"swiper-block_52ffb6827f9460d9f5b23c16ee338dbc-quote-0\" class=\"active\">\n\t\t\t\t\t<p class=\"text-size-large\">Vindr on s\u00f5ltumatu elektritootja, mille eesm\u00e4rk on saada<strong> juhtivaks taastuvenergia tootjaks<\/strong> erinevate tehnoloogiate toel. Kui meie konkurendid arendavad suuri projekte tarbimisest kaugel, siis meie ambitsioon on luua projekte, mis asuvad tarbimisele l\u00e4hemal.<br \/>\nNeed projektid omavad v\u00e4iksemat keskkonnam\u00f5ju ja panustavad kogukondadesse, kus me oma tootmist rajame.<\/p>\n\t\t\t\t\t\t\t\t\t\t\t<cite>\n\t\t\t\t\t\t\t\t\t\t\t\t\t\t\t<a href=\"https:\/\/vindr.eu\/et\/meist\/asutajad\/\">\n\t\t\t\t\t\t\t\t\t\t\t\t\t\tJan-Olav \u00d8derud, Vindri tegevjuht\t\t\t\t\t\t\t\t\t\t\t\t\t\t\t<\/a>\n\t\t\t\t\t\t\t\t\t\t\t\t\t<\/cite>\n\t\t\t\t\t\t\t\t\t<\/blockquote>\n\t\t\t\t\t\t\t<blockquote id=\"swiper-block_52ffb6827f9460d9f5b23c16ee338dbc-quote-1\" class=\"\">\n\t\t\t\t\t<p class=\"text-size-large\">Teinekord kohtame siin piirkonnas t\u00f5rjuvat suhtumist taastuvenergia suhtes, viidates juba piisavale roheliste energiaallikate tasemele. Kuid siinkohal ei saada aru kogu energiaallikate portfellist.<\/p>\n<p>Teinekord kohtame meie piirkonnas Balti riikides vastuseisu taastuvenergia projektidele, kuna arvatakse, et roheliste energiaallikate tase on juba piisav. Kuid see ei arvesta kogu energiaallikate portfelli. N\u00e4iteks Rootsis ja Norras on sisep\u00f5lemismootoriga autod, kaupade transport, t\u00f6\u00f6stus ja p\u00f5llumajandus endiselt tugevalt s\u00f5ltuvad fossiilk\u00fctustest. Samuti tugineb Eesti elektriv\u00f5rk suurel m\u00e4\u00e4ral p\u00f5levkivienergiale. <strong>Kliimamuutustega toimetulekuks on h\u00e4davajalik, et nendega t\u00f5siselt tegeleksime.<\/strong><\/p>\n\t\t\t\t\t\t\t\t\t\t\t<cite>\n\t\t\t\t\t\t\t\t\t\t\t\t\t\t\t<a href=\"https:\/\/vindr.eu\/et\/meist\/asutajad\/\">\n\t\t\t\t\t\t\t\t\t\t\t\t\t\tCamilla Anderson, Vindri Rootsi juht\t\t\t\t\t\t\t\t\t\t\t\t\t\t\t<\/a>\n\t\t\t\t\t\t\t\t\t\t\t\t\t<\/cite>\n\t\t\t\t\t\t\t\t\t<\/blockquote>\n\t\t\t\t\t\t\t<blockquote id=\"swiper-block_52ffb6827f9460d9f5b23c16ee338dbc-quote-2\" class=\"\">\n\t\t\t\t\t<div>\n<p class=\"text-size-large\">Vindril on<span class=\"apple-converted-space\">\u00a0<\/span><strong>p\u00f5hjalik teadmistepagas tehnoloogia<\/strong><strong><span lang=\"ET\">st<\/span><\/strong>, millega me t\u00f6\u00f6tame.<\/p>\n<\/div>\n<div>\n<p>V\u00e4hesed saavad v\u00e4ita, et neil on mitme aastak\u00fcmne <span lang=\"ET\">pikkune kogemus taastuvenergeetikas kokku <\/span>viiel mandril<span lang=\"ET\">. M<\/span>eie <span lang=\"ET\">seda <\/span>saame!<\/p>\n<\/div>\n<div>\n<p>See kogemus annab meile hindamatu eelise sidusr\u00fchmadega suhtlemisel ning kindluse oma lubaduste t\u00e4itmisel<\/p>\n<\/div>\n\t\t\t\t\t\t\t\t\t\t\t<cite>\n\t\t\t\t\t\t\t\t\t\t\t\t\t\t\t<a href=\"https:\/\/vindr.eu\/et\/meist\/asutajad\/\">\n\t\t\t\t\t\t\t\t\t\t\t\t\t\tMarko Viiding, Vindr Baltics juht\t\t\t\t\t\t\t\t\t\t\t\t\t\t\t<\/a>\n\t\t\t\t\t\t\t\t\t\t\t\t\t<\/cite>\n\t\t\t\t\t\t\t\t\t<\/blockquote>\n\t\t\t\t\t<\/div>\n\t\t<div id=\"swiper-block_52ffb6827f9460d9f5b23c16ee338dbc\" class=\"quote-media-wrapper swiper-container\">\n\t\t\t<div class=\"swiper-wrapper\">\n\t\t\t\t\t\t\t\t\t<div data-target-quote-id=\"swiper-block_52ffb6827f9460d9f5b23c16ee338dbc-quote-0\" class=\"quote-media swiper-slide swiper-slide-active\">\n\t\t\t\t\t\t\t\t\t\t\t\t\t<img loading=\"lazy\" decoding=\"async\" width=\"1365\" height=\"2048\" src=\"https:\/\/vindr.eu\/wp-content\/uploads\/2023\/10\/Jan-Olav-Oderud-figure-scaled.jpg\" class=\"attachment-full size-full\" alt=\"\" srcset=\"https:\/\/vindr.eu\/wp-content\/uploads\/2023\/10\/Jan-Olav-Oderud-figure-scaled.jpg 1365w, https:\/\/vindr.eu\/wp-content\/uploads\/2023\/10\/Jan-Olav-Oderud-figure-200x300.jpg 200w, https:\/\/vindr.eu\/wp-content\/uploads\/2023\/10\/Jan-Olav-Oderud-figure-768x1152.jpg 768w, https:\/\/vindr.eu\/wp-content\/uploads\/2023\/10\/Jan-Olav-Oderud-figure-683x1024.jpg 683w, https:\/\/vindr.eu\/wp-content\/uploads\/2023\/10\/Jan-Olav-Oderud-figure-1024x1536.jpg 1024w, https:\/\/vindr.eu\/wp-content\/uploads\/2023\/10\/Jan-Olav-Oderud-figure-251x376.jpg 251w, https:\/\/vindr.eu\/wp-content\/uploads\/2023\/10\/Jan-Olav-Oderud-figure-533x800.jpg 533w, https:\/\/vindr.eu\/wp-content\/uploads\/2023\/10\/Jan-Olav-Oderud-figure-960x1440.jpg 960w\" sizes=\"auto, (max-width: 1365px) 100vw, 1365px\" \/>\t\t\t\t\t\t\t\t\t\t\t<\/div>\n\t\t\t\t\t\t\t\t\t<div data-target-quote-id=\"swiper-block_52ffb6827f9460d9f5b23c16ee338dbc-quote-1\" class=\"quote-media swiper-slide \">\n\t\t\t\t\t\t\t\t\t\t\t\t\t<img loading=\"lazy\" decoding=\"async\" width=\"1312\" height=\"1684\" src=\"https:\/\/vindr.eu\/wp-content\/uploads\/2025\/03\/Camilla-cropped.jpg\" class=\"attachment-full size-full\" alt=\"\" srcset=\"https:\/\/vindr.eu\/wp-content\/uploads\/2025\/03\/Camilla-cropped.jpg 1312w, https:\/\/vindr.eu\/wp-content\/uploads\/2025\/03\/Camilla-cropped-234x300.jpg 234w, https:\/\/vindr.eu\/wp-content\/uploads\/2025\/03\/Camilla-cropped-798x1024.jpg 798w, https:\/\/vindr.eu\/wp-content\/uploads\/2025\/03\/Camilla-cropped-768x986.jpg 768w, https:\/\/vindr.eu\/wp-content\/uploads\/2025\/03\/Camilla-cropped-1197x1536.jpg 1197w, https:\/\/vindr.eu\/wp-content\/uploads\/2025\/03\/Camilla-cropped-293x376.jpg 293w\" sizes=\"auto, (max-width: 1312px) 100vw, 1312px\" \/>\t\t\t\t\t\t\t\t\t\t\t<\/div>\n\t\t\t\t\t\t\t\t\t<div data-target-quote-id=\"swiper-block_52ffb6827f9460d9f5b23c16ee338dbc-quote-2\" class=\"quote-media swiper-slide \">\n\t\t\t\t\t\t\t\t\t\t\t\t\t<img loading=\"lazy\" decoding=\"async\" width=\"1365\" height=\"2048\" src=\"https:\/\/vindr.eu\/wp-content\/uploads\/2023\/12\/Marko_frontpg_portrait-scaled.jpg\" class=\"attachment-full size-full\" alt=\"\" srcset=\"https:\/\/vindr.eu\/wp-content\/uploads\/2023\/12\/Marko_frontpg_portrait-scaled.jpg 1365w, https:\/\/vindr.eu\/wp-content\/uploads\/2023\/12\/Marko_frontpg_portrait-200x300.jpg 200w, https:\/\/vindr.eu\/wp-content\/uploads\/2023\/12\/Marko_frontpg_portrait-683x1024.jpg 683w, https:\/\/vindr.eu\/wp-content\/uploads\/2023\/12\/Marko_frontpg_portrait-768x1152.jpg 768w, https:\/\/vindr.eu\/wp-content\/uploads\/2023\/12\/Marko_frontpg_portrait-1024x1536.jpg 1024w, https:\/\/vindr.eu\/wp-content\/uploads\/2023\/12\/Marko_frontpg_portrait-251x376.jpg 251w\" sizes=\"auto, (max-width: 1365px) 100vw, 1365px\" \/>\t\t\t\t\t\t\t\t\t\t\t<\/div>\n\t\t\t\t\t\t\t<\/div>\n\n\t\t\t\t\t\t\t<div class=\"swiper-pagination\"><\/div>\n\t\t\t\t<div class=\"swiper-button-prev\"><\/div>\n\t\t\t\t<div class=\"swiper-button-next\"><\/div>\n\t\t\t\t\t<\/div>\n\t<\/div>\n<\/section>\n\n\n\n<section id=\"dc-post-grid-filterable-block_dcpg-69ca8047b644f\" class=\"block-section dc-post-grid-filterable dc-post-grid-base  dpg-post   align-full \" data-aos=\"\">\n\t\n<div class=\"grid-container\">\n\t<div class=\"grid-x grid-margin-x\">\n\t\t<div class=\"cell small-12\">\n\t\t\t<div id=\"dc_post_grid_dcpg-69ca8047b644f\" class=\"dc-post-grid-component-wrapper dc-fallback-content\">\n\t\t\t\t<header class=\"dc-post-grid-header\">\n\t\t\t\t\t<div class=\"dc-post-top-left\">\n\t\t\t\t\t\t\t\t\t\t\t\t\t<h2 class=\"section-title-default\">Uudised<\/h2>\n\t\t\t\t\t\t\t\t\t\t\t\t\t\t\t\t\t<\/div>\n\t\t\t\t\t<div class=\"dc-post-top-right\">\n\t\t\t\t\t\t\t\t\t\t\t\t\t\t\t\t\t<\/div>\n\t\t\t\t<\/header>\n\t\t\t\t\t\t\t\t\t\t\t\t\t\t<noscript>\n\t\t\t\t\t\t\t\t\t\t\t<div class=\"dc-post-grid-results has-3-columns uses-no-image-card-fallbacks\">\n\t\t\t\t\t\t\t<div class=\"dc-post-grid-results-inner\">\n\t\t\t\t\t\t\t\t\t\t\t\t\t\t\t\t\t<div class=\"grid-container full\">\n\t\t\t\t\t\t\t\t\t\t<div class=\"grid-x grid-margin-x\">\n\t\t\t\t\t\t\t\t\t\t\t\t\t\t\t\t\t\t\t\n<div class=\"cell\">\n\t<article id=\"post_4549\" class=\"dc-post-grid-card default-card post-summary news\">\n\n\t\t<div class=\"dc-post-grid-card-inner post-summary-inner\">\n\t\t\t\t\t\t\t<div class=\"image-wrapper\">\n\t\t\t\t\t<img loading=\"lazy\" decoding=\"async\" width=\"1024\" height=\"684\" src=\"https:\/\/vindr.eu\/wp-content\/uploads\/2025\/06\/iStock-1322931000-1024x684.jpg\" class=\"attachment-large size-large\" alt=\"\" \/>\t\t\t\t<\/div>\n\t\t\t\t\t\t<div class=\"content-wrapper\">\n\t\t\t\t<div class=\"content-hover-overlay\"><\/div>\n                                    <span class=\"post-date\">25. juuni 2025<\/span>\n                \t\t\t\t\t\t\t\t\t\t\t\t\t\t\t<a href=\"https:\/\/vindr.eu\/et\/category\/news\/\" class=\"post-summary-category\">News<\/a>\n\t\t\t\t\t\t\t\t\t\t\t\t\t\t\t\t\t\t<h1 class=\"card-title\">Tuulest saab tulu siis, kui meil on tarkust seda kasutada\u00a0<\/h1>\n\t\t\t\t\t\t\t\t\t\t\t\t\t\t\t\t\t<a href=\"https:\/\/vindr.eu\/et\/tuulest-saab-tulu-siis-kui-meil-on-tarkust-seda-kasutada\/\" class=\"link read-more-link\">\n\t\t\t\t\t\t<span class=\"screen-reader-text\">Read more<\/span>\n\t\t\t\t\t<\/a>\n\t\t\t\t\t\t\t<\/div>\n\t\t<\/div>\n\t<\/article>\n<\/div>\n\n<div class=\"cell\">\n\t<article id=\"post_4501\" class=\"dc-post-grid-card default-card post-summary news\">\n\n\t\t<div class=\"dc-post-grid-card-inner post-summary-inner\">\n\t\t\t\t\t\t\t<div class=\"image-wrapper\">\n\t\t\t\t\t<img loading=\"lazy\" decoding=\"async\" width=\"1024\" height=\"425\" src=\"https:\/\/vindr.eu\/wp-content\/uploads\/2025\/06\/estonian-blog-post-2-1024x425.jpg\" class=\"attachment-large size-large\" alt=\"\" \/>\t\t\t\t<\/div>\n\t\t\t\t\t\t<div class=\"content-wrapper\">\n\t\t\t\t<div class=\"content-hover-overlay\"><\/div>\n                                    <span class=\"post-date\">11. juuni 2025<\/span>\n                \t\t\t\t\t\t\t\t\t\t\t\t\t\t\t<a href=\"https:\/\/vindr.eu\/et\/category\/news\/\" class=\"post-summary-category\">News<\/a>\n\t\t\t\t\t\t\t\t\t\t\t\t\t\t\t\t\t\t<h1 class=\"card-title\">Paides arutasid minister, omavalitsusjuhid ja arendajad tuuleenergia tuleviku \u00fcle<\/h1>\n\t\t\t\t\t\t\t\t\t\t\t\t\t\t\t\t\t<a href=\"https:\/\/vindr.eu\/et\/paides-arutasid-minister-omavalitsusjuhid-ja-arendajad-tuuleenergia-tuleviku-ule\/\" class=\"link read-more-link\">\n\t\t\t\t\t\t<span class=\"screen-reader-text\">Read more<\/span>\n\t\t\t\t\t<\/a>\n\t\t\t\t\t\t\t<\/div>\n\t\t<\/div>\n\t<\/article>\n<\/div>\n\n<div class=\"cell\">\n\t<article id=\"post_3166\" class=\"dc-post-grid-card default-card post-summary news\">\n\n\t\t<div class=\"dc-post-grid-card-inner post-summary-inner\">\n\t\t\t\t\t\t\t<div class=\"image-wrapper\">\n\t\t\t\t\t<img loading=\"lazy\" decoding=\"async\" width=\"1024\" height=\"682\" src=\"https:\/\/vindr.eu\/wp-content\/uploads\/2025\/04\/iStock-1335397260-1024x682.jpg\" class=\"attachment-large size-large\" alt=\"\" \/>\t\t\t\t<\/div>\n\t\t\t\t\t\t<div class=\"content-wrapper\">\n\t\t\t\t<div class=\"content-hover-overlay\"><\/div>\n                                    <span class=\"post-date\">17. apr. 2025<\/span>\n                \t\t\t\t\t\t\t\t\t\t\t\t\t\t\t<a href=\"https:\/\/vindr.eu\/et\/category\/news\/\" class=\"post-summary-category\">News<\/a>\n\t\t\t\t\t\t\t\t\t\t\t\t\t\t\t\t\t\t<h1 class=\"card-title\">Marko Viiding: tuuleparkide planeeringute ennatlik l\u00f5petamine ei lahenda probleeme ei energiapoliitikas ega kohalikul tasemel\u00a0<\/h1>\n\t\t\t\t\t\t\t\t\t\t\t\t\t\t\t\t\t<a href=\"https:\/\/vindr.eu\/et\/marko-viiding-tuuleparkide-planeeringute-ennatlik-lopetamine-ei-lahenda-probleeme-ei-energiapoliitikas-ega-kohalikul-tasemel\/\" class=\"link read-more-link\">\n\t\t\t\t\t\t<span class=\"screen-reader-text\">Read more<\/span>\n\t\t\t\t\t<\/a>\n\t\t\t\t\t\t\t<\/div>\n\t\t<\/div>\n\t<\/article>\n<\/div>\n\t\t\t\t\t\t\t\t\t\t\t\t\t\t\t\t\t\t<\/div>\n\t\t\t\t\t\t\t\t\t<\/div>\n\t\t\t\t\t\t\t\t\t\t\t\t\t\t\t<\/div>\n\t\t\t\t\t\t<\/div>\n\t\t\t\t\t\t\t\t\t\t<\/noscript>\n\t\t\t\t\t\t\t\t\t\t\t\t<\/div>\n\t\t<\/div>\n\t<\/div>\n<\/div>\n<\/section>\n\n\n\n<section id=\"acf-banner-block_0c03e7fcafd1d8915f02a89c06b2d92d\"class=\"block-section banner has-background has-title show-top-bar-theme-light wp-block-acf-banner\" data-scroll-container>\n\t\t\t<figure class=\"banner__bg\">\n\t\t\t<img loading=\"lazy\" decoding=\"async\" width=\"2048\" height=\"1365\" src=\"https:\/\/vindr.eu\/wp-content\/uploads\/2023\/11\/Sustainable-5-scaled.jpg\" class=\"attachment-full size-full\" alt=\"\" srcset=\"https:\/\/vindr.eu\/wp-content\/uploads\/2023\/11\/Sustainable-5-scaled.jpg 2048w, https:\/\/vindr.eu\/wp-content\/uploads\/2023\/11\/Sustainable-5-300x200.jpg 300w, https:\/\/vindr.eu\/wp-content\/uploads\/2023\/11\/Sustainable-5-768x512.jpg 768w, https:\/\/vindr.eu\/wp-content\/uploads\/2023\/11\/Sustainable-5-1024x683.jpg 1024w, https:\/\/vindr.eu\/wp-content\/uploads\/2023\/11\/Sustainable-5-1536x1024.jpg 1536w, https:\/\/vindr.eu\/wp-content\/uploads\/2023\/11\/Sustainable-5-502x335.jpg 502w, https:\/\/vindr.eu\/wp-content\/uploads\/2023\/11\/Sustainable-5-1200x800.jpg 1200w\" sizes=\"auto, (max-width: 2048px) 100vw, 2048px\" \/>\t\t<\/figure>\n\t\t<div class=\"block-section-wrapper element-width--content\" data-scroll data-scroll-call=\"vindrOnBannerScroll\">\n\t\t<div class=\"banner__content\">\n\t\t\t\t\t\t\t<h2 class=\"heading-size-large\">V\u00f5ta meiega \u00fchendust!<\/h2>\n\t\t\t\t<div class=\"text-size-medium\">\n\t\t\t\t\t\t\t\t\t\t\t\t\t<\/div>\n\t\t\t\t\t\t<a href=\"https:\/\/vindr.eu\/et\/kontakt\/\" id=\"\" class=\"stm-button--has-title stm-button stm-button--type-default stm-button-light\"  target=\"_self\" title=\"\"> <span class=\"text\">V\u00f5ta \u00fchendust<\/span>  <\/a>\t\t<\/div>\n\t<\/div>\n<\/section>\n","protected":false},"excerpt":{"rendered":"","protected":false},"author":1,"featured_media":0,"parent":0,"menu_order":1,"comment_status":"closed","ping_status":"closed","template":"","meta":{"_acf_changed":false,"inline_featured_image":false,"footnotes":""},"class_list":["post-213","page","type-page","status-publish","hentry"],"acf":[],"_links":{"self":[{"href":"https:\/\/vindr.eu\/et\/wp-json\/wp\/v2\/pages\/213","targetHints":{"allow":["GET"]}}],"collection":[{"href":"https:\/\/vindr.eu\/et\/wp-json\/wp\/v2\/pages"}],"about":[{"href":"https:\/\/vindr.eu\/et\/wp-json\/wp\/v2\/types\/page"}],"author":[{"embeddable":true,"href":"https:\/\/vindr.eu\/et\/wp-json\/wp\/v2\/users\/1"}],"replies":[{"embeddable":true,"href":"https:\/\/vindr.eu\/et\/wp-json\/wp\/v2\/comments?post=213"}],"version-history":[{"count":3,"href":"https:\/\/vindr.eu\/et\/wp-json\/wp\/v2\/pages\/213\/revisions"}],"predecessor-version":[{"id":8408,"href":"https:\/\/vindr.eu\/et\/wp-json\/wp\/v2\/pages\/213\/revisions\/8408"}],"wp:attachment":[{"href":"https:\/\/vindr.eu\/et\/wp-json\/wp\/v2\/media?parent=213"}],"curies":[{"name":"wp","href":"https:\/\/api.w.org\/{rel}","templated":true}]}}