{"id":1811,"date":"2024-08-30T10:16:48","date_gmt":"2024-08-30T10:16:02","guid":{"rendered":"https:\/\/vindr.eu\/?page_id=1811"},"modified":"2026-01-12T14:54:03","modified_gmt":"2026-01-12T14:54:03","slug":"tuulepargid","status":"publish","type":"page","link":"https:\/\/vindr.eu\/et\/tuulepargid\/","title":{"rendered":"Tuulepargid"},"content":{"rendered":"\n<section id=\"acf-hero-block_e799d6579787a37d83dad3b603472f8b\"class=\"block-section hero text-light has-background waiting-to-animate show-top-bar-theme-light wp-block-acf-hero\">\n\t<div id=\"hero__wrapper-fixed\">\n\t\t\t\t\t\t\t\t\t<figure class=\"hero__bg\">\n\t\t\t\t\t<img loading=\"lazy\" decoding=\"async\" width=\"2048\" height=\"1152\" src=\"https:\/\/vindr.eu\/wp-content\/uploads\/2025\/09\/iStock-1396266461-scaled.jpg\" class=\"attachment-full size-full\" alt=\"\" srcset=\"https:\/\/vindr.eu\/wp-content\/uploads\/2025\/09\/iStock-1396266461-scaled.jpg 2048w, https:\/\/vindr.eu\/wp-content\/uploads\/2025\/09\/iStock-1396266461-300x169.jpg 300w, https:\/\/vindr.eu\/wp-content\/uploads\/2025\/09\/iStock-1396266461-1024x576.jpg 1024w, https:\/\/vindr.eu\/wp-content\/uploads\/2025\/09\/iStock-1396266461-768x432.jpg 768w, https:\/\/vindr.eu\/wp-content\/uploads\/2025\/09\/iStock-1396266461-1536x864.jpg 1536w, https:\/\/vindr.eu\/wp-content\/uploads\/2025\/09\/iStock-1396266461-502x282.jpg 502w\" sizes=\"auto, (max-width: 2048px) 100vw, 2048px\" \/>\t\t\t\t<\/figure>\n\t\t\t\t\t\t\t\t\t<div class=\"block-section-wrapper\">\n\t\t\t<div class=\"hero__text element-width--wide\">\n\t\t\t\t\t\t\t\t\t<h1 class=\"hero__title heading-size-large\">Tuuleenergiaga tulevikku\n<\/h1>\n\t\t\t\t\t\t\t\t\t\t\t<\/div>\n\t\t<\/div>\n\t\t<p class=\"scroll-indicator\"><span class=\"scroll-animation\"><\/span> Scroll<\/p>\n\t<\/div>\n<\/section>\n\n<div id=\"hero__spacer\"><\/div>\n\n\n<section id=\"acf-featured-text-block_fb309e465395b35de668c4391295809d\"class=\"block-section featured-text text-based-block show-top-bar-theme-dark wp-block-acf-featured-text\">\n\t<div class=\"block-section-wrapper element-width--content\">\n\t\t<div class=\"text\">\n\t\t\t<p>Vindri arendatavad tuulepargid aitavad kindlustada P\u00f5hjamaade ja Balti riikide energiajulgeolekut. Meie taastuvenergia portfellis on Norras, Rootsis, L\u00e4tis ja Eestis arendamisel ja kavandamisel tuulepargid, mille koguv\u00f5imsus ulatub 2.1GW-ni. Need projektid v\u00f5imaldavad toota rohelist energiat.<\/p>\n\t\t\t\t\t<\/div>\n\t<\/div>\n<\/section>\n\n\n\n<section id=\"acf-projects-featured-slider-block_9029f0f53ebb9aa2e7e83592e31f6ba5\"class=\"block-section projects-featured-slider projects-featured-slider show-top-bar-theme-dark wp-block-acf-projects-featured-slider\" data-pfs-id=\"pfs-block_9029f0f53ebb9aa2e7e83592e31f6ba5\">\n    <div class=\"block-section-wrapper element-width--content\">\n\n        <div class=\"pfs-swiper swiper\" id=\"pfs-block_9029f0f53ebb9aa2e7e83592e31f6ba5\">\n            <div class=\"swiper-wrapper\">\n                                    <div class=\"swiper-slide\">\n                        <article class=\"pfs-card\">\n                            <div class=\"image-wrapper\">\n                                <img loading=\"lazy\" decoding=\"async\" width=\"640\" height=\"427\" src=\"https:\/\/vindr.eu\/wp-content\/uploads\/2024\/08\/iStock-475689998-scaled-e1725871850393.jpg\" class=\"attachment-project-slider size-project-slider\" alt=\"\" srcset=\"https:\/\/vindr.eu\/wp-content\/uploads\/2024\/08\/iStock-475689998-scaled-e1725871850393.jpg 2048w, https:\/\/vindr.eu\/wp-content\/uploads\/2024\/08\/iStock-475689998-scaled-e1725871850393-300x200.jpg 300w, https:\/\/vindr.eu\/wp-content\/uploads\/2024\/08\/iStock-475689998-scaled-e1725871850393-1024x683.jpg 1024w, https:\/\/vindr.eu\/wp-content\/uploads\/2024\/08\/iStock-475689998-scaled-e1725871850393-768x512.jpg 768w, https:\/\/vindr.eu\/wp-content\/uploads\/2024\/08\/iStock-475689998-scaled-e1725871850393-1536x1024.jpg 1536w, https:\/\/vindr.eu\/wp-content\/uploads\/2024\/08\/iStock-475689998-scaled-e1725871850393-502x335.jpg 502w\" sizes=\"auto, (max-width: 640px) 100vw, 640px\" \/>                            <\/div>\n\n                            <div class=\"content-wrapper\">\n                                                                    <h1 class=\"project-title\">Raka<\/h1>\n                                \n                                <dl>\n                                                                            <div>\n                                            <dt>Olek<\/dt>\n                                            <dd>Planeerimine<\/dd>\n                                        <\/div>\n                                    \n                                                                            <div>\n                                            <dt>Paigutus<\/dt>\n                                            <dd>J\u00e4rva vald<\/dd>\n                                        <\/div>\n                                    \n                                                                            <div>\n                                            <dt>Tootmine<\/dt>\n                                            <dd>Ca 100 GWh\/aastas<\/dd>\n                                        <\/div>\n                                                                    <\/dl>\n\n                                <a href=\"https:\/\/vindr.eu\/et\/projekt\/raka\/\" class=\"stm-button outlined white see-project-btn\">\n                                    Vaata projekti                                <\/a>\n                            <\/div>\n                        <\/article>\n                    <\/div>\n                                    <div class=\"swiper-slide\">\n                        <article class=\"pfs-card\">\n                            <div class=\"image-wrapper\">\n                                <img loading=\"lazy\" decoding=\"async\" width=\"640\" height=\"360\" src=\"https:\/\/vindr.eu\/wp-content\/uploads\/2024\/08\/iStock-1595495930-scaled.jpg\" class=\"attachment-project-slider size-project-slider\" alt=\"\" srcset=\"https:\/\/vindr.eu\/wp-content\/uploads\/2024\/08\/iStock-1595495930-scaled.jpg 2048w, https:\/\/vindr.eu\/wp-content\/uploads\/2024\/08\/iStock-1595495930-300x169.jpg 300w, https:\/\/vindr.eu\/wp-content\/uploads\/2024\/08\/iStock-1595495930-1024x576.jpg 1024w, https:\/\/vindr.eu\/wp-content\/uploads\/2024\/08\/iStock-1595495930-768x432.jpg 768w, https:\/\/vindr.eu\/wp-content\/uploads\/2024\/08\/iStock-1595495930-1536x864.jpg 1536w, https:\/\/vindr.eu\/wp-content\/uploads\/2024\/08\/iStock-1595495930-502x282.jpg 502w\" sizes=\"auto, (max-width: 640px) 100vw, 640px\" \/>                            <\/div>\n\n                            <div class=\"content-wrapper\">\n                                                                    <h1 class=\"project-title\">Imavere<\/h1>\n                                \n                                <dl>\n                                                                            <div>\n                                            <dt>Olek<\/dt>\n                                            <dd>Planeerimine<\/dd>\n                                        <\/div>\n                                    \n                                                                            <div>\n                                            <dt>Paigutus<\/dt>\n                                            <dd>J\u00e4rva vald<\/dd>\n                                        <\/div>\n                                    \n                                                                            <div>\n                                            <dt>Tootmine<\/dt>\n                                            <dd>Ca 560 GWh\/a<\/dd>\n                                        <\/div>\n                                                                    <\/dl>\n\n                                <a href=\"https:\/\/vindr.eu\/et\/projekt\/imavere\/\" class=\"stm-button outlined white see-project-btn\">\n                                    Vaata projekti                                <\/a>\n                            <\/div>\n                        <\/article>\n                    <\/div>\n                                    <div class=\"swiper-slide\">\n                        <article class=\"pfs-card\">\n                            <div class=\"image-wrapper\">\n                                <img loading=\"lazy\" decoding=\"async\" width=\"640\" height=\"500\" src=\"https:\/\/vindr.eu\/wp-content\/uploads\/2026\/01\/iStock-1481044112-640x500.jpg\" class=\"attachment-project-slider size-project-slider\" alt=\"\" \/>                            <\/div>\n\n                            <div class=\"content-wrapper\">\n                                                                    <h1 class=\"project-title\">V\u00f5hma tuulepark<\/h1>\n                                \n                                <dl>\n                                                                            <div>\n                                            <dt>Olek<\/dt>\n                                            <dd>Planeerimine<\/dd>\n                                        <\/div>\n                                    \n                                                                            <div>\n                                            <dt>Paigutus<\/dt>\n                                            <dd>Viljandi vald<\/dd>\n                                        <\/div>\n                                    \n                                                                            <div>\n                                            <dt>Tootmine<\/dt>\n                                            <dd>Ca 51 GWh\/a<\/dd>\n                                        <\/div>\n                                                                    <\/dl>\n\n                                <a href=\"https:\/\/vindr.eu\/et\/projekt\/vohma-tuulepark\/\" class=\"stm-button outlined white see-project-btn\">\n                                    Vaata projekti                                <\/a>\n                            <\/div>\n                        <\/article>\n                    <\/div>\n                            <\/div>\n\n            <div class=\"pfs-controls\">\n                <div class=\"swiper-pagination pfs-fraction\"><\/div>\n                <div class=\"pfs-nav\">\n                    <button class=\"pfs-prev\" aria-label=\"Previous slide\">\n                        <svg width=\"22\" height=\"22\" viewBox=\"0 0 24 24\" fill=\"none\" aria-hidden=\"true\"><path d=\"M15 18l-6-6 6-6\" stroke=\"currentColor\" stroke-width=\"2\" stroke-linecap=\"round\" stroke-linejoin=\"round\"\/><\/svg>\n                    <\/button>\n                    <button class=\"pfs-next\" aria-label=\"Next slide\">\n                        <svg width=\"22\" height=\"22\" viewBox=\"0 0 24 24\" fill=\"none\" aria-hidden=\"true\"><path d=\"M9 6l6 6-6 6\" stroke=\"currentColor\" stroke-width=\"2\" stroke-linecap=\"round\" stroke-linejoin=\"round\"\/><\/svg>\n                    <\/button>\n                <\/div>\n            <\/div>\n        <\/div>\n    <\/div>\n\n\n<\/section>\n\n\n\n<section id=\"dc-post-grid-filterable-block_dcpg-69650b0aafb9f\" class=\"block-section dc-post-grid-filterable dc-post-grid-base  dpg-stm_project   align-full \" data-aos=\"\">\n\t\n<div class=\"grid-container\">\n\t<div class=\"grid-x grid-margin-x\">\n\t\t<div class=\"cell small-12\">\n\t\t\t<div id=\"dc_post_grid_dcpg-69650b0aafb9f\" class=\"dc-post-grid-component-wrapper dc-fallback-content\">\n\t\t\t\t<header class=\"dc-post-grid-header\">\n\t\t\t\t\t<div class=\"dc-post-top-left\">\n\t\t\t\t\t\t\t\t\t\t\t\t\t<h2 class=\"section-title-default\">K\u00f5ik projektid<\/h2>\n\t\t\t\t\t\t\t\t\t\t\t\t\t\t\t\t\t<\/div>\n\t\t\t\t\t<div class=\"dc-post-top-right\">\n\t\t\t\t\t\t\t\t\t\t\t\t\t\t\t\t\t<\/div>\n\t\t\t\t<\/header>\n\t\t\t\t\t\t\t\t\t\t\t\t\t\t<noscript>\n\t\t\t\t\t\t\t\t\t\t\t<div class=\"dc-post-grid-results has-3-columns uses-no-image-card-fallbacks\">\n\t\t\t\t\t\t\t<div class=\"dc-post-grid-results-inner\">\n\t\t\t\t\t\t\t\t\t\t\t\t\t\t\t\t\t<div class=\"grid-container full\">\n\t\t\t\t\t\t\t\t\t\t<div class=\"grid-x grid-margin-x\">\n\t\t\t\t\t\t\t\t\t\t\t\t\t\t\t\t\t\t\t\n<div class=\"cell\">\n\t<article id=\"stm_project_7444\" class=\"dc-post-grid-card default-card post-summary\">\n\n\t\t<div class=\"dc-post-grid-card-inner post-summary-inner\">\n\t\t\t\t\t\t\t<div class=\"image-wrapper\">\n\t\t\t\t\t<img loading=\"lazy\" decoding=\"async\" width=\"1024\" height=\"767\" src=\"https:\/\/vindr.eu\/wp-content\/uploads\/2026\/01\/iStock-2231768970-1024x767.jpg\" class=\"attachment-large size-large\" alt=\"\" \/>\t\t\t\t<\/div>\n\t\t\t\t\t\t<div class=\"content-wrapper\">\n\t\t\t\t<div class=\"content-hover-overlay\"><\/div>\n                                    <span class=\"post-date\">22. jaan. 2026<\/span>\n                \t\t\t\t\t\t\t\t\t\t\t\t\t<h1 class=\"card-title\">\u00c4nglema tuulepark<\/h1>\n\t\t\t\t\t\t\t\t\t\t\t\t\t\t\t\t\t<a href=\"https:\/\/vindr.eu\/et\/projekt\/anglema-tuulepargi\/\" class=\"link read-more-link\">\n\t\t\t\t\t\t<span class=\"screen-reader-text\">Read more<\/span>\n\t\t\t\t\t<\/a>\n\t\t\t\t\t\t\t<\/div>\n\t\t<\/div>\n\t<\/article>\n<\/div>\n\n<div class=\"cell\">\n\t<article id=\"stm_project_1911\" class=\"dc-post-grid-card default-card post-summary\">\n\n\t\t<div class=\"dc-post-grid-card-inner post-summary-inner\">\n\t\t\t\t\t\t\t<div class=\"image-wrapper\">\n\t\t\t\t\t<img loading=\"lazy\" decoding=\"async\" width=\"1024\" height=\"576\" src=\"https:\/\/vindr.eu\/wp-content\/uploads\/2024\/08\/iStock-1595495930-1024x576.jpg\" class=\"attachment-large size-large\" alt=\"\" \/>\t\t\t\t<\/div>\n\t\t\t\t\t\t<div class=\"content-wrapper\">\n\t\t\t\t<div class=\"content-hover-overlay\"><\/div>\n                                    <span class=\"post-date\">30. aug. 2024<\/span>\n                \t\t\t\t\t\t\t\t\t\t\t\t\t<h1 class=\"card-title\">Imavere<\/h1>\n\t\t\t\t\t\t\t\t\t\t\t\t\t\t\t\t\t<a href=\"https:\/\/vindr.eu\/et\/projekt\/imavere\/\" class=\"link read-more-link\">\n\t\t\t\t\t\t<span class=\"screen-reader-text\">Read more<\/span>\n\t\t\t\t\t<\/a>\n\t\t\t\t\t\t\t<\/div>\n\t\t<\/div>\n\t<\/article>\n<\/div>\n\n<div class=\"cell\">\n\t<article id=\"stm_project_7362\" class=\"dc-post-grid-card default-card post-summary\">\n\n\t\t<div class=\"dc-post-grid-card-inner post-summary-inner\">\n\t\t\t\t\t\t\t<div class=\"image-wrapper\">\n\t\t\t\t\t<img loading=\"lazy\" decoding=\"async\" width=\"1024\" height=\"683\" src=\"https:\/\/vindr.eu\/wp-content\/uploads\/2026\/01\/iStock-1357884822-1024x683.jpg\" class=\"attachment-large size-large\" alt=\"\" \/>\t\t\t\t<\/div>\n\t\t\t\t\t\t<div class=\"content-wrapper\">\n\t\t\t\t<div class=\"content-hover-overlay\"><\/div>\n                                    <span class=\"post-date\">12. jaan. 2026<\/span>\n                \t\t\t\t\t\t\t\t\t\t\t\t\t<h1 class=\"card-title\">Parika tuulepark<\/h1>\n\t\t\t\t\t\t\t\t\t\t\t\t\t\t\t\t\t<a href=\"https:\/\/vindr.eu\/et\/projekt\/parika-tuulepark\/\" class=\"link read-more-link\">\n\t\t\t\t\t\t<span class=\"screen-reader-text\">Read more<\/span>\n\t\t\t\t\t<\/a>\n\t\t\t\t\t\t\t<\/div>\n\t\t<\/div>\n\t<\/article>\n<\/div>\n\n<div class=\"cell\">\n\t<article id=\"stm_project_1910\" class=\"dc-post-grid-card default-card post-summary\">\n\n\t\t<div class=\"dc-post-grid-card-inner post-summary-inner\">\n\t\t\t\t\t\t\t<div class=\"image-wrapper\">\n\t\t\t\t\t<img loading=\"lazy\" decoding=\"async\" width=\"1024\" height=\"683\" src=\"https:\/\/vindr.eu\/wp-content\/uploads\/2024\/08\/iStock-475689998-scaled-e1725871850393-1024x683.jpg\" class=\"attachment-large size-large\" alt=\"\" \/>\t\t\t\t<\/div>\n\t\t\t\t\t\t<div class=\"content-wrapper\">\n\t\t\t\t<div class=\"content-hover-overlay\"><\/div>\n                                    <span class=\"post-date\">30. aug. 2024<\/span>\n                \t\t\t\t\t\t\t\t\t\t\t\t\t<h1 class=\"card-title\">Raka<\/h1>\n\t\t\t\t\t\t\t\t\t\t\t\t\t\t\t\t\t<a href=\"https:\/\/vindr.eu\/et\/projekt\/raka\/\" class=\"link read-more-link\">\n\t\t\t\t\t\t<span class=\"screen-reader-text\">Read more<\/span>\n\t\t\t\t\t<\/a>\n\t\t\t\t\t\t\t<\/div>\n\t\t<\/div>\n\t<\/article>\n<\/div>\n\n<div class=\"cell\">\n\t<article id=\"stm_project_7347\" class=\"dc-post-grid-card default-card post-summary\">\n\n\t\t<div class=\"dc-post-grid-card-inner post-summary-inner\">\n\t\t\t\t\t\t\t<div class=\"image-wrapper\">\n\t\t\t\t\t<img loading=\"lazy\" decoding=\"async\" width=\"1024\" height=\"683\" src=\"https:\/\/vindr.eu\/wp-content\/uploads\/2026\/01\/iStock-2191790113-1024x683.jpg\" class=\"attachment-large size-large\" alt=\"\" \/>\t\t\t\t<\/div>\n\t\t\t\t\t\t<div class=\"content-wrapper\">\n\t\t\t\t<div class=\"content-hover-overlay\"><\/div>\n                                    <span class=\"post-date\">12. jaan. 2026<\/span>\n                \t\t\t\t\t\t\t\t\t\t\t\t\t<h1 class=\"card-title\">Unakvere tuulepark<\/h1>\n\t\t\t\t\t\t\t\t\t\t\t\t\t\t\t\t\t<a href=\"https:\/\/vindr.eu\/et\/projekt\/unakvere-tuulepark\/\" class=\"link read-more-link\">\n\t\t\t\t\t\t<span class=\"screen-reader-text\">Read more<\/span>\n\t\t\t\t\t<\/a>\n\t\t\t\t\t\t\t<\/div>\n\t\t<\/div>\n\t<\/article>\n<\/div>\n\n<div class=\"cell\">\n\t<article id=\"stm_project_7354\" class=\"dc-post-grid-card default-card post-summary\">\n\n\t\t<div class=\"dc-post-grid-card-inner post-summary-inner\">\n\t\t\t\t\t\t\t<div class=\"image-wrapper\">\n\t\t\t\t\t<img loading=\"lazy\" decoding=\"async\" width=\"1024\" height=\"683\" src=\"https:\/\/vindr.eu\/wp-content\/uploads\/2026\/01\/iStock-1481044112-1024x683.jpg\" class=\"attachment-large size-large\" alt=\"\" \/>\t\t\t\t<\/div>\n\t\t\t\t\t\t<div class=\"content-wrapper\">\n\t\t\t\t<div class=\"content-hover-overlay\"><\/div>\n                                    <span class=\"post-date\">12. jaan. 2026<\/span>\n                \t\t\t\t\t\t\t\t\t\t\t\t\t<h1 class=\"card-title\">V\u00f5hma tuulepark<\/h1>\n\t\t\t\t\t\t\t\t\t\t\t\t\t\t\t\t\t<a href=\"https:\/\/vindr.eu\/et\/projekt\/vohma-tuulepark\/\" class=\"link read-more-link\">\n\t\t\t\t\t\t<span class=\"screen-reader-text\">Read more<\/span>\n\t\t\t\t\t<\/a>\n\t\t\t\t\t\t\t<\/div>\n\t\t<\/div>\n\t<\/article>\n<\/div>\n\t\t\t\t\t\t\t\t\t\t\t\t\t\t\t\t\t\t<\/div>\n\t\t\t\t\t\t\t\t\t<\/div>\n\t\t\t\t\t\t\t\t\t\t\t\t\t\t\t<\/div>\n\t\t\t\t\t\t<\/div>\n\t\t\t\t\t\t\t\t\t\t<\/noscript>\n\t\t\t\t\t\t\t\t\t\t\t\t<\/div>\n\t\t<\/div>\n\t<\/div>\n<\/div>\n<\/section>\n\n\n<section id=\"acf-wysiwyg-block_525a3c833d5108cec9260b3390356352\"class=\"block-section wysiwyg show-top-bar-theme-dark wp-block-acf-wysiwyg\">\n\t<div class=\"block-section-wrapper element-width--wide\">\n\t\t\t<\/div>\n<\/section>\n\n\n\n<section id=\"acf-banner-block_ac7f889c682ec501572ac7007763c46c\"class=\"block-section banner has-background has-title show-top-bar-theme-dark wp-block-acf-banner\" data-scroll-container>\n\t\t\t<figure class=\"banner__bg\">\n\t\t\t<img loading=\"lazy\" decoding=\"async\" width=\"2048\" height=\"1365\" src=\"https:\/\/vindr.eu\/wp-content\/uploads\/2025\/09\/iStock-1343492150-scaled.jpg\" class=\"attachment-full size-full\" alt=\"\" srcset=\"https:\/\/vindr.eu\/wp-content\/uploads\/2025\/09\/iStock-1343492150-scaled.jpg 2048w, https:\/\/vindr.eu\/wp-content\/uploads\/2025\/09\/iStock-1343492150-300x200.jpg 300w, https:\/\/vindr.eu\/wp-content\/uploads\/2025\/09\/iStock-1343492150-1024x683.jpg 1024w, https:\/\/vindr.eu\/wp-content\/uploads\/2025\/09\/iStock-1343492150-768x512.jpg 768w, https:\/\/vindr.eu\/wp-content\/uploads\/2025\/09\/iStock-1343492150-1536x1024.jpg 1536w, https:\/\/vindr.eu\/wp-content\/uploads\/2025\/09\/iStock-1343492150-502x335.jpg 502w\" sizes=\"auto, (max-width: 2048px) 100vw, 2048px\" \/>\t\t<\/figure>\n\t\t<div class=\"block-section-wrapper element-width--content\" data-scroll data-scroll-call=\"vindrOnBannerScroll\">\n\t\t<div class=\"banner__content\">\n\t\t\t\t\t\t\t<h2 class=\"heading-size-large\">Meil oleks hea meel teie arvamusest kuulda!<\/h2>\n\t\t\t\t<div class=\"text-size-medium\">\n\t\t\t\t\t\t\t\t\t\t\t\t\t<\/div>\n\t\t\t\t\t\t<a href=\"https:\/\/vindr.eu\/et\/kontakt\/\" id=\"\" class=\"stm-button--has-title stm-button stm-button--type-default stm-button-light\"  target=\"_self\" title=\"\"> <span class=\"text\">Kontakt<\/span>  <\/a>\t\t<\/div>\n\t<\/div>\n<\/section>\n","protected":false},"excerpt":{"rendered":"","protected":false},"author":3,"featured_media":4869,"parent":0,"menu_order":6,"comment_status":"closed","ping_status":"closed","template":"","meta":{"_acf_changed":false,"inline_featured_image":false,"footnotes":""},"class_list":["post-1811","page","type-page","status-publish","has-post-thumbnail","hentry"],"acf":[],"_links":{"self":[{"href":"https:\/\/vindr.eu\/et\/wp-json\/wp\/v2\/pages\/1811","targetHints":{"allow":["GET"]}}],"collection":[{"href":"https:\/\/vindr.eu\/et\/wp-json\/wp\/v2\/pages"}],"about":[{"href":"https:\/\/vindr.eu\/et\/wp-json\/wp\/v2\/types\/page"}],"author":[{"embeddable":true,"href":"https:\/\/vindr.eu\/et\/wp-json\/wp\/v2\/users\/3"}],"replies":[{"embeddable":true,"href":"https:\/\/vindr.eu\/et\/wp-json\/wp\/v2\/comments?post=1811"}],"version-history":[{"count":0,"href":"https:\/\/vindr.eu\/et\/wp-json\/wp\/v2\/pages\/1811\/revisions"}],"wp:featuredmedia":[{"embeddable":true,"href":"https:\/\/vindr.eu\/et\/wp-json\/wp\/v2\/media\/4869"}],"wp:attachment":[{"href":"https:\/\/vindr.eu\/et\/wp-json\/wp\/v2\/media?parent=1811"}],"curies":[{"name":"wp","href":"https:\/\/api.w.org\/{rel}","templated":true}]}}